{"id":21572,"date":"2025-07-18T22:45:41","date_gmt":"2025-07-18T21:45:41","guid":{"rendered":"https:\/\/babylove.se\/produkt\/barnsang-sofia-med-stodbrada-och-forvaringslada\/"},"modified":"2026-04-08T09:47:33","modified_gmt":"2026-04-08T08:47:33","slug":"barneseng-sofia-med-stottebrett-og-oppbevaringsskuff","status":"publish","type":"product","link":"https:\/\/babylove.se\/no\/produkt\/barneseng-sofia-med-stottebrett-og-oppbevaringsskuff\/","title":{"rendered":"Barneseng Sofia med st\u00f8ttebrett og oppbevaringsboks"},"content":{"rendered":"<p>En underbart vakker barneseng i en klassisk form. Denne sengen kommer til \u00e5 l\u00f8fte barnerommet ditt til uh\u00f8rte h\u00f8yder. B\u00e5de koselig og deilig \u00e5 sove i, som en perfekt seng for \u00e5 leke i eller bygge opp kosekroken. En seng i skandinavisk stilren stil som passer overalt og i alle typer rom. Du kan enkelt dekorere den med fine vimpler eller lysslynger for \u00e5 f\u00e5 mer effekt. <\/p>\n<p>Ekstra tilvalg: <\/p>\n<ul>\n<li>Farge: velg mellom natur (ubehandlet), lakkert, hvit og gr\u00e5<\/li>\n<li>Oppbevaringskasse med sovefunksjon (ekstra ribbbunn inng\u00e5r) (Madrassm\u00e5l til ekstraseng skal v\u00e6re 10 cm kortere enn sengens lengde og ha tykkelse p\u00e5 maks 9 cm. Til seng Sofia 80&#215;160 = 1 stk madrass 80&#215;150)<\/li>\n<\/ul>\n<p>Litt fakta: <\/p>\n<ul>\n<li>Ribbbunn og oppbevaringskasse inng\u00e5r.<\/li>\n<li>Hvis funksjonen ekstraseng <em>ikke <\/em>velges inng\u00e5r 1 st\u00f8rre oppbevaringskasse p\u00e5 senger opp til 160 cm og 2 oppbevaringskasser p\u00e5 senger st\u00f8rre enn 160 cm.<\/li>\n<li>Hvis funksjonen ekstraseng velges inng\u00e5r <u>alltid<\/u> 1 kasse sammen med en ekstra ribbbunn uavhengig av st\u00f8rrelse p\u00e5 sengen.<\/li>\n<li>Madrass inng\u00e5r ikke, men ta gjerne en titt i v\u00e5rt store madrassutvalg. Vi anbefaler en skummadrass med tykkelse p\u00e5 ca 12 cm.<\/li>\n<li>Inngang monteres p\u00e5 valgfri side<\/li>\n<li>Sengen kommer umontert men er enkel \u00e5 sette sammen.<\/li>\n<li>Maks belastning : 100 kg<\/li>\n<\/ul>\n<p>M\u00e5l: <\/p>\n<ul>\n<li>M\u00e5lene til venstre i listen gjelder st\u00f8rrelsen p\u00e5 madrassen som passer til sengen. M\u00e5lene innenfor parenteser ( <strong>B<\/strong>redde <strong>L<\/strong>engde) gjelder den totale st\u00f8rrelsen p\u00e5 sengen<\/li>\n<li>Totalh\u00f8yde 54,5 cm<\/li>\n<li>Benh\u00f8yde 19 cm<\/li>\n<li>Madrassh\u00f8yde 37 cm (h\u00f8yden opp til madrassen)<\/li>\n<li>St\u00f8ttebrett er 1\/2 av lengden<\/li>\n<li>St\u00f8ttebrett er avtakbart<\/li>\n<\/ul>\n<p>&nbsp; <\/p>\n<p><em><em><em><em><em><em>Sengen leveres umontert og b\u00f8r settes sammen i rommet den skal brukes i.<\/em><\/em><\/em><\/em><\/em><\/em><\/p>\n","protected":false},"excerpt":{"rendered":"<p>En underbart vakker barneseng i en klassisk form. Denne sengen kommer til \u00e5 l\u00f8fte barnerommet ditt til uh\u00f8rte h\u00f8yder. B\u00e5de koselig og deilig \u00e5 sove i, som en perfekt seng for \u00e5 leke i eller bygge opp kosekroken. En seng i skandinavisk stilren stil som passer overalt og i alle typer rom. Du kan enkelt [&hellip;]<\/p>\n","protected":false},"featured_media":21574,"comment_status":"open","ping_status":"closed","template":"","meta":{"_acf_changed":false},"product_brand":[600],"product_cat":[602,269,601,40],"product_tag":[1689],"class_list":{"0":"post-21572","1":"product","2":"type-product","3":"status-publish","4":"has-post-thumbnail","6":"product_brand-luletto","7":"product_cat-babylove-lul","8":"product_cat-juniorsenger","9":"product_cat-baby","10":"product_cat-soverom-barn","11":"product_tag-bestillingsvaror","12":"pa_farg-gra","13":"pa_farg-vit","14":"pa_farg-lackad","15":"pa_farg-natur","16":"pa_forvaringslada-med-sovfunkt-ja","17":"pa_forvaringslada-med-sovfunkt-nej","18":"pa_storlek-100x190-cm-b109-l199","19":"pa_storlek-60x120-cm-b69-l129","20":"pa_storlek-70x140-cm-b79-l149","21":"pa_storlek-80x140-cm-b89-l149","22":"pa_storlek-80x160-cm-b89-l169","23":"pa_storlek-80x180-cm-b89-l189","24":"pa_storlek-80x190-cm-b89-l199","25":"pa_storlek-90x140-cm-b99-l149","26":"pa_storlek-90x160-cm-b99-l169","27":"pa_storlek-90x180-cm-b99-l189","28":"pa_storlek-90x190-cm-b99-l199","30":"first","31":"instock","32":"taxable","33":"shipping-taxable","34":"purchasable","35":"product-type-variable"},"acf":[],"yoast_head":"<!-- This site is optimized with the Yoast SEO Premium plugin v25.8 (Yoast SEO v27.2) - https:\/\/yoast.com\/product\/yoast-seo-premium-wordpress\/ -->\n<title>Barneseng Sofia med st\u00f8ttebrett og oppbevaringsboks - Babylove Norska<\/title>\n<meta name=\"robots\" content=\"noindex, follow, max-snippet:-1, max-image-preview:large, max-video-preview:-1\" \/>\n<meta property=\"og:locale\" content=\"nb_NO\" \/>\n<meta property=\"og:type\" content=\"article\" \/>\n<meta property=\"og:title\" content=\"Barneseng Sofia med st\u00f8ttebrett og oppbevaringsboks\" \/>\n<meta property=\"og:description\" content=\"En underbart vakker barneseng i en klassisk form. Denne sengen kommer til \u00e5 l\u00f8fte barnerommet ditt til uh\u00f8rte h\u00f8yder. B\u00e5de koselig og deilig \u00e5 sove i, som en perfekt seng for \u00e5 leke i eller bygge opp kosekroken. En seng i skandinavisk stilren stil som passer overalt og i alle typer rom. Du kan enkelt [&hellip;]\" \/>\n<meta property=\"og:url\" content=\"https:\/\/babylove.se\/no\/produkt\/barneseng-sofia-med-stottebrett-og-oppbevaringsskuff\/\" \/>\n<meta property=\"og:site_name\" content=\"Babylove Norska\" \/>\n<meta property=\"article:modified_time\" content=\"2026-04-08T08:47:33+00:00\" \/>\n<meta property=\"og:image\" content=\"https:\/\/babylove.se\/no\/wp-content\/uploads\/sites\/3\/2025\/07\/613e39342c2f5.jpeg\" \/>\n\t<meta property=\"og:image:width\" content=\"750\" \/>\n\t<meta property=\"og:image:height\" content=\"750\" \/>\n\t<meta property=\"og:image:type\" content=\"image\/jpeg\" \/>\n<meta name=\"twitter:card\" content=\"summary_large_image\" \/>\n<meta name=\"twitter:label1\" content=\"Availability\" \/>\n\t<meta name=\"twitter:data1\" content=\"In stock\" \/>\n<script type=\"application\/ld+json\" class=\"yoast-schema-graph\">{\"@context\":\"https:\/\/schema.org\",\"@graph\":[{\"@type\":\"WebPage\",\"@id\":\"https:\/\/babylove.se\/no\/produkt\/barneseng-sofia-med-stottebrett-og-oppbevaringsskuff\/\",\"url\":\"https:\/\/babylove.se\/no\/produkt\/barneseng-sofia-med-stottebrett-og-oppbevaringsskuff\/\",\"name\":\"Barneseng Sofia med st\u00f8ttebrett og oppbevaringsboks - Babylove Norska\",\"isPartOf\":{\"@id\":\"https:\/\/babylove.se\/no\/#website\"},\"primaryImageOfPage\":{\"@id\":\"https:\/\/babylove.se\/no\/produkt\/barneseng-sofia-med-stottebrett-og-oppbevaringsskuff\/#primaryimage\"},\"image\":{\"@id\":\"https:\/\/babylove.se\/no\/produkt\/barneseng-sofia-med-stottebrett-og-oppbevaringsskuff\/#primaryimage\"},\"thumbnailUrl\":\"https:\/\/babylove.se\/no\/wp-content\/uploads\/sites\/3\/2025\/07\/613e39342c2f5.jpeg\",\"datePublished\":\"2025-07-18T21:45:41+00:00\",\"dateModified\":\"2026-04-08T08:47:33+00:00\",\"breadcrumb\":{\"@id\":\"https:\/\/babylove.se\/no\/produkt\/barneseng-sofia-med-stottebrett-og-oppbevaringsskuff\/#breadcrumb\"},\"inLanguage\":\"nb-NO\",\"potentialAction\":[{\"@type\":\"ReadAction\",\"target\":[\"https:\/\/babylove.se\/no\/produkt\/barneseng-sofia-med-stottebrett-og-oppbevaringsskuff\/\"]}]},{\"@type\":\"ImageObject\",\"inLanguage\":\"nb-NO\",\"@id\":\"https:\/\/babylove.se\/no\/produkt\/barneseng-sofia-med-stottebrett-og-oppbevaringsskuff\/#primaryimage\",\"url\":\"https:\/\/babylove.se\/no\/wp-content\/uploads\/sites\/3\/2025\/07\/613e39342c2f5.jpeg\",\"contentUrl\":\"https:\/\/babylove.se\/no\/wp-content\/uploads\/sites\/3\/2025\/07\/613e39342c2f5.jpeg\",\"width\":750,\"height\":750},{\"@type\":\"BreadcrumbList\",\"@id\":\"https:\/\/babylove.se\/no\/produkt\/barneseng-sofia-med-stottebrett-og-oppbevaringsskuff\/#breadcrumb\",\"itemListElement\":[{\"@type\":\"ListItem\",\"position\":1,\"name\":\"Hem\",\"item\":\"https:\/\/babylove.se\/no\/\"},{\"@type\":\"ListItem\",\"position\":2,\"name\":\"Butik\",\"item\":\"https:\/\/babylove.se\/no\/butik\/\"},{\"@type\":\"ListItem\",\"position\":3,\"name\":\"Barneseng Sofia med st\u00f8ttebrett og oppbevaringsboks\"}]},{\"@type\":\"WebSite\",\"@id\":\"https:\/\/babylove.se\/no\/#website\",\"url\":\"https:\/\/babylove.se\/no\/\",\"name\":\"Babylove Norska\",\"description\":\"\",\"potentialAction\":[{\"@type\":\"SearchAction\",\"target\":{\"@type\":\"EntryPoint\",\"urlTemplate\":\"https:\/\/babylove.se\/no\/?s={search_term_string}\"},\"query-input\":{\"@type\":\"PropertyValueSpecification\",\"valueRequired\":true,\"valueName\":\"search_term_string\"}}],\"inLanguage\":\"nb-NO\"}]}<\/script>\n<meta property=\"product:brand\" content=\"Luletto\" \/>\n<meta property=\"og:availability\" content=\"instock\" \/>\n<meta property=\"product:availability\" content=\"instock\" \/>\n<meta property=\"product:retailer_item_id\" content=\"60x120-cm-natur-Sofia-L\u00e5da-Nej\" \/>\n<meta property=\"product:condition\" content=\"new\" \/>\n<!-- \/ Yoast SEO Premium plugin. -->","yoast_head_json":{"title":"Barneseng Sofia med st\u00f8ttebrett og oppbevaringsboks - Babylove Norska","robots":{"index":"noindex","follow":"follow","max-snippet":"max-snippet:-1","max-image-preview":"max-image-preview:large","max-video-preview":"max-video-preview:-1"},"og_locale":"nb_NO","og_type":"article","og_title":"Barneseng Sofia med st\u00f8ttebrett og oppbevaringsboks","og_description":"En underbart vakker barneseng i en klassisk form. Denne sengen kommer til \u00e5 l\u00f8fte barnerommet ditt til uh\u00f8rte h\u00f8yder. B\u00e5de koselig og deilig \u00e5 sove i, som en perfekt seng for \u00e5 leke i eller bygge opp kosekroken. En seng i skandinavisk stilren stil som passer overalt og i alle typer rom. Du kan enkelt [&hellip;]","og_url":"https:\/\/babylove.se\/no\/produkt\/barneseng-sofia-med-stottebrett-og-oppbevaringsskuff\/","og_site_name":"Babylove Norska","article_modified_time":"2026-04-08T08:47:33+00:00","og_image":[{"width":750,"height":750,"url":"https:\/\/babylove.se\/no\/wp-content\/uploads\/sites\/3\/2025\/07\/613e39342c2f5.jpeg","type":"image\/jpeg"}],"twitter_card":"summary_large_image","twitter_misc":{"Availability":"In stock"},"schema":{"@context":"https:\/\/schema.org","@graph":[{"@type":"WebPage","@id":"https:\/\/babylove.se\/no\/produkt\/barneseng-sofia-med-stottebrett-og-oppbevaringsskuff\/","url":"https:\/\/babylove.se\/no\/produkt\/barneseng-sofia-med-stottebrett-og-oppbevaringsskuff\/","name":"Barneseng Sofia med st\u00f8ttebrett og oppbevaringsboks - Babylove Norska","isPartOf":{"@id":"https:\/\/babylove.se\/no\/#website"},"primaryImageOfPage":{"@id":"https:\/\/babylove.se\/no\/produkt\/barneseng-sofia-med-stottebrett-og-oppbevaringsskuff\/#primaryimage"},"image":{"@id":"https:\/\/babylove.se\/no\/produkt\/barneseng-sofia-med-stottebrett-og-oppbevaringsskuff\/#primaryimage"},"thumbnailUrl":"https:\/\/babylove.se\/no\/wp-content\/uploads\/sites\/3\/2025\/07\/613e39342c2f5.jpeg","datePublished":"2025-07-18T21:45:41+00:00","dateModified":"2026-04-08T08:47:33+00:00","breadcrumb":{"@id":"https:\/\/babylove.se\/no\/produkt\/barneseng-sofia-med-stottebrett-og-oppbevaringsskuff\/#breadcrumb"},"inLanguage":"nb-NO","potentialAction":[{"@type":"ReadAction","target":["https:\/\/babylove.se\/no\/produkt\/barneseng-sofia-med-stottebrett-og-oppbevaringsskuff\/"]}]},{"@type":"ImageObject","inLanguage":"nb-NO","@id":"https:\/\/babylove.se\/no\/produkt\/barneseng-sofia-med-stottebrett-og-oppbevaringsskuff\/#primaryimage","url":"https:\/\/babylove.se\/no\/wp-content\/uploads\/sites\/3\/2025\/07\/613e39342c2f5.jpeg","contentUrl":"https:\/\/babylove.se\/no\/wp-content\/uploads\/sites\/3\/2025\/07\/613e39342c2f5.jpeg","width":750,"height":750},{"@type":"BreadcrumbList","@id":"https:\/\/babylove.se\/no\/produkt\/barneseng-sofia-med-stottebrett-og-oppbevaringsskuff\/#breadcrumb","itemListElement":[{"@type":"ListItem","position":1,"name":"Hem","item":"https:\/\/babylove.se\/no\/"},{"@type":"ListItem","position":2,"name":"Butik","item":"https:\/\/babylove.se\/no\/butik\/"},{"@type":"ListItem","position":3,"name":"Barneseng Sofia med st\u00f8ttebrett og oppbevaringsboks"}]},{"@type":"WebSite","@id":"https:\/\/babylove.se\/no\/#website","url":"https:\/\/babylove.se\/no\/","name":"Babylove Norska","description":"","potentialAction":[{"@type":"SearchAction","target":{"@type":"EntryPoint","urlTemplate":"https:\/\/babylove.se\/no\/?s={search_term_string}"},"query-input":{"@type":"PropertyValueSpecification","valueRequired":true,"valueName":"search_term_string"}}],"inLanguage":"nb-NO"}]},"product_brand":"Luletto","og_availability":"instock","product_availability":"instock","product_retailer_item_id":"60x120-cm-natur-Sofia-L\u00e5da-Nej","product_condition":"new"},"_links":{"self":[{"href":"https:\/\/babylove.se\/no\/wp-json\/wp\/v2\/product\/21572","targetHints":{"allow":["GET"]}}],"collection":[{"href":"https:\/\/babylove.se\/no\/wp-json\/wp\/v2\/product"}],"about":[{"href":"https:\/\/babylove.se\/no\/wp-json\/wp\/v2\/types\/product"}],"replies":[{"embeddable":true,"href":"https:\/\/babylove.se\/no\/wp-json\/wp\/v2\/comments?post=21572"}],"wp:featuredmedia":[{"embeddable":true,"href":"https:\/\/babylove.se\/no\/wp-json\/wp\/v2\/media\/21574"}],"wp:attachment":[{"href":"https:\/\/babylove.se\/no\/wp-json\/wp\/v2\/media?parent=21572"}],"wp:term":[{"taxonomy":"product_brand","embeddable":true,"href":"https:\/\/babylove.se\/no\/wp-json\/wp\/v2\/product_brand?post=21572"},{"taxonomy":"product_cat","embeddable":true,"href":"https:\/\/babylove.se\/no\/wp-json\/wp\/v2\/product_cat?post=21572"},{"taxonomy":"product_tag","embeddable":true,"href":"https:\/\/babylove.se\/no\/wp-json\/wp\/v2\/product_tag?post=21572"}],"curies":[{"name":"wp","href":"https:\/\/api.w.org\/{rel}","templated":true}]}}