{"id":2167,"date":"2025-07-18T20:06:47","date_gmt":"2025-07-18T19:06:47","guid":{"rendered":"https:\/\/babylove.se\/produkt\/babynest-sovpol-ng-baby-woodsfairytale-fairytale-rose\/"},"modified":"2026-04-08T07:49:01","modified_gmt":"2026-04-08T06:49:01","slug":"babynest-sovpute-ng-baby-woodsfairytale-fairytale-rose","status":"publish","type":"product","link":"https:\/\/babylove.se\/no\/produkt\/babynest-sovpute-ng-baby-woodsfairytale-fairytale-rose\/","title":{"rendered":"Babynest &#8211; Sovep\u00f8l NG Baby, Woods&#038;Fairytale, Rose+Fairytale Rose"},"content":{"rendered":"<p><strong>Soveputen<\/strong> Woods&amp;Fairytale fra svenske NG Baby, gir deg en unik mulighet til \u00e5 skape en trygg soveplass til ditt nyf\u00f8dte barn. Soveputen skaper et koselig og varmt milj\u00f8 som gir barnet ro. Du kan med fordel plassere soveputen<strong>&nbsp;<\/strong>i din egen seng, uten \u00e5 m\u00e5tte bekymre deg for at ditt barn ruller ut av sengen, eller at du ruller p\u00e5 ditt barn i s\u00f8vne.&nbsp;<\/p>\n<p>Siden fyllingen i ytterringen er bevegelig, kan du enkelt forme et sittest\u00f8tte, noe som gj\u00f8r at sitteputen blir et bra sted for ditt &nbsp;barn \u00e5 leke p\u00e5 n\u00e5r det skal l\u00e6re seg \u00e5 sitte opp. Soveputen er dessuten lett \u00e5 ta med seg hvor man enn skal&nbsp;<\/p>\n<p><strong>Materiale<\/strong>: Stoffet er laget av 100 % \u00f8kologisk GOTS-sertifisert bomullssatin Bunnen er av polyeter som g\u00e5r lett \u00e5 skylle av og luftt\u00f8rke Kanten har formbar fylling av styrenkuler<\/p>\n<p><strong>M\u00e5l<\/strong>: Bredde: 50 cm, Lengde: 75 cm, H\u00f8yde: 17 cm&nbsp;<\/p>\n<p><strong>Vasker\u00e5d<\/strong>: overtrekket kan vaskes i &nbsp;40\u00b0C, ikke tromlet\u00f8rk.&nbsp;<\/p>\n","protected":false},"excerpt":{"rendered":"<p>Soveputen Woods&amp;Fairytale fra svenske NG Baby, gir deg en unik mulighet til \u00e5 skape en trygg soveplass til ditt nyf\u00f8dte barn. Soveputen skaper et koselig og varmt milj\u00f8 som gir barnet ro. Du kan med fordel plassere soveputen&nbsp;i din egen seng, uten \u00e5 m\u00e5tte bekymre deg for at ditt barn ruller ut av sengen, eller [&hellip;]<\/p>\n","protected":false},"featured_media":2169,"comment_status":"closed","ping_status":"open","template":"","meta":{"_acf_changed":false},"product_brand":[107],"product_cat":[56,109],"product_tag":[1689],"class_list":{"0":"post-2167","1":"product","2":"type-product","3":"status-publish","4":"has-post-thumbnail","6":"product_brand-ng-baby","7":"product_cat-babynest","8":"product_cat-ng-baby","9":"product_tag-bestillingsvaror","11":"first","12":"outofstock","13":"taxable","14":"shipping-taxable","15":"purchasable","16":"product-type-simple"},"acf":[],"yoast_head":"<!-- This site is optimized with the Yoast SEO Premium plugin v25.8 (Yoast SEO v27.2) - https:\/\/yoast.com\/product\/yoast-seo-premium-wordpress\/ -->\n<title>Babynest - Sovep\u00f8l NG Baby, Woods&amp;Fairytale, Rose+Fairytale Rose - Babylove Norska<\/title>\n<meta name=\"robots\" content=\"noindex, follow, max-snippet:-1, max-image-preview:large, max-video-preview:-1\" \/>\n<meta property=\"og:locale\" content=\"nb_NO\" \/>\n<meta property=\"og:type\" content=\"article\" \/>\n<meta property=\"og:title\" content=\"Babynest - Sovep\u00f8l NG Baby, Woods&amp;Fairytale, Rose+Fairytale Rose\" \/>\n<meta property=\"og:description\" content=\"Soveputen Woods&amp;Fairytale fra svenske NG Baby, gir deg en unik mulighet til \u00e5 skape en trygg soveplass til ditt nyf\u00f8dte barn. Soveputen skaper et koselig og varmt milj\u00f8 som gir barnet ro. Du kan med fordel plassere soveputen&nbsp;i din egen seng, uten \u00e5 m\u00e5tte bekymre deg for at ditt barn ruller ut av sengen, eller [&hellip;]\" \/>\n<meta property=\"og:url\" content=\"https:\/\/babylove.se\/no\/produkt\/babynest-sovpute-ng-baby-woodsfairytale-fairytale-rose\/\" \/>\n<meta property=\"og:site_name\" content=\"Babylove Norska\" \/>\n<meta property=\"article:modified_time\" content=\"2026-04-08T06:49:01+00:00\" \/>\n<meta property=\"og:image\" content=\"https:\/\/babylove.se\/no\/wp-content\/uploads\/sites\/3\/2025\/07\/58834932290ad.jpeg\" \/>\n\t<meta property=\"og:image:width\" content=\"750\" \/>\n\t<meta property=\"og:image:height\" content=\"750\" \/>\n\t<meta property=\"og:image:type\" content=\"image\/jpeg\" \/>\n<meta name=\"twitter:card\" content=\"summary_large_image\" \/>\n<meta name=\"twitter:label1\" content=\"Price\" \/>\n\t<meta name=\"twitter:data1\" content=\"1 099,00&nbsp;&#107;&#114;\" \/>\n\t<meta name=\"twitter:label2\" content=\"Availability\" \/>\n\t<meta name=\"twitter:data2\" content=\"Out of stock\" \/>\n<script type=\"application\/ld+json\" class=\"yoast-schema-graph\">{\"@context\":\"https:\/\/schema.org\",\"@graph\":[{\"@type\":\"WebPage\",\"@id\":\"https:\/\/babylove.se\/no\/produkt\/babynest-sovpute-ng-baby-woodsfairytale-fairytale-rose\/\",\"url\":\"https:\/\/babylove.se\/no\/produkt\/babynest-sovpute-ng-baby-woodsfairytale-fairytale-rose\/\",\"name\":\"Babynest - Sovep\u00f8l NG Baby, Woods&Fairytale, Rose+Fairytale Rose - Babylove Norska\",\"isPartOf\":{\"@id\":\"https:\/\/babylove.se\/no\/#website\"},\"primaryImageOfPage\":{\"@id\":\"https:\/\/babylove.se\/no\/produkt\/babynest-sovpute-ng-baby-woodsfairytale-fairytale-rose\/#primaryimage\"},\"image\":{\"@id\":\"https:\/\/babylove.se\/no\/produkt\/babynest-sovpute-ng-baby-woodsfairytale-fairytale-rose\/#primaryimage\"},\"thumbnailUrl\":\"https:\/\/babylove.se\/no\/wp-content\/uploads\/sites\/3\/2025\/07\/58834932290ad.jpeg\",\"datePublished\":\"2025-07-18T19:06:47+00:00\",\"dateModified\":\"2026-04-08T06:49:01+00:00\",\"breadcrumb\":{\"@id\":\"https:\/\/babylove.se\/no\/produkt\/babynest-sovpute-ng-baby-woodsfairytale-fairytale-rose\/#breadcrumb\"},\"inLanguage\":\"nb-NO\",\"potentialAction\":[{\"@type\":\"ReadAction\",\"target\":[\"https:\/\/babylove.se\/no\/produkt\/babynest-sovpute-ng-baby-woodsfairytale-fairytale-rose\/\"]}]},{\"@type\":\"ImageObject\",\"inLanguage\":\"nb-NO\",\"@id\":\"https:\/\/babylove.se\/no\/produkt\/babynest-sovpute-ng-baby-woodsfairytale-fairytale-rose\/#primaryimage\",\"url\":\"https:\/\/babylove.se\/no\/wp-content\/uploads\/sites\/3\/2025\/07\/58834932290ad.jpeg\",\"contentUrl\":\"https:\/\/babylove.se\/no\/wp-content\/uploads\/sites\/3\/2025\/07\/58834932290ad.jpeg\",\"width\":750,\"height\":750},{\"@type\":\"BreadcrumbList\",\"@id\":\"https:\/\/babylove.se\/no\/produkt\/babynest-sovpute-ng-baby-woodsfairytale-fairytale-rose\/#breadcrumb\",\"itemListElement\":[{\"@type\":\"ListItem\",\"position\":1,\"name\":\"Hem\",\"item\":\"https:\/\/babylove.se\/no\/\"},{\"@type\":\"ListItem\",\"position\":2,\"name\":\"Butik\",\"item\":\"https:\/\/babylove.se\/no\/butik\/\"},{\"@type\":\"ListItem\",\"position\":3,\"name\":\"Babynest &#8211; Sovep\u00f8l NG Baby, Woods&#038;Fairytale, Rose+Fairytale Rose\"}]},{\"@type\":\"WebSite\",\"@id\":\"https:\/\/babylove.se\/no\/#website\",\"url\":\"https:\/\/babylove.se\/no\/\",\"name\":\"Babylove Norska\",\"description\":\"\",\"potentialAction\":[{\"@type\":\"SearchAction\",\"target\":{\"@type\":\"EntryPoint\",\"urlTemplate\":\"https:\/\/babylove.se\/no\/?s={search_term_string}\"},\"query-input\":{\"@type\":\"PropertyValueSpecification\",\"valueRequired\":true,\"valueName\":\"search_term_string\"}}],\"inLanguage\":\"nb-NO\"}]}<\/script>\n<meta property=\"product:brand\" content=\"Ng Baby\" \/>\n<meta property=\"product:price:amount\" content=\"1099.00\" \/>\n<meta property=\"product:price:currency\" content=\"SEK\" \/>\n<meta property=\"og:availability\" content=\"out of stock\" \/>\n<meta property=\"product:availability\" content=\"out of stock\" \/>\n<meta property=\"product:retailer_item_id\" content=\"918\" \/>\n<meta property=\"product:condition\" content=\"new\" \/>\n<!-- \/ Yoast SEO Premium plugin. -->","yoast_head_json":{"title":"Babynest - Sovep\u00f8l NG Baby, Woods&Fairytale, Rose+Fairytale Rose - Babylove Norska","robots":{"index":"noindex","follow":"follow","max-snippet":"max-snippet:-1","max-image-preview":"max-image-preview:large","max-video-preview":"max-video-preview:-1"},"og_locale":"nb_NO","og_type":"article","og_title":"Babynest - Sovep\u00f8l NG Baby, Woods&Fairytale, Rose+Fairytale Rose","og_description":"Soveputen Woods&amp;Fairytale fra svenske NG Baby, gir deg en unik mulighet til \u00e5 skape en trygg soveplass til ditt nyf\u00f8dte barn. Soveputen skaper et koselig og varmt milj\u00f8 som gir barnet ro. Du kan med fordel plassere soveputen&nbsp;i din egen seng, uten \u00e5 m\u00e5tte bekymre deg for at ditt barn ruller ut av sengen, eller [&hellip;]","og_url":"https:\/\/babylove.se\/no\/produkt\/babynest-sovpute-ng-baby-woodsfairytale-fairytale-rose\/","og_site_name":"Babylove Norska","article_modified_time":"2026-04-08T06:49:01+00:00","og_image":[{"width":750,"height":750,"url":"https:\/\/babylove.se\/no\/wp-content\/uploads\/sites\/3\/2025\/07\/58834932290ad.jpeg","type":"image\/jpeg"}],"twitter_card":"summary_large_image","twitter_misc":{"Price":"1 099,00&nbsp;&#107;&#114;","Availability":"Out of stock"},"schema":{"@context":"https:\/\/schema.org","@graph":[{"@type":"WebPage","@id":"https:\/\/babylove.se\/no\/produkt\/babynest-sovpute-ng-baby-woodsfairytale-fairytale-rose\/","url":"https:\/\/babylove.se\/no\/produkt\/babynest-sovpute-ng-baby-woodsfairytale-fairytale-rose\/","name":"Babynest - Sovep\u00f8l NG Baby, Woods&Fairytale, Rose+Fairytale Rose - Babylove Norska","isPartOf":{"@id":"https:\/\/babylove.se\/no\/#website"},"primaryImageOfPage":{"@id":"https:\/\/babylove.se\/no\/produkt\/babynest-sovpute-ng-baby-woodsfairytale-fairytale-rose\/#primaryimage"},"image":{"@id":"https:\/\/babylove.se\/no\/produkt\/babynest-sovpute-ng-baby-woodsfairytale-fairytale-rose\/#primaryimage"},"thumbnailUrl":"https:\/\/babylove.se\/no\/wp-content\/uploads\/sites\/3\/2025\/07\/58834932290ad.jpeg","datePublished":"2025-07-18T19:06:47+00:00","dateModified":"2026-04-08T06:49:01+00:00","breadcrumb":{"@id":"https:\/\/babylove.se\/no\/produkt\/babynest-sovpute-ng-baby-woodsfairytale-fairytale-rose\/#breadcrumb"},"inLanguage":"nb-NO","potentialAction":[{"@type":"ReadAction","target":["https:\/\/babylove.se\/no\/produkt\/babynest-sovpute-ng-baby-woodsfairytale-fairytale-rose\/"]}]},{"@type":"ImageObject","inLanguage":"nb-NO","@id":"https:\/\/babylove.se\/no\/produkt\/babynest-sovpute-ng-baby-woodsfairytale-fairytale-rose\/#primaryimage","url":"https:\/\/babylove.se\/no\/wp-content\/uploads\/sites\/3\/2025\/07\/58834932290ad.jpeg","contentUrl":"https:\/\/babylove.se\/no\/wp-content\/uploads\/sites\/3\/2025\/07\/58834932290ad.jpeg","width":750,"height":750},{"@type":"BreadcrumbList","@id":"https:\/\/babylove.se\/no\/produkt\/babynest-sovpute-ng-baby-woodsfairytale-fairytale-rose\/#breadcrumb","itemListElement":[{"@type":"ListItem","position":1,"name":"Hem","item":"https:\/\/babylove.se\/no\/"},{"@type":"ListItem","position":2,"name":"Butik","item":"https:\/\/babylove.se\/no\/butik\/"},{"@type":"ListItem","position":3,"name":"Babynest &#8211; Sovep\u00f8l NG Baby, Woods&#038;Fairytale, Rose+Fairytale Rose"}]},{"@type":"WebSite","@id":"https:\/\/babylove.se\/no\/#website","url":"https:\/\/babylove.se\/no\/","name":"Babylove Norska","description":"","potentialAction":[{"@type":"SearchAction","target":{"@type":"EntryPoint","urlTemplate":"https:\/\/babylove.se\/no\/?s={search_term_string}"},"query-input":{"@type":"PropertyValueSpecification","valueRequired":true,"valueName":"search_term_string"}}],"inLanguage":"nb-NO"}]},"product_brand":"Ng Baby","product_price_amount":"1099.00","product_price_currency":"SEK","og_availability":"out of stock","product_availability":"out of stock","product_retailer_item_id":"918","product_condition":"new"},"_links":{"self":[{"href":"https:\/\/babylove.se\/no\/wp-json\/wp\/v2\/product\/2167","targetHints":{"allow":["GET"]}}],"collection":[{"href":"https:\/\/babylove.se\/no\/wp-json\/wp\/v2\/product"}],"about":[{"href":"https:\/\/babylove.se\/no\/wp-json\/wp\/v2\/types\/product"}],"replies":[{"embeddable":true,"href":"https:\/\/babylove.se\/no\/wp-json\/wp\/v2\/comments?post=2167"}],"wp:featuredmedia":[{"embeddable":true,"href":"https:\/\/babylove.se\/no\/wp-json\/wp\/v2\/media\/2169"}],"wp:attachment":[{"href":"https:\/\/babylove.se\/no\/wp-json\/wp\/v2\/media?parent=2167"}],"wp:term":[{"taxonomy":"product_brand","embeddable":true,"href":"https:\/\/babylove.se\/no\/wp-json\/wp\/v2\/product_brand?post=2167"},{"taxonomy":"product_cat","embeddable":true,"href":"https:\/\/babylove.se\/no\/wp-json\/wp\/v2\/product_cat?post=2167"},{"taxonomy":"product_tag","embeddable":true,"href":"https:\/\/babylove.se\/no\/wp-json\/wp\/v2\/product_tag?post=2167"}],"curies":[{"name":"wp","href":"https:\/\/api.w.org\/{rel}","templated":true}]}}