{"id":2173,"date":"2025-07-18T20:06:56","date_gmt":"2025-07-18T19:06:56","guid":{"rendered":"https:\/\/babylove.se\/produkt\/skotbadd-standard-ng-baby-woodsfairytales-woods-rose\/"},"modified":"2026-04-08T07:49:07","modified_gmt":"2026-04-08T06:49:07","slug":"skotbad-standard-ng-baby-skogeventyr-skog-rose","status":"publish","type":"product","link":"https:\/\/babylove.se\/no\/produkt\/skotbad-standard-ng-baby-skogeventyr-skog-rose\/","title":{"rendered":"Stellebord standard NG Baby Woods&#038;Fairytales, Woods Rose"},"content":{"rendered":"<p>Denne stelleputen fra sm\u00e5landske NG Baby er b\u00e5de myk og deilig for det lille barnet. Stelleputen er enkel \u00e5 holde ren da stoffet er helt avt\u00f8rkbart og dessuten kan man ta det av for vask, takket v\u00e6re glidel\u00e5sen. Stelleputen passer p\u00e5 de aller fleste stellebord med standardm\u00e5l.&nbsp;<\/p>\n<p><strong>Materiale:&nbsp;<\/strong>Ytterstoff 100 % GOTS-sertifisert bomull med avt\u00f8rkbar og vannavvisende overflate. Fyll Fibervatt (komprimert resirkulert polyester)<\/p>\n<p><strong>St\u00f8rrelse:&nbsp;<\/strong>Bredde: 50 cm | Lengde: 67 cm | Ytterh\u00f8yde: 9 cm | Midth\u00f8yde: 4 cm<\/p>\n<p>Ytterstoffet maskinvaskes p\u00e5 40 grader. Fyllet skylles av i dusj (bruk ikke vaskemiddel) og klem ut vannet. OBS! Vri ikke stelleputen<\/p>\n","protected":false},"excerpt":{"rendered":"<p>Denne stelleputen fra sm\u00e5landske NG Baby er b\u00e5de myk og deilig for det lille barnet. Stelleputen er enkel \u00e5 holde ren da stoffet er helt avt\u00f8rkbart og dessuten kan man ta det av for vask, takket v\u00e6re glidel\u00e5sen. Stelleputen passer p\u00e5 de aller fleste stellebord med standardm\u00e5l.&nbsp; Materiale:&nbsp;Ytterstoff 100 % GOTS-sertifisert bomull med avt\u00f8rkbar og [&hellip;]<\/p>\n","protected":false},"featured_media":2175,"comment_status":"closed","ping_status":"open","template":"","meta":{"_acf_changed":false},"product_brand":[107],"product_cat":[109,57],"product_tag":[1689],"class_list":{"0":"post-2173","1":"product","2":"type-product","3":"status-publish","4":"has-post-thumbnail","6":"product_brand-ng-baby","7":"product_cat-ng-baby","8":"product_cat-skobadder","9":"product_tag-bestillingsvaror","11":"first","12":"outofstock","13":"taxable","14":"shipping-taxable","15":"purchasable","16":"product-type-simple"},"acf":[],"yoast_head":"<!-- This site is optimized with the Yoast SEO Premium plugin v25.8 (Yoast SEO v27.2) - https:\/\/yoast.com\/product\/yoast-seo-premium-wordpress\/ -->\n<title>Stellebord standard NG Baby Woods&amp;Fairytales, Woods Rose - Babylove Norska<\/title>\n<meta name=\"robots\" content=\"noindex, follow, max-snippet:-1, max-image-preview:large, max-video-preview:-1\" \/>\n<meta property=\"og:locale\" content=\"nb_NO\" \/>\n<meta property=\"og:type\" content=\"article\" \/>\n<meta property=\"og:title\" content=\"Stellebord standard NG Baby Woods&amp;Fairytales, Woods Rose\" \/>\n<meta property=\"og:description\" content=\"Denne stelleputen fra sm\u00e5landske NG Baby er b\u00e5de myk og deilig for det lille barnet. Stelleputen er enkel \u00e5 holde ren da stoffet er helt avt\u00f8rkbart og dessuten kan man ta det av for vask, takket v\u00e6re glidel\u00e5sen. Stelleputen passer p\u00e5 de aller fleste stellebord med standardm\u00e5l.&nbsp; Materiale:&nbsp;Ytterstoff 100 % GOTS-sertifisert bomull med avt\u00f8rkbar og [&hellip;]\" \/>\n<meta property=\"og:url\" content=\"https:\/\/babylove.se\/no\/produkt\/skotbad-standard-ng-baby-skogeventyr-skog-rose\/\" \/>\n<meta property=\"og:site_name\" content=\"Babylove Norska\" \/>\n<meta property=\"article:modified_time\" content=\"2026-04-08T06:49:07+00:00\" \/>\n<meta property=\"og:image\" content=\"https:\/\/babylove.se\/no\/wp-content\/uploads\/sites\/3\/2025\/07\/58834b4d78193.jpeg\" \/>\n\t<meta property=\"og:image:width\" content=\"750\" \/>\n\t<meta property=\"og:image:height\" content=\"750\" \/>\n\t<meta property=\"og:image:type\" content=\"image\/jpeg\" \/>\n<meta name=\"twitter:card\" content=\"summary_large_image\" \/>\n<meta name=\"twitter:label1\" content=\"Price\" \/>\n\t<meta name=\"twitter:data1\" content=\"489,00&nbsp;&#107;&#114;\" \/>\n\t<meta name=\"twitter:label2\" content=\"Availability\" \/>\n\t<meta name=\"twitter:data2\" content=\"Out of stock\" \/>\n<script type=\"application\/ld+json\" class=\"yoast-schema-graph\">{\"@context\":\"https:\/\/schema.org\",\"@graph\":[{\"@type\":\"WebPage\",\"@id\":\"https:\/\/babylove.se\/no\/produkt\/skotbad-standard-ng-baby-skogeventyr-skog-rose\/\",\"url\":\"https:\/\/babylove.se\/no\/produkt\/skotbad-standard-ng-baby-skogeventyr-skog-rose\/\",\"name\":\"Stellebord standard NG Baby Woods&Fairytales, Woods Rose - Babylove Norska\",\"isPartOf\":{\"@id\":\"https:\/\/babylove.se\/no\/#website\"},\"primaryImageOfPage\":{\"@id\":\"https:\/\/babylove.se\/no\/produkt\/skotbad-standard-ng-baby-skogeventyr-skog-rose\/#primaryimage\"},\"image\":{\"@id\":\"https:\/\/babylove.se\/no\/produkt\/skotbad-standard-ng-baby-skogeventyr-skog-rose\/#primaryimage\"},\"thumbnailUrl\":\"https:\/\/babylove.se\/no\/wp-content\/uploads\/sites\/3\/2025\/07\/58834b4d78193.jpeg\",\"datePublished\":\"2025-07-18T19:06:56+00:00\",\"dateModified\":\"2026-04-08T06:49:07+00:00\",\"breadcrumb\":{\"@id\":\"https:\/\/babylove.se\/no\/produkt\/skotbad-standard-ng-baby-skogeventyr-skog-rose\/#breadcrumb\"},\"inLanguage\":\"nb-NO\",\"potentialAction\":[{\"@type\":\"ReadAction\",\"target\":[\"https:\/\/babylove.se\/no\/produkt\/skotbad-standard-ng-baby-skogeventyr-skog-rose\/\"]}]},{\"@type\":\"ImageObject\",\"inLanguage\":\"nb-NO\",\"@id\":\"https:\/\/babylove.se\/no\/produkt\/skotbad-standard-ng-baby-skogeventyr-skog-rose\/#primaryimage\",\"url\":\"https:\/\/babylove.se\/no\/wp-content\/uploads\/sites\/3\/2025\/07\/58834b4d78193.jpeg\",\"contentUrl\":\"https:\/\/babylove.se\/no\/wp-content\/uploads\/sites\/3\/2025\/07\/58834b4d78193.jpeg\",\"width\":750,\"height\":750},{\"@type\":\"BreadcrumbList\",\"@id\":\"https:\/\/babylove.se\/no\/produkt\/skotbad-standard-ng-baby-skogeventyr-skog-rose\/#breadcrumb\",\"itemListElement\":[{\"@type\":\"ListItem\",\"position\":1,\"name\":\"Hem\",\"item\":\"https:\/\/babylove.se\/no\/\"},{\"@type\":\"ListItem\",\"position\":2,\"name\":\"Butik\",\"item\":\"https:\/\/babylove.se\/no\/butik\/\"},{\"@type\":\"ListItem\",\"position\":3,\"name\":\"Stellebord standard NG Baby Woods&#038;Fairytales, Woods Rose\"}]},{\"@type\":\"WebSite\",\"@id\":\"https:\/\/babylove.se\/no\/#website\",\"url\":\"https:\/\/babylove.se\/no\/\",\"name\":\"Babylove Norska\",\"description\":\"\",\"potentialAction\":[{\"@type\":\"SearchAction\",\"target\":{\"@type\":\"EntryPoint\",\"urlTemplate\":\"https:\/\/babylove.se\/no\/?s={search_term_string}\"},\"query-input\":{\"@type\":\"PropertyValueSpecification\",\"valueRequired\":true,\"valueName\":\"search_term_string\"}}],\"inLanguage\":\"nb-NO\"}]}<\/script>\n<meta property=\"product:brand\" content=\"Ng Baby\" \/>\n<meta property=\"product:price:amount\" content=\"489.00\" \/>\n<meta property=\"product:price:currency\" content=\"SEK\" \/>\n<meta property=\"og:availability\" content=\"out of stock\" \/>\n<meta property=\"product:availability\" content=\"out of stock\" \/>\n<meta property=\"product:retailer_item_id\" content=\"920\" \/>\n<meta property=\"product:condition\" content=\"new\" \/>\n<!-- \/ Yoast SEO Premium plugin. -->","yoast_head_json":{"title":"Stellebord standard NG Baby Woods&Fairytales, Woods Rose - Babylove Norska","robots":{"index":"noindex","follow":"follow","max-snippet":"max-snippet:-1","max-image-preview":"max-image-preview:large","max-video-preview":"max-video-preview:-1"},"og_locale":"nb_NO","og_type":"article","og_title":"Stellebord standard NG Baby Woods&Fairytales, Woods Rose","og_description":"Denne stelleputen fra sm\u00e5landske NG Baby er b\u00e5de myk og deilig for det lille barnet. Stelleputen er enkel \u00e5 holde ren da stoffet er helt avt\u00f8rkbart og dessuten kan man ta det av for vask, takket v\u00e6re glidel\u00e5sen. Stelleputen passer p\u00e5 de aller fleste stellebord med standardm\u00e5l.&nbsp; Materiale:&nbsp;Ytterstoff 100 % GOTS-sertifisert bomull med avt\u00f8rkbar og [&hellip;]","og_url":"https:\/\/babylove.se\/no\/produkt\/skotbad-standard-ng-baby-skogeventyr-skog-rose\/","og_site_name":"Babylove Norska","article_modified_time":"2026-04-08T06:49:07+00:00","og_image":[{"width":750,"height":750,"url":"https:\/\/babylove.se\/no\/wp-content\/uploads\/sites\/3\/2025\/07\/58834b4d78193.jpeg","type":"image\/jpeg"}],"twitter_card":"summary_large_image","twitter_misc":{"Price":"489,00&nbsp;&#107;&#114;","Availability":"Out of stock"},"schema":{"@context":"https:\/\/schema.org","@graph":[{"@type":"WebPage","@id":"https:\/\/babylove.se\/no\/produkt\/skotbad-standard-ng-baby-skogeventyr-skog-rose\/","url":"https:\/\/babylove.se\/no\/produkt\/skotbad-standard-ng-baby-skogeventyr-skog-rose\/","name":"Stellebord standard NG Baby Woods&Fairytales, Woods Rose - Babylove Norska","isPartOf":{"@id":"https:\/\/babylove.se\/no\/#website"},"primaryImageOfPage":{"@id":"https:\/\/babylove.se\/no\/produkt\/skotbad-standard-ng-baby-skogeventyr-skog-rose\/#primaryimage"},"image":{"@id":"https:\/\/babylove.se\/no\/produkt\/skotbad-standard-ng-baby-skogeventyr-skog-rose\/#primaryimage"},"thumbnailUrl":"https:\/\/babylove.se\/no\/wp-content\/uploads\/sites\/3\/2025\/07\/58834b4d78193.jpeg","datePublished":"2025-07-18T19:06:56+00:00","dateModified":"2026-04-08T06:49:07+00:00","breadcrumb":{"@id":"https:\/\/babylove.se\/no\/produkt\/skotbad-standard-ng-baby-skogeventyr-skog-rose\/#breadcrumb"},"inLanguage":"nb-NO","potentialAction":[{"@type":"ReadAction","target":["https:\/\/babylove.se\/no\/produkt\/skotbad-standard-ng-baby-skogeventyr-skog-rose\/"]}]},{"@type":"ImageObject","inLanguage":"nb-NO","@id":"https:\/\/babylove.se\/no\/produkt\/skotbad-standard-ng-baby-skogeventyr-skog-rose\/#primaryimage","url":"https:\/\/babylove.se\/no\/wp-content\/uploads\/sites\/3\/2025\/07\/58834b4d78193.jpeg","contentUrl":"https:\/\/babylove.se\/no\/wp-content\/uploads\/sites\/3\/2025\/07\/58834b4d78193.jpeg","width":750,"height":750},{"@type":"BreadcrumbList","@id":"https:\/\/babylove.se\/no\/produkt\/skotbad-standard-ng-baby-skogeventyr-skog-rose\/#breadcrumb","itemListElement":[{"@type":"ListItem","position":1,"name":"Hem","item":"https:\/\/babylove.se\/no\/"},{"@type":"ListItem","position":2,"name":"Butik","item":"https:\/\/babylove.se\/no\/butik\/"},{"@type":"ListItem","position":3,"name":"Stellebord standard NG Baby Woods&#038;Fairytales, Woods Rose"}]},{"@type":"WebSite","@id":"https:\/\/babylove.se\/no\/#website","url":"https:\/\/babylove.se\/no\/","name":"Babylove Norska","description":"","potentialAction":[{"@type":"SearchAction","target":{"@type":"EntryPoint","urlTemplate":"https:\/\/babylove.se\/no\/?s={search_term_string}"},"query-input":{"@type":"PropertyValueSpecification","valueRequired":true,"valueName":"search_term_string"}}],"inLanguage":"nb-NO"}]},"product_brand":"Ng Baby","product_price_amount":"489.00","product_price_currency":"SEK","og_availability":"out of stock","product_availability":"out of stock","product_retailer_item_id":"920","product_condition":"new"},"_links":{"self":[{"href":"https:\/\/babylove.se\/no\/wp-json\/wp\/v2\/product\/2173","targetHints":{"allow":["GET"]}}],"collection":[{"href":"https:\/\/babylove.se\/no\/wp-json\/wp\/v2\/product"}],"about":[{"href":"https:\/\/babylove.se\/no\/wp-json\/wp\/v2\/types\/product"}],"replies":[{"embeddable":true,"href":"https:\/\/babylove.se\/no\/wp-json\/wp\/v2\/comments?post=2173"}],"wp:featuredmedia":[{"embeddable":true,"href":"https:\/\/babylove.se\/no\/wp-json\/wp\/v2\/media\/2175"}],"wp:attachment":[{"href":"https:\/\/babylove.se\/no\/wp-json\/wp\/v2\/media?parent=2173"}],"wp:term":[{"taxonomy":"product_brand","embeddable":true,"href":"https:\/\/babylove.se\/no\/wp-json\/wp\/v2\/product_brand?post=2173"},{"taxonomy":"product_cat","embeddable":true,"href":"https:\/\/babylove.se\/no\/wp-json\/wp\/v2\/product_cat?post=2173"},{"taxonomy":"product_tag","embeddable":true,"href":"https:\/\/babylove.se\/no\/wp-json\/wp\/v2\/product_tag?post=2173"}],"curies":[{"name":"wp","href":"https:\/\/api.w.org\/{rel}","templated":true}]}}