{"id":21775,"date":"2025-07-18T22:47:46","date_gmt":"2025-07-18T21:47:46","guid":{"rendered":"https:\/\/babylove.se\/produkt\/sebra-terry-handuk-med-huva-milo-the-bear-rustic-plum\/"},"modified":"2026-04-08T09:48:20","modified_gmt":"2026-04-08T08:48:20","slug":"sebra-terry-handkle-med-hette-milo-the-bear-rustic-plum","status":"publish","type":"product","link":"https:\/\/babylove.se\/no\/produkt\/sebra-terry-handkle-med-hette-milo-the-bear-rustic-plum\/","title":{"rendered":"Sebra, frott\u00e9 h\u00e5ndkle med hette, Milo the bear, rustic plum"},"content":{"rendered":"<p>En fantastisk fin og vakker badecape med hette fra det danske selskapet Sebra. Dette myke og koselige badeh\u00e5ndkleet kommer til \u00e5 bli ditt barns nye favoritt. Perfekt etter badet for \u00e5 holde barnet varmt samtidig som barnet blir t\u00f8rt. Badecapen er laget av utvalgt organisk bomull av h\u00f8yeste kvalitet. Kan med fordel matches med andre produkter fra samme kolleksjon. \\n \\nSt\u00f8rrelse: 85  x 85  cm \\n \\nDesigner: <a href=\"https:\/\/babylove.se\/varumarken\/sebra\">Sebra<\/a><\/p>\n","protected":false},"excerpt":{"rendered":"<p>En fantastisk fin og vakker badecape med hette fra det danske selskapet Sebra. Dette myke og koselige badeh\u00e5ndkleet kommer til \u00e5 bli ditt barns nye favoritt. Perfekt etter badet for \u00e5 holde barnet varmt samtidig som barnet blir t\u00f8rt. Badecapen er laget av utvalgt organisk bomull av h\u00f8yeste kvalitet. Kan med fordel matches med andre [&hellip;]<\/p>\n","protected":false},"featured_media":21777,"comment_status":"closed","ping_status":"closed","template":"","meta":{"_acf_changed":false},"product_brand":[160],"product_cat":[116,161],"product_tag":[],"class_list":{"0":"post-21775","1":"product","2":"type-product","3":"status-publish","4":"has-post-thumbnail","6":"product_brand-sebra","7":"product_cat-handkle-med-hette","8":"product_cat-sebra","10":"first","11":"outofstock","12":"taxable","13":"shipping-taxable","14":"purchasable","15":"product-type-simple"},"acf":[],"yoast_head":"<!-- This site is optimized with the Yoast SEO Premium plugin v25.8 (Yoast SEO v27.2) - https:\/\/yoast.com\/product\/yoast-seo-premium-wordpress\/ -->\n<title>Sebra, frott\u00e9 h\u00e5ndkle med hette, Milo the bear, rustic plum - Babylove Norska<\/title>\n<meta name=\"robots\" content=\"noindex, follow, max-snippet:-1, max-image-preview:large, max-video-preview:-1\" \/>\n<meta property=\"og:locale\" content=\"nb_NO\" \/>\n<meta property=\"og:type\" content=\"article\" \/>\n<meta property=\"og:title\" content=\"Sebra, frott\u00e9 h\u00e5ndkle med hette, Milo the bear, rustic plum\" \/>\n<meta property=\"og:description\" content=\"En fantastisk fin og vakker badecape med hette fra det danske selskapet Sebra. Dette myke og koselige badeh\u00e5ndkleet kommer til \u00e5 bli ditt barns nye favoritt. Perfekt etter badet for \u00e5 holde barnet varmt samtidig som barnet blir t\u00f8rt. Badecapen er laget av utvalgt organisk bomull av h\u00f8yeste kvalitet. Kan med fordel matches med andre [&hellip;]\" \/>\n<meta property=\"og:url\" content=\"https:\/\/babylove.se\/no\/produkt\/sebra-terry-handkle-med-hette-milo-the-bear-rustic-plum\/\" \/>\n<meta property=\"og:site_name\" content=\"Babylove Norska\" \/>\n<meta property=\"article:modified_time\" content=\"2026-04-08T08:48:20+00:00\" \/>\n<meta property=\"og:image\" content=\"https:\/\/babylove.se\/no\/wp-content\/uploads\/sites\/3\/2025\/07\/5ffc840281528.jpeg\" \/>\n\t<meta property=\"og:image:width\" content=\"460\" \/>\n\t<meta property=\"og:image:height\" content=\"460\" \/>\n\t<meta property=\"og:image:type\" content=\"image\/jpeg\" \/>\n<meta name=\"twitter:card\" content=\"summary_large_image\" \/>\n<meta name=\"twitter:label1\" content=\"Price\" \/>\n\t<meta name=\"twitter:data1\" content=\"399,00&nbsp;&#107;&#114;\" \/>\n\t<meta name=\"twitter:label2\" content=\"Availability\" \/>\n\t<meta name=\"twitter:data2\" content=\"Out of stock\" \/>\n<script type=\"application\/ld+json\" class=\"yoast-schema-graph\">{\"@context\":\"https:\/\/schema.org\",\"@graph\":[{\"@type\":\"WebPage\",\"@id\":\"https:\/\/babylove.se\/no\/produkt\/sebra-terry-handkle-med-hette-milo-the-bear-rustic-plum\/\",\"url\":\"https:\/\/babylove.se\/no\/produkt\/sebra-terry-handkle-med-hette-milo-the-bear-rustic-plum\/\",\"name\":\"Sebra, frott\u00e9 h\u00e5ndkle med hette, Milo the bear, rustic plum - Babylove Norska\",\"isPartOf\":{\"@id\":\"https:\/\/babylove.se\/no\/#website\"},\"primaryImageOfPage\":{\"@id\":\"https:\/\/babylove.se\/no\/produkt\/sebra-terry-handkle-med-hette-milo-the-bear-rustic-plum\/#primaryimage\"},\"image\":{\"@id\":\"https:\/\/babylove.se\/no\/produkt\/sebra-terry-handkle-med-hette-milo-the-bear-rustic-plum\/#primaryimage\"},\"thumbnailUrl\":\"https:\/\/babylove.se\/no\/wp-content\/uploads\/sites\/3\/2025\/07\/5ffc840281528.jpeg\",\"datePublished\":\"2025-07-18T21:47:46+00:00\",\"dateModified\":\"2026-04-08T08:48:20+00:00\",\"breadcrumb\":{\"@id\":\"https:\/\/babylove.se\/no\/produkt\/sebra-terry-handkle-med-hette-milo-the-bear-rustic-plum\/#breadcrumb\"},\"inLanguage\":\"nb-NO\",\"potentialAction\":[{\"@type\":\"ReadAction\",\"target\":[\"https:\/\/babylove.se\/no\/produkt\/sebra-terry-handkle-med-hette-milo-the-bear-rustic-plum\/\"]}]},{\"@type\":\"ImageObject\",\"inLanguage\":\"nb-NO\",\"@id\":\"https:\/\/babylove.se\/no\/produkt\/sebra-terry-handkle-med-hette-milo-the-bear-rustic-plum\/#primaryimage\",\"url\":\"https:\/\/babylove.se\/no\/wp-content\/uploads\/sites\/3\/2025\/07\/5ffc840281528.jpeg\",\"contentUrl\":\"https:\/\/babylove.se\/no\/wp-content\/uploads\/sites\/3\/2025\/07\/5ffc840281528.jpeg\",\"width\":460,\"height\":460},{\"@type\":\"BreadcrumbList\",\"@id\":\"https:\/\/babylove.se\/no\/produkt\/sebra-terry-handkle-med-hette-milo-the-bear-rustic-plum\/#breadcrumb\",\"itemListElement\":[{\"@type\":\"ListItem\",\"position\":1,\"name\":\"Hem\",\"item\":\"https:\/\/babylove.se\/no\/\"},{\"@type\":\"ListItem\",\"position\":2,\"name\":\"Butik\",\"item\":\"https:\/\/babylove.se\/no\/butik\/\"},{\"@type\":\"ListItem\",\"position\":3,\"name\":\"Sebra, frott\u00e9 h\u00e5ndkle med hette, Milo the bear, rustic plum\"}]},{\"@type\":\"WebSite\",\"@id\":\"https:\/\/babylove.se\/no\/#website\",\"url\":\"https:\/\/babylove.se\/no\/\",\"name\":\"Babylove Norska\",\"description\":\"\",\"potentialAction\":[{\"@type\":\"SearchAction\",\"target\":{\"@type\":\"EntryPoint\",\"urlTemplate\":\"https:\/\/babylove.se\/no\/?s={search_term_string}\"},\"query-input\":{\"@type\":\"PropertyValueSpecification\",\"valueRequired\":true,\"valueName\":\"search_term_string\"}}],\"inLanguage\":\"nb-NO\"}]}<\/script>\n<meta property=\"product:brand\" content=\"Sebra\" \/>\n<meta property=\"product:price:amount\" content=\"399.00\" \/>\n<meta property=\"product:price:currency\" content=\"SEK\" \/>\n<meta property=\"og:availability\" content=\"out of stock\" \/>\n<meta property=\"product:availability\" content=\"out of stock\" \/>\n<meta property=\"product:retailer_item_id\" content=\"101020003\" \/>\n<meta property=\"product:condition\" content=\"new\" \/>\n<!-- \/ Yoast SEO Premium plugin. -->","yoast_head_json":{"title":"Sebra, frott\u00e9 h\u00e5ndkle med hette, Milo the bear, rustic plum - Babylove Norska","robots":{"index":"noindex","follow":"follow","max-snippet":"max-snippet:-1","max-image-preview":"max-image-preview:large","max-video-preview":"max-video-preview:-1"},"og_locale":"nb_NO","og_type":"article","og_title":"Sebra, frott\u00e9 h\u00e5ndkle med hette, Milo the bear, rustic plum","og_description":"En fantastisk fin og vakker badecape med hette fra det danske selskapet Sebra. Dette myke og koselige badeh\u00e5ndkleet kommer til \u00e5 bli ditt barns nye favoritt. Perfekt etter badet for \u00e5 holde barnet varmt samtidig som barnet blir t\u00f8rt. Badecapen er laget av utvalgt organisk bomull av h\u00f8yeste kvalitet. Kan med fordel matches med andre [&hellip;]","og_url":"https:\/\/babylove.se\/no\/produkt\/sebra-terry-handkle-med-hette-milo-the-bear-rustic-plum\/","og_site_name":"Babylove Norska","article_modified_time":"2026-04-08T08:48:20+00:00","og_image":[{"width":460,"height":460,"url":"https:\/\/babylove.se\/no\/wp-content\/uploads\/sites\/3\/2025\/07\/5ffc840281528.jpeg","type":"image\/jpeg"}],"twitter_card":"summary_large_image","twitter_misc":{"Price":"399,00&nbsp;&#107;&#114;","Availability":"Out of stock"},"schema":{"@context":"https:\/\/schema.org","@graph":[{"@type":"WebPage","@id":"https:\/\/babylove.se\/no\/produkt\/sebra-terry-handkle-med-hette-milo-the-bear-rustic-plum\/","url":"https:\/\/babylove.se\/no\/produkt\/sebra-terry-handkle-med-hette-milo-the-bear-rustic-plum\/","name":"Sebra, frott\u00e9 h\u00e5ndkle med hette, Milo the bear, rustic plum - Babylove Norska","isPartOf":{"@id":"https:\/\/babylove.se\/no\/#website"},"primaryImageOfPage":{"@id":"https:\/\/babylove.se\/no\/produkt\/sebra-terry-handkle-med-hette-milo-the-bear-rustic-plum\/#primaryimage"},"image":{"@id":"https:\/\/babylove.se\/no\/produkt\/sebra-terry-handkle-med-hette-milo-the-bear-rustic-plum\/#primaryimage"},"thumbnailUrl":"https:\/\/babylove.se\/no\/wp-content\/uploads\/sites\/3\/2025\/07\/5ffc840281528.jpeg","datePublished":"2025-07-18T21:47:46+00:00","dateModified":"2026-04-08T08:48:20+00:00","breadcrumb":{"@id":"https:\/\/babylove.se\/no\/produkt\/sebra-terry-handkle-med-hette-milo-the-bear-rustic-plum\/#breadcrumb"},"inLanguage":"nb-NO","potentialAction":[{"@type":"ReadAction","target":["https:\/\/babylove.se\/no\/produkt\/sebra-terry-handkle-med-hette-milo-the-bear-rustic-plum\/"]}]},{"@type":"ImageObject","inLanguage":"nb-NO","@id":"https:\/\/babylove.se\/no\/produkt\/sebra-terry-handkle-med-hette-milo-the-bear-rustic-plum\/#primaryimage","url":"https:\/\/babylove.se\/no\/wp-content\/uploads\/sites\/3\/2025\/07\/5ffc840281528.jpeg","contentUrl":"https:\/\/babylove.se\/no\/wp-content\/uploads\/sites\/3\/2025\/07\/5ffc840281528.jpeg","width":460,"height":460},{"@type":"BreadcrumbList","@id":"https:\/\/babylove.se\/no\/produkt\/sebra-terry-handkle-med-hette-milo-the-bear-rustic-plum\/#breadcrumb","itemListElement":[{"@type":"ListItem","position":1,"name":"Hem","item":"https:\/\/babylove.se\/no\/"},{"@type":"ListItem","position":2,"name":"Butik","item":"https:\/\/babylove.se\/no\/butik\/"},{"@type":"ListItem","position":3,"name":"Sebra, frott\u00e9 h\u00e5ndkle med hette, Milo the bear, rustic plum"}]},{"@type":"WebSite","@id":"https:\/\/babylove.se\/no\/#website","url":"https:\/\/babylove.se\/no\/","name":"Babylove Norska","description":"","potentialAction":[{"@type":"SearchAction","target":{"@type":"EntryPoint","urlTemplate":"https:\/\/babylove.se\/no\/?s={search_term_string}"},"query-input":{"@type":"PropertyValueSpecification","valueRequired":true,"valueName":"search_term_string"}}],"inLanguage":"nb-NO"}]},"product_brand":"Sebra","product_price_amount":"399.00","product_price_currency":"SEK","og_availability":"out of stock","product_availability":"out of stock","product_retailer_item_id":"101020003","product_condition":"new"},"_links":{"self":[{"href":"https:\/\/babylove.se\/no\/wp-json\/wp\/v2\/product\/21775","targetHints":{"allow":["GET"]}}],"collection":[{"href":"https:\/\/babylove.se\/no\/wp-json\/wp\/v2\/product"}],"about":[{"href":"https:\/\/babylove.se\/no\/wp-json\/wp\/v2\/types\/product"}],"replies":[{"embeddable":true,"href":"https:\/\/babylove.se\/no\/wp-json\/wp\/v2\/comments?post=21775"}],"wp:featuredmedia":[{"embeddable":true,"href":"https:\/\/babylove.se\/no\/wp-json\/wp\/v2\/media\/21777"}],"wp:attachment":[{"href":"https:\/\/babylove.se\/no\/wp-json\/wp\/v2\/media?parent=21775"}],"wp:term":[{"taxonomy":"product_brand","embeddable":true,"href":"https:\/\/babylove.se\/no\/wp-json\/wp\/v2\/product_brand?post=21775"},{"taxonomy":"product_cat","embeddable":true,"href":"https:\/\/babylove.se\/no\/wp-json\/wp\/v2\/product_cat?post=21775"},{"taxonomy":"product_tag","embeddable":true,"href":"https:\/\/babylove.se\/no\/wp-json\/wp\/v2\/product_tag?post=21775"}],"curies":[{"name":"wp","href":"https:\/\/api.w.org\/{rel}","templated":true}]}}