{"id":21812,"date":"2025-07-18T22:48:01","date_gmt":"2025-07-18T21:48:01","guid":{"rendered":"https:\/\/babylove.se\/produkt\/vit-trevaningssang-till-barnrummet-90x200\/"},"modified":"2026-04-08T09:48:54","modified_gmt":"2026-04-08T08:48:54","slug":"hvit-koyeseng-til-barnerommet-90x200","status":"publish","type":"product","link":"https:\/\/babylove.se\/no\/produkt\/hvit-koyeseng-til-barnerommet-90x200\/","title":{"rendered":"Hvit k\u00f8yeseng i tre etasjer til barnerommet 90&#215;200"},"content":{"rendered":"<p>En k\u00f8yeseng er praktisk enten for s\u00f8sken som deler rom, eller for barnet som vil ha venner som overnatter ofte. \u00c5 finne en som b\u00e5de er praktisk og pen er ikke enkelt, men her er svaret p\u00e5 det. Overdelen er utstyrt med ordentlige vernekanter hele veien rundt og alle kanter er avrundede, alt for ditt barns beste.&nbsp;<\/p>\n<p>K\u00f8yesengen er laget helt i massiv furu som gj\u00f8r den stabil og solid. Den er malt i hvitt men man har latt trefibrene skinne igjennom for \u00e5 skape en herlig karakter p\u00e5 barnesengen. Stigen plasserer du p\u00e5 den siden som du synes passer best i akkurat ditt rom. Sovedelenes m\u00e5l er 90 x 200 cm. Praktisk oppbevaringskasse f\u00f8lger med.&nbsp;<\/p>\n<ul>\n<li>Materiale: Massiv furu&nbsp;<\/li>\n<li>Oppbevaringskasse f\u00f8lger med<\/li>\n<li>Sengem\u00e5l: 90 x 200 cm<\/li>\n<li>Dybde: 205 cm<\/li>\n<li>Bredde 103 cm<\/li>\n<li>H\u00f8yde: 203 cm<\/li>\n<\/ul>\n<p>Madrass f\u00f8lger ikke med, men ta gjerne en titt i v\u00e5rt store madrassutvalg. Vi anbefaler en skummadrass med tykkelse p\u00e5 ca 10-12 cm.<\/p>\n<p>Sengen er tilpasset barn mellom 6-12 \u00e5rs alder.&nbsp;<\/p>\n<p><em><em><em><em><em>Obs! Sengen leveres umontert og b\u00f8r settes sammen i rommet den skal brukes i.<\/em><\/em><\/em><\/em><\/em><\/p>\n","protected":false},"excerpt":{"rendered":"<p>En k\u00f8yeseng er praktisk enten for s\u00f8sken som deler rom, eller for barnet som vil ha venner som overnatter ofte. \u00c5 finne en som b\u00e5de er praktisk og pen er ikke enkelt, men her er svaret p\u00e5 det. Overdelen er utstyrt med ordentlige vernekanter hele veien rundt og alle kanter er avrundede, alt for ditt [&hellip;]<\/p>\n","protected":false},"featured_media":21814,"comment_status":"closed","ping_status":"open","template":"","meta":{"_acf_changed":false},"product_brand":[671],"product_cat":[654,110,399,672,432,385,280,685,40],"product_tag":[1689],"class_list":{"0":"post-21812","1":"product","2":"type-product","3":"status-publish","4":"has-post-thumbnail","6":"product_brand-homestyle4u","7":"product_cat-black-week","8":"product_cat-cyber-monday","9":"product_cat-store-familiesenger-og-barnesenger","10":"product_cat-hm","11":"product_cat-tresengsanger","12":"product_cat-koyesenger-loftsenger","13":"product_cat-senger-med-rask-levering","14":"product_cat-senger-til-hytta","15":"product_cat-soverom-barn","16":"product_tag-bestillingsvaror","18":"first","19":"instock","20":"taxable","21":"shipping-taxable","22":"purchasable","23":"product-type-simple"},"acf":[],"yoast_head":"<!-- This site is optimized with the Yoast SEO Premium plugin v25.8 (Yoast SEO v27.2) - https:\/\/yoast.com\/product\/yoast-seo-premium-wordpress\/ -->\n<title>Hvit k\u00f8yeseng i tre etasjer til barnerommet 90x200 - Babylove Norska<\/title>\n<meta name=\"robots\" content=\"noindex, follow, max-snippet:-1, max-image-preview:large, max-video-preview:-1\" \/>\n<meta property=\"og:locale\" content=\"nb_NO\" \/>\n<meta property=\"og:type\" content=\"article\" \/>\n<meta property=\"og:title\" content=\"Hvit k\u00f8yeseng i tre etasjer til barnerommet 90x200\" \/>\n<meta property=\"og:description\" content=\"En k\u00f8yeseng er praktisk enten for s\u00f8sken som deler rom, eller for barnet som vil ha venner som overnatter ofte. \u00c5 finne en som b\u00e5de er praktisk og pen er ikke enkelt, men her er svaret p\u00e5 det. Overdelen er utstyrt med ordentlige vernekanter hele veien rundt og alle kanter er avrundede, alt for ditt [&hellip;]\" \/>\n<meta property=\"og:url\" content=\"https:\/\/babylove.se\/no\/produkt\/hvit-koyeseng-til-barnerommet-90x200\/\" \/>\n<meta property=\"og:site_name\" content=\"Babylove Norska\" \/>\n<meta property=\"article:modified_time\" content=\"2026-04-08T08:48:54+00:00\" \/>\n<meta property=\"og:image\" content=\"https:\/\/babylove.se\/no\/wp-content\/uploads\/sites\/3\/2025\/07\/63c9a66128b22.png\" \/>\n\t<meta property=\"og:image:width\" content=\"1348\" \/>\n\t<meta property=\"og:image:height\" content=\"1040\" \/>\n\t<meta property=\"og:image:type\" content=\"image\/png\" \/>\n<meta name=\"twitter:card\" content=\"summary_large_image\" \/>\n<meta name=\"twitter:label1\" content=\"Price\" \/>\n\t<meta name=\"twitter:data1\" content=\"6 999,00&nbsp;&#107;&#114;\" \/>\n\t<meta name=\"twitter:label2\" content=\"Availability\" \/>\n\t<meta name=\"twitter:data2\" content=\"In stock\" \/>\n<script type=\"application\/ld+json\" class=\"yoast-schema-graph\">{\"@context\":\"https:\/\/schema.org\",\"@graph\":[{\"@type\":\"WebPage\",\"@id\":\"https:\/\/babylove.se\/no\/produkt\/hvit-koyeseng-til-barnerommet-90x200\/\",\"url\":\"https:\/\/babylove.se\/no\/produkt\/hvit-koyeseng-til-barnerommet-90x200\/\",\"name\":\"Hvit k\u00f8yeseng i tre etasjer til barnerommet 90x200 - Babylove Norska\",\"isPartOf\":{\"@id\":\"https:\/\/babylove.se\/no\/#website\"},\"primaryImageOfPage\":{\"@id\":\"https:\/\/babylove.se\/no\/produkt\/hvit-koyeseng-til-barnerommet-90x200\/#primaryimage\"},\"image\":{\"@id\":\"https:\/\/babylove.se\/no\/produkt\/hvit-koyeseng-til-barnerommet-90x200\/#primaryimage\"},\"thumbnailUrl\":\"https:\/\/babylove.se\/no\/wp-content\/uploads\/sites\/3\/2025\/07\/63c9a66128b22.png\",\"datePublished\":\"2025-07-18T21:48:01+00:00\",\"dateModified\":\"2026-04-08T08:48:54+00:00\",\"breadcrumb\":{\"@id\":\"https:\/\/babylove.se\/no\/produkt\/hvit-koyeseng-til-barnerommet-90x200\/#breadcrumb\"},\"inLanguage\":\"nb-NO\",\"potentialAction\":[{\"@type\":\"ReadAction\",\"target\":[\"https:\/\/babylove.se\/no\/produkt\/hvit-koyeseng-til-barnerommet-90x200\/\"]}]},{\"@type\":\"ImageObject\",\"inLanguage\":\"nb-NO\",\"@id\":\"https:\/\/babylove.se\/no\/produkt\/hvit-koyeseng-til-barnerommet-90x200\/#primaryimage\",\"url\":\"https:\/\/babylove.se\/no\/wp-content\/uploads\/sites\/3\/2025\/07\/63c9a66128b22.png\",\"contentUrl\":\"https:\/\/babylove.se\/no\/wp-content\/uploads\/sites\/3\/2025\/07\/63c9a66128b22.png\",\"width\":1348,\"height\":1040},{\"@type\":\"BreadcrumbList\",\"@id\":\"https:\/\/babylove.se\/no\/produkt\/hvit-koyeseng-til-barnerommet-90x200\/#breadcrumb\",\"itemListElement\":[{\"@type\":\"ListItem\",\"position\":1,\"name\":\"Hem\",\"item\":\"https:\/\/babylove.se\/no\/\"},{\"@type\":\"ListItem\",\"position\":2,\"name\":\"Butik\",\"item\":\"https:\/\/babylove.se\/no\/butik\/\"},{\"@type\":\"ListItem\",\"position\":3,\"name\":\"Hvit k\u00f8yeseng i tre etasjer til barnerommet 90&#215;200\"}]},{\"@type\":\"WebSite\",\"@id\":\"https:\/\/babylove.se\/no\/#website\",\"url\":\"https:\/\/babylove.se\/no\/\",\"name\":\"Babylove Norska\",\"description\":\"\",\"potentialAction\":[{\"@type\":\"SearchAction\",\"target\":{\"@type\":\"EntryPoint\",\"urlTemplate\":\"https:\/\/babylove.se\/no\/?s={search_term_string}\"},\"query-input\":{\"@type\":\"PropertyValueSpecification\",\"valueRequired\":true,\"valueName\":\"search_term_string\"}}],\"inLanguage\":\"nb-NO\"}]}<\/script>\n<meta property=\"product:brand\" content=\"Homestyle4u\" \/>\n<meta property=\"product:price:amount\" content=\"6999.00\" \/>\n<meta property=\"product:price:currency\" content=\"SEK\" \/>\n<meta property=\"og:availability\" content=\"instock\" \/>\n<meta property=\"product:availability\" content=\"instock\" \/>\n<meta property=\"product:retailer_item_id\" content=\"1978\" \/>\n<meta property=\"product:condition\" content=\"new\" \/>\n<!-- \/ Yoast SEO Premium plugin. -->","yoast_head_json":{"title":"Hvit k\u00f8yeseng i tre etasjer til barnerommet 90x200 - Babylove Norska","robots":{"index":"noindex","follow":"follow","max-snippet":"max-snippet:-1","max-image-preview":"max-image-preview:large","max-video-preview":"max-video-preview:-1"},"og_locale":"nb_NO","og_type":"article","og_title":"Hvit k\u00f8yeseng i tre etasjer til barnerommet 90x200","og_description":"En k\u00f8yeseng er praktisk enten for s\u00f8sken som deler rom, eller for barnet som vil ha venner som overnatter ofte. \u00c5 finne en som b\u00e5de er praktisk og pen er ikke enkelt, men her er svaret p\u00e5 det. Overdelen er utstyrt med ordentlige vernekanter hele veien rundt og alle kanter er avrundede, alt for ditt [&hellip;]","og_url":"https:\/\/babylove.se\/no\/produkt\/hvit-koyeseng-til-barnerommet-90x200\/","og_site_name":"Babylove Norska","article_modified_time":"2026-04-08T08:48:54+00:00","og_image":[{"width":1348,"height":1040,"url":"https:\/\/babylove.se\/no\/wp-content\/uploads\/sites\/3\/2025\/07\/63c9a66128b22.png","type":"image\/png"}],"twitter_card":"summary_large_image","twitter_misc":{"Price":"6 999,00&nbsp;&#107;&#114;","Availability":"In stock"},"schema":{"@context":"https:\/\/schema.org","@graph":[{"@type":"WebPage","@id":"https:\/\/babylove.se\/no\/produkt\/hvit-koyeseng-til-barnerommet-90x200\/","url":"https:\/\/babylove.se\/no\/produkt\/hvit-koyeseng-til-barnerommet-90x200\/","name":"Hvit k\u00f8yeseng i tre etasjer til barnerommet 90x200 - Babylove Norska","isPartOf":{"@id":"https:\/\/babylove.se\/no\/#website"},"primaryImageOfPage":{"@id":"https:\/\/babylove.se\/no\/produkt\/hvit-koyeseng-til-barnerommet-90x200\/#primaryimage"},"image":{"@id":"https:\/\/babylove.se\/no\/produkt\/hvit-koyeseng-til-barnerommet-90x200\/#primaryimage"},"thumbnailUrl":"https:\/\/babylove.se\/no\/wp-content\/uploads\/sites\/3\/2025\/07\/63c9a66128b22.png","datePublished":"2025-07-18T21:48:01+00:00","dateModified":"2026-04-08T08:48:54+00:00","breadcrumb":{"@id":"https:\/\/babylove.se\/no\/produkt\/hvit-koyeseng-til-barnerommet-90x200\/#breadcrumb"},"inLanguage":"nb-NO","potentialAction":[{"@type":"ReadAction","target":["https:\/\/babylove.se\/no\/produkt\/hvit-koyeseng-til-barnerommet-90x200\/"]}]},{"@type":"ImageObject","inLanguage":"nb-NO","@id":"https:\/\/babylove.se\/no\/produkt\/hvit-koyeseng-til-barnerommet-90x200\/#primaryimage","url":"https:\/\/babylove.se\/no\/wp-content\/uploads\/sites\/3\/2025\/07\/63c9a66128b22.png","contentUrl":"https:\/\/babylove.se\/no\/wp-content\/uploads\/sites\/3\/2025\/07\/63c9a66128b22.png","width":1348,"height":1040},{"@type":"BreadcrumbList","@id":"https:\/\/babylove.se\/no\/produkt\/hvit-koyeseng-til-barnerommet-90x200\/#breadcrumb","itemListElement":[{"@type":"ListItem","position":1,"name":"Hem","item":"https:\/\/babylove.se\/no\/"},{"@type":"ListItem","position":2,"name":"Butik","item":"https:\/\/babylove.se\/no\/butik\/"},{"@type":"ListItem","position":3,"name":"Hvit k\u00f8yeseng i tre etasjer til barnerommet 90&#215;200"}]},{"@type":"WebSite","@id":"https:\/\/babylove.se\/no\/#website","url":"https:\/\/babylove.se\/no\/","name":"Babylove Norska","description":"","potentialAction":[{"@type":"SearchAction","target":{"@type":"EntryPoint","urlTemplate":"https:\/\/babylove.se\/no\/?s={search_term_string}"},"query-input":{"@type":"PropertyValueSpecification","valueRequired":true,"valueName":"search_term_string"}}],"inLanguage":"nb-NO"}]},"product_brand":"Homestyle4u","product_price_amount":"6999.00","product_price_currency":"SEK","og_availability":"instock","product_availability":"instock","product_retailer_item_id":"1978","product_condition":"new"},"_links":{"self":[{"href":"https:\/\/babylove.se\/no\/wp-json\/wp\/v2\/product\/21812","targetHints":{"allow":["GET"]}}],"collection":[{"href":"https:\/\/babylove.se\/no\/wp-json\/wp\/v2\/product"}],"about":[{"href":"https:\/\/babylove.se\/no\/wp-json\/wp\/v2\/types\/product"}],"replies":[{"embeddable":true,"href":"https:\/\/babylove.se\/no\/wp-json\/wp\/v2\/comments?post=21812"}],"wp:featuredmedia":[{"embeddable":true,"href":"https:\/\/babylove.se\/no\/wp-json\/wp\/v2\/media\/21814"}],"wp:attachment":[{"href":"https:\/\/babylove.se\/no\/wp-json\/wp\/v2\/media?parent=21812"}],"wp:term":[{"taxonomy":"product_brand","embeddable":true,"href":"https:\/\/babylove.se\/no\/wp-json\/wp\/v2\/product_brand?post=21812"},{"taxonomy":"product_cat","embeddable":true,"href":"https:\/\/babylove.se\/no\/wp-json\/wp\/v2\/product_cat?post=21812"},{"taxonomy":"product_tag","embeddable":true,"href":"https:\/\/babylove.se\/no\/wp-json\/wp\/v2\/product_tag?post=21812"}],"curies":[{"name":"wp","href":"https:\/\/api.w.org\/{rel}","templated":true}]}}