{"id":22004,"date":"2025-07-18T22:50:04","date_gmt":"2025-07-18T21:50:04","guid":{"rendered":"https:\/\/babylove.se\/produkt\/vit-juniorsang-oscar\/"},"modified":"2026-04-08T09:49:32","modified_gmt":"2026-04-08T08:49:32","slug":"hvit-juniorseng-oscar","status":"publish","type":"product","link":"https:\/\/babylove.se\/no\/produkt\/hvit-juniorseng-oscar\/","title":{"rendered":"Hvit juniorseng Oscar med madrass"},"content":{"rendered":"<p>En vidunderlig seng til barnerommet med design av et hvelv eller hvorfor ikke en vakker eventyrbr\u00e5? Uansett hva du og ditt barn ser, s\u00e5 er dette en seng som kommer til \u00e5 passe i alle typer barnerom, og som kommer til \u00e5 elskes av hele familien. Trygg \u00e5 sove i, og morsom \u00e5 bruke som en dagseng og ditt barn klatrer enkelt inn og ut ved fotenden. <\/p>\n<ul>\n<li>Ribbbunn er inkludert<\/li>\n<li>Tilpasset madrass er inkludert<\/li>\n<li>Sengen kommer umontert men er enkel \u00e5 sette sammen. B\u00f8r settes sammen i rommet den skal brukes i.<\/li>\n<li>Sertifisert kryssfiner og MDF som oppfyller alle sikkerhetskrav<\/li>\n<li>maks belastning : 150 kg<\/li>\n<\/ul>\n<p>M\u00e5l: Sengen finnes i to st\u00f8rrelser <\/p>\n<ul>\n<li>Sengem\u00e5l 80&#215;160 cm &#8211; H\u00f8yde 70 cm , Lengde 165 cm , Bredde: 86 cm<\/li>\n<li>Sengem\u00e5l 70&#215;140 cm &#8211; H\u00f8yde 57 cm , Lengde 145 cm , Bredde: 76 cm<\/li>\n<\/ul>\n","protected":false},"excerpt":{"rendered":"<p>En vidunderlig seng til barnerommet med design av et hvelv eller hvorfor ikke en vakker eventyrbr\u00e5? Uansett hva du og ditt barn ser, s\u00e5 er dette en seng som kommer til \u00e5 passe i alle typer barnerom, og som kommer til \u00e5 elskes av hele familien. Trygg \u00e5 sove i, og morsom \u00e5 bruke som [&hellip;]<\/p>\n","protected":false},"featured_media":22006,"comment_status":"open","ping_status":"closed","template":"","meta":{"_acf_changed":false},"product_brand":[],"product_cat":[84,269,40],"product_tag":[],"class_list":{"0":"post-22004","1":"product","2":"type-product","3":"status-publish","4":"has-post-thumbnail","6":"product_cat-babylove","7":"product_cat-juniorsenger","8":"product_cat-soverom-barn","9":"pa_forvaringslada-ja","10":"pa_forvaringslada-nej","11":"pa_storlek-70x140-cm","12":"pa_storlek-80x160-cm","14":"first","15":"outofstock","16":"taxable","17":"shipping-taxable","18":"purchasable","19":"product-type-variable"},"acf":[],"yoast_head":"<!-- This site is optimized with the Yoast SEO Premium plugin v25.8 (Yoast SEO v27.2) - https:\/\/yoast.com\/product\/yoast-seo-premium-wordpress\/ -->\n<title>Hvit juniorseng Oscar med madrass - Babylove Norska<\/title>\n<meta name=\"robots\" content=\"noindex, follow, max-snippet:-1, max-image-preview:large, max-video-preview:-1\" \/>\n<meta property=\"og:locale\" content=\"nb_NO\" \/>\n<meta property=\"og:type\" content=\"article\" \/>\n<meta property=\"og:title\" content=\"Hvit juniorseng Oscar med madrass\" \/>\n<meta property=\"og:description\" content=\"En vidunderlig seng til barnerommet med design av et hvelv eller hvorfor ikke en vakker eventyrbr\u00e5? Uansett hva du og ditt barn ser, s\u00e5 er dette en seng som kommer til \u00e5 passe i alle typer barnerom, og som kommer til \u00e5 elskes av hele familien. Trygg \u00e5 sove i, og morsom \u00e5 bruke som [&hellip;]\" \/>\n<meta property=\"og:url\" content=\"https:\/\/babylove.se\/no\/produkt\/hvit-juniorseng-oscar\/\" \/>\n<meta property=\"og:site_name\" content=\"Babylove Norska\" \/>\n<meta property=\"article:modified_time\" content=\"2026-04-08T08:49:32+00:00\" \/>\n<meta property=\"og:image\" content=\"https:\/\/babylove.se\/no\/wp-content\/uploads\/sites\/3\/2025\/07\/6220c5a57a698.jpeg\" \/>\n\t<meta property=\"og:image:width\" content=\"800\" \/>\n\t<meta property=\"og:image:height\" content=\"800\" \/>\n\t<meta property=\"og:image:type\" content=\"image\/jpeg\" \/>\n<meta name=\"twitter:card\" content=\"summary_large_image\" \/>\n<meta name=\"twitter:label1\" content=\"Availability\" \/>\n\t<meta name=\"twitter:data1\" content=\"Out of stock\" \/>\n<script type=\"application\/ld+json\" class=\"yoast-schema-graph\">{\"@context\":\"https:\/\/schema.org\",\"@graph\":[{\"@type\":\"WebPage\",\"@id\":\"https:\/\/babylove.se\/no\/produkt\/hvit-juniorseng-oscar\/\",\"url\":\"https:\/\/babylove.se\/no\/produkt\/hvit-juniorseng-oscar\/\",\"name\":\"Hvit juniorseng Oscar med madrass - Babylove Norska\",\"isPartOf\":{\"@id\":\"https:\/\/babylove.se\/no\/#website\"},\"primaryImageOfPage\":{\"@id\":\"https:\/\/babylove.se\/no\/produkt\/hvit-juniorseng-oscar\/#primaryimage\"},\"image\":{\"@id\":\"https:\/\/babylove.se\/no\/produkt\/hvit-juniorseng-oscar\/#primaryimage\"},\"thumbnailUrl\":\"https:\/\/babylove.se\/no\/wp-content\/uploads\/sites\/3\/2025\/07\/6220c5a57a698.jpeg\",\"datePublished\":\"2025-07-18T21:50:04+00:00\",\"dateModified\":\"2026-04-08T08:49:32+00:00\",\"breadcrumb\":{\"@id\":\"https:\/\/babylove.se\/no\/produkt\/hvit-juniorseng-oscar\/#breadcrumb\"},\"inLanguage\":\"nb-NO\",\"potentialAction\":[{\"@type\":\"ReadAction\",\"target\":[\"https:\/\/babylove.se\/no\/produkt\/hvit-juniorseng-oscar\/\"]}]},{\"@type\":\"ImageObject\",\"inLanguage\":\"nb-NO\",\"@id\":\"https:\/\/babylove.se\/no\/produkt\/hvit-juniorseng-oscar\/#primaryimage\",\"url\":\"https:\/\/babylove.se\/no\/wp-content\/uploads\/sites\/3\/2025\/07\/6220c5a57a698.jpeg\",\"contentUrl\":\"https:\/\/babylove.se\/no\/wp-content\/uploads\/sites\/3\/2025\/07\/6220c5a57a698.jpeg\",\"width\":800,\"height\":800},{\"@type\":\"BreadcrumbList\",\"@id\":\"https:\/\/babylove.se\/no\/produkt\/hvit-juniorseng-oscar\/#breadcrumb\",\"itemListElement\":[{\"@type\":\"ListItem\",\"position\":1,\"name\":\"Hem\",\"item\":\"https:\/\/babylove.se\/no\/\"},{\"@type\":\"ListItem\",\"position\":2,\"name\":\"Butik\",\"item\":\"https:\/\/babylove.se\/no\/butik\/\"},{\"@type\":\"ListItem\",\"position\":3,\"name\":\"Hvit juniorseng Oscar med madrass\"}]},{\"@type\":\"WebSite\",\"@id\":\"https:\/\/babylove.se\/no\/#website\",\"url\":\"https:\/\/babylove.se\/no\/\",\"name\":\"Babylove Norska\",\"description\":\"\",\"potentialAction\":[{\"@type\":\"SearchAction\",\"target\":{\"@type\":\"EntryPoint\",\"urlTemplate\":\"https:\/\/babylove.se\/no\/?s={search_term_string}\"},\"query-input\":{\"@type\":\"PropertyValueSpecification\",\"valueRequired\":true,\"valueName\":\"search_term_string\"}}],\"inLanguage\":\"nb-NO\"}]}<\/script>\n<meta property=\"og:availability\" content=\"out of stock\" \/>\n<meta property=\"product:availability\" content=\"out of stock\" \/>\n<meta property=\"product:retailer_item_id\" content=\"Oscar\" \/>\n<meta property=\"product:condition\" content=\"new\" \/>\n<!-- \/ Yoast SEO Premium plugin. -->","yoast_head_json":{"title":"Hvit juniorseng Oscar med madrass - Babylove Norska","robots":{"index":"noindex","follow":"follow","max-snippet":"max-snippet:-1","max-image-preview":"max-image-preview:large","max-video-preview":"max-video-preview:-1"},"og_locale":"nb_NO","og_type":"article","og_title":"Hvit juniorseng Oscar med madrass","og_description":"En vidunderlig seng til barnerommet med design av et hvelv eller hvorfor ikke en vakker eventyrbr\u00e5? Uansett hva du og ditt barn ser, s\u00e5 er dette en seng som kommer til \u00e5 passe i alle typer barnerom, og som kommer til \u00e5 elskes av hele familien. Trygg \u00e5 sove i, og morsom \u00e5 bruke som [&hellip;]","og_url":"https:\/\/babylove.se\/no\/produkt\/hvit-juniorseng-oscar\/","og_site_name":"Babylove Norska","article_modified_time":"2026-04-08T08:49:32+00:00","og_image":[{"width":800,"height":800,"url":"https:\/\/babylove.se\/no\/wp-content\/uploads\/sites\/3\/2025\/07\/6220c5a57a698.jpeg","type":"image\/jpeg"}],"twitter_card":"summary_large_image","twitter_misc":{"Availability":"Out of stock"},"schema":{"@context":"https:\/\/schema.org","@graph":[{"@type":"WebPage","@id":"https:\/\/babylove.se\/no\/produkt\/hvit-juniorseng-oscar\/","url":"https:\/\/babylove.se\/no\/produkt\/hvit-juniorseng-oscar\/","name":"Hvit juniorseng Oscar med madrass - Babylove Norska","isPartOf":{"@id":"https:\/\/babylove.se\/no\/#website"},"primaryImageOfPage":{"@id":"https:\/\/babylove.se\/no\/produkt\/hvit-juniorseng-oscar\/#primaryimage"},"image":{"@id":"https:\/\/babylove.se\/no\/produkt\/hvit-juniorseng-oscar\/#primaryimage"},"thumbnailUrl":"https:\/\/babylove.se\/no\/wp-content\/uploads\/sites\/3\/2025\/07\/6220c5a57a698.jpeg","datePublished":"2025-07-18T21:50:04+00:00","dateModified":"2026-04-08T08:49:32+00:00","breadcrumb":{"@id":"https:\/\/babylove.se\/no\/produkt\/hvit-juniorseng-oscar\/#breadcrumb"},"inLanguage":"nb-NO","potentialAction":[{"@type":"ReadAction","target":["https:\/\/babylove.se\/no\/produkt\/hvit-juniorseng-oscar\/"]}]},{"@type":"ImageObject","inLanguage":"nb-NO","@id":"https:\/\/babylove.se\/no\/produkt\/hvit-juniorseng-oscar\/#primaryimage","url":"https:\/\/babylove.se\/no\/wp-content\/uploads\/sites\/3\/2025\/07\/6220c5a57a698.jpeg","contentUrl":"https:\/\/babylove.se\/no\/wp-content\/uploads\/sites\/3\/2025\/07\/6220c5a57a698.jpeg","width":800,"height":800},{"@type":"BreadcrumbList","@id":"https:\/\/babylove.se\/no\/produkt\/hvit-juniorseng-oscar\/#breadcrumb","itemListElement":[{"@type":"ListItem","position":1,"name":"Hem","item":"https:\/\/babylove.se\/no\/"},{"@type":"ListItem","position":2,"name":"Butik","item":"https:\/\/babylove.se\/no\/butik\/"},{"@type":"ListItem","position":3,"name":"Hvit juniorseng Oscar med madrass"}]},{"@type":"WebSite","@id":"https:\/\/babylove.se\/no\/#website","url":"https:\/\/babylove.se\/no\/","name":"Babylove Norska","description":"","potentialAction":[{"@type":"SearchAction","target":{"@type":"EntryPoint","urlTemplate":"https:\/\/babylove.se\/no\/?s={search_term_string}"},"query-input":{"@type":"PropertyValueSpecification","valueRequired":true,"valueName":"search_term_string"}}],"inLanguage":"nb-NO"}]},"og_availability":"out of stock","product_availability":"out of stock","product_retailer_item_id":"Oscar","product_condition":"new"},"_links":{"self":[{"href":"https:\/\/babylove.se\/no\/wp-json\/wp\/v2\/product\/22004","targetHints":{"allow":["GET"]}}],"collection":[{"href":"https:\/\/babylove.se\/no\/wp-json\/wp\/v2\/product"}],"about":[{"href":"https:\/\/babylove.se\/no\/wp-json\/wp\/v2\/types\/product"}],"replies":[{"embeddable":true,"href":"https:\/\/babylove.se\/no\/wp-json\/wp\/v2\/comments?post=22004"}],"wp:featuredmedia":[{"embeddable":true,"href":"https:\/\/babylove.se\/no\/wp-json\/wp\/v2\/media\/22006"}],"wp:attachment":[{"href":"https:\/\/babylove.se\/no\/wp-json\/wp\/v2\/media?parent=22004"}],"wp:term":[{"taxonomy":"product_brand","embeddable":true,"href":"https:\/\/babylove.se\/no\/wp-json\/wp\/v2\/product_brand?post=22004"},{"taxonomy":"product_cat","embeddable":true,"href":"https:\/\/babylove.se\/no\/wp-json\/wp\/v2\/product_cat?post=22004"},{"taxonomy":"product_tag","embeddable":true,"href":"https:\/\/babylove.se\/no\/wp-json\/wp\/v2\/product_tag?post=22004"}],"curies":[{"name":"wp","href":"https:\/\/api.w.org\/{rel}","templated":true}]}}