{"id":2201,"date":"2025-07-18T20:06:56","date_gmt":"2025-07-18T19:06:56","guid":{"rendered":"https:\/\/babylove.se\/produkt\/tellkiddo-papperspase-toys\/"},"modified":"2026-04-08T07:49:29","modified_gmt":"2026-04-08T06:49:29","slug":"tellkiddo-papirpose-toys","status":"publish","type":"product","link":"https:\/\/babylove.se\/no\/produkt\/tellkiddo-papirpose-toys\/","title":{"rendered":"Tellkiddo papirpose toys"},"content":{"rendered":"<p><strong>Tellkiddo papirpose toys &nbsp;<\/strong><\/p>\n<p>Tellkiddo papirpose med teksten TOYS p\u00e5 forsiden. Denne fine oppbevaringsposene er helt laget av papir og unik i sitt slag.&nbsp;<\/p>\n<p>Et morsomt og annerledes alternativ til din \u00f8vrige oppbevaring. Du kan enkelt oppbevare leker, puter eller sengeteppet til sengen. Eller hvorfor ikke bruke den som vaskepose? I tillegg til at den er praktisk er det ogs\u00e5 en fin detalj i barnerommets innredning. Produktet er helt milj\u00f8vennlig og helt gjenvinningsbart.&nbsp;<\/p>\n<p>Du kan ikke v\u00e6re mer b\u00e6rekraftsbevisst i ditt valg av oppbevaring til barnerommet.&nbsp;<\/p>\n<p><strong>M\u00e5l&nbsp;<\/strong>: 56x22x80 cm.&nbsp;<\/p>\n<p>Materiale: Laget av resirkulert papir.<\/p>\n<p>Designer: <a href=\"https:\/\/babylove.se\/varumarken\/tellkiddo\"><u>Tellkiddo<\/u><\/a><\/p>\n","protected":false},"excerpt":{"rendered":"<p>Tellkiddo papirpose toys &nbsp; Tellkiddo papirpose med teksten TOYS p\u00e5 forsiden. Denne fine oppbevaringsposene er helt laget av papir og unik i sitt slag.&nbsp; Et morsomt og annerledes alternativ til din \u00f8vrige oppbevaring. Du kan enkelt oppbevare leker, puter eller sengeteppet til sengen. Eller hvorfor ikke bruke den som vaskepose? I tillegg til at den [&hellip;]<\/p>\n","protected":false},"featured_media":2203,"comment_status":"closed","ping_status":"open","template":"","meta":{"_acf_changed":false},"product_brand":[126],"product_cat":[28,26,25,43,127],"product_tag":[],"class_list":{"0":"post-2201","1":"product","2":"type-product","3":"status-publish","4":"has-post-thumbnail","6":"product_brand-tellkiddo","7":"product_cat-sorthvit","8":"product_cat-kjop-produkter-som-ikke-bare-er-for-gutter","9":"product_cat-ikke-bare-jenter","10":"product_cat-oppbevaringskurver","11":"product_cat-tellkiddo","13":"first","14":"outofstock","15":"taxable","16":"shipping-taxable","17":"purchasable","18":"product-type-simple"},"acf":[],"yoast_head":"<!-- This site is optimized with the Yoast SEO Premium plugin v25.8 (Yoast SEO v27.2) - https:\/\/yoast.com\/product\/yoast-seo-premium-wordpress\/ -->\n<title>Tellkiddo papirpose toys - Babylove Norska<\/title>\n<meta name=\"description\" content=\"Ett roligt och annorlunda alternativ till din \u00f6vriga f\u00f6rvaring. Du kan enkelt f\u00f6rvara leksaker, kuddar eller \u00f6verkastet till s\u00e4ngen - skickas inom 24 timmar\" \/>\n<meta name=\"robots\" content=\"noindex, follow, max-snippet:-1, max-image-preview:large, max-video-preview:-1\" \/>\n<meta property=\"og:locale\" content=\"nb_NO\" \/>\n<meta property=\"og:type\" content=\"article\" \/>\n<meta property=\"og:title\" content=\"Tellkiddo papirpose toys\" \/>\n<meta property=\"og:description\" content=\"Ett roligt och annorlunda alternativ till din \u00f6vriga f\u00f6rvaring. Du kan enkelt f\u00f6rvara leksaker, kuddar eller \u00f6verkastet till s\u00e4ngen - skickas inom 24 timmar\" \/>\n<meta property=\"og:url\" content=\"https:\/\/babylove.se\/no\/produkt\/tellkiddo-papirpose-toys\/\" \/>\n<meta property=\"og:site_name\" content=\"Babylove Norska\" \/>\n<meta property=\"article:modified_time\" content=\"2026-04-08T06:49:29+00:00\" \/>\n<meta property=\"og:image\" content=\"https:\/\/babylove.se\/no\/wp-content\/uploads\/sites\/3\/2025\/07\/58834ff938d44.jpeg\" \/>\n\t<meta property=\"og:image:width\" content=\"500\" \/>\n\t<meta property=\"og:image:height\" content=\"750\" \/>\n\t<meta property=\"og:image:type\" content=\"image\/jpeg\" \/>\n<meta name=\"twitter:card\" content=\"summary_large_image\" \/>\n<meta name=\"twitter:label1\" content=\"Price\" \/>\n\t<meta name=\"twitter:data1\" content=\"159,00&nbsp;&#107;&#114;\" \/>\n\t<meta name=\"twitter:label2\" content=\"Availability\" \/>\n\t<meta name=\"twitter:data2\" content=\"Out of stock\" \/>\n<script type=\"application\/ld+json\" class=\"yoast-schema-graph\">{\"@context\":\"https:\/\/schema.org\",\"@graph\":[{\"@type\":\"WebPage\",\"@id\":\"https:\/\/babylove.se\/no\/produkt\/tellkiddo-papirpose-toys\/\",\"url\":\"https:\/\/babylove.se\/no\/produkt\/tellkiddo-papirpose-toys\/\",\"name\":\"Tellkiddo papirpose toys - Babylove Norska\",\"isPartOf\":{\"@id\":\"https:\/\/babylove.se\/no\/#website\"},\"primaryImageOfPage\":{\"@id\":\"https:\/\/babylove.se\/no\/produkt\/tellkiddo-papirpose-toys\/#primaryimage\"},\"image\":{\"@id\":\"https:\/\/babylove.se\/no\/produkt\/tellkiddo-papirpose-toys\/#primaryimage\"},\"thumbnailUrl\":\"https:\/\/babylove.se\/no\/wp-content\/uploads\/sites\/3\/2025\/07\/58834ff938d44.jpeg\",\"datePublished\":\"2025-07-18T19:06:56+00:00\",\"dateModified\":\"2026-04-08T06:49:29+00:00\",\"description\":\"Ett roligt och annorlunda alternativ till din \u00f6vriga f\u00f6rvaring. Du kan enkelt f\u00f6rvara leksaker, kuddar eller \u00f6verkastet till s\u00e4ngen - skickas inom 24 timmar\",\"breadcrumb\":{\"@id\":\"https:\/\/babylove.se\/no\/produkt\/tellkiddo-papirpose-toys\/#breadcrumb\"},\"inLanguage\":\"nb-NO\",\"potentialAction\":[{\"@type\":\"ReadAction\",\"target\":[\"https:\/\/babylove.se\/no\/produkt\/tellkiddo-papirpose-toys\/\"]}]},{\"@type\":\"ImageObject\",\"inLanguage\":\"nb-NO\",\"@id\":\"https:\/\/babylove.se\/no\/produkt\/tellkiddo-papirpose-toys\/#primaryimage\",\"url\":\"https:\/\/babylove.se\/no\/wp-content\/uploads\/sites\/3\/2025\/07\/58834ff938d44.jpeg\",\"contentUrl\":\"https:\/\/babylove.se\/no\/wp-content\/uploads\/sites\/3\/2025\/07\/58834ff938d44.jpeg\",\"width\":500,\"height\":750},{\"@type\":\"BreadcrumbList\",\"@id\":\"https:\/\/babylove.se\/no\/produkt\/tellkiddo-papirpose-toys\/#breadcrumb\",\"itemListElement\":[{\"@type\":\"ListItem\",\"position\":1,\"name\":\"Hem\",\"item\":\"https:\/\/babylove.se\/no\/\"},{\"@type\":\"ListItem\",\"position\":2,\"name\":\"Butik\",\"item\":\"https:\/\/babylove.se\/no\/butik\/\"},{\"@type\":\"ListItem\",\"position\":3,\"name\":\"Tellkiddo papirpose toys\"}]},{\"@type\":\"WebSite\",\"@id\":\"https:\/\/babylove.se\/no\/#website\",\"url\":\"https:\/\/babylove.se\/no\/\",\"name\":\"Babylove Norska\",\"description\":\"\",\"potentialAction\":[{\"@type\":\"SearchAction\",\"target\":{\"@type\":\"EntryPoint\",\"urlTemplate\":\"https:\/\/babylove.se\/no\/?s={search_term_string}\"},\"query-input\":{\"@type\":\"PropertyValueSpecification\",\"valueRequired\":true,\"valueName\":\"search_term_string\"}}],\"inLanguage\":\"nb-NO\"}]}<\/script>\n<meta property=\"product:brand\" content=\"Tellkiddo\" \/>\n<meta property=\"product:price:amount\" content=\"159.00\" \/>\n<meta property=\"product:price:currency\" content=\"SEK\" \/>\n<meta property=\"og:availability\" content=\"out of stock\" \/>\n<meta property=\"product:availability\" content=\"out of stock\" \/>\n<meta property=\"product:retailer_item_id\" content=\"928\" \/>\n<meta property=\"product:condition\" content=\"new\" \/>\n<!-- \/ Yoast SEO Premium plugin. -->","yoast_head_json":{"title":"Tellkiddo papirpose toys - Babylove Norska","description":"Ett roligt och annorlunda alternativ till din \u00f6vriga f\u00f6rvaring. Du kan enkelt f\u00f6rvara leksaker, kuddar eller \u00f6verkastet till s\u00e4ngen - skickas inom 24 timmar","robots":{"index":"noindex","follow":"follow","max-snippet":"max-snippet:-1","max-image-preview":"max-image-preview:large","max-video-preview":"max-video-preview:-1"},"og_locale":"nb_NO","og_type":"article","og_title":"Tellkiddo papirpose toys","og_description":"Ett roligt och annorlunda alternativ till din \u00f6vriga f\u00f6rvaring. Du kan enkelt f\u00f6rvara leksaker, kuddar eller \u00f6verkastet till s\u00e4ngen - skickas inom 24 timmar","og_url":"https:\/\/babylove.se\/no\/produkt\/tellkiddo-papirpose-toys\/","og_site_name":"Babylove Norska","article_modified_time":"2026-04-08T06:49:29+00:00","og_image":[{"width":500,"height":750,"url":"https:\/\/babylove.se\/no\/wp-content\/uploads\/sites\/3\/2025\/07\/58834ff938d44.jpeg","type":"image\/jpeg"}],"twitter_card":"summary_large_image","twitter_misc":{"Price":"159,00&nbsp;&#107;&#114;","Availability":"Out of stock"},"schema":{"@context":"https:\/\/schema.org","@graph":[{"@type":"WebPage","@id":"https:\/\/babylove.se\/no\/produkt\/tellkiddo-papirpose-toys\/","url":"https:\/\/babylove.se\/no\/produkt\/tellkiddo-papirpose-toys\/","name":"Tellkiddo papirpose toys - Babylove Norska","isPartOf":{"@id":"https:\/\/babylove.se\/no\/#website"},"primaryImageOfPage":{"@id":"https:\/\/babylove.se\/no\/produkt\/tellkiddo-papirpose-toys\/#primaryimage"},"image":{"@id":"https:\/\/babylove.se\/no\/produkt\/tellkiddo-papirpose-toys\/#primaryimage"},"thumbnailUrl":"https:\/\/babylove.se\/no\/wp-content\/uploads\/sites\/3\/2025\/07\/58834ff938d44.jpeg","datePublished":"2025-07-18T19:06:56+00:00","dateModified":"2026-04-08T06:49:29+00:00","description":"Ett roligt och annorlunda alternativ till din \u00f6vriga f\u00f6rvaring. Du kan enkelt f\u00f6rvara leksaker, kuddar eller \u00f6verkastet till s\u00e4ngen - skickas inom 24 timmar","breadcrumb":{"@id":"https:\/\/babylove.se\/no\/produkt\/tellkiddo-papirpose-toys\/#breadcrumb"},"inLanguage":"nb-NO","potentialAction":[{"@type":"ReadAction","target":["https:\/\/babylove.se\/no\/produkt\/tellkiddo-papirpose-toys\/"]}]},{"@type":"ImageObject","inLanguage":"nb-NO","@id":"https:\/\/babylove.se\/no\/produkt\/tellkiddo-papirpose-toys\/#primaryimage","url":"https:\/\/babylove.se\/no\/wp-content\/uploads\/sites\/3\/2025\/07\/58834ff938d44.jpeg","contentUrl":"https:\/\/babylove.se\/no\/wp-content\/uploads\/sites\/3\/2025\/07\/58834ff938d44.jpeg","width":500,"height":750},{"@type":"BreadcrumbList","@id":"https:\/\/babylove.se\/no\/produkt\/tellkiddo-papirpose-toys\/#breadcrumb","itemListElement":[{"@type":"ListItem","position":1,"name":"Hem","item":"https:\/\/babylove.se\/no\/"},{"@type":"ListItem","position":2,"name":"Butik","item":"https:\/\/babylove.se\/no\/butik\/"},{"@type":"ListItem","position":3,"name":"Tellkiddo papirpose toys"}]},{"@type":"WebSite","@id":"https:\/\/babylove.se\/no\/#website","url":"https:\/\/babylove.se\/no\/","name":"Babylove Norska","description":"","potentialAction":[{"@type":"SearchAction","target":{"@type":"EntryPoint","urlTemplate":"https:\/\/babylove.se\/no\/?s={search_term_string}"},"query-input":{"@type":"PropertyValueSpecification","valueRequired":true,"valueName":"search_term_string"}}],"inLanguage":"nb-NO"}]},"product_brand":"Tellkiddo","product_price_amount":"159.00","product_price_currency":"SEK","og_availability":"out of stock","product_availability":"out of stock","product_retailer_item_id":"928","product_condition":"new"},"_links":{"self":[{"href":"https:\/\/babylove.se\/no\/wp-json\/wp\/v2\/product\/2201","targetHints":{"allow":["GET"]}}],"collection":[{"href":"https:\/\/babylove.se\/no\/wp-json\/wp\/v2\/product"}],"about":[{"href":"https:\/\/babylove.se\/no\/wp-json\/wp\/v2\/types\/product"}],"replies":[{"embeddable":true,"href":"https:\/\/babylove.se\/no\/wp-json\/wp\/v2\/comments?post=2201"}],"wp:featuredmedia":[{"embeddable":true,"href":"https:\/\/babylove.se\/no\/wp-json\/wp\/v2\/media\/2203"}],"wp:attachment":[{"href":"https:\/\/babylove.se\/no\/wp-json\/wp\/v2\/media?parent=2201"}],"wp:term":[{"taxonomy":"product_brand","embeddable":true,"href":"https:\/\/babylove.se\/no\/wp-json\/wp\/v2\/product_brand?post=2201"},{"taxonomy":"product_cat","embeddable":true,"href":"https:\/\/babylove.se\/no\/wp-json\/wp\/v2\/product_cat?post=2201"},{"taxonomy":"product_tag","embeddable":true,"href":"https:\/\/babylove.se\/no\/wp-json\/wp\/v2\/product_tag?post=2201"}],"curies":[{"name":"wp","href":"https:\/\/api.w.org\/{rel}","templated":true}]}}