{"id":22067,"date":"2025-07-18T22:50:43","date_gmt":"2025-07-18T21:50:43","guid":{"rendered":"https:\/\/babylove.se\/produkt\/vaggklistermarke-gran\/"},"modified":"2026-04-08T09:50:07","modified_gmt":"2026-04-08T08:50:07","slug":"veggklistremerke-gran","status":"publish","type":"product","link":"https:\/\/babylove.se\/no\/produkt\/veggklistremerke-gran\/","title":{"rendered":"Veggklistremerke gran"},"content":{"rendered":"<p>En vakker veggklistremerke i form av et grantre \\n \\nMed disse kan du dekorere barnets rom med forskjellige dyr og skape masse lek! \\n \\nVeggklistremerker i et barnerom er en enkel m\u00e5te \u00e5 dekorere for eksempel din favorittmyskrok eller et kjedelig omr\u00e5de ved siden av en seng eller et skrivebord. \\n<\/p>\n<ul> \\n \\t<\/p>\n<li>Trykket med blekk som er trygt for barn p\u00e5 matt h\u00f8ykvalitetsfolie<\/li>\n<p> \\n \\t<\/p>\n<li>Skj\u00e6res ut med kontur<\/li>\n<p> \\n \\t<\/p>\n<li>Selvklebende &#8211; har et lag med lim<\/li>\n<p> \\n \\t<\/p>\n<li>Du setter dem selv i din egen komposisjon p\u00e5 veggen<\/li>\n<p> \\n \\t<\/p>\n<li>De kan enkelt rengj\u00f8res med en lett fuktet svamp eller en klut<\/li>\n<p> \\n<\/ul>\n<p> \\n<strong>M\u00e5l<\/strong>: Finnes i to st\u00f8rrelser: \\n<\/p>\n<ul> \\n \\t<\/p>\n<li>S: 85 cm<\/li>\n<p> \\n \\t<\/p>\n<li>L: 140 cm<\/li>\n<p> \\n<\/ul>\n<p> \\n<em>OBS! S\u00f8rg for at overflaten er t\u00f8rr og avfettet f\u00f8r du setter opp veggklistremerket. Fungerer ikke p\u00e5 ujevne vegger\/overflater. Klistremerkene er heller ikke egnet for vegger med en grov overflate eller hvis de er malt med lateksfarger eller tapetsert. Veggklistremerkene m\u00e5 v\u00e6re flate og ofte ligge og rettes ut minst 24 timer etter man har tatt dem ut av emballasjen f\u00f8r man kan sette dem opp p\u00e5 veggen.<\/em> \\n \\nDesigner: <a href=\"https:\/\/babylove.se\/varumarken\/babylove\">Babylove<\/a><\/p>\n","protected":false},"excerpt":{"rendered":"<p>En vakker veggklistremerke i form av et grantre \\n \\nMed disse kan du dekorere barnets rom med forskjellige dyr og skape masse lek! \\n \\nVeggklistremerker i et barnerom er en enkel m\u00e5te \u00e5 dekorere for eksempel din favorittmyskrok eller et kjedelig omr\u00e5de ved siden av en seng eller et skrivebord. \\n \\n \\t Trykket med [&hellip;]<\/p>\n","protected":false},"featured_media":22069,"comment_status":"open","ping_status":"closed","template":"","meta":{"_acf_changed":false},"product_brand":[],"product_cat":[84,185,24],"product_tag":[],"class_list":{"0":"post-22067","1":"product","2":"type-product","3":"status-publish","4":"has-post-thumbnail","6":"product_cat-babylove","7":"product_cat-skog","8":"product_cat-veggklistremerker","9":"pa_storlek-l140-cm","10":"pa_storlek-s85-cm","12":"first","13":"outofstock","14":"taxable","15":"shipping-taxable","16":"purchasable","17":"product-type-variable"},"acf":[],"yoast_head":"<!-- This site is optimized with the Yoast SEO Premium plugin v25.8 (Yoast SEO v27.2) - https:\/\/yoast.com\/product\/yoast-seo-premium-wordpress\/ -->\n<title>Veggklistremerke gran - Babylove Norska<\/title>\n<meta name=\"robots\" content=\"noindex, follow, max-snippet:-1, max-image-preview:large, max-video-preview:-1\" \/>\n<meta property=\"og:locale\" content=\"nb_NO\" \/>\n<meta property=\"og:type\" content=\"article\" \/>\n<meta property=\"og:title\" content=\"Veggklistremerke gran\" \/>\n<meta property=\"og:description\" content=\"En vakker veggklistremerke i form av et grantre n nMed disse kan du dekorere barnets rom med forskjellige dyr og skape masse lek! n nVeggklistremerker i et barnerom er en enkel m\u00e5te \u00e5 dekorere for eksempel din favorittmyskrok eller et kjedelig omr\u00e5de ved siden av en seng eller et skrivebord. n n t Trykket med [&hellip;]\" \/>\n<meta property=\"og:url\" content=\"https:\/\/babylove.se\/no\/produkt\/veggklistremerke-gran\/\" \/>\n<meta property=\"og:site_name\" content=\"Babylove Norska\" \/>\n<meta property=\"article:modified_time\" content=\"2026-04-08T08:50:07+00:00\" \/>\n<meta property=\"og:image\" content=\"https:\/\/babylove.se\/no\/wp-content\/uploads\/sites\/3\/2025\/07\/600dcc94d100b.png\" \/>\n\t<meta property=\"og:image:width\" content=\"750\" \/>\n\t<meta property=\"og:image:height\" content=\"662\" \/>\n\t<meta property=\"og:image:type\" content=\"image\/png\" \/>\n<meta name=\"twitter:card\" content=\"summary_large_image\" \/>\n<meta name=\"twitter:label1\" content=\"Availability\" \/>\n\t<meta name=\"twitter:data1\" content=\"Out of stock\" \/>\n<script type=\"application\/ld+json\" class=\"yoast-schema-graph\">{\"@context\":\"https:\/\/schema.org\",\"@graph\":[{\"@type\":\"WebPage\",\"@id\":\"https:\/\/babylove.se\/no\/produkt\/veggklistremerke-gran\/\",\"url\":\"https:\/\/babylove.se\/no\/produkt\/veggklistremerke-gran\/\",\"name\":\"Veggklistremerke gran - Babylove Norska\",\"isPartOf\":{\"@id\":\"https:\/\/babylove.se\/no\/#website\"},\"primaryImageOfPage\":{\"@id\":\"https:\/\/babylove.se\/no\/produkt\/veggklistremerke-gran\/#primaryimage\"},\"image\":{\"@id\":\"https:\/\/babylove.se\/no\/produkt\/veggklistremerke-gran\/#primaryimage\"},\"thumbnailUrl\":\"https:\/\/babylove.se\/no\/wp-content\/uploads\/sites\/3\/2025\/07\/600dcc94d100b.png\",\"datePublished\":\"2025-07-18T21:50:43+00:00\",\"dateModified\":\"2026-04-08T08:50:07+00:00\",\"breadcrumb\":{\"@id\":\"https:\/\/babylove.se\/no\/produkt\/veggklistremerke-gran\/#breadcrumb\"},\"inLanguage\":\"nb-NO\",\"potentialAction\":[{\"@type\":\"ReadAction\",\"target\":[\"https:\/\/babylove.se\/no\/produkt\/veggklistremerke-gran\/\"]}]},{\"@type\":\"ImageObject\",\"inLanguage\":\"nb-NO\",\"@id\":\"https:\/\/babylove.se\/no\/produkt\/veggklistremerke-gran\/#primaryimage\",\"url\":\"https:\/\/babylove.se\/no\/wp-content\/uploads\/sites\/3\/2025\/07\/600dcc94d100b.png\",\"contentUrl\":\"https:\/\/babylove.se\/no\/wp-content\/uploads\/sites\/3\/2025\/07\/600dcc94d100b.png\",\"width\":750,\"height\":662},{\"@type\":\"BreadcrumbList\",\"@id\":\"https:\/\/babylove.se\/no\/produkt\/veggklistremerke-gran\/#breadcrumb\",\"itemListElement\":[{\"@type\":\"ListItem\",\"position\":1,\"name\":\"Hem\",\"item\":\"https:\/\/babylove.se\/no\/\"},{\"@type\":\"ListItem\",\"position\":2,\"name\":\"Butik\",\"item\":\"https:\/\/babylove.se\/no\/butik\/\"},{\"@type\":\"ListItem\",\"position\":3,\"name\":\"Veggklistremerke gran\"}]},{\"@type\":\"WebSite\",\"@id\":\"https:\/\/babylove.se\/no\/#website\",\"url\":\"https:\/\/babylove.se\/no\/\",\"name\":\"Babylove Norska\",\"description\":\"\",\"potentialAction\":[{\"@type\":\"SearchAction\",\"target\":{\"@type\":\"EntryPoint\",\"urlTemplate\":\"https:\/\/babylove.se\/no\/?s={search_term_string}\"},\"query-input\":{\"@type\":\"PropertyValueSpecification\",\"valueRequired\":true,\"valueName\":\"search_term_string\"}}],\"inLanguage\":\"nb-NO\"}]}<\/script>\n<meta property=\"og:availability\" content=\"out of stock\" \/>\n<meta property=\"product:availability\" content=\"out of stock\" \/>\n<meta property=\"product:retailer_item_id\" content=\"DD0000gran\" \/>\n<meta property=\"product:condition\" content=\"new\" \/>\n<!-- \/ Yoast SEO Premium plugin. -->","yoast_head_json":{"title":"Veggklistremerke gran - Babylove Norska","robots":{"index":"noindex","follow":"follow","max-snippet":"max-snippet:-1","max-image-preview":"max-image-preview:large","max-video-preview":"max-video-preview:-1"},"og_locale":"nb_NO","og_type":"article","og_title":"Veggklistremerke gran","og_description":"En vakker veggklistremerke i form av et grantre n nMed disse kan du dekorere barnets rom med forskjellige dyr og skape masse lek! n nVeggklistremerker i et barnerom er en enkel m\u00e5te \u00e5 dekorere for eksempel din favorittmyskrok eller et kjedelig omr\u00e5de ved siden av en seng eller et skrivebord. n n t Trykket med [&hellip;]","og_url":"https:\/\/babylove.se\/no\/produkt\/veggklistremerke-gran\/","og_site_name":"Babylove Norska","article_modified_time":"2026-04-08T08:50:07+00:00","og_image":[{"width":750,"height":662,"url":"https:\/\/babylove.se\/no\/wp-content\/uploads\/sites\/3\/2025\/07\/600dcc94d100b.png","type":"image\/png"}],"twitter_card":"summary_large_image","twitter_misc":{"Availability":"Out of stock"},"schema":{"@context":"https:\/\/schema.org","@graph":[{"@type":"WebPage","@id":"https:\/\/babylove.se\/no\/produkt\/veggklistremerke-gran\/","url":"https:\/\/babylove.se\/no\/produkt\/veggklistremerke-gran\/","name":"Veggklistremerke gran - Babylove Norska","isPartOf":{"@id":"https:\/\/babylove.se\/no\/#website"},"primaryImageOfPage":{"@id":"https:\/\/babylove.se\/no\/produkt\/veggklistremerke-gran\/#primaryimage"},"image":{"@id":"https:\/\/babylove.se\/no\/produkt\/veggklistremerke-gran\/#primaryimage"},"thumbnailUrl":"https:\/\/babylove.se\/no\/wp-content\/uploads\/sites\/3\/2025\/07\/600dcc94d100b.png","datePublished":"2025-07-18T21:50:43+00:00","dateModified":"2026-04-08T08:50:07+00:00","breadcrumb":{"@id":"https:\/\/babylove.se\/no\/produkt\/veggklistremerke-gran\/#breadcrumb"},"inLanguage":"nb-NO","potentialAction":[{"@type":"ReadAction","target":["https:\/\/babylove.se\/no\/produkt\/veggklistremerke-gran\/"]}]},{"@type":"ImageObject","inLanguage":"nb-NO","@id":"https:\/\/babylove.se\/no\/produkt\/veggklistremerke-gran\/#primaryimage","url":"https:\/\/babylove.se\/no\/wp-content\/uploads\/sites\/3\/2025\/07\/600dcc94d100b.png","contentUrl":"https:\/\/babylove.se\/no\/wp-content\/uploads\/sites\/3\/2025\/07\/600dcc94d100b.png","width":750,"height":662},{"@type":"BreadcrumbList","@id":"https:\/\/babylove.se\/no\/produkt\/veggklistremerke-gran\/#breadcrumb","itemListElement":[{"@type":"ListItem","position":1,"name":"Hem","item":"https:\/\/babylove.se\/no\/"},{"@type":"ListItem","position":2,"name":"Butik","item":"https:\/\/babylove.se\/no\/butik\/"},{"@type":"ListItem","position":3,"name":"Veggklistremerke gran"}]},{"@type":"WebSite","@id":"https:\/\/babylove.se\/no\/#website","url":"https:\/\/babylove.se\/no\/","name":"Babylove Norska","description":"","potentialAction":[{"@type":"SearchAction","target":{"@type":"EntryPoint","urlTemplate":"https:\/\/babylove.se\/no\/?s={search_term_string}"},"query-input":{"@type":"PropertyValueSpecification","valueRequired":true,"valueName":"search_term_string"}}],"inLanguage":"nb-NO"}]},"og_availability":"out of stock","product_availability":"out of stock","product_retailer_item_id":"DD0000gran","product_condition":"new"},"_links":{"self":[{"href":"https:\/\/babylove.se\/no\/wp-json\/wp\/v2\/product\/22067","targetHints":{"allow":["GET"]}}],"collection":[{"href":"https:\/\/babylove.se\/no\/wp-json\/wp\/v2\/product"}],"about":[{"href":"https:\/\/babylove.se\/no\/wp-json\/wp\/v2\/types\/product"}],"replies":[{"embeddable":true,"href":"https:\/\/babylove.se\/no\/wp-json\/wp\/v2\/comments?post=22067"}],"wp:featuredmedia":[{"embeddable":true,"href":"https:\/\/babylove.se\/no\/wp-json\/wp\/v2\/media\/22069"}],"wp:attachment":[{"href":"https:\/\/babylove.se\/no\/wp-json\/wp\/v2\/media?parent=22067"}],"wp:term":[{"taxonomy":"product_brand","embeddable":true,"href":"https:\/\/babylove.se\/no\/wp-json\/wp\/v2\/product_brand?post=22067"},{"taxonomy":"product_cat","embeddable":true,"href":"https:\/\/babylove.se\/no\/wp-json\/wp\/v2\/product_cat?post=22067"},{"taxonomy":"product_tag","embeddable":true,"href":"https:\/\/babylove.se\/no\/wp-json\/wp\/v2\/product_tag?post=22067"}],"curies":[{"name":"wp","href":"https:\/\/api.w.org\/{rel}","templated":true}]}}