{"id":22285,"date":"2025-07-18T22:54:31","date_gmt":"2025-07-18T21:54:31","guid":{"rendered":"https:\/\/babylove.se\/produkt\/kidkii-lite-rosa-bollhav-med-150-bollar\/"},"modified":"2026-04-08T09:50:13","modified_gmt":"2026-04-08T08:50:13","slug":"kidkii-lite-rosa-ballhav-med-150-baller","status":"publish","type":"product","link":"https:\/\/babylove.se\/no\/produkt\/kidkii-lite-rosa-ballhav-med-150-baller\/","title":{"rendered":"Kidkii lite, rosa ballhav med 150 baller"},"content":{"rendered":"<p>Klare, ferdige, Lek!<\/p>\n<p>Et ballbasseng er enkelt \u00e5 plassere ut og flytte rundt, og like popul\u00e6rt blant store som sm\u00e5!<br \/>Med kanter og bunn av mykt polyuretan-skum, samt baller med litt mykere fasthet,<br \/>&nbsp;leker barnet ditt trygt og komfortabelt, selv n\u00e5r det g\u00e5r vilt for seg!<\/p>\n<p>Till dette luksuri\u00f8se bomulls ballbassenget fra danske Kidkii kan du lage en unik fargekombinasjonsav 150 tilh\u00f8rende baller.<br \/>(Velg 1 farge per 50 baller. Maks 3 farger. OBS! Tilgjengelige farger p\u00e5 baller vises p\u00e5 bildet.)<\/p>\n<p><strong>M\u00e5l<\/strong>: &nbsp;<\/p>\n<ul>\n<li>Diameter: 90 cm.<\/li>\n<li>H\u00f8yde: 30 cm.<\/li>\n<li>Ball diameter: 7 cm.<\/li>\n<li>150 baller inkludert<\/li>\n<\/ul>\n<p><strong>Info:<\/strong><\/p>\n<ul>\n<li>Produsert i Europa.<\/li>\n<li>Oeko-Tex sertifisert.<\/li>\n<li>CE-merkede, giftfrie LDPE baller.<\/li>\n<li>Vaskbart overtrekk. (30\u00b0C, Ikke t\u00f8rketrommel)<\/li>\n<li>Anbefalt alder: ca 1-5 \u00e5r.<\/li>\n<\/ul>\n<p><strong>Materiale<\/strong>:&nbsp;<\/p>\n<ul>\n<li>Overtrekk: Myk bomull.&nbsp;<\/li>\n<li>Ballene er laget av plast.<br \/>Alle elementer har CE merking og er produsert av ikke giftig materiale.&nbsp;<\/li>\n<\/ul>\n<p><em>OBS! Ballbassenget kan endre form noe under transport, og kan trenge litt tid etter utpakking for \u00e5 forme seg mer tilbake til opprinnelig form. Tenk likevel p\u00e5 at materialet er laget av skumgummi og derfor kan skifte noe i form.&nbsp;<\/em><\/p>\n<p><strong>Returrett gjelder ikke p\u00e5 ballbasseng med egen blanding av baller.<\/strong><\/p>\n<p>Designer: <a href=\"https:\/\/babylove.se\/varumarken\/kidkii\">Kidkii<\/a><\/p>\n","protected":false},"excerpt":{"rendered":"<p>Klare, ferdige, Lek! Et ballbasseng er enkelt \u00e5 plassere ut og flytte rundt, og like popul\u00e6rt blant store som sm\u00e5!Med kanter og bunn av mykt polyuretan-skum, samt baller med litt mykere fasthet,&nbsp;leker barnet ditt trygt og komfortabelt, selv n\u00e5r det g\u00e5r vilt for seg! Till dette luksuri\u00f8se bomulls ballbassenget fra danske Kidkii kan du lage [&hellip;]<\/p>\n","protected":false},"featured_media":22287,"comment_status":"closed","ping_status":"open","template":"","meta":{"_acf_changed":false},"product_brand":[895],"product_cat":[667,896],"product_tag":[],"class_list":{"0":"post-22285","1":"product","2":"type-product","3":"status-publish","4":"has-post-thumbnail","6":"product_brand-kidkii","7":"product_cat-ballhav","8":"product_cat-kidkii","10":"first","11":"outofstock","12":"taxable","13":"shipping-taxable","14":"purchasable","15":"product-type-simple"},"acf":[],"yoast_head":"<!-- This site is optimized with the Yoast SEO Premium plugin v25.8 (Yoast SEO v27.2) - https:\/\/yoast.com\/product\/yoast-seo-premium-wordpress\/ -->\n<title>Kidkii lite, rosa ballhav med 150 baller - Babylove Norska<\/title>\n<meta name=\"robots\" content=\"noindex, follow, max-snippet:-1, max-image-preview:large, max-video-preview:-1\" \/>\n<meta property=\"og:locale\" content=\"nb_NO\" \/>\n<meta property=\"og:type\" content=\"article\" \/>\n<meta property=\"og:title\" content=\"Kidkii lite, rosa ballhav med 150 baller\" \/>\n<meta property=\"og:description\" content=\"Klare, ferdige, Lek! Et ballbasseng er enkelt \u00e5 plassere ut og flytte rundt, og like popul\u00e6rt blant store som sm\u00e5!Med kanter og bunn av mykt polyuretan-skum, samt baller med litt mykere fasthet,&nbsp;leker barnet ditt trygt og komfortabelt, selv n\u00e5r det g\u00e5r vilt for seg! Till dette luksuri\u00f8se bomulls ballbassenget fra danske Kidkii kan du lage [&hellip;]\" \/>\n<meta property=\"og:url\" content=\"https:\/\/babylove.se\/no\/produkt\/kidkii-lite-rosa-ballhav-med-150-baller\/\" \/>\n<meta property=\"og:site_name\" content=\"Babylove Norska\" \/>\n<meta property=\"article:modified_time\" content=\"2026-04-08T08:50:13+00:00\" \/>\n<meta property=\"og:image\" content=\"https:\/\/babylove.se\/no\/wp-content\/uploads\/sites\/3\/2025\/07\/601064a20b6a1.jpeg\" \/>\n\t<meta property=\"og:image:width\" content=\"750\" \/>\n\t<meta property=\"og:image:height\" content=\"750\" \/>\n\t<meta property=\"og:image:type\" content=\"image\/jpeg\" \/>\n<meta name=\"twitter:card\" content=\"summary_large_image\" \/>\n<meta name=\"twitter:label1\" content=\"Price\" \/>\n\t<meta name=\"twitter:data1\" content=\"1 199,00&nbsp;&#107;&#114;\" \/>\n\t<meta name=\"twitter:label2\" content=\"Availability\" \/>\n\t<meta name=\"twitter:data2\" content=\"Out of stock\" \/>\n<script type=\"application\/ld+json\" class=\"yoast-schema-graph\">{\"@context\":\"https:\/\/schema.org\",\"@graph\":[{\"@type\":\"WebPage\",\"@id\":\"https:\/\/babylove.se\/no\/produkt\/kidkii-lite-rosa-ballhav-med-150-baller\/\",\"url\":\"https:\/\/babylove.se\/no\/produkt\/kidkii-lite-rosa-ballhav-med-150-baller\/\",\"name\":\"Kidkii lite, rosa ballhav med 150 baller - Babylove Norska\",\"isPartOf\":{\"@id\":\"https:\/\/babylove.se\/no\/#website\"},\"primaryImageOfPage\":{\"@id\":\"https:\/\/babylove.se\/no\/produkt\/kidkii-lite-rosa-ballhav-med-150-baller\/#primaryimage\"},\"image\":{\"@id\":\"https:\/\/babylove.se\/no\/produkt\/kidkii-lite-rosa-ballhav-med-150-baller\/#primaryimage\"},\"thumbnailUrl\":\"https:\/\/babylove.se\/no\/wp-content\/uploads\/sites\/3\/2025\/07\/601064a20b6a1.jpeg\",\"datePublished\":\"2025-07-18T21:54:31+00:00\",\"dateModified\":\"2026-04-08T08:50:13+00:00\",\"breadcrumb\":{\"@id\":\"https:\/\/babylove.se\/no\/produkt\/kidkii-lite-rosa-ballhav-med-150-baller\/#breadcrumb\"},\"inLanguage\":\"nb-NO\",\"potentialAction\":[{\"@type\":\"ReadAction\",\"target\":[\"https:\/\/babylove.se\/no\/produkt\/kidkii-lite-rosa-ballhav-med-150-baller\/\"]}]},{\"@type\":\"ImageObject\",\"inLanguage\":\"nb-NO\",\"@id\":\"https:\/\/babylove.se\/no\/produkt\/kidkii-lite-rosa-ballhav-med-150-baller\/#primaryimage\",\"url\":\"https:\/\/babylove.se\/no\/wp-content\/uploads\/sites\/3\/2025\/07\/601064a20b6a1.jpeg\",\"contentUrl\":\"https:\/\/babylove.se\/no\/wp-content\/uploads\/sites\/3\/2025\/07\/601064a20b6a1.jpeg\",\"width\":750,\"height\":750},{\"@type\":\"BreadcrumbList\",\"@id\":\"https:\/\/babylove.se\/no\/produkt\/kidkii-lite-rosa-ballhav-med-150-baller\/#breadcrumb\",\"itemListElement\":[{\"@type\":\"ListItem\",\"position\":1,\"name\":\"Hem\",\"item\":\"https:\/\/babylove.se\/no\/\"},{\"@type\":\"ListItem\",\"position\":2,\"name\":\"Butik\",\"item\":\"https:\/\/babylove.se\/no\/butik\/\"},{\"@type\":\"ListItem\",\"position\":3,\"name\":\"Kidkii lite, rosa ballhav med 150 baller\"}]},{\"@type\":\"WebSite\",\"@id\":\"https:\/\/babylove.se\/no\/#website\",\"url\":\"https:\/\/babylove.se\/no\/\",\"name\":\"Babylove Norska\",\"description\":\"\",\"potentialAction\":[{\"@type\":\"SearchAction\",\"target\":{\"@type\":\"EntryPoint\",\"urlTemplate\":\"https:\/\/babylove.se\/no\/?s={search_term_string}\"},\"query-input\":{\"@type\":\"PropertyValueSpecification\",\"valueRequired\":true,\"valueName\":\"search_term_string\"}}],\"inLanguage\":\"nb-NO\"}]}<\/script>\n<meta property=\"product:brand\" content=\"Kidkii\" \/>\n<meta property=\"product:price:amount\" content=\"1199.00\" \/>\n<meta property=\"product:price:currency\" content=\"SEK\" \/>\n<meta property=\"og:availability\" content=\"out of stock\" \/>\n<meta property=\"product:availability\" content=\"out of stock\" \/>\n<meta property=\"product:retailer_item_id\" content=\"3928\" \/>\n<meta property=\"product:condition\" content=\"new\" \/>\n<!-- \/ Yoast SEO Premium plugin. -->","yoast_head_json":{"title":"Kidkii lite, rosa ballhav med 150 baller - Babylove Norska","robots":{"index":"noindex","follow":"follow","max-snippet":"max-snippet:-1","max-image-preview":"max-image-preview:large","max-video-preview":"max-video-preview:-1"},"og_locale":"nb_NO","og_type":"article","og_title":"Kidkii lite, rosa ballhav med 150 baller","og_description":"Klare, ferdige, Lek! Et ballbasseng er enkelt \u00e5 plassere ut og flytte rundt, og like popul\u00e6rt blant store som sm\u00e5!Med kanter og bunn av mykt polyuretan-skum, samt baller med litt mykere fasthet,&nbsp;leker barnet ditt trygt og komfortabelt, selv n\u00e5r det g\u00e5r vilt for seg! Till dette luksuri\u00f8se bomulls ballbassenget fra danske Kidkii kan du lage [&hellip;]","og_url":"https:\/\/babylove.se\/no\/produkt\/kidkii-lite-rosa-ballhav-med-150-baller\/","og_site_name":"Babylove Norska","article_modified_time":"2026-04-08T08:50:13+00:00","og_image":[{"width":750,"height":750,"url":"https:\/\/babylove.se\/no\/wp-content\/uploads\/sites\/3\/2025\/07\/601064a20b6a1.jpeg","type":"image\/jpeg"}],"twitter_card":"summary_large_image","twitter_misc":{"Price":"1 199,00&nbsp;&#107;&#114;","Availability":"Out of stock"},"schema":{"@context":"https:\/\/schema.org","@graph":[{"@type":"WebPage","@id":"https:\/\/babylove.se\/no\/produkt\/kidkii-lite-rosa-ballhav-med-150-baller\/","url":"https:\/\/babylove.se\/no\/produkt\/kidkii-lite-rosa-ballhav-med-150-baller\/","name":"Kidkii lite, rosa ballhav med 150 baller - Babylove Norska","isPartOf":{"@id":"https:\/\/babylove.se\/no\/#website"},"primaryImageOfPage":{"@id":"https:\/\/babylove.se\/no\/produkt\/kidkii-lite-rosa-ballhav-med-150-baller\/#primaryimage"},"image":{"@id":"https:\/\/babylove.se\/no\/produkt\/kidkii-lite-rosa-ballhav-med-150-baller\/#primaryimage"},"thumbnailUrl":"https:\/\/babylove.se\/no\/wp-content\/uploads\/sites\/3\/2025\/07\/601064a20b6a1.jpeg","datePublished":"2025-07-18T21:54:31+00:00","dateModified":"2026-04-08T08:50:13+00:00","breadcrumb":{"@id":"https:\/\/babylove.se\/no\/produkt\/kidkii-lite-rosa-ballhav-med-150-baller\/#breadcrumb"},"inLanguage":"nb-NO","potentialAction":[{"@type":"ReadAction","target":["https:\/\/babylove.se\/no\/produkt\/kidkii-lite-rosa-ballhav-med-150-baller\/"]}]},{"@type":"ImageObject","inLanguage":"nb-NO","@id":"https:\/\/babylove.se\/no\/produkt\/kidkii-lite-rosa-ballhav-med-150-baller\/#primaryimage","url":"https:\/\/babylove.se\/no\/wp-content\/uploads\/sites\/3\/2025\/07\/601064a20b6a1.jpeg","contentUrl":"https:\/\/babylove.se\/no\/wp-content\/uploads\/sites\/3\/2025\/07\/601064a20b6a1.jpeg","width":750,"height":750},{"@type":"BreadcrumbList","@id":"https:\/\/babylove.se\/no\/produkt\/kidkii-lite-rosa-ballhav-med-150-baller\/#breadcrumb","itemListElement":[{"@type":"ListItem","position":1,"name":"Hem","item":"https:\/\/babylove.se\/no\/"},{"@type":"ListItem","position":2,"name":"Butik","item":"https:\/\/babylove.se\/no\/butik\/"},{"@type":"ListItem","position":3,"name":"Kidkii lite, rosa ballhav med 150 baller"}]},{"@type":"WebSite","@id":"https:\/\/babylove.se\/no\/#website","url":"https:\/\/babylove.se\/no\/","name":"Babylove Norska","description":"","potentialAction":[{"@type":"SearchAction","target":{"@type":"EntryPoint","urlTemplate":"https:\/\/babylove.se\/no\/?s={search_term_string}"},"query-input":{"@type":"PropertyValueSpecification","valueRequired":true,"valueName":"search_term_string"}}],"inLanguage":"nb-NO"}]},"product_brand":"Kidkii","product_price_amount":"1199.00","product_price_currency":"SEK","og_availability":"out of stock","product_availability":"out of stock","product_retailer_item_id":"3928","product_condition":"new"},"_links":{"self":[{"href":"https:\/\/babylove.se\/no\/wp-json\/wp\/v2\/product\/22285","targetHints":{"allow":["GET"]}}],"collection":[{"href":"https:\/\/babylove.se\/no\/wp-json\/wp\/v2\/product"}],"about":[{"href":"https:\/\/babylove.se\/no\/wp-json\/wp\/v2\/types\/product"}],"replies":[{"embeddable":true,"href":"https:\/\/babylove.se\/no\/wp-json\/wp\/v2\/comments?post=22285"}],"wp:featuredmedia":[{"embeddable":true,"href":"https:\/\/babylove.se\/no\/wp-json\/wp\/v2\/media\/22287"}],"wp:attachment":[{"href":"https:\/\/babylove.se\/no\/wp-json\/wp\/v2\/media?parent=22285"}],"wp:term":[{"taxonomy":"product_brand","embeddable":true,"href":"https:\/\/babylove.se\/no\/wp-json\/wp\/v2\/product_brand?post=22285"},{"taxonomy":"product_cat","embeddable":true,"href":"https:\/\/babylove.se\/no\/wp-json\/wp\/v2\/product_cat?post=22285"},{"taxonomy":"product_tag","embeddable":true,"href":"https:\/\/babylove.se\/no\/wp-json\/wp\/v2\/product_tag?post=22285"}],"curies":[{"name":"wp","href":"https:\/\/api.w.org\/{rel}","templated":true}]}}