{"id":22316,"date":"2025-07-18T22:54:51","date_gmt":"2025-07-18T21:54:51","guid":{"rendered":"https:\/\/babylove.se\/produkt\/oyoy-ronja-canopy-blue-bla-sanghimmel\/"},"modified":"2026-04-08T09:50:29","modified_gmt":"2026-04-08T08:50:29","slug":"oyoy-ronja-canopy-blue-bla-sanghimmel","status":"publish","type":"product","link":"https:\/\/babylove.se\/no\/produkt\/oyoy-ronja-canopy-blue-bla-sanghimmel\/","title":{"rendered":"Oyoy, Ronja canopy blue, bl\u00e5 sengehimmel"},"content":{"rendered":"<p>La barnet ditt nyte en deilig natts s\u00f8vn under denne fantastisk vakre bl\u00e5 sengehimmelen fra danske merket Oyoyg. Sengehimmelen er laget av et solid stoff som gir b\u00e5de en fyldig og gjennomsiktig f\u00f8lelse p\u00e5 samme tid. Fantastisk vakkert for barnerommets innredning.<\/p>\n<p>Til sengehimmelen f\u00f8lger ogs\u00e5 en fin lysslynge (20 lyskilder), slik at du kan skape et magisk senghj\u00f8rne i barnerommet ditt.&nbsp;<\/p>\n<p>M\u00e5l: Diameter 60 cm , H\u00f8yde 240 cm&nbsp;<\/p>\n<p>Designer: <a href=\"https:\/\/babylove.se\/varumarken\/form-living\"><\/a> Oyoy<\/p>\n","protected":false},"excerpt":{"rendered":"<p>La barnet ditt nyte en deilig natts s\u00f8vn under denne fantastisk vakre bl\u00e5 sengehimmelen fra danske merket Oyoyg. Sengehimmelen er laget av et solid stoff som gir b\u00e5de en fyldig og gjennomsiktig f\u00f8lelse p\u00e5 samme tid. Fantastisk vakkert for barnerommets innredning. Til sengehimmelen f\u00f8lger ogs\u00e5 en fin lysslynge (20 lyskilder), slik at du kan skape [&hellip;]<\/p>\n","protected":false},"featured_media":22318,"comment_status":"closed","ping_status":"open","template":"","meta":{"_acf_changed":false},"product_brand":[129],"product_cat":[130,120,270],"product_tag":[],"class_list":{"0":"post-22316","1":"product","2":"type-product","3":"status-publish","4":"has-post-thumbnail","6":"product_brand-oyoy","7":"product_cat-oyoy","8":"product_cat-sanghimmel","9":"product_cat-sirkus","11":"first","12":"outofstock","13":"taxable","14":"shipping-taxable","15":"purchasable","16":"product-type-simple"},"acf":[],"yoast_head":"<!-- This site is optimized with the Yoast SEO Premium plugin v25.8 (Yoast SEO v27.2) - https:\/\/yoast.com\/product\/yoast-seo-premium-wordpress\/ -->\n<title>Oyoy, Ronja canopy blue, bl\u00e5 sengehimmel - Babylove Norska<\/title>\n<meta name=\"robots\" content=\"noindex, follow, max-snippet:-1, max-image-preview:large, max-video-preview:-1\" \/>\n<meta property=\"og:locale\" content=\"nb_NO\" \/>\n<meta property=\"og:type\" content=\"article\" \/>\n<meta property=\"og:title\" content=\"Oyoy, Ronja canopy blue, bl\u00e5 sengehimmel\" \/>\n<meta property=\"og:description\" content=\"La barnet ditt nyte en deilig natts s\u00f8vn under denne fantastisk vakre bl\u00e5 sengehimmelen fra danske merket Oyoyg. Sengehimmelen er laget av et solid stoff som gir b\u00e5de en fyldig og gjennomsiktig f\u00f8lelse p\u00e5 samme tid. Fantastisk vakkert for barnerommets innredning. Til sengehimmelen f\u00f8lger ogs\u00e5 en fin lysslynge (20 lyskilder), slik at du kan skape [&hellip;]\" \/>\n<meta property=\"og:url\" content=\"https:\/\/babylove.se\/no\/produkt\/oyoy-ronja-canopy-blue-bla-sanghimmel\/\" \/>\n<meta property=\"og:site_name\" content=\"Babylove Norska\" \/>\n<meta property=\"article:modified_time\" content=\"2026-04-08T08:50:29+00:00\" \/>\n<meta property=\"og:image\" content=\"https:\/\/babylove.se\/no\/wp-content\/uploads\/sites\/3\/2025\/07\/60107296ac1d8.jpeg\" \/>\n\t<meta property=\"og:image:width\" content=\"750\" \/>\n\t<meta property=\"og:image:height\" content=\"750\" \/>\n\t<meta property=\"og:image:type\" content=\"image\/jpeg\" \/>\n<meta name=\"twitter:card\" content=\"summary_large_image\" \/>\n<meta name=\"twitter:label1\" content=\"Price\" \/>\n\t<meta name=\"twitter:data1\" content=\"799,00&nbsp;&#107;&#114;\" \/>\n\t<meta name=\"twitter:label2\" content=\"Availability\" \/>\n\t<meta name=\"twitter:data2\" content=\"Out of stock\" \/>\n<script type=\"application\/ld+json\" class=\"yoast-schema-graph\">{\"@context\":\"https:\/\/schema.org\",\"@graph\":[{\"@type\":\"WebPage\",\"@id\":\"https:\/\/babylove.se\/no\/produkt\/oyoy-ronja-canopy-blue-bla-sanghimmel\/\",\"url\":\"https:\/\/babylove.se\/no\/produkt\/oyoy-ronja-canopy-blue-bla-sanghimmel\/\",\"name\":\"Oyoy, Ronja canopy blue, bl\u00e5 sengehimmel - Babylove Norska\",\"isPartOf\":{\"@id\":\"https:\/\/babylove.se\/no\/#website\"},\"primaryImageOfPage\":{\"@id\":\"https:\/\/babylove.se\/no\/produkt\/oyoy-ronja-canopy-blue-bla-sanghimmel\/#primaryimage\"},\"image\":{\"@id\":\"https:\/\/babylove.se\/no\/produkt\/oyoy-ronja-canopy-blue-bla-sanghimmel\/#primaryimage\"},\"thumbnailUrl\":\"https:\/\/babylove.se\/no\/wp-content\/uploads\/sites\/3\/2025\/07\/60107296ac1d8.jpeg\",\"datePublished\":\"2025-07-18T21:54:51+00:00\",\"dateModified\":\"2026-04-08T08:50:29+00:00\",\"breadcrumb\":{\"@id\":\"https:\/\/babylove.se\/no\/produkt\/oyoy-ronja-canopy-blue-bla-sanghimmel\/#breadcrumb\"},\"inLanguage\":\"nb-NO\",\"potentialAction\":[{\"@type\":\"ReadAction\",\"target\":[\"https:\/\/babylove.se\/no\/produkt\/oyoy-ronja-canopy-blue-bla-sanghimmel\/\"]}]},{\"@type\":\"ImageObject\",\"inLanguage\":\"nb-NO\",\"@id\":\"https:\/\/babylove.se\/no\/produkt\/oyoy-ronja-canopy-blue-bla-sanghimmel\/#primaryimage\",\"url\":\"https:\/\/babylove.se\/no\/wp-content\/uploads\/sites\/3\/2025\/07\/60107296ac1d8.jpeg\",\"contentUrl\":\"https:\/\/babylove.se\/no\/wp-content\/uploads\/sites\/3\/2025\/07\/60107296ac1d8.jpeg\",\"width\":750,\"height\":750},{\"@type\":\"BreadcrumbList\",\"@id\":\"https:\/\/babylove.se\/no\/produkt\/oyoy-ronja-canopy-blue-bla-sanghimmel\/#breadcrumb\",\"itemListElement\":[{\"@type\":\"ListItem\",\"position\":1,\"name\":\"Hem\",\"item\":\"https:\/\/babylove.se\/no\/\"},{\"@type\":\"ListItem\",\"position\":2,\"name\":\"Butik\",\"item\":\"https:\/\/babylove.se\/no\/butik\/\"},{\"@type\":\"ListItem\",\"position\":3,\"name\":\"Oyoy, Ronja canopy blue, bl\u00e5 sengehimmel\"}]},{\"@type\":\"WebSite\",\"@id\":\"https:\/\/babylove.se\/no\/#website\",\"url\":\"https:\/\/babylove.se\/no\/\",\"name\":\"Babylove Norska\",\"description\":\"\",\"potentialAction\":[{\"@type\":\"SearchAction\",\"target\":{\"@type\":\"EntryPoint\",\"urlTemplate\":\"https:\/\/babylove.se\/no\/?s={search_term_string}\"},\"query-input\":{\"@type\":\"PropertyValueSpecification\",\"valueRequired\":true,\"valueName\":\"search_term_string\"}}],\"inLanguage\":\"nb-NO\"}]}<\/script>\n<meta property=\"product:brand\" content=\"Oyoy\" \/>\n<meta property=\"product:price:amount\" content=\"799.00\" \/>\n<meta property=\"product:price:currency\" content=\"SEK\" \/>\n<meta property=\"og:availability\" content=\"out of stock\" \/>\n<meta property=\"product:availability\" content=\"out of stock\" \/>\n<meta property=\"product:retailer_item_id\" content=\"M1052\" \/>\n<meta property=\"product:condition\" content=\"new\" \/>\n<!-- \/ Yoast SEO Premium plugin. -->","yoast_head_json":{"title":"Oyoy, Ronja canopy blue, bl\u00e5 sengehimmel - Babylove Norska","robots":{"index":"noindex","follow":"follow","max-snippet":"max-snippet:-1","max-image-preview":"max-image-preview:large","max-video-preview":"max-video-preview:-1"},"og_locale":"nb_NO","og_type":"article","og_title":"Oyoy, Ronja canopy blue, bl\u00e5 sengehimmel","og_description":"La barnet ditt nyte en deilig natts s\u00f8vn under denne fantastisk vakre bl\u00e5 sengehimmelen fra danske merket Oyoyg. Sengehimmelen er laget av et solid stoff som gir b\u00e5de en fyldig og gjennomsiktig f\u00f8lelse p\u00e5 samme tid. Fantastisk vakkert for barnerommets innredning. Til sengehimmelen f\u00f8lger ogs\u00e5 en fin lysslynge (20 lyskilder), slik at du kan skape [&hellip;]","og_url":"https:\/\/babylove.se\/no\/produkt\/oyoy-ronja-canopy-blue-bla-sanghimmel\/","og_site_name":"Babylove Norska","article_modified_time":"2026-04-08T08:50:29+00:00","og_image":[{"width":750,"height":750,"url":"https:\/\/babylove.se\/no\/wp-content\/uploads\/sites\/3\/2025\/07\/60107296ac1d8.jpeg","type":"image\/jpeg"}],"twitter_card":"summary_large_image","twitter_misc":{"Price":"799,00&nbsp;&#107;&#114;","Availability":"Out of stock"},"schema":{"@context":"https:\/\/schema.org","@graph":[{"@type":"WebPage","@id":"https:\/\/babylove.se\/no\/produkt\/oyoy-ronja-canopy-blue-bla-sanghimmel\/","url":"https:\/\/babylove.se\/no\/produkt\/oyoy-ronja-canopy-blue-bla-sanghimmel\/","name":"Oyoy, Ronja canopy blue, bl\u00e5 sengehimmel - Babylove Norska","isPartOf":{"@id":"https:\/\/babylove.se\/no\/#website"},"primaryImageOfPage":{"@id":"https:\/\/babylove.se\/no\/produkt\/oyoy-ronja-canopy-blue-bla-sanghimmel\/#primaryimage"},"image":{"@id":"https:\/\/babylove.se\/no\/produkt\/oyoy-ronja-canopy-blue-bla-sanghimmel\/#primaryimage"},"thumbnailUrl":"https:\/\/babylove.se\/no\/wp-content\/uploads\/sites\/3\/2025\/07\/60107296ac1d8.jpeg","datePublished":"2025-07-18T21:54:51+00:00","dateModified":"2026-04-08T08:50:29+00:00","breadcrumb":{"@id":"https:\/\/babylove.se\/no\/produkt\/oyoy-ronja-canopy-blue-bla-sanghimmel\/#breadcrumb"},"inLanguage":"nb-NO","potentialAction":[{"@type":"ReadAction","target":["https:\/\/babylove.se\/no\/produkt\/oyoy-ronja-canopy-blue-bla-sanghimmel\/"]}]},{"@type":"ImageObject","inLanguage":"nb-NO","@id":"https:\/\/babylove.se\/no\/produkt\/oyoy-ronja-canopy-blue-bla-sanghimmel\/#primaryimage","url":"https:\/\/babylove.se\/no\/wp-content\/uploads\/sites\/3\/2025\/07\/60107296ac1d8.jpeg","contentUrl":"https:\/\/babylove.se\/no\/wp-content\/uploads\/sites\/3\/2025\/07\/60107296ac1d8.jpeg","width":750,"height":750},{"@type":"BreadcrumbList","@id":"https:\/\/babylove.se\/no\/produkt\/oyoy-ronja-canopy-blue-bla-sanghimmel\/#breadcrumb","itemListElement":[{"@type":"ListItem","position":1,"name":"Hem","item":"https:\/\/babylove.se\/no\/"},{"@type":"ListItem","position":2,"name":"Butik","item":"https:\/\/babylove.se\/no\/butik\/"},{"@type":"ListItem","position":3,"name":"Oyoy, Ronja canopy blue, bl\u00e5 sengehimmel"}]},{"@type":"WebSite","@id":"https:\/\/babylove.se\/no\/#website","url":"https:\/\/babylove.se\/no\/","name":"Babylove Norska","description":"","potentialAction":[{"@type":"SearchAction","target":{"@type":"EntryPoint","urlTemplate":"https:\/\/babylove.se\/no\/?s={search_term_string}"},"query-input":{"@type":"PropertyValueSpecification","valueRequired":true,"valueName":"search_term_string"}}],"inLanguage":"nb-NO"}]},"product_brand":"Oyoy","product_price_amount":"799.00","product_price_currency":"SEK","og_availability":"out of stock","product_availability":"out of stock","product_retailer_item_id":"M1052","product_condition":"new"},"_links":{"self":[{"href":"https:\/\/babylove.se\/no\/wp-json\/wp\/v2\/product\/22316","targetHints":{"allow":["GET"]}}],"collection":[{"href":"https:\/\/babylove.se\/no\/wp-json\/wp\/v2\/product"}],"about":[{"href":"https:\/\/babylove.se\/no\/wp-json\/wp\/v2\/types\/product"}],"replies":[{"embeddable":true,"href":"https:\/\/babylove.se\/no\/wp-json\/wp\/v2\/comments?post=22316"}],"wp:featuredmedia":[{"embeddable":true,"href":"https:\/\/babylove.se\/no\/wp-json\/wp\/v2\/media\/22318"}],"wp:attachment":[{"href":"https:\/\/babylove.se\/no\/wp-json\/wp\/v2\/media?parent=22316"}],"wp:term":[{"taxonomy":"product_brand","embeddable":true,"href":"https:\/\/babylove.se\/no\/wp-json\/wp\/v2\/product_brand?post=22316"},{"taxonomy":"product_cat","embeddable":true,"href":"https:\/\/babylove.se\/no\/wp-json\/wp\/v2\/product_cat?post=22316"},{"taxonomy":"product_tag","embeddable":true,"href":"https:\/\/babylove.se\/no\/wp-json\/wp\/v2\/product_tag?post=22316"}],"curies":[{"name":"wp","href":"https:\/\/api.w.org\/{rel}","templated":true}]}}