{"id":22323,"date":"2025-07-18T22:54:51","date_gmt":"2025-07-18T21:54:51","guid":{"rendered":"https:\/\/babylove.se\/produkt\/oyoy-ronja-canopy-brun-sanghimmel\/"},"modified":"2026-04-08T09:50:36","modified_gmt":"2026-04-08T08:50:36","slug":"oyoy-ronja-canopy-brun-sengehimmel","status":"publish","type":"product","link":"https:\/\/babylove.se\/no\/produkt\/oyoy-ronja-canopy-brun-sengehimmel\/","title":{"rendered":"Oyoy, Ronja canopy, brun sengehimmel"},"content":{"rendered":"<p>La barnet ditt nyte en deilig natts\u00f8vn under denne fantastisk vakre sengehimmelen fra danske merket Oyoyg. Sengehimmelen er laget av et solid stoff som gir b\u00e5de en fyldig og gjennomsiktig f\u00f8lelse p\u00e5 samme tid. Fantastisk vakkert for barneromsinnredningen din.<\/p>\n<p>Til sengehimmelen f\u00f8lger ogs\u00e5 en fin lysslynge (20 lyskilder), slik at du kan skape et magisk sengehj\u00f8rne i barnerommet ditt.&nbsp;<\/p>\n<p>M\u00e5l: Diameter 60 cm , H\u00f8yde 240 cm&nbsp;<\/p>\n<p>Designer: <a href=\"https:\/\/babylove.se\/varumarken\/form-living\"><\/a> Oyoy<\/p>\n","protected":false},"excerpt":{"rendered":"<p>La barnet ditt nyte en deilig natts\u00f8vn under denne fantastisk vakre sengehimmelen fra danske merket Oyoyg. Sengehimmelen er laget av et solid stoff som gir b\u00e5de en fyldig og gjennomsiktig f\u00f8lelse p\u00e5 samme tid. Fantastisk vakkert for barneromsinnredningen din. Til sengehimmelen f\u00f8lger ogs\u00e5 en fin lysslynge (20 lyskilder), slik at du kan skape et magisk [&hellip;]<\/p>\n","protected":false},"featured_media":22325,"comment_status":"closed","ping_status":"open","template":"","meta":{"_acf_changed":false},"product_brand":[129],"product_cat":[130,120,270],"product_tag":[],"class_list":{"0":"post-22323","1":"product","2":"type-product","3":"status-publish","4":"has-post-thumbnail","6":"product_brand-oyoy","7":"product_cat-oyoy","8":"product_cat-sanghimmel","9":"product_cat-sirkus","11":"first","12":"outofstock","13":"taxable","14":"shipping-taxable","15":"purchasable","16":"product-type-simple"},"acf":[],"yoast_head":"<!-- This site is optimized with the Yoast SEO Premium plugin v25.8 (Yoast SEO v27.2) - https:\/\/yoast.com\/product\/yoast-seo-premium-wordpress\/ -->\n<title>Oyoy, Ronja canopy, brun sengehimmel - Babylove Norska<\/title>\n<meta name=\"robots\" content=\"noindex, follow, max-snippet:-1, max-image-preview:large, max-video-preview:-1\" \/>\n<meta property=\"og:locale\" content=\"nb_NO\" \/>\n<meta property=\"og:type\" content=\"article\" \/>\n<meta property=\"og:title\" content=\"Oyoy, Ronja canopy, brun sengehimmel\" \/>\n<meta property=\"og:description\" content=\"La barnet ditt nyte en deilig natts\u00f8vn under denne fantastisk vakre sengehimmelen fra danske merket Oyoyg. Sengehimmelen er laget av et solid stoff som gir b\u00e5de en fyldig og gjennomsiktig f\u00f8lelse p\u00e5 samme tid. Fantastisk vakkert for barneromsinnredningen din. Til sengehimmelen f\u00f8lger ogs\u00e5 en fin lysslynge (20 lyskilder), slik at du kan skape et magisk [&hellip;]\" \/>\n<meta property=\"og:url\" content=\"https:\/\/babylove.se\/no\/produkt\/oyoy-ronja-canopy-brun-sengehimmel\/\" \/>\n<meta property=\"og:site_name\" content=\"Babylove Norska\" \/>\n<meta property=\"article:modified_time\" content=\"2026-04-08T08:50:36+00:00\" \/>\n<meta property=\"og:image\" content=\"https:\/\/babylove.se\/no\/wp-content\/uploads\/sites\/3\/2025\/07\/6010742e79fd0.jpeg\" \/>\n\t<meta property=\"og:image:width\" content=\"750\" \/>\n\t<meta property=\"og:image:height\" content=\"750\" \/>\n\t<meta property=\"og:image:type\" content=\"image\/jpeg\" \/>\n<meta name=\"twitter:card\" content=\"summary_large_image\" \/>\n<meta name=\"twitter:label1\" content=\"Price\" \/>\n\t<meta name=\"twitter:data1\" content=\"1 199,00&nbsp;&#107;&#114;\" \/>\n\t<meta name=\"twitter:label2\" content=\"Availability\" \/>\n\t<meta name=\"twitter:data2\" content=\"Out of stock\" \/>\n<script type=\"application\/ld+json\" class=\"yoast-schema-graph\">{\"@context\":\"https:\/\/schema.org\",\"@graph\":[{\"@type\":\"WebPage\",\"@id\":\"https:\/\/babylove.se\/no\/produkt\/oyoy-ronja-canopy-brun-sengehimmel\/\",\"url\":\"https:\/\/babylove.se\/no\/produkt\/oyoy-ronja-canopy-brun-sengehimmel\/\",\"name\":\"Oyoy, Ronja canopy, brun sengehimmel - Babylove Norska\",\"isPartOf\":{\"@id\":\"https:\/\/babylove.se\/no\/#website\"},\"primaryImageOfPage\":{\"@id\":\"https:\/\/babylove.se\/no\/produkt\/oyoy-ronja-canopy-brun-sengehimmel\/#primaryimage\"},\"image\":{\"@id\":\"https:\/\/babylove.se\/no\/produkt\/oyoy-ronja-canopy-brun-sengehimmel\/#primaryimage\"},\"thumbnailUrl\":\"https:\/\/babylove.se\/no\/wp-content\/uploads\/sites\/3\/2025\/07\/6010742e79fd0.jpeg\",\"datePublished\":\"2025-07-18T21:54:51+00:00\",\"dateModified\":\"2026-04-08T08:50:36+00:00\",\"breadcrumb\":{\"@id\":\"https:\/\/babylove.se\/no\/produkt\/oyoy-ronja-canopy-brun-sengehimmel\/#breadcrumb\"},\"inLanguage\":\"nb-NO\",\"potentialAction\":[{\"@type\":\"ReadAction\",\"target\":[\"https:\/\/babylove.se\/no\/produkt\/oyoy-ronja-canopy-brun-sengehimmel\/\"]}]},{\"@type\":\"ImageObject\",\"inLanguage\":\"nb-NO\",\"@id\":\"https:\/\/babylove.se\/no\/produkt\/oyoy-ronja-canopy-brun-sengehimmel\/#primaryimage\",\"url\":\"https:\/\/babylove.se\/no\/wp-content\/uploads\/sites\/3\/2025\/07\/6010742e79fd0.jpeg\",\"contentUrl\":\"https:\/\/babylove.se\/no\/wp-content\/uploads\/sites\/3\/2025\/07\/6010742e79fd0.jpeg\",\"width\":750,\"height\":750},{\"@type\":\"BreadcrumbList\",\"@id\":\"https:\/\/babylove.se\/no\/produkt\/oyoy-ronja-canopy-brun-sengehimmel\/#breadcrumb\",\"itemListElement\":[{\"@type\":\"ListItem\",\"position\":1,\"name\":\"Hem\",\"item\":\"https:\/\/babylove.se\/no\/\"},{\"@type\":\"ListItem\",\"position\":2,\"name\":\"Butik\",\"item\":\"https:\/\/babylove.se\/no\/butik\/\"},{\"@type\":\"ListItem\",\"position\":3,\"name\":\"Oyoy, Ronja canopy, brun sengehimmel\"}]},{\"@type\":\"WebSite\",\"@id\":\"https:\/\/babylove.se\/no\/#website\",\"url\":\"https:\/\/babylove.se\/no\/\",\"name\":\"Babylove Norska\",\"description\":\"\",\"potentialAction\":[{\"@type\":\"SearchAction\",\"target\":{\"@type\":\"EntryPoint\",\"urlTemplate\":\"https:\/\/babylove.se\/no\/?s={search_term_string}\"},\"query-input\":{\"@type\":\"PropertyValueSpecification\",\"valueRequired\":true,\"valueName\":\"search_term_string\"}}],\"inLanguage\":\"nb-NO\"}]}<\/script>\n<meta property=\"product:brand\" content=\"Oyoy\" \/>\n<meta property=\"product:price:amount\" content=\"1199.00\" \/>\n<meta property=\"product:price:currency\" content=\"SEK\" \/>\n<meta property=\"og:availability\" content=\"out of stock\" \/>\n<meta property=\"product:availability\" content=\"out of stock\" \/>\n<meta property=\"product:retailer_item_id\" content=\"M1057\" \/>\n<meta property=\"product:condition\" content=\"new\" \/>\n<!-- \/ Yoast SEO Premium plugin. -->","yoast_head_json":{"title":"Oyoy, Ronja canopy, brun sengehimmel - Babylove Norska","robots":{"index":"noindex","follow":"follow","max-snippet":"max-snippet:-1","max-image-preview":"max-image-preview:large","max-video-preview":"max-video-preview:-1"},"og_locale":"nb_NO","og_type":"article","og_title":"Oyoy, Ronja canopy, brun sengehimmel","og_description":"La barnet ditt nyte en deilig natts\u00f8vn under denne fantastisk vakre sengehimmelen fra danske merket Oyoyg. Sengehimmelen er laget av et solid stoff som gir b\u00e5de en fyldig og gjennomsiktig f\u00f8lelse p\u00e5 samme tid. Fantastisk vakkert for barneromsinnredningen din. Til sengehimmelen f\u00f8lger ogs\u00e5 en fin lysslynge (20 lyskilder), slik at du kan skape et magisk [&hellip;]","og_url":"https:\/\/babylove.se\/no\/produkt\/oyoy-ronja-canopy-brun-sengehimmel\/","og_site_name":"Babylove Norska","article_modified_time":"2026-04-08T08:50:36+00:00","og_image":[{"width":750,"height":750,"url":"https:\/\/babylove.se\/no\/wp-content\/uploads\/sites\/3\/2025\/07\/6010742e79fd0.jpeg","type":"image\/jpeg"}],"twitter_card":"summary_large_image","twitter_misc":{"Price":"1 199,00&nbsp;&#107;&#114;","Availability":"Out of stock"},"schema":{"@context":"https:\/\/schema.org","@graph":[{"@type":"WebPage","@id":"https:\/\/babylove.se\/no\/produkt\/oyoy-ronja-canopy-brun-sengehimmel\/","url":"https:\/\/babylove.se\/no\/produkt\/oyoy-ronja-canopy-brun-sengehimmel\/","name":"Oyoy, Ronja canopy, brun sengehimmel - Babylove Norska","isPartOf":{"@id":"https:\/\/babylove.se\/no\/#website"},"primaryImageOfPage":{"@id":"https:\/\/babylove.se\/no\/produkt\/oyoy-ronja-canopy-brun-sengehimmel\/#primaryimage"},"image":{"@id":"https:\/\/babylove.se\/no\/produkt\/oyoy-ronja-canopy-brun-sengehimmel\/#primaryimage"},"thumbnailUrl":"https:\/\/babylove.se\/no\/wp-content\/uploads\/sites\/3\/2025\/07\/6010742e79fd0.jpeg","datePublished":"2025-07-18T21:54:51+00:00","dateModified":"2026-04-08T08:50:36+00:00","breadcrumb":{"@id":"https:\/\/babylove.se\/no\/produkt\/oyoy-ronja-canopy-brun-sengehimmel\/#breadcrumb"},"inLanguage":"nb-NO","potentialAction":[{"@type":"ReadAction","target":["https:\/\/babylove.se\/no\/produkt\/oyoy-ronja-canopy-brun-sengehimmel\/"]}]},{"@type":"ImageObject","inLanguage":"nb-NO","@id":"https:\/\/babylove.se\/no\/produkt\/oyoy-ronja-canopy-brun-sengehimmel\/#primaryimage","url":"https:\/\/babylove.se\/no\/wp-content\/uploads\/sites\/3\/2025\/07\/6010742e79fd0.jpeg","contentUrl":"https:\/\/babylove.se\/no\/wp-content\/uploads\/sites\/3\/2025\/07\/6010742e79fd0.jpeg","width":750,"height":750},{"@type":"BreadcrumbList","@id":"https:\/\/babylove.se\/no\/produkt\/oyoy-ronja-canopy-brun-sengehimmel\/#breadcrumb","itemListElement":[{"@type":"ListItem","position":1,"name":"Hem","item":"https:\/\/babylove.se\/no\/"},{"@type":"ListItem","position":2,"name":"Butik","item":"https:\/\/babylove.se\/no\/butik\/"},{"@type":"ListItem","position":3,"name":"Oyoy, Ronja canopy, brun sengehimmel"}]},{"@type":"WebSite","@id":"https:\/\/babylove.se\/no\/#website","url":"https:\/\/babylove.se\/no\/","name":"Babylove Norska","description":"","potentialAction":[{"@type":"SearchAction","target":{"@type":"EntryPoint","urlTemplate":"https:\/\/babylove.se\/no\/?s={search_term_string}"},"query-input":{"@type":"PropertyValueSpecification","valueRequired":true,"valueName":"search_term_string"}}],"inLanguage":"nb-NO"}]},"product_brand":"Oyoy","product_price_amount":"1199.00","product_price_currency":"SEK","og_availability":"out of stock","product_availability":"out of stock","product_retailer_item_id":"M1057","product_condition":"new"},"_links":{"self":[{"href":"https:\/\/babylove.se\/no\/wp-json\/wp\/v2\/product\/22323","targetHints":{"allow":["GET"]}}],"collection":[{"href":"https:\/\/babylove.se\/no\/wp-json\/wp\/v2\/product"}],"about":[{"href":"https:\/\/babylove.se\/no\/wp-json\/wp\/v2\/types\/product"}],"replies":[{"embeddable":true,"href":"https:\/\/babylove.se\/no\/wp-json\/wp\/v2\/comments?post=22323"}],"wp:featuredmedia":[{"embeddable":true,"href":"https:\/\/babylove.se\/no\/wp-json\/wp\/v2\/media\/22325"}],"wp:attachment":[{"href":"https:\/\/babylove.se\/no\/wp-json\/wp\/v2\/media?parent=22323"}],"wp:term":[{"taxonomy":"product_brand","embeddable":true,"href":"https:\/\/babylove.se\/no\/wp-json\/wp\/v2\/product_brand?post=22323"},{"taxonomy":"product_cat","embeddable":true,"href":"https:\/\/babylove.se\/no\/wp-json\/wp\/v2\/product_cat?post=22323"},{"taxonomy":"product_tag","embeddable":true,"href":"https:\/\/babylove.se\/no\/wp-json\/wp\/v2\/product_tag?post=22323"}],"curies":[{"name":"wp","href":"https:\/\/api.w.org\/{rel}","templated":true}]}}