{"id":2236,"date":"2025-07-18T20:07:09","date_gmt":"2025-07-18T19:07:09","guid":{"rendered":"https:\/\/babylove.se\/produkt\/puderrosa-lekmatta-deluxe-med-volang\/"},"modified":"2026-04-08T07:49:43","modified_gmt":"2026-04-08T06:49:43","slug":"puderrosa-lekematte-deluxe-med-volang","status":"publish","type":"product","link":"https:\/\/babylove.se\/no\/produkt\/puderrosa-lekematte-deluxe-med-volang\/","title":{"rendered":"Puderrosa lekematte Basic med volang, Cotton &#038; Sweets"},"content":{"rendered":"<p>For de aller minste tilbyr vi en deilig lekematte<strong>&nbsp;<\/strong>som er ekstremt myk og behagelig for barnet. Det ideelle stedet for ditt barn \u00e5 ha det g\u00f8y p\u00e5. Skap en unik barneroms innredning med denne lekematten, og kombiner den gjerne med andre produkter som sengehimmel eller hengende leker. Lekematten er dessuten ogs\u00e5 dekorert med meget vakre volanger. Finnes i fargene: Puderrosa, hvit, lysgr\u00e5, mint og m\u00f8rkbeige.&nbsp;<\/p>\n<p><strong>M\u00e5l<\/strong>: Diameter 120 cm og mattens tykkelse er ca 2-4 cm<\/p>\n<p><strong>Materiale<\/strong>: 100 % bomull og fyll av polyester.<\/p>\n<p>Designer: <a href=\"https:\/\/babylove.se\/varumarken\/cottonsweets\"><u>Cotton &amp; Sweets<\/u><\/a> .<\/p>\n","protected":false},"excerpt":{"rendered":"<p>For de aller minste tilbyr vi en deilig lekematte&nbsp;som er ekstremt myk og behagelig for barnet. Det ideelle stedet for ditt barn \u00e5 ha det g\u00f8y p\u00e5. Skap en unik barneroms innredning med denne lekematten, og kombiner den gjerne med andre produkter som sengehimmel eller hengende leker. Lekematten er dessuten ogs\u00e5 dekorert med meget vakre [&hellip;]<\/p>\n","protected":false},"featured_media":2238,"comment_status":"closed","ping_status":"open","template":"","meta":{"_acf_changed":false},"product_brand":[143],"product_cat":[144,70,25,52,86,135],"product_tag":[1689],"class_list":{"0":"post-2236","1":"product","2":"type-product","3":"status-publish","4":"has-post-thumbnail","6":"product_brand-cotton-sweets","7":"product_cat-cottonsweets","8":"product_cat-gaver","9":"product_cat-ikke-bare-jenter","10":"product_cat-lekematter","11":"product_cat-produktliste","12":"product_cat-tepper","13":"product_tag-bestillingsvaror","15":"first","16":"instock","17":"taxable","18":"shipping-taxable","19":"purchasable","20":"product-type-simple"},"acf":[],"yoast_head":"<!-- This site is optimized with the Yoast SEO Premium plugin v25.8 (Yoast SEO v27.2) - https:\/\/yoast.com\/product\/yoast-seo-premium-wordpress\/ -->\n<title>Pudderrosa lekmatta DeLuxe av Cotton &amp; Sweets<\/title>\n<meta name=\"description\" content=\"Vi erbjuder en lekmatta som \u00e4r extremt mjuk och behaglig f\u00f6r barnet. En idealisk plats f\u00f6r ditt barn - 14 dagars \u00f6ppet k\u00f6p - Fri frakt \u00f6ver 999 kr\" \/>\n<meta name=\"robots\" content=\"noindex, follow, max-snippet:-1, max-image-preview:large, max-video-preview:-1\" \/>\n<meta property=\"og:locale\" content=\"nb_NO\" \/>\n<meta property=\"og:type\" content=\"article\" \/>\n<meta property=\"og:title\" content=\"Puderrosa lekematte Basic med volang, Cotton &amp; Sweets\" \/>\n<meta property=\"og:description\" content=\"Vi erbjuder en lekmatta som \u00e4r extremt mjuk och behaglig f\u00f6r barnet. En idealisk plats f\u00f6r ditt barn - 14 dagars \u00f6ppet k\u00f6p - Fri frakt \u00f6ver 999 kr\" \/>\n<meta property=\"og:url\" content=\"https:\/\/babylove.se\/no\/produkt\/puderrosa-lekematte-deluxe-med-volang\/\" \/>\n<meta property=\"og:site_name\" content=\"Babylove Norska\" \/>\n<meta property=\"article:modified_time\" content=\"2026-04-08T06:49:43+00:00\" \/>\n<meta property=\"og:image\" content=\"https:\/\/babylove.se\/no\/wp-content\/uploads\/sites\/3\/2025\/07\/5977037110bc9.png\" \/>\n\t<meta property=\"og:image:width\" content=\"750\" \/>\n\t<meta property=\"og:image:height\" content=\"750\" \/>\n\t<meta property=\"og:image:type\" content=\"image\/png\" \/>\n<meta name=\"twitter:card\" content=\"summary_large_image\" \/>\n<meta name=\"twitter:label1\" content=\"Price\" \/>\n\t<meta name=\"twitter:data1\" content=\"969,00&nbsp;&#107;&#114;\" \/>\n\t<meta name=\"twitter:label2\" content=\"Availability\" \/>\n\t<meta name=\"twitter:data2\" content=\"In stock\" \/>\n<script type=\"application\/ld+json\" class=\"yoast-schema-graph\">{\"@context\":\"https:\/\/schema.org\",\"@graph\":[{\"@type\":\"WebPage\",\"@id\":\"https:\/\/babylove.se\/no\/produkt\/puderrosa-lekematte-deluxe-med-volang\/\",\"url\":\"https:\/\/babylove.se\/no\/produkt\/puderrosa-lekematte-deluxe-med-volang\/\",\"name\":\"Pudderrosa lekmatta DeLuxe av Cotton & Sweets\",\"isPartOf\":{\"@id\":\"https:\/\/babylove.se\/no\/#website\"},\"primaryImageOfPage\":{\"@id\":\"https:\/\/babylove.se\/no\/produkt\/puderrosa-lekematte-deluxe-med-volang\/#primaryimage\"},\"image\":{\"@id\":\"https:\/\/babylove.se\/no\/produkt\/puderrosa-lekematte-deluxe-med-volang\/#primaryimage\"},\"thumbnailUrl\":\"https:\/\/babylove.se\/no\/wp-content\/uploads\/sites\/3\/2025\/07\/5977037110bc9.png\",\"datePublished\":\"2025-07-18T19:07:09+00:00\",\"dateModified\":\"2026-04-08T06:49:43+00:00\",\"description\":\"Vi erbjuder en lekmatta som \u00e4r extremt mjuk och behaglig f\u00f6r barnet. En idealisk plats f\u00f6r ditt barn - 14 dagars \u00f6ppet k\u00f6p - Fri frakt \u00f6ver 999 kr\",\"breadcrumb\":{\"@id\":\"https:\/\/babylove.se\/no\/produkt\/puderrosa-lekematte-deluxe-med-volang\/#breadcrumb\"},\"inLanguage\":\"nb-NO\",\"potentialAction\":[{\"@type\":\"ReadAction\",\"target\":[\"https:\/\/babylove.se\/no\/produkt\/puderrosa-lekematte-deluxe-med-volang\/\"]}]},{\"@type\":\"ImageObject\",\"inLanguage\":\"nb-NO\",\"@id\":\"https:\/\/babylove.se\/no\/produkt\/puderrosa-lekematte-deluxe-med-volang\/#primaryimage\",\"url\":\"https:\/\/babylove.se\/no\/wp-content\/uploads\/sites\/3\/2025\/07\/5977037110bc9.png\",\"contentUrl\":\"https:\/\/babylove.se\/no\/wp-content\/uploads\/sites\/3\/2025\/07\/5977037110bc9.png\",\"width\":750,\"height\":750},{\"@type\":\"BreadcrumbList\",\"@id\":\"https:\/\/babylove.se\/no\/produkt\/puderrosa-lekematte-deluxe-med-volang\/#breadcrumb\",\"itemListElement\":[{\"@type\":\"ListItem\",\"position\":1,\"name\":\"Hem\",\"item\":\"https:\/\/babylove.se\/no\/\"},{\"@type\":\"ListItem\",\"position\":2,\"name\":\"Butik\",\"item\":\"https:\/\/babylove.se\/no\/butik\/\"},{\"@type\":\"ListItem\",\"position\":3,\"name\":\"Puderrosa lekematte Basic med volang, Cotton &#038; Sweets\"}]},{\"@type\":\"WebSite\",\"@id\":\"https:\/\/babylove.se\/no\/#website\",\"url\":\"https:\/\/babylove.se\/no\/\",\"name\":\"Babylove Norska\",\"description\":\"\",\"potentialAction\":[{\"@type\":\"SearchAction\",\"target\":{\"@type\":\"EntryPoint\",\"urlTemplate\":\"https:\/\/babylove.se\/no\/?s={search_term_string}\"},\"query-input\":{\"@type\":\"PropertyValueSpecification\",\"valueRequired\":true,\"valueName\":\"search_term_string\"}}],\"inLanguage\":\"nb-NO\"}]}<\/script>\n<meta property=\"product:brand\" content=\"Cotton &amp; Sweets\" \/>\n<meta property=\"product:price:amount\" content=\"969.00\" \/>\n<meta property=\"product:price:currency\" content=\"SEK\" \/>\n<meta property=\"og:availability\" content=\"instock\" \/>\n<meta property=\"product:availability\" content=\"instock\" \/>\n<meta property=\"product:retailer_item_id\" content=\"BC13202\" \/>\n<meta property=\"product:condition\" content=\"new\" \/>\n<!-- \/ Yoast SEO Premium plugin. -->","yoast_head_json":{"title":"Pudderrosa lekmatta DeLuxe av Cotton & Sweets","description":"Vi erbjuder en lekmatta som \u00e4r extremt mjuk och behaglig f\u00f6r barnet. En idealisk plats f\u00f6r ditt barn - 14 dagars \u00f6ppet k\u00f6p - Fri frakt \u00f6ver 999 kr","robots":{"index":"noindex","follow":"follow","max-snippet":"max-snippet:-1","max-image-preview":"max-image-preview:large","max-video-preview":"max-video-preview:-1"},"og_locale":"nb_NO","og_type":"article","og_title":"Puderrosa lekematte Basic med volang, Cotton & Sweets","og_description":"Vi erbjuder en lekmatta som \u00e4r extremt mjuk och behaglig f\u00f6r barnet. En idealisk plats f\u00f6r ditt barn - 14 dagars \u00f6ppet k\u00f6p - Fri frakt \u00f6ver 999 kr","og_url":"https:\/\/babylove.se\/no\/produkt\/puderrosa-lekematte-deluxe-med-volang\/","og_site_name":"Babylove Norska","article_modified_time":"2026-04-08T06:49:43+00:00","og_image":[{"width":750,"height":750,"url":"https:\/\/babylove.se\/no\/wp-content\/uploads\/sites\/3\/2025\/07\/5977037110bc9.png","type":"image\/png"}],"twitter_card":"summary_large_image","twitter_misc":{"Price":"969,00&nbsp;&#107;&#114;","Availability":"In stock"},"schema":{"@context":"https:\/\/schema.org","@graph":[{"@type":"WebPage","@id":"https:\/\/babylove.se\/no\/produkt\/puderrosa-lekematte-deluxe-med-volang\/","url":"https:\/\/babylove.se\/no\/produkt\/puderrosa-lekematte-deluxe-med-volang\/","name":"Pudderrosa lekmatta DeLuxe av Cotton & Sweets","isPartOf":{"@id":"https:\/\/babylove.se\/no\/#website"},"primaryImageOfPage":{"@id":"https:\/\/babylove.se\/no\/produkt\/puderrosa-lekematte-deluxe-med-volang\/#primaryimage"},"image":{"@id":"https:\/\/babylove.se\/no\/produkt\/puderrosa-lekematte-deluxe-med-volang\/#primaryimage"},"thumbnailUrl":"https:\/\/babylove.se\/no\/wp-content\/uploads\/sites\/3\/2025\/07\/5977037110bc9.png","datePublished":"2025-07-18T19:07:09+00:00","dateModified":"2026-04-08T06:49:43+00:00","description":"Vi erbjuder en lekmatta som \u00e4r extremt mjuk och behaglig f\u00f6r barnet. En idealisk plats f\u00f6r ditt barn - 14 dagars \u00f6ppet k\u00f6p - Fri frakt \u00f6ver 999 kr","breadcrumb":{"@id":"https:\/\/babylove.se\/no\/produkt\/puderrosa-lekematte-deluxe-med-volang\/#breadcrumb"},"inLanguage":"nb-NO","potentialAction":[{"@type":"ReadAction","target":["https:\/\/babylove.se\/no\/produkt\/puderrosa-lekematte-deluxe-med-volang\/"]}]},{"@type":"ImageObject","inLanguage":"nb-NO","@id":"https:\/\/babylove.se\/no\/produkt\/puderrosa-lekematte-deluxe-med-volang\/#primaryimage","url":"https:\/\/babylove.se\/no\/wp-content\/uploads\/sites\/3\/2025\/07\/5977037110bc9.png","contentUrl":"https:\/\/babylove.se\/no\/wp-content\/uploads\/sites\/3\/2025\/07\/5977037110bc9.png","width":750,"height":750},{"@type":"BreadcrumbList","@id":"https:\/\/babylove.se\/no\/produkt\/puderrosa-lekematte-deluxe-med-volang\/#breadcrumb","itemListElement":[{"@type":"ListItem","position":1,"name":"Hem","item":"https:\/\/babylove.se\/no\/"},{"@type":"ListItem","position":2,"name":"Butik","item":"https:\/\/babylove.se\/no\/butik\/"},{"@type":"ListItem","position":3,"name":"Puderrosa lekematte Basic med volang, Cotton &#038; Sweets"}]},{"@type":"WebSite","@id":"https:\/\/babylove.se\/no\/#website","url":"https:\/\/babylove.se\/no\/","name":"Babylove Norska","description":"","potentialAction":[{"@type":"SearchAction","target":{"@type":"EntryPoint","urlTemplate":"https:\/\/babylove.se\/no\/?s={search_term_string}"},"query-input":{"@type":"PropertyValueSpecification","valueRequired":true,"valueName":"search_term_string"}}],"inLanguage":"nb-NO"}]},"product_brand":"Cotton &amp; Sweets","product_price_amount":"969.00","product_price_currency":"SEK","og_availability":"instock","product_availability":"instock","product_retailer_item_id":"BC13202","product_condition":"new"},"_links":{"self":[{"href":"https:\/\/babylove.se\/no\/wp-json\/wp\/v2\/product\/2236","targetHints":{"allow":["GET"]}}],"collection":[{"href":"https:\/\/babylove.se\/no\/wp-json\/wp\/v2\/product"}],"about":[{"href":"https:\/\/babylove.se\/no\/wp-json\/wp\/v2\/types\/product"}],"replies":[{"embeddable":true,"href":"https:\/\/babylove.se\/no\/wp-json\/wp\/v2\/comments?post=2236"}],"wp:featuredmedia":[{"embeddable":true,"href":"https:\/\/babylove.se\/no\/wp-json\/wp\/v2\/media\/2238"}],"wp:attachment":[{"href":"https:\/\/babylove.se\/no\/wp-json\/wp\/v2\/media?parent=2236"}],"wp:term":[{"taxonomy":"product_brand","embeddable":true,"href":"https:\/\/babylove.se\/no\/wp-json\/wp\/v2\/product_brand?post=2236"},{"taxonomy":"product_cat","embeddable":true,"href":"https:\/\/babylove.se\/no\/wp-json\/wp\/v2\/product_cat?post=2236"},{"taxonomy":"product_tag","embeddable":true,"href":"https:\/\/babylove.se\/no\/wp-json\/wp\/v2\/product_tag?post=2236"}],"curies":[{"name":"wp","href":"https:\/\/api.w.org\/{rel}","templated":true}]}}