{"id":22538,"date":"2025-07-18T22:56:53","date_gmt":"2025-07-18T21:56:53","guid":{"rendered":"https:\/\/babylove.se\/produkt\/moi-mili-tipitalt-med-volanger-shabby-chick\/"},"modified":"2026-04-08T09:52:20","modified_gmt":"2026-04-08T08:52:20","slug":"moi-mili-tipitalt-med-volanger-shabby-chic","status":"publish","type":"product","link":"https:\/\/babylove.se\/no\/produkt\/moi-mili-tipitalt-med-volanger-shabby-chic\/","title":{"rendered":"Moi Mili, tipitelt med volanger Shabby Chick"},"content":{"rendered":"<p>Et tipitelt utover det vanlige, det er det du f\u00e5r med dette fine leketeltet fra Moi Mili. En klassisk og stilren form, men full av vakre detaljer som blir en vakker del av barnerominnredningen din. <\/p>\n<p><strong>Fakta:<\/strong> <\/p>\n<ul>\n<li>Teltpinnene er avrundede og laget av utvalgt furutre, du knyter enkelt fast teltet \u00f8verst oppe.<\/li>\n<li>Samtlige tipitelt har en base i form av en femkant og selges med fem innervegger. I tillegg har det et fint vindu p\u00e5 venstre side.<\/li>\n<li>Sist men ikke minst, er stoffet laget av OEKO-TEX sertifisert bomull og er tykt og solid, laget for \u00e5 holde.<\/li>\n<li>Teltet er CE sertifisert<\/li>\n<li>Tipiteltet er ogs\u00e5 godt egnet for utelek i hagen, p\u00e5 stranda eller p\u00e5 uteplassen.<\/li>\n<\/ul>\n<p><strong>M\u00e5l<\/strong>: Basen er i form av en pentagon og er p\u00e5 det bredeste stedet 130 cm. Total h\u00f8yde p\u00e5 teltet er 170 cm. <\/p>\n<p>Teltduken kan vaskes i 30 grader. 100% bomull <\/p>\n<p>Leketeltet anbefales til barn over 18 m\u00e5neder. <\/p>\n<p>Designer: <a href=\"https:\/\/babylove.se\/varumarken\/moi-mili\">Moi MIli<\/a><\/p>\n","protected":false},"excerpt":{"rendered":"<p>Et tipitelt utover det vanlige, det er det du f\u00e5r med dette fine leketeltet fra Moi Mili. En klassisk og stilren form, men full av vakre detaljer som blir en vakker del av barnerominnredningen din. Fakta: Teltpinnene er avrundede og laget av utvalgt furutre, du knyter enkelt fast teltet \u00f8verst oppe. Samtlige tipitelt har en [&hellip;]<\/p>\n","protected":false},"featured_media":22540,"comment_status":"closed","ping_status":"closed","template":"","meta":{"_acf_changed":false},"product_brand":[912],"product_cat":[275,913,276],"product_tag":[1689],"class_list":{"0":"post-22538","1":"product","2":"type-product","3":"status-publish","4":"has-post-thumbnail","6":"product_brand-moi-mili","7":"product_cat-tipitalt-lektalt","8":"product_cat-moi-mili","9":"product_cat-tipi-telt-barnerom","10":"product_tag-bestillingsvaror","12":"first","13":"instock","14":"taxable","15":"shipping-taxable","16":"purchasable","17":"product-type-simple"},"acf":[],"yoast_head":"<!-- This site is optimized with the Yoast SEO Premium plugin v25.8 (Yoast SEO v27.2) - https:\/\/yoast.com\/product\/yoast-seo-premium-wordpress\/ -->\n<title>Moi Mili, tipitelt med volanger Shabby Chick - Babylove Norska<\/title>\n<meta name=\"robots\" content=\"noindex, follow, max-snippet:-1, max-image-preview:large, max-video-preview:-1\" \/>\n<meta property=\"og:locale\" content=\"nb_NO\" \/>\n<meta property=\"og:type\" content=\"article\" \/>\n<meta property=\"og:title\" content=\"Moi Mili, tipitelt med volanger Shabby Chick\" \/>\n<meta property=\"og:description\" content=\"Et tipitelt utover det vanlige, det er det du f\u00e5r med dette fine leketeltet fra Moi Mili. En klassisk og stilren form, men full av vakre detaljer som blir en vakker del av barnerominnredningen din. Fakta: Teltpinnene er avrundede og laget av utvalgt furutre, du knyter enkelt fast teltet \u00f8verst oppe. Samtlige tipitelt har en [&hellip;]\" \/>\n<meta property=\"og:url\" content=\"https:\/\/babylove.se\/no\/produkt\/moi-mili-tipitalt-med-volanger-shabby-chic\/\" \/>\n<meta property=\"og:site_name\" content=\"Babylove Norska\" \/>\n<meta property=\"article:modified_time\" content=\"2026-04-08T08:52:20+00:00\" \/>\n<meta property=\"og:image\" content=\"https:\/\/babylove.se\/no\/wp-content\/uploads\/sites\/3\/2025\/07\/6022e72460e74.jpeg\" \/>\n\t<meta property=\"og:image:width\" content=\"563\" \/>\n\t<meta property=\"og:image:height\" content=\"750\" \/>\n\t<meta property=\"og:image:type\" content=\"image\/jpeg\" \/>\n<meta name=\"twitter:card\" content=\"summary_large_image\" \/>\n<meta name=\"twitter:label1\" content=\"Price\" \/>\n\t<meta name=\"twitter:data1\" content=\"2 999,00&nbsp;&#107;&#114;\" \/>\n\t<meta name=\"twitter:label2\" content=\"Availability\" \/>\n\t<meta name=\"twitter:data2\" content=\"In stock\" \/>\n<script type=\"application\/ld+json\" class=\"yoast-schema-graph\">{\"@context\":\"https:\/\/schema.org\",\"@graph\":[{\"@type\":\"WebPage\",\"@id\":\"https:\/\/babylove.se\/no\/produkt\/moi-mili-tipitalt-med-volanger-shabby-chic\/\",\"url\":\"https:\/\/babylove.se\/no\/produkt\/moi-mili-tipitalt-med-volanger-shabby-chic\/\",\"name\":\"Moi Mili, tipitelt med volanger Shabby Chick - Babylove Norska\",\"isPartOf\":{\"@id\":\"https:\/\/babylove.se\/no\/#website\"},\"primaryImageOfPage\":{\"@id\":\"https:\/\/babylove.se\/no\/produkt\/moi-mili-tipitalt-med-volanger-shabby-chic\/#primaryimage\"},\"image\":{\"@id\":\"https:\/\/babylove.se\/no\/produkt\/moi-mili-tipitalt-med-volanger-shabby-chic\/#primaryimage\"},\"thumbnailUrl\":\"https:\/\/babylove.se\/no\/wp-content\/uploads\/sites\/3\/2025\/07\/6022e72460e74.jpeg\",\"datePublished\":\"2025-07-18T21:56:53+00:00\",\"dateModified\":\"2026-04-08T08:52:20+00:00\",\"breadcrumb\":{\"@id\":\"https:\/\/babylove.se\/no\/produkt\/moi-mili-tipitalt-med-volanger-shabby-chic\/#breadcrumb\"},\"inLanguage\":\"nb-NO\",\"potentialAction\":[{\"@type\":\"ReadAction\",\"target\":[\"https:\/\/babylove.se\/no\/produkt\/moi-mili-tipitalt-med-volanger-shabby-chic\/\"]}]},{\"@type\":\"ImageObject\",\"inLanguage\":\"nb-NO\",\"@id\":\"https:\/\/babylove.se\/no\/produkt\/moi-mili-tipitalt-med-volanger-shabby-chic\/#primaryimage\",\"url\":\"https:\/\/babylove.se\/no\/wp-content\/uploads\/sites\/3\/2025\/07\/6022e72460e74.jpeg\",\"contentUrl\":\"https:\/\/babylove.se\/no\/wp-content\/uploads\/sites\/3\/2025\/07\/6022e72460e74.jpeg\",\"width\":563,\"height\":750},{\"@type\":\"BreadcrumbList\",\"@id\":\"https:\/\/babylove.se\/no\/produkt\/moi-mili-tipitalt-med-volanger-shabby-chic\/#breadcrumb\",\"itemListElement\":[{\"@type\":\"ListItem\",\"position\":1,\"name\":\"Hem\",\"item\":\"https:\/\/babylove.se\/no\/\"},{\"@type\":\"ListItem\",\"position\":2,\"name\":\"Butik\",\"item\":\"https:\/\/babylove.se\/no\/butik\/\"},{\"@type\":\"ListItem\",\"position\":3,\"name\":\"Moi Mili, tipitelt med volanger Shabby Chick\"}]},{\"@type\":\"WebSite\",\"@id\":\"https:\/\/babylove.se\/no\/#website\",\"url\":\"https:\/\/babylove.se\/no\/\",\"name\":\"Babylove Norska\",\"description\":\"\",\"potentialAction\":[{\"@type\":\"SearchAction\",\"target\":{\"@type\":\"EntryPoint\",\"urlTemplate\":\"https:\/\/babylove.se\/no\/?s={search_term_string}\"},\"query-input\":{\"@type\":\"PropertyValueSpecification\",\"valueRequired\":true,\"valueName\":\"search_term_string\"}}],\"inLanguage\":\"nb-NO\"}]}<\/script>\n<meta property=\"product:brand\" content=\"Moi Mili\" \/>\n<meta property=\"product:price:amount\" content=\"2999.00\" \/>\n<meta property=\"product:price:currency\" content=\"SEK\" \/>\n<meta property=\"og:availability\" content=\"instock\" \/>\n<meta property=\"product:availability\" content=\"instock\" \/>\n<meta property=\"product:retailer_item_id\" content=\"TZF-SC\" \/>\n<meta property=\"product:condition\" content=\"new\" \/>\n<!-- \/ Yoast SEO Premium plugin. -->","yoast_head_json":{"title":"Moi Mili, tipitelt med volanger Shabby Chick - Babylove Norska","robots":{"index":"noindex","follow":"follow","max-snippet":"max-snippet:-1","max-image-preview":"max-image-preview:large","max-video-preview":"max-video-preview:-1"},"og_locale":"nb_NO","og_type":"article","og_title":"Moi Mili, tipitelt med volanger Shabby Chick","og_description":"Et tipitelt utover det vanlige, det er det du f\u00e5r med dette fine leketeltet fra Moi Mili. En klassisk og stilren form, men full av vakre detaljer som blir en vakker del av barnerominnredningen din. Fakta: Teltpinnene er avrundede og laget av utvalgt furutre, du knyter enkelt fast teltet \u00f8verst oppe. Samtlige tipitelt har en [&hellip;]","og_url":"https:\/\/babylove.se\/no\/produkt\/moi-mili-tipitalt-med-volanger-shabby-chic\/","og_site_name":"Babylove Norska","article_modified_time":"2026-04-08T08:52:20+00:00","og_image":[{"width":563,"height":750,"url":"https:\/\/babylove.se\/no\/wp-content\/uploads\/sites\/3\/2025\/07\/6022e72460e74.jpeg","type":"image\/jpeg"}],"twitter_card":"summary_large_image","twitter_misc":{"Price":"2 999,00&nbsp;&#107;&#114;","Availability":"In stock"},"schema":{"@context":"https:\/\/schema.org","@graph":[{"@type":"WebPage","@id":"https:\/\/babylove.se\/no\/produkt\/moi-mili-tipitalt-med-volanger-shabby-chic\/","url":"https:\/\/babylove.se\/no\/produkt\/moi-mili-tipitalt-med-volanger-shabby-chic\/","name":"Moi Mili, tipitelt med volanger Shabby Chick - Babylove Norska","isPartOf":{"@id":"https:\/\/babylove.se\/no\/#website"},"primaryImageOfPage":{"@id":"https:\/\/babylove.se\/no\/produkt\/moi-mili-tipitalt-med-volanger-shabby-chic\/#primaryimage"},"image":{"@id":"https:\/\/babylove.se\/no\/produkt\/moi-mili-tipitalt-med-volanger-shabby-chic\/#primaryimage"},"thumbnailUrl":"https:\/\/babylove.se\/no\/wp-content\/uploads\/sites\/3\/2025\/07\/6022e72460e74.jpeg","datePublished":"2025-07-18T21:56:53+00:00","dateModified":"2026-04-08T08:52:20+00:00","breadcrumb":{"@id":"https:\/\/babylove.se\/no\/produkt\/moi-mili-tipitalt-med-volanger-shabby-chic\/#breadcrumb"},"inLanguage":"nb-NO","potentialAction":[{"@type":"ReadAction","target":["https:\/\/babylove.se\/no\/produkt\/moi-mili-tipitalt-med-volanger-shabby-chic\/"]}]},{"@type":"ImageObject","inLanguage":"nb-NO","@id":"https:\/\/babylove.se\/no\/produkt\/moi-mili-tipitalt-med-volanger-shabby-chic\/#primaryimage","url":"https:\/\/babylove.se\/no\/wp-content\/uploads\/sites\/3\/2025\/07\/6022e72460e74.jpeg","contentUrl":"https:\/\/babylove.se\/no\/wp-content\/uploads\/sites\/3\/2025\/07\/6022e72460e74.jpeg","width":563,"height":750},{"@type":"BreadcrumbList","@id":"https:\/\/babylove.se\/no\/produkt\/moi-mili-tipitalt-med-volanger-shabby-chic\/#breadcrumb","itemListElement":[{"@type":"ListItem","position":1,"name":"Hem","item":"https:\/\/babylove.se\/no\/"},{"@type":"ListItem","position":2,"name":"Butik","item":"https:\/\/babylove.se\/no\/butik\/"},{"@type":"ListItem","position":3,"name":"Moi Mili, tipitelt med volanger Shabby Chick"}]},{"@type":"WebSite","@id":"https:\/\/babylove.se\/no\/#website","url":"https:\/\/babylove.se\/no\/","name":"Babylove Norska","description":"","potentialAction":[{"@type":"SearchAction","target":{"@type":"EntryPoint","urlTemplate":"https:\/\/babylove.se\/no\/?s={search_term_string}"},"query-input":{"@type":"PropertyValueSpecification","valueRequired":true,"valueName":"search_term_string"}}],"inLanguage":"nb-NO"}]},"product_brand":"Moi Mili","product_price_amount":"2999.00","product_price_currency":"SEK","og_availability":"instock","product_availability":"instock","product_retailer_item_id":"TZF-SC","product_condition":"new"},"_links":{"self":[{"href":"https:\/\/babylove.se\/no\/wp-json\/wp\/v2\/product\/22538","targetHints":{"allow":["GET"]}}],"collection":[{"href":"https:\/\/babylove.se\/no\/wp-json\/wp\/v2\/product"}],"about":[{"href":"https:\/\/babylove.se\/no\/wp-json\/wp\/v2\/types\/product"}],"replies":[{"embeddable":true,"href":"https:\/\/babylove.se\/no\/wp-json\/wp\/v2\/comments?post=22538"}],"wp:featuredmedia":[{"embeddable":true,"href":"https:\/\/babylove.se\/no\/wp-json\/wp\/v2\/media\/22540"}],"wp:attachment":[{"href":"https:\/\/babylove.se\/no\/wp-json\/wp\/v2\/media?parent=22538"}],"wp:term":[{"taxonomy":"product_brand","embeddable":true,"href":"https:\/\/babylove.se\/no\/wp-json\/wp\/v2\/product_brand?post=22538"},{"taxonomy":"product_cat","embeddable":true,"href":"https:\/\/babylove.se\/no\/wp-json\/wp\/v2\/product_cat?post=22538"},{"taxonomy":"product_tag","embeddable":true,"href":"https:\/\/babylove.se\/no\/wp-json\/wp\/v2\/product_tag?post=22538"}],"curies":[{"name":"wp","href":"https:\/\/api.w.org\/{rel}","templated":true}]}}