{"id":22730,"date":"2025-07-18T22:58:10","date_gmt":"2025-07-18T21:58:10","guid":{"rendered":"https:\/\/babylove.se\/produkt\/ng-baby-spjalskydd-bedside-crib-av-linne-med-volang-natural\/"},"modified":"2026-04-08T09:53:40","modified_gmt":"2026-04-08T08:53:40","slug":"ng-baby-sengekant-bedside-crib-av-lin-med-volang-natural","status":"publish","type":"product","link":"https:\/\/babylove.se\/no\/produkt\/ng-baby-sengekant-bedside-crib-av-lin-med-volang-natural\/","title":{"rendered":"Ng Baby, Sengehest bedside crib av lin med VOLANG, NATURAL"},"content":{"rendered":"<p>Et meget vakkert og h\u00f8ykvalitets sengehest til minisengen Bedside crib fra Troll i en vakker naturfarge kommer sammen med sine vidunderlige volanger til \u00e5 skape en deilig atmosf\u00e6re i barnets seng og p\u00e5 barnerommet.<\/p>\n<p>Sengehesten er produsert i Sverige av NG Baby og i 100 % av et fantastisk fint lin. Medf\u00f8lger gj\u00f8r ogs\u00e5 vakre knyteb\u00e5nd som er laget av bomull. Fyllingen best\u00e5r av deilig fibervatt som gj\u00f8r at sengehesten holder formen lenge. Gjerne match med senget\u00f8y fra samme kolleksjon for \u00e5 f\u00e5 et vakkert helhetsbilde.<\/p>\n<p><strong>M\u00e5l<\/strong>: 170&#215;200 cm + 90&#215;20 cm&nbsp;<\/p>\n<p>Designer: <a href=\"https:\/\/babylove.se\/varumarken\/ng-baby\">Ng Baby<\/a><\/p>\n<p><a href=\"https:\/\/babylove.se\/barnmobler\/bedside-cribs\"><u>Se alle v\u00e5re bedside crib her!<\/u><\/a><\/p>\n","protected":false},"excerpt":{"rendered":"<p>Et meget vakkert og h\u00f8ykvalitets sengehest til minisengen Bedside crib fra Troll i en vakker naturfarge kommer sammen med sine vidunderlige volanger til \u00e5 skape en deilig atmosf\u00e6re i barnets seng og p\u00e5 barnerommet. Sengehesten er produsert i Sverige av NG Baby og i 100 % av et fantastisk fint lin. Medf\u00f8lger gj\u00f8r ogs\u00e5 vakre [&hellip;]<\/p>\n","protected":false},"featured_media":22732,"comment_status":"closed","ping_status":"open","template":"","meta":{"_acf_changed":false},"product_brand":[107],"product_cat":[109,108],"product_tag":[1689],"class_list":{"0":"post-22730","1":"product","2":"type-product","3":"status-publish","4":"has-post-thumbnail","6":"product_brand-ng-baby","7":"product_cat-ng-baby","8":"product_cat-barnesengbeskyttelse","9":"product_tag-bestillingsvaror","11":"first","12":"outofstock","13":"taxable","14":"shipping-taxable","15":"purchasable","16":"product-type-simple"},"acf":[],"yoast_head":"<!-- This site is optimized with the Yoast SEO Premium plugin v25.8 (Yoast SEO v27.2) - https:\/\/yoast.com\/product\/yoast-seo-premium-wordpress\/ -->\n<title>Ng Baby, Sengehest bedside crib av lin med VOLANG, NATURAL - Babylove Norska<\/title>\n<meta name=\"robots\" content=\"noindex, follow, max-snippet:-1, max-image-preview:large, max-video-preview:-1\" \/>\n<meta property=\"og:locale\" content=\"nb_NO\" \/>\n<meta property=\"og:type\" content=\"article\" \/>\n<meta property=\"og:title\" content=\"Ng Baby, Sengehest bedside crib av lin med VOLANG, NATURAL\" \/>\n<meta property=\"og:description\" content=\"Et meget vakkert og h\u00f8ykvalitets sengehest til minisengen Bedside crib fra Troll i en vakker naturfarge kommer sammen med sine vidunderlige volanger til \u00e5 skape en deilig atmosf\u00e6re i barnets seng og p\u00e5 barnerommet. Sengehesten er produsert i Sverige av NG Baby og i 100 % av et fantastisk fint lin. Medf\u00f8lger gj\u00f8r ogs\u00e5 vakre [&hellip;]\" \/>\n<meta property=\"og:url\" content=\"https:\/\/babylove.se\/no\/produkt\/ng-baby-sengekant-bedside-crib-av-lin-med-volang-natural\/\" \/>\n<meta property=\"og:site_name\" content=\"Babylove Norska\" \/>\n<meta property=\"article:modified_time\" content=\"2026-04-08T08:53:40+00:00\" \/>\n<meta property=\"og:image\" content=\"https:\/\/babylove.se\/no\/wp-content\/uploads\/sites\/3\/2025\/07\/602cdc6b9cd2f.jpeg\" \/>\n\t<meta property=\"og:image:width\" content=\"750\" \/>\n\t<meta property=\"og:image:height\" content=\"750\" \/>\n\t<meta property=\"og:image:type\" content=\"image\/jpeg\" \/>\n<meta name=\"twitter:card\" content=\"summary_large_image\" \/>\n<meta name=\"twitter:label1\" content=\"Price\" \/>\n\t<meta name=\"twitter:data1\" content=\"649,00&nbsp;&#107;&#114;\" \/>\n\t<meta name=\"twitter:label2\" content=\"Availability\" \/>\n\t<meta name=\"twitter:data2\" content=\"Out of stock\" \/>\n<script type=\"application\/ld+json\" class=\"yoast-schema-graph\">{\"@context\":\"https:\/\/schema.org\",\"@graph\":[{\"@type\":\"WebPage\",\"@id\":\"https:\/\/babylove.se\/no\/produkt\/ng-baby-sengekant-bedside-crib-av-lin-med-volang-natural\/\",\"url\":\"https:\/\/babylove.se\/no\/produkt\/ng-baby-sengekant-bedside-crib-av-lin-med-volang-natural\/\",\"name\":\"Ng Baby, Sengehest bedside crib av lin med VOLANG, NATURAL - Babylove Norska\",\"isPartOf\":{\"@id\":\"https:\/\/babylove.se\/no\/#website\"},\"primaryImageOfPage\":{\"@id\":\"https:\/\/babylove.se\/no\/produkt\/ng-baby-sengekant-bedside-crib-av-lin-med-volang-natural\/#primaryimage\"},\"image\":{\"@id\":\"https:\/\/babylove.se\/no\/produkt\/ng-baby-sengekant-bedside-crib-av-lin-med-volang-natural\/#primaryimage\"},\"thumbnailUrl\":\"https:\/\/babylove.se\/no\/wp-content\/uploads\/sites\/3\/2025\/07\/602cdc6b9cd2f.jpeg\",\"datePublished\":\"2025-07-18T21:58:10+00:00\",\"dateModified\":\"2026-04-08T08:53:40+00:00\",\"breadcrumb\":{\"@id\":\"https:\/\/babylove.se\/no\/produkt\/ng-baby-sengekant-bedside-crib-av-lin-med-volang-natural\/#breadcrumb\"},\"inLanguage\":\"nb-NO\",\"potentialAction\":[{\"@type\":\"ReadAction\",\"target\":[\"https:\/\/babylove.se\/no\/produkt\/ng-baby-sengekant-bedside-crib-av-lin-med-volang-natural\/\"]}]},{\"@type\":\"ImageObject\",\"inLanguage\":\"nb-NO\",\"@id\":\"https:\/\/babylove.se\/no\/produkt\/ng-baby-sengekant-bedside-crib-av-lin-med-volang-natural\/#primaryimage\",\"url\":\"https:\/\/babylove.se\/no\/wp-content\/uploads\/sites\/3\/2025\/07\/602cdc6b9cd2f.jpeg\",\"contentUrl\":\"https:\/\/babylove.se\/no\/wp-content\/uploads\/sites\/3\/2025\/07\/602cdc6b9cd2f.jpeg\",\"width\":750,\"height\":750},{\"@type\":\"BreadcrumbList\",\"@id\":\"https:\/\/babylove.se\/no\/produkt\/ng-baby-sengekant-bedside-crib-av-lin-med-volang-natural\/#breadcrumb\",\"itemListElement\":[{\"@type\":\"ListItem\",\"position\":1,\"name\":\"Hem\",\"item\":\"https:\/\/babylove.se\/no\/\"},{\"@type\":\"ListItem\",\"position\":2,\"name\":\"Butik\",\"item\":\"https:\/\/babylove.se\/no\/butik\/\"},{\"@type\":\"ListItem\",\"position\":3,\"name\":\"Ng Baby, Sengehest bedside crib av lin med VOLANG, NATURAL\"}]},{\"@type\":\"WebSite\",\"@id\":\"https:\/\/babylove.se\/no\/#website\",\"url\":\"https:\/\/babylove.se\/no\/\",\"name\":\"Babylove Norska\",\"description\":\"\",\"potentialAction\":[{\"@type\":\"SearchAction\",\"target\":{\"@type\":\"EntryPoint\",\"urlTemplate\":\"https:\/\/babylove.se\/no\/?s={search_term_string}\"},\"query-input\":{\"@type\":\"PropertyValueSpecification\",\"valueRequired\":true,\"valueName\":\"search_term_string\"}}],\"inLanguage\":\"nb-NO\"}]}<\/script>\n<meta property=\"product:brand\" content=\"Ng Baby\" \/>\n<meta property=\"product:price:amount\" content=\"649.00\" \/>\n<meta property=\"product:price:currency\" content=\"SEK\" \/>\n<meta property=\"og:availability\" content=\"out of stock\" \/>\n<meta property=\"product:availability\" content=\"out of stock\" \/>\n<meta property=\"product:retailer_item_id\" content=\"70350-023\" \/>\n<meta property=\"product:condition\" content=\"new\" \/>\n<!-- \/ Yoast SEO Premium plugin. -->","yoast_head_json":{"title":"Ng Baby, Sengehest bedside crib av lin med VOLANG, NATURAL - Babylove Norska","robots":{"index":"noindex","follow":"follow","max-snippet":"max-snippet:-1","max-image-preview":"max-image-preview:large","max-video-preview":"max-video-preview:-1"},"og_locale":"nb_NO","og_type":"article","og_title":"Ng Baby, Sengehest bedside crib av lin med VOLANG, NATURAL","og_description":"Et meget vakkert og h\u00f8ykvalitets sengehest til minisengen Bedside crib fra Troll i en vakker naturfarge kommer sammen med sine vidunderlige volanger til \u00e5 skape en deilig atmosf\u00e6re i barnets seng og p\u00e5 barnerommet. Sengehesten er produsert i Sverige av NG Baby og i 100 % av et fantastisk fint lin. Medf\u00f8lger gj\u00f8r ogs\u00e5 vakre [&hellip;]","og_url":"https:\/\/babylove.se\/no\/produkt\/ng-baby-sengekant-bedside-crib-av-lin-med-volang-natural\/","og_site_name":"Babylove Norska","article_modified_time":"2026-04-08T08:53:40+00:00","og_image":[{"width":750,"height":750,"url":"https:\/\/babylove.se\/no\/wp-content\/uploads\/sites\/3\/2025\/07\/602cdc6b9cd2f.jpeg","type":"image\/jpeg"}],"twitter_card":"summary_large_image","twitter_misc":{"Price":"649,00&nbsp;&#107;&#114;","Availability":"Out of stock"},"schema":{"@context":"https:\/\/schema.org","@graph":[{"@type":"WebPage","@id":"https:\/\/babylove.se\/no\/produkt\/ng-baby-sengekant-bedside-crib-av-lin-med-volang-natural\/","url":"https:\/\/babylove.se\/no\/produkt\/ng-baby-sengekant-bedside-crib-av-lin-med-volang-natural\/","name":"Ng Baby, Sengehest bedside crib av lin med VOLANG, NATURAL - Babylove Norska","isPartOf":{"@id":"https:\/\/babylove.se\/no\/#website"},"primaryImageOfPage":{"@id":"https:\/\/babylove.se\/no\/produkt\/ng-baby-sengekant-bedside-crib-av-lin-med-volang-natural\/#primaryimage"},"image":{"@id":"https:\/\/babylove.se\/no\/produkt\/ng-baby-sengekant-bedside-crib-av-lin-med-volang-natural\/#primaryimage"},"thumbnailUrl":"https:\/\/babylove.se\/no\/wp-content\/uploads\/sites\/3\/2025\/07\/602cdc6b9cd2f.jpeg","datePublished":"2025-07-18T21:58:10+00:00","dateModified":"2026-04-08T08:53:40+00:00","breadcrumb":{"@id":"https:\/\/babylove.se\/no\/produkt\/ng-baby-sengekant-bedside-crib-av-lin-med-volang-natural\/#breadcrumb"},"inLanguage":"nb-NO","potentialAction":[{"@type":"ReadAction","target":["https:\/\/babylove.se\/no\/produkt\/ng-baby-sengekant-bedside-crib-av-lin-med-volang-natural\/"]}]},{"@type":"ImageObject","inLanguage":"nb-NO","@id":"https:\/\/babylove.se\/no\/produkt\/ng-baby-sengekant-bedside-crib-av-lin-med-volang-natural\/#primaryimage","url":"https:\/\/babylove.se\/no\/wp-content\/uploads\/sites\/3\/2025\/07\/602cdc6b9cd2f.jpeg","contentUrl":"https:\/\/babylove.se\/no\/wp-content\/uploads\/sites\/3\/2025\/07\/602cdc6b9cd2f.jpeg","width":750,"height":750},{"@type":"BreadcrumbList","@id":"https:\/\/babylove.se\/no\/produkt\/ng-baby-sengekant-bedside-crib-av-lin-med-volang-natural\/#breadcrumb","itemListElement":[{"@type":"ListItem","position":1,"name":"Hem","item":"https:\/\/babylove.se\/no\/"},{"@type":"ListItem","position":2,"name":"Butik","item":"https:\/\/babylove.se\/no\/butik\/"},{"@type":"ListItem","position":3,"name":"Ng Baby, Sengehest bedside crib av lin med VOLANG, NATURAL"}]},{"@type":"WebSite","@id":"https:\/\/babylove.se\/no\/#website","url":"https:\/\/babylove.se\/no\/","name":"Babylove Norska","description":"","potentialAction":[{"@type":"SearchAction","target":{"@type":"EntryPoint","urlTemplate":"https:\/\/babylove.se\/no\/?s={search_term_string}"},"query-input":{"@type":"PropertyValueSpecification","valueRequired":true,"valueName":"search_term_string"}}],"inLanguage":"nb-NO"}]},"product_brand":"Ng Baby","product_price_amount":"649.00","product_price_currency":"SEK","og_availability":"out of stock","product_availability":"out of stock","product_retailer_item_id":"70350-023","product_condition":"new"},"_links":{"self":[{"href":"https:\/\/babylove.se\/no\/wp-json\/wp\/v2\/product\/22730","targetHints":{"allow":["GET"]}}],"collection":[{"href":"https:\/\/babylove.se\/no\/wp-json\/wp\/v2\/product"}],"about":[{"href":"https:\/\/babylove.se\/no\/wp-json\/wp\/v2\/types\/product"}],"replies":[{"embeddable":true,"href":"https:\/\/babylove.se\/no\/wp-json\/wp\/v2\/comments?post=22730"}],"wp:featuredmedia":[{"embeddable":true,"href":"https:\/\/babylove.se\/no\/wp-json\/wp\/v2\/media\/22732"}],"wp:attachment":[{"href":"https:\/\/babylove.se\/no\/wp-json\/wp\/v2\/media?parent=22730"}],"wp:term":[{"taxonomy":"product_brand","embeddable":true,"href":"https:\/\/babylove.se\/no\/wp-json\/wp\/v2\/product_brand?post=22730"},{"taxonomy":"product_cat","embeddable":true,"href":"https:\/\/babylove.se\/no\/wp-json\/wp\/v2\/product_cat?post=22730"},{"taxonomy":"product_tag","embeddable":true,"href":"https:\/\/babylove.se\/no\/wp-json\/wp\/v2\/product_tag?post=22730"}],"curies":[{"name":"wp","href":"https:\/\/api.w.org\/{rel}","templated":true}]}}