{"id":22737,"date":"2025-07-18T22:58:10","date_gmt":"2025-07-18T21:58:10","guid":{"rendered":"https:\/\/babylove.se\/produkt\/liewood-lina-gunghast-dark-rose\/"},"modified":"2026-04-08T09:53:47","modified_gmt":"2026-04-08T08:53:47","slug":"liewood-lina-gyngehest-dark-rose","status":"publish","type":"product","link":"https:\/\/babylove.se\/no\/produkt\/liewood-lina-gyngehest-dark-rose\/","title":{"rendered":"Liewood Lina Gyngehest &#8211; Dark Rose"},"content":{"rendered":"<p>Den optimale gyngehesten for innend\u00f8rsbruk, fra det popul\u00e6re danske selskapet Liewood. Alle barn vil elske denne gyngehesten som b\u00e5de er g\u00f8y \u00e5 gynge p\u00e5 og vakker \u00e5 se p\u00e5. La barnet ditt trene opp motorikken sin, samtidig som det har det g\u00f8y. <\/p>\n<p>Gyngehestens design er utformet for \u00e5 passe b\u00e5de i barnerommet og i stua, den er stilren og passer inn nesten overalt. <\/p>\n<p><strong>M\u00e5l<\/strong>: Lengde 65 cm, Bredde 22,5 cm, H\u00f8yde 40 cm. <\/p>\n<p>Du monterer selv sammen den enkelt i noen f\u00e5 steg, instruksjon og verkt\u00f8y f\u00f8lger med.<\/p>\n","protected":false},"excerpt":{"rendered":"<p>Den optimale gyngehesten for innend\u00f8rsbruk, fra det popul\u00e6re danske selskapet Liewood. Alle barn vil elske denne gyngehesten som b\u00e5de er g\u00f8y \u00e5 gynge p\u00e5 og vakker \u00e5 se p\u00e5. La barnet ditt trene opp motorikken sin, samtidig som det har det g\u00f8y. Gyngehestens design er utformet for \u00e5 passe b\u00e5de i barnerommet og i stua, [&hellip;]<\/p>\n","protected":false},"featured_media":22739,"comment_status":"closed","ping_status":"closed","template":"","meta":{"_acf_changed":false},"product_brand":[282],"product_cat":[205,68,283,204],"product_tag":[],"class_list":{"0":"post-22737","1":"product","2":"type-product","3":"status-publish","4":"has-post-thumbnail","6":"product_brand-liewood","7":"product_cat-gyngehest-gyngedyr","8":"product_cat-leker","9":"product_cat-liewood","10":"product_cat-motoriske-barnmobler","12":"first","13":"outofstock","14":"taxable","15":"shipping-taxable","16":"purchasable","17":"product-type-simple"},"acf":[],"yoast_head":"<!-- This site is optimized with the Yoast SEO Premium plugin v25.8 (Yoast SEO v27.2) - https:\/\/yoast.com\/product\/yoast-seo-premium-wordpress\/ -->\n<title>Liewood Lina Gyngehest - Dark Rose - Babylove Norska<\/title>\n<meta name=\"robots\" content=\"noindex, follow, max-snippet:-1, max-image-preview:large, max-video-preview:-1\" \/>\n<meta property=\"og:locale\" content=\"nb_NO\" \/>\n<meta property=\"og:type\" content=\"article\" \/>\n<meta property=\"og:title\" content=\"Liewood Lina Gyngehest - Dark Rose\" \/>\n<meta property=\"og:description\" content=\"Den optimale gyngehesten for innend\u00f8rsbruk, fra det popul\u00e6re danske selskapet Liewood. Alle barn vil elske denne gyngehesten som b\u00e5de er g\u00f8y \u00e5 gynge p\u00e5 og vakker \u00e5 se p\u00e5. La barnet ditt trene opp motorikken sin, samtidig som det har det g\u00f8y. Gyngehestens design er utformet for \u00e5 passe b\u00e5de i barnerommet og i stua, [&hellip;]\" \/>\n<meta property=\"og:url\" content=\"https:\/\/babylove.se\/no\/produkt\/liewood-lina-gyngehest-dark-rose\/\" \/>\n<meta property=\"og:site_name\" content=\"Babylove Norska\" \/>\n<meta property=\"article:modified_time\" content=\"2026-04-08T08:53:47+00:00\" \/>\n<meta property=\"og:image\" content=\"https:\/\/babylove.se\/no\/wp-content\/uploads\/sites\/3\/2025\/07\/602d0df49acd5.jpeg\" \/>\n\t<meta property=\"og:image:width\" content=\"750\" \/>\n\t<meta property=\"og:image:height\" content=\"750\" \/>\n\t<meta property=\"og:image:type\" content=\"image\/jpeg\" \/>\n<meta name=\"twitter:card\" content=\"summary_large_image\" \/>\n<meta name=\"twitter:label1\" content=\"Price\" \/>\n\t<meta name=\"twitter:data1\" content=\"999,00&nbsp;&#107;&#114;\" \/>\n\t<meta name=\"twitter:label2\" content=\"Availability\" \/>\n\t<meta name=\"twitter:data2\" content=\"Out of stock\" \/>\n<script type=\"application\/ld+json\" class=\"yoast-schema-graph\">{\"@context\":\"https:\/\/schema.org\",\"@graph\":[{\"@type\":\"WebPage\",\"@id\":\"https:\/\/babylove.se\/no\/produkt\/liewood-lina-gyngehest-dark-rose\/\",\"url\":\"https:\/\/babylove.se\/no\/produkt\/liewood-lina-gyngehest-dark-rose\/\",\"name\":\"Liewood Lina Gyngehest - Dark Rose - Babylove Norska\",\"isPartOf\":{\"@id\":\"https:\/\/babylove.se\/no\/#website\"},\"primaryImageOfPage\":{\"@id\":\"https:\/\/babylove.se\/no\/produkt\/liewood-lina-gyngehest-dark-rose\/#primaryimage\"},\"image\":{\"@id\":\"https:\/\/babylove.se\/no\/produkt\/liewood-lina-gyngehest-dark-rose\/#primaryimage\"},\"thumbnailUrl\":\"https:\/\/babylove.se\/no\/wp-content\/uploads\/sites\/3\/2025\/07\/602d0df49acd5.jpeg\",\"datePublished\":\"2025-07-18T21:58:10+00:00\",\"dateModified\":\"2026-04-08T08:53:47+00:00\",\"breadcrumb\":{\"@id\":\"https:\/\/babylove.se\/no\/produkt\/liewood-lina-gyngehest-dark-rose\/#breadcrumb\"},\"inLanguage\":\"nb-NO\",\"potentialAction\":[{\"@type\":\"ReadAction\",\"target\":[\"https:\/\/babylove.se\/no\/produkt\/liewood-lina-gyngehest-dark-rose\/\"]}]},{\"@type\":\"ImageObject\",\"inLanguage\":\"nb-NO\",\"@id\":\"https:\/\/babylove.se\/no\/produkt\/liewood-lina-gyngehest-dark-rose\/#primaryimage\",\"url\":\"https:\/\/babylove.se\/no\/wp-content\/uploads\/sites\/3\/2025\/07\/602d0df49acd5.jpeg\",\"contentUrl\":\"https:\/\/babylove.se\/no\/wp-content\/uploads\/sites\/3\/2025\/07\/602d0df49acd5.jpeg\",\"width\":750,\"height\":750},{\"@type\":\"BreadcrumbList\",\"@id\":\"https:\/\/babylove.se\/no\/produkt\/liewood-lina-gyngehest-dark-rose\/#breadcrumb\",\"itemListElement\":[{\"@type\":\"ListItem\",\"position\":1,\"name\":\"Hem\",\"item\":\"https:\/\/babylove.se\/no\/\"},{\"@type\":\"ListItem\",\"position\":2,\"name\":\"Butik\",\"item\":\"https:\/\/babylove.se\/no\/butik\/\"},{\"@type\":\"ListItem\",\"position\":3,\"name\":\"Liewood Lina Gyngehest &#8211; Dark Rose\"}]},{\"@type\":\"WebSite\",\"@id\":\"https:\/\/babylove.se\/no\/#website\",\"url\":\"https:\/\/babylove.se\/no\/\",\"name\":\"Babylove Norska\",\"description\":\"\",\"potentialAction\":[{\"@type\":\"SearchAction\",\"target\":{\"@type\":\"EntryPoint\",\"urlTemplate\":\"https:\/\/babylove.se\/no\/?s={search_term_string}\"},\"query-input\":{\"@type\":\"PropertyValueSpecification\",\"valueRequired\":true,\"valueName\":\"search_term_string\"}}],\"inLanguage\":\"nb-NO\"}]}<\/script>\n<meta property=\"product:brand\" content=\"Liewood\" \/>\n<meta property=\"product:price:amount\" content=\"999.00\" \/>\n<meta property=\"product:price:currency\" content=\"SEK\" \/>\n<meta property=\"og:availability\" content=\"out of stock\" \/>\n<meta property=\"product:availability\" content=\"out of stock\" \/>\n<meta property=\"product:retailer_item_id\" content=\"LW130782250\" \/>\n<meta property=\"product:condition\" content=\"new\" \/>\n<!-- \/ Yoast SEO Premium plugin. -->","yoast_head_json":{"title":"Liewood Lina Gyngehest - Dark Rose - Babylove Norska","robots":{"index":"noindex","follow":"follow","max-snippet":"max-snippet:-1","max-image-preview":"max-image-preview:large","max-video-preview":"max-video-preview:-1"},"og_locale":"nb_NO","og_type":"article","og_title":"Liewood Lina Gyngehest - Dark Rose","og_description":"Den optimale gyngehesten for innend\u00f8rsbruk, fra det popul\u00e6re danske selskapet Liewood. Alle barn vil elske denne gyngehesten som b\u00e5de er g\u00f8y \u00e5 gynge p\u00e5 og vakker \u00e5 se p\u00e5. La barnet ditt trene opp motorikken sin, samtidig som det har det g\u00f8y. Gyngehestens design er utformet for \u00e5 passe b\u00e5de i barnerommet og i stua, [&hellip;]","og_url":"https:\/\/babylove.se\/no\/produkt\/liewood-lina-gyngehest-dark-rose\/","og_site_name":"Babylove Norska","article_modified_time":"2026-04-08T08:53:47+00:00","og_image":[{"width":750,"height":750,"url":"https:\/\/babylove.se\/no\/wp-content\/uploads\/sites\/3\/2025\/07\/602d0df49acd5.jpeg","type":"image\/jpeg"}],"twitter_card":"summary_large_image","twitter_misc":{"Price":"999,00&nbsp;&#107;&#114;","Availability":"Out of stock"},"schema":{"@context":"https:\/\/schema.org","@graph":[{"@type":"WebPage","@id":"https:\/\/babylove.se\/no\/produkt\/liewood-lina-gyngehest-dark-rose\/","url":"https:\/\/babylove.se\/no\/produkt\/liewood-lina-gyngehest-dark-rose\/","name":"Liewood Lina Gyngehest - Dark Rose - Babylove Norska","isPartOf":{"@id":"https:\/\/babylove.se\/no\/#website"},"primaryImageOfPage":{"@id":"https:\/\/babylove.se\/no\/produkt\/liewood-lina-gyngehest-dark-rose\/#primaryimage"},"image":{"@id":"https:\/\/babylove.se\/no\/produkt\/liewood-lina-gyngehest-dark-rose\/#primaryimage"},"thumbnailUrl":"https:\/\/babylove.se\/no\/wp-content\/uploads\/sites\/3\/2025\/07\/602d0df49acd5.jpeg","datePublished":"2025-07-18T21:58:10+00:00","dateModified":"2026-04-08T08:53:47+00:00","breadcrumb":{"@id":"https:\/\/babylove.se\/no\/produkt\/liewood-lina-gyngehest-dark-rose\/#breadcrumb"},"inLanguage":"nb-NO","potentialAction":[{"@type":"ReadAction","target":["https:\/\/babylove.se\/no\/produkt\/liewood-lina-gyngehest-dark-rose\/"]}]},{"@type":"ImageObject","inLanguage":"nb-NO","@id":"https:\/\/babylove.se\/no\/produkt\/liewood-lina-gyngehest-dark-rose\/#primaryimage","url":"https:\/\/babylove.se\/no\/wp-content\/uploads\/sites\/3\/2025\/07\/602d0df49acd5.jpeg","contentUrl":"https:\/\/babylove.se\/no\/wp-content\/uploads\/sites\/3\/2025\/07\/602d0df49acd5.jpeg","width":750,"height":750},{"@type":"BreadcrumbList","@id":"https:\/\/babylove.se\/no\/produkt\/liewood-lina-gyngehest-dark-rose\/#breadcrumb","itemListElement":[{"@type":"ListItem","position":1,"name":"Hem","item":"https:\/\/babylove.se\/no\/"},{"@type":"ListItem","position":2,"name":"Butik","item":"https:\/\/babylove.se\/no\/butik\/"},{"@type":"ListItem","position":3,"name":"Liewood Lina Gyngehest &#8211; Dark Rose"}]},{"@type":"WebSite","@id":"https:\/\/babylove.se\/no\/#website","url":"https:\/\/babylove.se\/no\/","name":"Babylove Norska","description":"","potentialAction":[{"@type":"SearchAction","target":{"@type":"EntryPoint","urlTemplate":"https:\/\/babylove.se\/no\/?s={search_term_string}"},"query-input":{"@type":"PropertyValueSpecification","valueRequired":true,"valueName":"search_term_string"}}],"inLanguage":"nb-NO"}]},"product_brand":"Liewood","product_price_amount":"999.00","product_price_currency":"SEK","og_availability":"out of stock","product_availability":"out of stock","product_retailer_item_id":"LW130782250","product_condition":"new"},"_links":{"self":[{"href":"https:\/\/babylove.se\/no\/wp-json\/wp\/v2\/product\/22737","targetHints":{"allow":["GET"]}}],"collection":[{"href":"https:\/\/babylove.se\/no\/wp-json\/wp\/v2\/product"}],"about":[{"href":"https:\/\/babylove.se\/no\/wp-json\/wp\/v2\/types\/product"}],"replies":[{"embeddable":true,"href":"https:\/\/babylove.se\/no\/wp-json\/wp\/v2\/comments?post=22737"}],"wp:featuredmedia":[{"embeddable":true,"href":"https:\/\/babylove.se\/no\/wp-json\/wp\/v2\/media\/22739"}],"wp:attachment":[{"href":"https:\/\/babylove.se\/no\/wp-json\/wp\/v2\/media?parent=22737"}],"wp:term":[{"taxonomy":"product_brand","embeddable":true,"href":"https:\/\/babylove.se\/no\/wp-json\/wp\/v2\/product_brand?post=22737"},{"taxonomy":"product_cat","embeddable":true,"href":"https:\/\/babylove.se\/no\/wp-json\/wp\/v2\/product_cat?post=22737"},{"taxonomy":"product_tag","embeddable":true,"href":"https:\/\/babylove.se\/no\/wp-json\/wp\/v2\/product_tag?post=22737"}],"curies":[{"name":"wp","href":"https:\/\/api.w.org\/{rel}","templated":true}]}}