{"id":22743,"date":"2025-07-18T22:58:33","date_gmt":"2025-07-18T21:58:33","guid":{"rendered":"https:\/\/babylove.se\/produkt\/liewood-lina-gunghast-mustard\/"},"modified":"2026-05-11T13:00:05","modified_gmt":"2026-05-11T12:00:05","slug":"liewood-lina-gungehest-sennep","status":"publish","type":"product","link":"https:\/\/babylove.se\/no\/produkt\/liewood-lina-gungehest-sennep\/","title":{"rendered":"Liewood Lina Gyngehest &#8211; Mustard"},"content":{"rendered":"<p>Den optimale gyngehesten for innend\u00f8rsbruk, fra det popul\u00e6re danske selskapet Liewood. Alle barn vil elske denne gyngehesten som b\u00e5de er g\u00f8y \u00e5 gynge p\u00e5 og vakker \u00e5 se p\u00e5. La barnet ditt trene opp motorikken sin, samtidig som det har det g\u00f8y. <\/p>\n<p>Gyngehestens design er utformet for \u00e5 passe b\u00e5de p\u00e5 barnerommet og i stua, den er stilren og passer inn nesten hvor som helst. <\/p>\n<p><strong>M\u00e5l<\/strong>: Lengde 65 cm, Bredde 22,5 cm, H\u00f8yde 40 cm. <\/p>\n<p>Du monterer selv sammen den enkelt i noen f\u00e5 trinn, instruksjon og verkt\u00f8y f\u00f8lger med.<\/p>\n","protected":false},"excerpt":{"rendered":"<p>Den optimale gyngehesten for innend\u00f8rsbruk, fra det popul\u00e6re danske selskapet Liewood. Alle barn vil elske denne gyngehesten som b\u00e5de er g\u00f8y \u00e5 gynge p\u00e5 og vakker \u00e5 se p\u00e5. La barnet ditt trene opp motorikken sin, samtidig som det har det g\u00f8y. Gyngehestens design er utformet for \u00e5 passe b\u00e5de p\u00e5 barnerommet og i stua, [&hellip;]<\/p>\n","protected":false},"featured_media":22745,"comment_status":"closed","ping_status":"closed","template":"","meta":{"_acf_changed":false},"product_brand":[282],"product_cat":[205,68,283,204],"product_tag":[],"class_list":{"0":"post-22743","1":"product","2":"type-product","3":"status-publish","4":"has-post-thumbnail","6":"product_brand-liewood","7":"product_cat-gyngehest-gyngedyr","8":"product_cat-leker","9":"product_cat-liewood","10":"product_cat-motoriske-barnmobler","12":"first","13":"outofstock","14":"taxable","15":"shipping-taxable","16":"purchasable","17":"product-type-simple"},"acf":[],"yoast_head":"<!-- This site is optimized with the Yoast SEO Premium plugin v25.8 (Yoast SEO v27.2) - https:\/\/yoast.com\/product\/yoast-seo-premium-wordpress\/ -->\n<title>Liewood Lina Gyngehest - Mustard - Babylove Norska<\/title>\n<meta name=\"robots\" content=\"noindex, follow, max-snippet:-1, max-image-preview:large, max-video-preview:-1\" \/>\n<meta property=\"og:locale\" content=\"nb_NO\" \/>\n<meta property=\"og:type\" content=\"article\" \/>\n<meta property=\"og:title\" content=\"Liewood Lina Gyngehest - Mustard\" \/>\n<meta property=\"og:description\" content=\"Den optimale gyngehesten for innend\u00f8rsbruk, fra det popul\u00e6re danske selskapet Liewood. Alle barn vil elske denne gyngehesten som b\u00e5de er g\u00f8y \u00e5 gynge p\u00e5 og vakker \u00e5 se p\u00e5. La barnet ditt trene opp motorikken sin, samtidig som det har det g\u00f8y. Gyngehestens design er utformet for \u00e5 passe b\u00e5de p\u00e5 barnerommet og i stua, [&hellip;]\" \/>\n<meta property=\"og:url\" content=\"https:\/\/babylove.se\/no\/produkt\/liewood-lina-gungehest-sennep\/\" \/>\n<meta property=\"og:site_name\" content=\"Babylove Norska\" \/>\n<meta property=\"article:modified_time\" content=\"2026-05-11T12:00:05+00:00\" \/>\n<meta property=\"og:image\" content=\"https:\/\/babylove.se\/no\/wp-content\/uploads\/sites\/3\/2025\/07\/602d0e8775567.jpeg\" \/>\n\t<meta property=\"og:image:width\" content=\"750\" \/>\n\t<meta property=\"og:image:height\" content=\"750\" \/>\n\t<meta property=\"og:image:type\" content=\"image\/jpeg\" \/>\n<meta name=\"twitter:card\" content=\"summary_large_image\" \/>\n<meta name=\"twitter:label1\" content=\"Price\" \/>\n\t<meta name=\"twitter:data1\" content=\"1 399,00&nbsp;&#107;&#114;\" \/>\n\t<meta name=\"twitter:label2\" content=\"Availability\" \/>\n\t<meta name=\"twitter:data2\" content=\"Out of stock\" \/>\n<script type=\"application\/ld+json\" class=\"yoast-schema-graph\">{\"@context\":\"https:\/\/schema.org\",\"@graph\":[{\"@type\":\"WebPage\",\"@id\":\"https:\/\/babylove.se\/no\/produkt\/liewood-lina-gungehest-sennep\/\",\"url\":\"https:\/\/babylove.se\/no\/produkt\/liewood-lina-gungehest-sennep\/\",\"name\":\"Liewood Lina Gyngehest - Mustard - Babylove Norska\",\"isPartOf\":{\"@id\":\"https:\/\/babylove.se\/no\/#website\"},\"primaryImageOfPage\":{\"@id\":\"https:\/\/babylove.se\/no\/produkt\/liewood-lina-gungehest-sennep\/#primaryimage\"},\"image\":{\"@id\":\"https:\/\/babylove.se\/no\/produkt\/liewood-lina-gungehest-sennep\/#primaryimage\"},\"thumbnailUrl\":\"https:\/\/babylove.se\/no\/wp-content\/uploads\/sites\/3\/2025\/07\/602d0e8775567.jpeg\",\"datePublished\":\"2025-07-18T21:58:33+00:00\",\"dateModified\":\"2026-05-11T12:00:05+00:00\",\"breadcrumb\":{\"@id\":\"https:\/\/babylove.se\/no\/produkt\/liewood-lina-gungehest-sennep\/#breadcrumb\"},\"inLanguage\":\"nb-NO\",\"potentialAction\":[{\"@type\":\"ReadAction\",\"target\":[\"https:\/\/babylove.se\/no\/produkt\/liewood-lina-gungehest-sennep\/\"]}]},{\"@type\":\"ImageObject\",\"inLanguage\":\"nb-NO\",\"@id\":\"https:\/\/babylove.se\/no\/produkt\/liewood-lina-gungehest-sennep\/#primaryimage\",\"url\":\"https:\/\/babylove.se\/no\/wp-content\/uploads\/sites\/3\/2025\/07\/602d0e8775567.jpeg\",\"contentUrl\":\"https:\/\/babylove.se\/no\/wp-content\/uploads\/sites\/3\/2025\/07\/602d0e8775567.jpeg\",\"width\":750,\"height\":750},{\"@type\":\"BreadcrumbList\",\"@id\":\"https:\/\/babylove.se\/no\/produkt\/liewood-lina-gungehest-sennep\/#breadcrumb\",\"itemListElement\":[{\"@type\":\"ListItem\",\"position\":1,\"name\":\"Hem\",\"item\":\"https:\/\/babylove.se\/no\/\"},{\"@type\":\"ListItem\",\"position\":2,\"name\":\"Butik\",\"item\":\"https:\/\/babylove.se\/no\/butik\/\"},{\"@type\":\"ListItem\",\"position\":3,\"name\":\"Liewood Lina Gyngehest &#8211; Mustard\"}]},{\"@type\":\"WebSite\",\"@id\":\"https:\/\/babylove.se\/no\/#website\",\"url\":\"https:\/\/babylove.se\/no\/\",\"name\":\"Babylove Norska\",\"description\":\"\",\"potentialAction\":[{\"@type\":\"SearchAction\",\"target\":{\"@type\":\"EntryPoint\",\"urlTemplate\":\"https:\/\/babylove.se\/no\/?s={search_term_string}\"},\"query-input\":{\"@type\":\"PropertyValueSpecification\",\"valueRequired\":true,\"valueName\":\"search_term_string\"}}],\"inLanguage\":\"nb-NO\"}]}<\/script>\n<meta property=\"product:brand\" content=\"Liewood\" \/>\n<meta property=\"product:price:amount\" content=\"1399.00\" \/>\n<meta property=\"product:price:currency\" content=\"NOK\" \/>\n<meta property=\"og:availability\" content=\"out of stock\" \/>\n<meta property=\"product:availability\" content=\"out of stock\" \/>\n<meta property=\"product:retailer_item_id\" content=\"LW130783000\" \/>\n<meta property=\"product:condition\" content=\"new\" \/>\n<!-- \/ Yoast SEO Premium plugin. -->","yoast_head_json":{"title":"Liewood Lina Gyngehest - Mustard - Babylove Norska","robots":{"index":"noindex","follow":"follow","max-snippet":"max-snippet:-1","max-image-preview":"max-image-preview:large","max-video-preview":"max-video-preview:-1"},"og_locale":"nb_NO","og_type":"article","og_title":"Liewood Lina Gyngehest - Mustard","og_description":"Den optimale gyngehesten for innend\u00f8rsbruk, fra det popul\u00e6re danske selskapet Liewood. Alle barn vil elske denne gyngehesten som b\u00e5de er g\u00f8y \u00e5 gynge p\u00e5 og vakker \u00e5 se p\u00e5. La barnet ditt trene opp motorikken sin, samtidig som det har det g\u00f8y. Gyngehestens design er utformet for \u00e5 passe b\u00e5de p\u00e5 barnerommet og i stua, [&hellip;]","og_url":"https:\/\/babylove.se\/no\/produkt\/liewood-lina-gungehest-sennep\/","og_site_name":"Babylove Norska","article_modified_time":"2026-05-11T12:00:05+00:00","og_image":[{"width":750,"height":750,"url":"https:\/\/babylove.se\/no\/wp-content\/uploads\/sites\/3\/2025\/07\/602d0e8775567.jpeg","type":"image\/jpeg"}],"twitter_card":"summary_large_image","twitter_misc":{"Price":"1 399,00&nbsp;&#107;&#114;","Availability":"Out of stock"},"schema":{"@context":"https:\/\/schema.org","@graph":[{"@type":"WebPage","@id":"https:\/\/babylove.se\/no\/produkt\/liewood-lina-gungehest-sennep\/","url":"https:\/\/babylove.se\/no\/produkt\/liewood-lina-gungehest-sennep\/","name":"Liewood Lina Gyngehest - Mustard - Babylove Norska","isPartOf":{"@id":"https:\/\/babylove.se\/no\/#website"},"primaryImageOfPage":{"@id":"https:\/\/babylove.se\/no\/produkt\/liewood-lina-gungehest-sennep\/#primaryimage"},"image":{"@id":"https:\/\/babylove.se\/no\/produkt\/liewood-lina-gungehest-sennep\/#primaryimage"},"thumbnailUrl":"https:\/\/babylove.se\/no\/wp-content\/uploads\/sites\/3\/2025\/07\/602d0e8775567.jpeg","datePublished":"2025-07-18T21:58:33+00:00","dateModified":"2026-05-11T12:00:05+00:00","breadcrumb":{"@id":"https:\/\/babylove.se\/no\/produkt\/liewood-lina-gungehest-sennep\/#breadcrumb"},"inLanguage":"nb-NO","potentialAction":[{"@type":"ReadAction","target":["https:\/\/babylove.se\/no\/produkt\/liewood-lina-gungehest-sennep\/"]}]},{"@type":"ImageObject","inLanguage":"nb-NO","@id":"https:\/\/babylove.se\/no\/produkt\/liewood-lina-gungehest-sennep\/#primaryimage","url":"https:\/\/babylove.se\/no\/wp-content\/uploads\/sites\/3\/2025\/07\/602d0e8775567.jpeg","contentUrl":"https:\/\/babylove.se\/no\/wp-content\/uploads\/sites\/3\/2025\/07\/602d0e8775567.jpeg","width":750,"height":750},{"@type":"BreadcrumbList","@id":"https:\/\/babylove.se\/no\/produkt\/liewood-lina-gungehest-sennep\/#breadcrumb","itemListElement":[{"@type":"ListItem","position":1,"name":"Hem","item":"https:\/\/babylove.se\/no\/"},{"@type":"ListItem","position":2,"name":"Butik","item":"https:\/\/babylove.se\/no\/butik\/"},{"@type":"ListItem","position":3,"name":"Liewood Lina Gyngehest &#8211; Mustard"}]},{"@type":"WebSite","@id":"https:\/\/babylove.se\/no\/#website","url":"https:\/\/babylove.se\/no\/","name":"Babylove Norska","description":"","potentialAction":[{"@type":"SearchAction","target":{"@type":"EntryPoint","urlTemplate":"https:\/\/babylove.se\/no\/?s={search_term_string}"},"query-input":{"@type":"PropertyValueSpecification","valueRequired":true,"valueName":"search_term_string"}}],"inLanguage":"nb-NO"}]},"product_brand":"Liewood","product_price_amount":"1399.00","product_price_currency":"NOK","og_availability":"out of stock","product_availability":"out of stock","product_retailer_item_id":"LW130783000","product_condition":"new"},"_links":{"self":[{"href":"https:\/\/babylove.se\/no\/wp-json\/wp\/v2\/product\/22743","targetHints":{"allow":["GET"]}}],"collection":[{"href":"https:\/\/babylove.se\/no\/wp-json\/wp\/v2\/product"}],"about":[{"href":"https:\/\/babylove.se\/no\/wp-json\/wp\/v2\/types\/product"}],"replies":[{"embeddable":true,"href":"https:\/\/babylove.se\/no\/wp-json\/wp\/v2\/comments?post=22743"}],"wp:featuredmedia":[{"embeddable":true,"href":"https:\/\/babylove.se\/no\/wp-json\/wp\/v2\/media\/22745"}],"wp:attachment":[{"href":"https:\/\/babylove.se\/no\/wp-json\/wp\/v2\/media?parent=22743"}],"wp:term":[{"taxonomy":"product_brand","embeddable":true,"href":"https:\/\/babylove.se\/no\/wp-json\/wp\/v2\/product_brand?post=22743"},{"taxonomy":"product_cat","embeddable":true,"href":"https:\/\/babylove.se\/no\/wp-json\/wp\/v2\/product_cat?post=22743"},{"taxonomy":"product_tag","embeddable":true,"href":"https:\/\/babylove.se\/no\/wp-json\/wp\/v2\/product_tag?post=22743"}],"curies":[{"name":"wp","href":"https:\/\/api.w.org\/{rel}","templated":true}]}}