{"id":22810,"date":"2025-07-18T22:59:08","date_gmt":"2025-07-18T21:59:08","guid":{"rendered":"https:\/\/babylove.se\/produkt\/personlig-vaggdekoration-bokstav\/"},"modified":"2026-04-08T09:54:21","modified_gmt":"2026-04-08T08:54:21","slug":"personlig-veggdekorasjon-bokstav","status":"publish","type":"product","link":"https:\/\/babylove.se\/no\/produkt\/personlig-veggdekorasjon-bokstav\/","title":{"rendered":"Personlig veggdekorasjon bokstav"},"content":{"rendered":"<p>En fin og personlig veggdekorasjon i form av en bokstav av tre med valgfritt navn. Passer perfekt i barnerommet eller som en d\u00e5psdekorasjon.&nbsp;<\/p>\n<p><span>Bokstaven produseres i Sverige og h<\/span>enges enkelt opp med f.eks. limemasse eller dobbeltsidig tape.<\/p>\n<p><span><strong>M\u00e5l<\/strong>: 20 cm<\/span><\/p>\n<p><span><strong>Tykkelse<\/strong>: 4 mm<\/span><\/p>\n<p><span><strong>Materiale<\/strong>: Bj\u00f8rkefiner, malt med barnesikker farge&nbsp;<\/span><\/p>\n<p><span>Designer: Pyssl<\/span><\/p>\n<p><em>OBS! Kontroller stavem\u00e5ten p\u00e5 \u00f8nsket navn!<\/em><\/p>\n","protected":false},"excerpt":{"rendered":"<p>En fin og personlig veggdekorasjon i form av en bokstav av tre med valgfritt navn. Passer perfekt i barnerommet eller som en d\u00e5psdekorasjon.&nbsp; Bokstaven produseres i Sverige og henges enkelt opp med f.eks. limemasse eller dobbeltsidig tape. M\u00e5l: 20 cm Tykkelse: 4 mm Materiale: Bj\u00f8rkefiner, malt med barnesikker farge&nbsp; Designer: Pyssl OBS! Kontroller stavem\u00e5ten p\u00e5 [&hellip;]<\/p>\n","protected":false},"featured_media":22812,"comment_status":"closed","ping_status":"open","template":"","meta":{"_acf_changed":false},"product_brand":[778],"product_cat":[75,74,779,29],"product_tag":[1689],"class_list":{"0":"post-22810","1":"product","2":"type-product","3":"status-publish","4":"has-post-thumbnail","6":"product_brand-varberg-laser","7":"product_cat-julklappar-med-gravering-broderi","8":"product_cat-personlige-dapsgaver","9":"product_cat-vl","10":"product_cat-veggdekorasjoner","11":"product_tag-bestillingsvaror","12":"pa_farg-aprikos","13":"pa_farg-aquamarine","14":"pa_farg-bla","15":"pa_farg-bla-mork","16":"pa_farg-brun-ljus","17":"pa_farg-brun-mork","18":"pa_farg-gammelrosa","19":"pa_farg-gra","20":"pa_farg-gra-ljus","21":"pa_farg-gra-mork","22":"pa_farg-gron-ljus","23":"pa_farg-gron-mork","24":"pa_farg-gul","25":"pa_farg-himmelsbla","26":"pa_farg-vit","27":"pa_farg-jade","28":"pa_farg-lila-ljus","29":"pa_farg-lila-mork","30":"pa_farg-naturell-poppel","31":"pa_farg-orange","32":"pa_farg-rod","33":"pa_farg-rosa","34":"pa_farg-rosa-mork","35":"pa_farg-svart","36":"pa_farg-turkos","37":"pa_farg-vanilj","39":"first","40":"instock","41":"taxable","42":"shipping-taxable","43":"purchasable","44":"product-type-variable"},"acf":[],"yoast_head":"<!-- This site is optimized with the Yoast SEO Premium plugin v25.8 (Yoast SEO v27.2) - https:\/\/yoast.com\/product\/yoast-seo-premium-wordpress\/ -->\n<title>Personlig veggdekorasjon bokstav - Babylove Norska<\/title>\n<meta name=\"robots\" content=\"noindex, follow, max-snippet:-1, max-image-preview:large, max-video-preview:-1\" \/>\n<meta property=\"og:locale\" content=\"nb_NO\" \/>\n<meta property=\"og:type\" content=\"article\" \/>\n<meta property=\"og:title\" content=\"Personlig veggdekorasjon bokstav\" \/>\n<meta property=\"og:description\" content=\"En fin og personlig veggdekorasjon i form av en bokstav av tre med valgfritt navn. Passer perfekt i barnerommet eller som en d\u00e5psdekorasjon.&nbsp; Bokstaven produseres i Sverige og henges enkelt opp med f.eks. limemasse eller dobbeltsidig tape. M\u00e5l: 20 cm Tykkelse: 4 mm Materiale: Bj\u00f8rkefiner, malt med barnesikker farge&nbsp; Designer: Pyssl OBS! Kontroller stavem\u00e5ten p\u00e5 [&hellip;]\" \/>\n<meta property=\"og:url\" content=\"https:\/\/babylove.se\/no\/produkt\/personlig-veggdekorasjon-bokstav\/\" \/>\n<meta property=\"og:site_name\" content=\"Babylove Norska\" \/>\n<meta property=\"article:modified_time\" content=\"2026-04-08T08:54:21+00:00\" \/>\n<meta property=\"og:image\" content=\"https:\/\/babylove.se\/no\/wp-content\/uploads\/sites\/3\/2025\/07\/603545b4d003b.jpeg\" \/>\n\t<meta property=\"og:image:width\" content=\"750\" \/>\n\t<meta property=\"og:image:height\" content=\"750\" \/>\n\t<meta property=\"og:image:type\" content=\"image\/jpeg\" \/>\n<meta name=\"twitter:card\" content=\"summary_large_image\" \/>\n<meta name=\"twitter:label1\" content=\"Availability\" \/>\n\t<meta name=\"twitter:data1\" content=\"In stock\" \/>\n<script type=\"application\/ld+json\" class=\"yoast-schema-graph\">{\"@context\":\"https:\/\/schema.org\",\"@graph\":[{\"@type\":\"WebPage\",\"@id\":\"https:\/\/babylove.se\/no\/produkt\/personlig-veggdekorasjon-bokstav\/\",\"url\":\"https:\/\/babylove.se\/no\/produkt\/personlig-veggdekorasjon-bokstav\/\",\"name\":\"Personlig veggdekorasjon bokstav - Babylove Norska\",\"isPartOf\":{\"@id\":\"https:\/\/babylove.se\/no\/#website\"},\"primaryImageOfPage\":{\"@id\":\"https:\/\/babylove.se\/no\/produkt\/personlig-veggdekorasjon-bokstav\/#primaryimage\"},\"image\":{\"@id\":\"https:\/\/babylove.se\/no\/produkt\/personlig-veggdekorasjon-bokstav\/#primaryimage\"},\"thumbnailUrl\":\"https:\/\/babylove.se\/no\/wp-content\/uploads\/sites\/3\/2025\/07\/603545b4d003b.jpeg\",\"datePublished\":\"2025-07-18T21:59:08+00:00\",\"dateModified\":\"2026-04-08T08:54:21+00:00\",\"breadcrumb\":{\"@id\":\"https:\/\/babylove.se\/no\/produkt\/personlig-veggdekorasjon-bokstav\/#breadcrumb\"},\"inLanguage\":\"nb-NO\",\"potentialAction\":[{\"@type\":\"ReadAction\",\"target\":[\"https:\/\/babylove.se\/no\/produkt\/personlig-veggdekorasjon-bokstav\/\"]}]},{\"@type\":\"ImageObject\",\"inLanguage\":\"nb-NO\",\"@id\":\"https:\/\/babylove.se\/no\/produkt\/personlig-veggdekorasjon-bokstav\/#primaryimage\",\"url\":\"https:\/\/babylove.se\/no\/wp-content\/uploads\/sites\/3\/2025\/07\/603545b4d003b.jpeg\",\"contentUrl\":\"https:\/\/babylove.se\/no\/wp-content\/uploads\/sites\/3\/2025\/07\/603545b4d003b.jpeg\",\"width\":750,\"height\":750},{\"@type\":\"BreadcrumbList\",\"@id\":\"https:\/\/babylove.se\/no\/produkt\/personlig-veggdekorasjon-bokstav\/#breadcrumb\",\"itemListElement\":[{\"@type\":\"ListItem\",\"position\":1,\"name\":\"Hem\",\"item\":\"https:\/\/babylove.se\/no\/\"},{\"@type\":\"ListItem\",\"position\":2,\"name\":\"Butik\",\"item\":\"https:\/\/babylove.se\/no\/butik\/\"},{\"@type\":\"ListItem\",\"position\":3,\"name\":\"Personlig veggdekorasjon bokstav\"}]},{\"@type\":\"WebSite\",\"@id\":\"https:\/\/babylove.se\/no\/#website\",\"url\":\"https:\/\/babylove.se\/no\/\",\"name\":\"Babylove Norska\",\"description\":\"\",\"potentialAction\":[{\"@type\":\"SearchAction\",\"target\":{\"@type\":\"EntryPoint\",\"urlTemplate\":\"https:\/\/babylove.se\/no\/?s={search_term_string}\"},\"query-input\":{\"@type\":\"PropertyValueSpecification\",\"valueRequired\":true,\"valueName\":\"search_term_string\"}}],\"inLanguage\":\"nb-NO\"}]}<\/script>\n<meta property=\"product:brand\" content=\"Varberg Laser\" \/>\n<meta property=\"og:availability\" content=\"instock\" \/>\n<meta property=\"product:availability\" content=\"instock\" \/>\n<meta property=\"product:retailer_item_id\" content=\"R\u00f6d-bokstav2\" \/>\n<meta property=\"product:condition\" content=\"new\" \/>\n<!-- \/ Yoast SEO Premium plugin. -->","yoast_head_json":{"title":"Personlig veggdekorasjon bokstav - Babylove Norska","robots":{"index":"noindex","follow":"follow","max-snippet":"max-snippet:-1","max-image-preview":"max-image-preview:large","max-video-preview":"max-video-preview:-1"},"og_locale":"nb_NO","og_type":"article","og_title":"Personlig veggdekorasjon bokstav","og_description":"En fin og personlig veggdekorasjon i form av en bokstav av tre med valgfritt navn. Passer perfekt i barnerommet eller som en d\u00e5psdekorasjon.&nbsp; Bokstaven produseres i Sverige og henges enkelt opp med f.eks. limemasse eller dobbeltsidig tape. M\u00e5l: 20 cm Tykkelse: 4 mm Materiale: Bj\u00f8rkefiner, malt med barnesikker farge&nbsp; Designer: Pyssl OBS! Kontroller stavem\u00e5ten p\u00e5 [&hellip;]","og_url":"https:\/\/babylove.se\/no\/produkt\/personlig-veggdekorasjon-bokstav\/","og_site_name":"Babylove Norska","article_modified_time":"2026-04-08T08:54:21+00:00","og_image":[{"width":750,"height":750,"url":"https:\/\/babylove.se\/no\/wp-content\/uploads\/sites\/3\/2025\/07\/603545b4d003b.jpeg","type":"image\/jpeg"}],"twitter_card":"summary_large_image","twitter_misc":{"Availability":"In stock"},"schema":{"@context":"https:\/\/schema.org","@graph":[{"@type":"WebPage","@id":"https:\/\/babylove.se\/no\/produkt\/personlig-veggdekorasjon-bokstav\/","url":"https:\/\/babylove.se\/no\/produkt\/personlig-veggdekorasjon-bokstav\/","name":"Personlig veggdekorasjon bokstav - Babylove Norska","isPartOf":{"@id":"https:\/\/babylove.se\/no\/#website"},"primaryImageOfPage":{"@id":"https:\/\/babylove.se\/no\/produkt\/personlig-veggdekorasjon-bokstav\/#primaryimage"},"image":{"@id":"https:\/\/babylove.se\/no\/produkt\/personlig-veggdekorasjon-bokstav\/#primaryimage"},"thumbnailUrl":"https:\/\/babylove.se\/no\/wp-content\/uploads\/sites\/3\/2025\/07\/603545b4d003b.jpeg","datePublished":"2025-07-18T21:59:08+00:00","dateModified":"2026-04-08T08:54:21+00:00","breadcrumb":{"@id":"https:\/\/babylove.se\/no\/produkt\/personlig-veggdekorasjon-bokstav\/#breadcrumb"},"inLanguage":"nb-NO","potentialAction":[{"@type":"ReadAction","target":["https:\/\/babylove.se\/no\/produkt\/personlig-veggdekorasjon-bokstav\/"]}]},{"@type":"ImageObject","inLanguage":"nb-NO","@id":"https:\/\/babylove.se\/no\/produkt\/personlig-veggdekorasjon-bokstav\/#primaryimage","url":"https:\/\/babylove.se\/no\/wp-content\/uploads\/sites\/3\/2025\/07\/603545b4d003b.jpeg","contentUrl":"https:\/\/babylove.se\/no\/wp-content\/uploads\/sites\/3\/2025\/07\/603545b4d003b.jpeg","width":750,"height":750},{"@type":"BreadcrumbList","@id":"https:\/\/babylove.se\/no\/produkt\/personlig-veggdekorasjon-bokstav\/#breadcrumb","itemListElement":[{"@type":"ListItem","position":1,"name":"Hem","item":"https:\/\/babylove.se\/no\/"},{"@type":"ListItem","position":2,"name":"Butik","item":"https:\/\/babylove.se\/no\/butik\/"},{"@type":"ListItem","position":3,"name":"Personlig veggdekorasjon bokstav"}]},{"@type":"WebSite","@id":"https:\/\/babylove.se\/no\/#website","url":"https:\/\/babylove.se\/no\/","name":"Babylove Norska","description":"","potentialAction":[{"@type":"SearchAction","target":{"@type":"EntryPoint","urlTemplate":"https:\/\/babylove.se\/no\/?s={search_term_string}"},"query-input":{"@type":"PropertyValueSpecification","valueRequired":true,"valueName":"search_term_string"}}],"inLanguage":"nb-NO"}]},"product_brand":"Varberg Laser","og_availability":"instock","product_availability":"instock","product_retailer_item_id":"R\u00f6d-bokstav2","product_condition":"new"},"_links":{"self":[{"href":"https:\/\/babylove.se\/no\/wp-json\/wp\/v2\/product\/22810","targetHints":{"allow":["GET"]}}],"collection":[{"href":"https:\/\/babylove.se\/no\/wp-json\/wp\/v2\/product"}],"about":[{"href":"https:\/\/babylove.se\/no\/wp-json\/wp\/v2\/types\/product"}],"replies":[{"embeddable":true,"href":"https:\/\/babylove.se\/no\/wp-json\/wp\/v2\/comments?post=22810"}],"wp:featuredmedia":[{"embeddable":true,"href":"https:\/\/babylove.se\/no\/wp-json\/wp\/v2\/media\/22812"}],"wp:attachment":[{"href":"https:\/\/babylove.se\/no\/wp-json\/wp\/v2\/media?parent=22810"}],"wp:term":[{"taxonomy":"product_brand","embeddable":true,"href":"https:\/\/babylove.se\/no\/wp-json\/wp\/v2\/product_brand?post=22810"},{"taxonomy":"product_cat","embeddable":true,"href":"https:\/\/babylove.se\/no\/wp-json\/wp\/v2\/product_cat?post=22810"},{"taxonomy":"product_tag","embeddable":true,"href":"https:\/\/babylove.se\/no\/wp-json\/wp\/v2\/product_tag?post=22810"}],"curies":[{"name":"wp","href":"https:\/\/api.w.org\/{rel}","templated":true}]}}