{"id":22850,"date":"2025-07-18T22:59:27","date_gmt":"2025-07-18T21:59:27","guid":{"rendered":"https:\/\/babylove.se\/produkt\/meow-ljusgra-bollhav-90x40-med-300-valfria-bollar\/"},"modified":"2026-04-08T09:54:27","modified_gmt":"2026-04-08T08:54:27","slug":"mjau-lysegra-ballhav-90x40-med-300-valgfrie-baller","status":"publish","type":"product","link":"https:\/\/babylove.se\/no\/produkt\/mjau-lysegra-ballhav-90x40-med-300-valgfrie-baller\/","title":{"rendered":"Meow, lysgr\u00e5 ballbasseng 90&#215;40 med 300 valgfrie baller"},"content":{"rendered":"<p>Fint og mykt lysegr\u00e5tt ballhav med 300 baller fra Meow. Ballene kommer i et fint sett med 300 &nbsp;baller.<br \/>Overdraget er avtakbart og laget av myk bomull.&nbsp;<\/p>\n<p><strong>M\u00e5l<\/strong>:<\/p>\n<ul>\n<li>Pool: \u00d890 x 40 x 5 cm<\/li>\n<li>Baller: \u00d87 cm, totalt 300 stk. inkludert<\/li>\n<\/ul>\n<p><strong>Materiale<\/strong>:<\/p>\n<ul>\n<li>Overdrag: 94% bomull og 6% elastan<\/li>\n<li>Pool: 100% polyuretan<\/li>\n<li>Baller: plast<\/li>\n<li>Vasker\u00e5d overdrag: maskinvask: 30\u00b0C<\/li>\n<li>CE-sertifisert<\/li>\n<\/ul>\n<p>Til dette lysegr\u00e5 ballhavet fra Meow kan du lage en unik fargekombinasjon av 300 tilh\u00f8rende baller.<br \/><span>(Velg 1 farge\/50 baller. Maks 6 farger. OBS! Tilgjengelige farger p\u00e5 baller vises p\u00e5 bildet.)<\/span><\/p>\n<p><span>Anbefalt alder:&nbsp;<\/span><span>12 mnd &#8211; 5 \u00e5r<\/span><\/p>\n<p>Designer: <a href=\"https:\/\/babylove.se\/varumarken\/meow\">Meow<\/a><\/p>\n<p><em>Obs! Ballhav med egen fargekombinasjon p\u00e5 baller omfattes ikke av angeretten.&nbsp;<\/em><\/p>\n","protected":false},"excerpt":{"rendered":"<p>Fint og mykt lysegr\u00e5tt ballhav med 300 baller fra Meow. Ballene kommer i et fint sett med 300 &nbsp;baller.Overdraget er avtakbart og laget av myk bomull.&nbsp; M\u00e5l: Pool: \u00d890 x 40 x 5 cm Baller: \u00d87 cm, totalt 300 stk. inkludert Materiale: Overdrag: 94% bomull og 6% elastan Pool: 100% polyuretan Baller: plast Vasker\u00e5d overdrag: [&hellip;]<\/p>\n","protected":false},"featured_media":22852,"comment_status":"closed","ping_status":"open","template":"","meta":{"_acf_changed":false},"product_brand":[774],"product_cat":[667,68,775],"product_tag":[1689],"class_list":{"0":"post-22850","1":"product","2":"type-product","3":"status-publish","4":"has-post-thumbnail","6":"product_brand-meow","7":"product_cat-ballhav","8":"product_cat-leker","9":"product_cat-meow","10":"product_tag-bestillingsvaror","12":"first","13":"outofstock","14":"taxable","15":"shipping-taxable","16":"purchasable","17":"product-type-simple"},"acf":[],"yoast_head":"<!-- This site is optimized with the Yoast SEO Premium plugin v25.8 (Yoast SEO v27.2) - https:\/\/yoast.com\/product\/yoast-seo-premium-wordpress\/ -->\n<title>K\u00f6p Meow bollhav med 300 bollar - FRI FRAKT - Babylove.se<\/title>\n<meta name=\"description\" content=\"Meow Bollhav med fina 300 bollar -Fri frakt \u00f6ver 799 kr- Snabba leveranser- Stort utbud- Klarna faktura - Babylove.se\" \/>\n<meta name=\"robots\" content=\"noindex, follow, max-snippet:-1, max-image-preview:large, max-video-preview:-1\" \/>\n<meta property=\"og:locale\" content=\"nb_NO\" \/>\n<meta property=\"og:type\" content=\"article\" \/>\n<meta property=\"og:title\" content=\"Meow, lysgr\u00e5 ballbasseng 90x40 med 300 valgfrie baller\" \/>\n<meta property=\"og:description\" content=\"Meow Bollhav med fina 300 bollar -Fri frakt \u00f6ver 799 kr- Snabba leveranser- Stort utbud- Klarna faktura - Babylove.se\" \/>\n<meta property=\"og:url\" content=\"https:\/\/babylove.se\/no\/produkt\/mjau-lysegra-ballhav-90x40-med-300-valgfrie-baller\/\" \/>\n<meta property=\"og:site_name\" content=\"Babylove Norska\" \/>\n<meta property=\"article:modified_time\" content=\"2026-04-08T08:54:27+00:00\" \/>\n<meta property=\"og:image\" content=\"https:\/\/babylove.se\/no\/wp-content\/uploads\/sites\/3\/2025\/07\/161416471360362345b9928.jpeg\" \/>\n\t<meta property=\"og:image:width\" content=\"500\" \/>\n\t<meta property=\"og:image:height\" content=\"379\" \/>\n\t<meta property=\"og:image:type\" content=\"image\/jpeg\" \/>\n<meta name=\"twitter:card\" content=\"summary_large_image\" \/>\n<meta name=\"twitter:label1\" content=\"Price\" \/>\n\t<meta name=\"twitter:data1\" content=\"1 679,00&nbsp;&#107;&#114;\" \/>\n\t<meta name=\"twitter:label2\" content=\"Availability\" \/>\n\t<meta name=\"twitter:data2\" content=\"Out of stock\" \/>\n<script type=\"application\/ld+json\" class=\"yoast-schema-graph\">{\"@context\":\"https:\/\/schema.org\",\"@graph\":[{\"@type\":\"WebPage\",\"@id\":\"https:\/\/babylove.se\/no\/produkt\/mjau-lysegra-ballhav-90x40-med-300-valgfrie-baller\/\",\"url\":\"https:\/\/babylove.se\/no\/produkt\/mjau-lysegra-ballhav-90x40-med-300-valgfrie-baller\/\",\"name\":\"K\u00f6p Meow bollhav med 300 bollar - FRI FRAKT - Babylove.se\",\"isPartOf\":{\"@id\":\"https:\/\/babylove.se\/no\/#website\"},\"primaryImageOfPage\":{\"@id\":\"https:\/\/babylove.se\/no\/produkt\/mjau-lysegra-ballhav-90x40-med-300-valgfrie-baller\/#primaryimage\"},\"image\":{\"@id\":\"https:\/\/babylove.se\/no\/produkt\/mjau-lysegra-ballhav-90x40-med-300-valgfrie-baller\/#primaryimage\"},\"thumbnailUrl\":\"https:\/\/babylove.se\/no\/wp-content\/uploads\/sites\/3\/2025\/07\/161416471360362345b9928.jpeg\",\"datePublished\":\"2025-07-18T21:59:27+00:00\",\"dateModified\":\"2026-04-08T08:54:27+00:00\",\"description\":\"Meow Bollhav med fina 300 bollar -Fri frakt \u00f6ver 799 kr- Snabba leveranser- Stort utbud- Klarna faktura - Babylove.se\",\"breadcrumb\":{\"@id\":\"https:\/\/babylove.se\/no\/produkt\/mjau-lysegra-ballhav-90x40-med-300-valgfrie-baller\/#breadcrumb\"},\"inLanguage\":\"nb-NO\",\"potentialAction\":[{\"@type\":\"ReadAction\",\"target\":[\"https:\/\/babylove.se\/no\/produkt\/mjau-lysegra-ballhav-90x40-med-300-valgfrie-baller\/\"]}]},{\"@type\":\"ImageObject\",\"inLanguage\":\"nb-NO\",\"@id\":\"https:\/\/babylove.se\/no\/produkt\/mjau-lysegra-ballhav-90x40-med-300-valgfrie-baller\/#primaryimage\",\"url\":\"https:\/\/babylove.se\/no\/wp-content\/uploads\/sites\/3\/2025\/07\/161416471360362345b9928.jpeg\",\"contentUrl\":\"https:\/\/babylove.se\/no\/wp-content\/uploads\/sites\/3\/2025\/07\/161416471360362345b9928.jpeg\",\"width\":500,\"height\":379},{\"@type\":\"BreadcrumbList\",\"@id\":\"https:\/\/babylove.se\/no\/produkt\/mjau-lysegra-ballhav-90x40-med-300-valgfrie-baller\/#breadcrumb\",\"itemListElement\":[{\"@type\":\"ListItem\",\"position\":1,\"name\":\"Hem\",\"item\":\"https:\/\/babylove.se\/no\/\"},{\"@type\":\"ListItem\",\"position\":2,\"name\":\"Butik\",\"item\":\"https:\/\/babylove.se\/no\/butik\/\"},{\"@type\":\"ListItem\",\"position\":3,\"name\":\"Meow, lysgr\u00e5 ballbasseng 90&#215;40 med 300 valgfrie baller\"}]},{\"@type\":\"WebSite\",\"@id\":\"https:\/\/babylove.se\/no\/#website\",\"url\":\"https:\/\/babylove.se\/no\/\",\"name\":\"Babylove Norska\",\"description\":\"\",\"potentialAction\":[{\"@type\":\"SearchAction\",\"target\":{\"@type\":\"EntryPoint\",\"urlTemplate\":\"https:\/\/babylove.se\/no\/?s={search_term_string}\"},\"query-input\":{\"@type\":\"PropertyValueSpecification\",\"valueRequired\":true,\"valueName\":\"search_term_string\"}}],\"inLanguage\":\"nb-NO\"}]}<\/script>\n<meta property=\"product:brand\" content=\"Meow\" \/>\n<meta property=\"product:price:amount\" content=\"1679.00\" \/>\n<meta property=\"product:price:currency\" content=\"SEK\" \/>\n<meta property=\"og:availability\" content=\"out of stock\" \/>\n<meta property=\"product:availability\" content=\"out of stock\" \/>\n<meta property=\"product:retailer_item_id\" content=\"4017\" \/>\n<meta property=\"product:condition\" content=\"new\" \/>\n<!-- \/ Yoast SEO Premium plugin. -->","yoast_head_json":{"title":"K\u00f6p Meow bollhav med 300 bollar - FRI FRAKT - Babylove.se","description":"Meow Bollhav med fina 300 bollar -Fri frakt \u00f6ver 799 kr- Snabba leveranser- Stort utbud- Klarna faktura - Babylove.se","robots":{"index":"noindex","follow":"follow","max-snippet":"max-snippet:-1","max-image-preview":"max-image-preview:large","max-video-preview":"max-video-preview:-1"},"og_locale":"nb_NO","og_type":"article","og_title":"Meow, lysgr\u00e5 ballbasseng 90x40 med 300 valgfrie baller","og_description":"Meow Bollhav med fina 300 bollar -Fri frakt \u00f6ver 799 kr- Snabba leveranser- Stort utbud- Klarna faktura - Babylove.se","og_url":"https:\/\/babylove.se\/no\/produkt\/mjau-lysegra-ballhav-90x40-med-300-valgfrie-baller\/","og_site_name":"Babylove Norska","article_modified_time":"2026-04-08T08:54:27+00:00","og_image":[{"width":500,"height":379,"url":"https:\/\/babylove.se\/no\/wp-content\/uploads\/sites\/3\/2025\/07\/161416471360362345b9928.jpeg","type":"image\/jpeg"}],"twitter_card":"summary_large_image","twitter_misc":{"Price":"1 679,00&nbsp;&#107;&#114;","Availability":"Out of stock"},"schema":{"@context":"https:\/\/schema.org","@graph":[{"@type":"WebPage","@id":"https:\/\/babylove.se\/no\/produkt\/mjau-lysegra-ballhav-90x40-med-300-valgfrie-baller\/","url":"https:\/\/babylove.se\/no\/produkt\/mjau-lysegra-ballhav-90x40-med-300-valgfrie-baller\/","name":"K\u00f6p Meow bollhav med 300 bollar - FRI FRAKT - Babylove.se","isPartOf":{"@id":"https:\/\/babylove.se\/no\/#website"},"primaryImageOfPage":{"@id":"https:\/\/babylove.se\/no\/produkt\/mjau-lysegra-ballhav-90x40-med-300-valgfrie-baller\/#primaryimage"},"image":{"@id":"https:\/\/babylove.se\/no\/produkt\/mjau-lysegra-ballhav-90x40-med-300-valgfrie-baller\/#primaryimage"},"thumbnailUrl":"https:\/\/babylove.se\/no\/wp-content\/uploads\/sites\/3\/2025\/07\/161416471360362345b9928.jpeg","datePublished":"2025-07-18T21:59:27+00:00","dateModified":"2026-04-08T08:54:27+00:00","description":"Meow Bollhav med fina 300 bollar -Fri frakt \u00f6ver 799 kr- Snabba leveranser- Stort utbud- Klarna faktura - Babylove.se","breadcrumb":{"@id":"https:\/\/babylove.se\/no\/produkt\/mjau-lysegra-ballhav-90x40-med-300-valgfrie-baller\/#breadcrumb"},"inLanguage":"nb-NO","potentialAction":[{"@type":"ReadAction","target":["https:\/\/babylove.se\/no\/produkt\/mjau-lysegra-ballhav-90x40-med-300-valgfrie-baller\/"]}]},{"@type":"ImageObject","inLanguage":"nb-NO","@id":"https:\/\/babylove.se\/no\/produkt\/mjau-lysegra-ballhav-90x40-med-300-valgfrie-baller\/#primaryimage","url":"https:\/\/babylove.se\/no\/wp-content\/uploads\/sites\/3\/2025\/07\/161416471360362345b9928.jpeg","contentUrl":"https:\/\/babylove.se\/no\/wp-content\/uploads\/sites\/3\/2025\/07\/161416471360362345b9928.jpeg","width":500,"height":379},{"@type":"BreadcrumbList","@id":"https:\/\/babylove.se\/no\/produkt\/mjau-lysegra-ballhav-90x40-med-300-valgfrie-baller\/#breadcrumb","itemListElement":[{"@type":"ListItem","position":1,"name":"Hem","item":"https:\/\/babylove.se\/no\/"},{"@type":"ListItem","position":2,"name":"Butik","item":"https:\/\/babylove.se\/no\/butik\/"},{"@type":"ListItem","position":3,"name":"Meow, lysgr\u00e5 ballbasseng 90&#215;40 med 300 valgfrie baller"}]},{"@type":"WebSite","@id":"https:\/\/babylove.se\/no\/#website","url":"https:\/\/babylove.se\/no\/","name":"Babylove Norska","description":"","potentialAction":[{"@type":"SearchAction","target":{"@type":"EntryPoint","urlTemplate":"https:\/\/babylove.se\/no\/?s={search_term_string}"},"query-input":{"@type":"PropertyValueSpecification","valueRequired":true,"valueName":"search_term_string"}}],"inLanguage":"nb-NO"}]},"product_brand":"Meow","product_price_amount":"1679.00","product_price_currency":"SEK","og_availability":"out of stock","product_availability":"out of stock","product_retailer_item_id":"4017","product_condition":"new"},"_links":{"self":[{"href":"https:\/\/babylove.se\/no\/wp-json\/wp\/v2\/product\/22850","targetHints":{"allow":["GET"]}}],"collection":[{"href":"https:\/\/babylove.se\/no\/wp-json\/wp\/v2\/product"}],"about":[{"href":"https:\/\/babylove.se\/no\/wp-json\/wp\/v2\/types\/product"}],"replies":[{"embeddable":true,"href":"https:\/\/babylove.se\/no\/wp-json\/wp\/v2\/comments?post=22850"}],"wp:featuredmedia":[{"embeddable":true,"href":"https:\/\/babylove.se\/no\/wp-json\/wp\/v2\/media\/22852"}],"wp:attachment":[{"href":"https:\/\/babylove.se\/no\/wp-json\/wp\/v2\/media?parent=22850"}],"wp:term":[{"taxonomy":"product_brand","embeddable":true,"href":"https:\/\/babylove.se\/no\/wp-json\/wp\/v2\/product_brand?post=22850"},{"taxonomy":"product_cat","embeddable":true,"href":"https:\/\/babylove.se\/no\/wp-json\/wp\/v2\/product_cat?post=22850"},{"taxonomy":"product_tag","embeddable":true,"href":"https:\/\/babylove.se\/no\/wp-json\/wp\/v2\/product_tag?post=22850"}],"curies":[{"name":"wp","href":"https:\/\/api.w.org\/{rel}","templated":true}]}}