{"id":2294,"date":"2025-07-18T20:07:37","date_gmt":"2025-07-18T19:07:37","guid":{"rendered":"https:\/\/babylove.se\/produkt\/vimpel-silver-stjarnor\/"},"modified":"2026-04-08T07:50:17","modified_gmt":"2026-04-08T06:50:17","slug":"vimpel-solv-stjerner","status":"publish","type":"product","link":"https:\/\/babylove.se\/no\/produkt\/vimpel-solv-stjerner\/","title":{"rendered":"Vimpel s\u00f8lv stjerner Cotton &#038; Sweets"},"content":{"rendered":"<p>Seks stykker vakre skimrende stjerner er klare til \u00e5 raskt forvandle barnets rom p\u00e5 mange forskjellige m\u00e5ter. Vimpler h\u00f8rer til blant de mest effektive man kan bruke n\u00e5r det er p\u00e5 tide \u00e5 innrede barnerommet. I sin enkelhet gj\u00f8r den stort inntrykk ved vinduet, p\u00e5 en vegg, under en sengehimmel eller ved barnesengen. Uansett plassering vil disse stjernene forskj\u00f8nne hverdagen.&nbsp;<\/p>\n<p>Finnes i fargene: Pudderrosa, s\u00f8lv og gull.&nbsp;<\/p>\n<p><strong>M\u00e5l<\/strong>: girlandens lengde 145 cm, stjernene er 11 cm x 6 cm.&nbsp;<\/p>\n<p><strong>Materiale<\/strong>: 100 % polyester med fyll av polyesterkuler.<\/p>\n<p>Designer: <a href=\"https:\/\/babylove.se\/varumarken\/cottonsweets\"><u>Cotton &amp; Sweets<\/u><\/a><\/p>\n<p><u>&nbsp;<\/u><\/p>\n","protected":false},"excerpt":{"rendered":"<p>Seks stykker vakre skimrende stjerner er klare til \u00e5 raskt forvandle barnets rom p\u00e5 mange forskjellige m\u00e5ter. Vimpler h\u00f8rer til blant de mest effektive man kan bruke n\u00e5r det er p\u00e5 tide \u00e5 innrede barnerommet. I sin enkelhet gj\u00f8r den stort inntrykk ved vinduet, p\u00e5 en vegg, under en sengehimmel eller ved barnesengen. Uansett plassering [&hellip;]<\/p>\n","protected":false},"featured_media":2296,"comment_status":"closed","ping_status":"open","template":"","meta":{"_acf_changed":false},"product_brand":[143],"product_cat":[144,26,25,58],"product_tag":[1689],"class_list":{"0":"post-2294","1":"product","2":"type-product","3":"status-publish","4":"has-post-thumbnail","6":"product_brand-cotton-sweets","7":"product_cat-cottonsweets","8":"product_cat-kjop-produkter-som-ikke-bare-er-for-gutter","9":"product_cat-ikke-bare-jenter","10":"product_cat-vimpler","11":"product_tag-bestillingsvaror","13":"first","14":"instock","15":"taxable","16":"shipping-taxable","17":"purchasable","18":"product-type-simple"},"acf":[],"yoast_head":"<!-- This site is optimized with the Yoast SEO Premium plugin v25.8 (Yoast SEO v27.2) - https:\/\/yoast.com\/product\/yoast-seo-premium-wordpress\/ -->\n<title>Vimpel s\u00f8lv stjerner Cotton &amp; Sweets - Babylove Norska<\/title>\n<meta name=\"description\" content=\"Sex stycken vackert skimrande stj\u00e4rnor \u00e4r redo att snabbt f\u00f6r\u00e4ndra ditt barns rum p\u00e5 en massa olika s\u00e4tt - skickas inom 24 timmar !\" \/>\n<meta name=\"robots\" content=\"noindex, follow, max-snippet:-1, max-image-preview:large, max-video-preview:-1\" \/>\n<meta property=\"og:locale\" content=\"nb_NO\" \/>\n<meta property=\"og:type\" content=\"article\" \/>\n<meta property=\"og:title\" content=\"Vimpel s\u00f8lv stjerner Cotton &amp; Sweets\" \/>\n<meta property=\"og:description\" content=\"Sex stycken vackert skimrande stj\u00e4rnor \u00e4r redo att snabbt f\u00f6r\u00e4ndra ditt barns rum p\u00e5 en massa olika s\u00e4tt - skickas inom 24 timmar !\" \/>\n<meta property=\"og:url\" content=\"https:\/\/babylove.se\/no\/produkt\/vimpel-solv-stjerner\/\" \/>\n<meta property=\"og:site_name\" content=\"Babylove Norska\" \/>\n<meta property=\"article:modified_time\" content=\"2026-04-08T06:50:17+00:00\" \/>\n<meta property=\"og:image\" content=\"https:\/\/babylove.se\/no\/wp-content\/uploads\/sites\/3\/2025\/07\/59ad44e4e1d82.jpeg\" \/>\n\t<meta property=\"og:image:width\" content=\"560\" \/>\n\t<meta property=\"og:image:height\" content=\"453\" \/>\n\t<meta property=\"og:image:type\" content=\"image\/jpeg\" \/>\n<meta name=\"twitter:card\" content=\"summary_large_image\" \/>\n<meta name=\"twitter:label1\" content=\"Price\" \/>\n\t<meta name=\"twitter:data1\" content=\"399,00&nbsp;&#107;&#114;\" \/>\n\t<meta name=\"twitter:label2\" content=\"Availability\" \/>\n\t<meta name=\"twitter:data2\" content=\"In stock\" \/>\n<script type=\"application\/ld+json\" class=\"yoast-schema-graph\">{\"@context\":\"https:\/\/schema.org\",\"@graph\":[{\"@type\":\"WebPage\",\"@id\":\"https:\/\/babylove.se\/no\/produkt\/vimpel-solv-stjerner\/\",\"url\":\"https:\/\/babylove.se\/no\/produkt\/vimpel-solv-stjerner\/\",\"name\":\"Vimpel s\u00f8lv stjerner Cotton & Sweets - Babylove Norska\",\"isPartOf\":{\"@id\":\"https:\/\/babylove.se\/no\/#website\"},\"primaryImageOfPage\":{\"@id\":\"https:\/\/babylove.se\/no\/produkt\/vimpel-solv-stjerner\/#primaryimage\"},\"image\":{\"@id\":\"https:\/\/babylove.se\/no\/produkt\/vimpel-solv-stjerner\/#primaryimage\"},\"thumbnailUrl\":\"https:\/\/babylove.se\/no\/wp-content\/uploads\/sites\/3\/2025\/07\/59ad44e4e1d82.jpeg\",\"datePublished\":\"2025-07-18T19:07:37+00:00\",\"dateModified\":\"2026-04-08T06:50:17+00:00\",\"description\":\"Sex stycken vackert skimrande stj\u00e4rnor \u00e4r redo att snabbt f\u00f6r\u00e4ndra ditt barns rum p\u00e5 en massa olika s\u00e4tt - skickas inom 24 timmar !\",\"breadcrumb\":{\"@id\":\"https:\/\/babylove.se\/no\/produkt\/vimpel-solv-stjerner\/#breadcrumb\"},\"inLanguage\":\"nb-NO\",\"potentialAction\":[{\"@type\":\"ReadAction\",\"target\":[\"https:\/\/babylove.se\/no\/produkt\/vimpel-solv-stjerner\/\"]}]},{\"@type\":\"ImageObject\",\"inLanguage\":\"nb-NO\",\"@id\":\"https:\/\/babylove.se\/no\/produkt\/vimpel-solv-stjerner\/#primaryimage\",\"url\":\"https:\/\/babylove.se\/no\/wp-content\/uploads\/sites\/3\/2025\/07\/59ad44e4e1d82.jpeg\",\"contentUrl\":\"https:\/\/babylove.se\/no\/wp-content\/uploads\/sites\/3\/2025\/07\/59ad44e4e1d82.jpeg\",\"width\":560,\"height\":453},{\"@type\":\"BreadcrumbList\",\"@id\":\"https:\/\/babylove.se\/no\/produkt\/vimpel-solv-stjerner\/#breadcrumb\",\"itemListElement\":[{\"@type\":\"ListItem\",\"position\":1,\"name\":\"Hem\",\"item\":\"https:\/\/babylove.se\/no\/\"},{\"@type\":\"ListItem\",\"position\":2,\"name\":\"Butik\",\"item\":\"https:\/\/babylove.se\/no\/butik\/\"},{\"@type\":\"ListItem\",\"position\":3,\"name\":\"Vimpel s\u00f8lv stjerner Cotton &#038; Sweets\"}]},{\"@type\":\"WebSite\",\"@id\":\"https:\/\/babylove.se\/no\/#website\",\"url\":\"https:\/\/babylove.se\/no\/\",\"name\":\"Babylove Norska\",\"description\":\"\",\"potentialAction\":[{\"@type\":\"SearchAction\",\"target\":{\"@type\":\"EntryPoint\",\"urlTemplate\":\"https:\/\/babylove.se\/no\/?s={search_term_string}\"},\"query-input\":{\"@type\":\"PropertyValueSpecification\",\"valueRequired\":true,\"valueName\":\"search_term_string\"}}],\"inLanguage\":\"nb-NO\"}]}<\/script>\n<meta property=\"product:brand\" content=\"Cotton &amp; Sweets\" \/>\n<meta property=\"product:price:amount\" content=\"399.00\" \/>\n<meta property=\"product:price:currency\" content=\"SEK\" \/>\n<meta property=\"og:availability\" content=\"instock\" \/>\n<meta property=\"product:availability\" content=\"instock\" \/>\n<meta property=\"product:retailer_item_id\" content=\"945\" \/>\n<meta property=\"product:condition\" content=\"new\" \/>\n<!-- \/ Yoast SEO Premium plugin. -->","yoast_head_json":{"title":"Vimpel s\u00f8lv stjerner Cotton & Sweets - Babylove Norska","description":"Sex stycken vackert skimrande stj\u00e4rnor \u00e4r redo att snabbt f\u00f6r\u00e4ndra ditt barns rum p\u00e5 en massa olika s\u00e4tt - skickas inom 24 timmar !","robots":{"index":"noindex","follow":"follow","max-snippet":"max-snippet:-1","max-image-preview":"max-image-preview:large","max-video-preview":"max-video-preview:-1"},"og_locale":"nb_NO","og_type":"article","og_title":"Vimpel s\u00f8lv stjerner Cotton & Sweets","og_description":"Sex stycken vackert skimrande stj\u00e4rnor \u00e4r redo att snabbt f\u00f6r\u00e4ndra ditt barns rum p\u00e5 en massa olika s\u00e4tt - skickas inom 24 timmar !","og_url":"https:\/\/babylove.se\/no\/produkt\/vimpel-solv-stjerner\/","og_site_name":"Babylove Norska","article_modified_time":"2026-04-08T06:50:17+00:00","og_image":[{"width":560,"height":453,"url":"https:\/\/babylove.se\/no\/wp-content\/uploads\/sites\/3\/2025\/07\/59ad44e4e1d82.jpeg","type":"image\/jpeg"}],"twitter_card":"summary_large_image","twitter_misc":{"Price":"399,00&nbsp;&#107;&#114;","Availability":"In stock"},"schema":{"@context":"https:\/\/schema.org","@graph":[{"@type":"WebPage","@id":"https:\/\/babylove.se\/no\/produkt\/vimpel-solv-stjerner\/","url":"https:\/\/babylove.se\/no\/produkt\/vimpel-solv-stjerner\/","name":"Vimpel s\u00f8lv stjerner Cotton & Sweets - Babylove Norska","isPartOf":{"@id":"https:\/\/babylove.se\/no\/#website"},"primaryImageOfPage":{"@id":"https:\/\/babylove.se\/no\/produkt\/vimpel-solv-stjerner\/#primaryimage"},"image":{"@id":"https:\/\/babylove.se\/no\/produkt\/vimpel-solv-stjerner\/#primaryimage"},"thumbnailUrl":"https:\/\/babylove.se\/no\/wp-content\/uploads\/sites\/3\/2025\/07\/59ad44e4e1d82.jpeg","datePublished":"2025-07-18T19:07:37+00:00","dateModified":"2026-04-08T06:50:17+00:00","description":"Sex stycken vackert skimrande stj\u00e4rnor \u00e4r redo att snabbt f\u00f6r\u00e4ndra ditt barns rum p\u00e5 en massa olika s\u00e4tt - skickas inom 24 timmar !","breadcrumb":{"@id":"https:\/\/babylove.se\/no\/produkt\/vimpel-solv-stjerner\/#breadcrumb"},"inLanguage":"nb-NO","potentialAction":[{"@type":"ReadAction","target":["https:\/\/babylove.se\/no\/produkt\/vimpel-solv-stjerner\/"]}]},{"@type":"ImageObject","inLanguage":"nb-NO","@id":"https:\/\/babylove.se\/no\/produkt\/vimpel-solv-stjerner\/#primaryimage","url":"https:\/\/babylove.se\/no\/wp-content\/uploads\/sites\/3\/2025\/07\/59ad44e4e1d82.jpeg","contentUrl":"https:\/\/babylove.se\/no\/wp-content\/uploads\/sites\/3\/2025\/07\/59ad44e4e1d82.jpeg","width":560,"height":453},{"@type":"BreadcrumbList","@id":"https:\/\/babylove.se\/no\/produkt\/vimpel-solv-stjerner\/#breadcrumb","itemListElement":[{"@type":"ListItem","position":1,"name":"Hem","item":"https:\/\/babylove.se\/no\/"},{"@type":"ListItem","position":2,"name":"Butik","item":"https:\/\/babylove.se\/no\/butik\/"},{"@type":"ListItem","position":3,"name":"Vimpel s\u00f8lv stjerner Cotton &#038; Sweets"}]},{"@type":"WebSite","@id":"https:\/\/babylove.se\/no\/#website","url":"https:\/\/babylove.se\/no\/","name":"Babylove Norska","description":"","potentialAction":[{"@type":"SearchAction","target":{"@type":"EntryPoint","urlTemplate":"https:\/\/babylove.se\/no\/?s={search_term_string}"},"query-input":{"@type":"PropertyValueSpecification","valueRequired":true,"valueName":"search_term_string"}}],"inLanguage":"nb-NO"}]},"product_brand":"Cotton &amp; Sweets","product_price_amount":"399.00","product_price_currency":"SEK","og_availability":"instock","product_availability":"instock","product_retailer_item_id":"945","product_condition":"new"},"_links":{"self":[{"href":"https:\/\/babylove.se\/no\/wp-json\/wp\/v2\/product\/2294","targetHints":{"allow":["GET"]}}],"collection":[{"href":"https:\/\/babylove.se\/no\/wp-json\/wp\/v2\/product"}],"about":[{"href":"https:\/\/babylove.se\/no\/wp-json\/wp\/v2\/types\/product"}],"replies":[{"embeddable":true,"href":"https:\/\/babylove.se\/no\/wp-json\/wp\/v2\/comments?post=2294"}],"wp:featuredmedia":[{"embeddable":true,"href":"https:\/\/babylove.se\/no\/wp-json\/wp\/v2\/media\/2296"}],"wp:attachment":[{"href":"https:\/\/babylove.se\/no\/wp-json\/wp\/v2\/media?parent=2294"}],"wp:term":[{"taxonomy":"product_brand","embeddable":true,"href":"https:\/\/babylove.se\/no\/wp-json\/wp\/v2\/product_brand?post=2294"},{"taxonomy":"product_cat","embeddable":true,"href":"https:\/\/babylove.se\/no\/wp-json\/wp\/v2\/product_cat?post=2294"},{"taxonomy":"product_tag","embeddable":true,"href":"https:\/\/babylove.se\/no\/wp-json\/wp\/v2\/product_tag?post=2294"}],"curies":[{"name":"wp","href":"https:\/\/api.w.org\/{rel}","templated":true}]}}