{"id":23089,"date":"2025-07-18T23:01:33","date_gmt":"2025-07-18T22:01:33","guid":{"rendered":"https:\/\/babylove.se\/produkt\/dra-pa-lakan-spjalsang-cheries-pink-no-more\/"},"modified":"2026-04-08T09:56:02","modified_gmt":"2026-04-08T08:56:02","slug":"dra-pa-laken-spjalseng-cheries-pink-no-more","status":"publish","type":"product","link":"https:\/\/babylove.se\/no\/produkt\/dra-pa-laken-spjalseng-cheries-pink-no-more\/","title":{"rendered":"Strekklaken sprinkelseng, cheries, Pink No More"},"content":{"rendered":"<p>Et ideelt strammearket til tremmesengen, som med sitt elastiske b\u00e5nd gj\u00f8r at arket ikke glir under barnets s\u00f8vn. Arket er laget av bomull i h\u00f8yeste kvalitet og er sv\u00e6rt behagelig \u00e5 ta p\u00e5, og fremfor alt, for barnet \u00e5 sove i. Et godt underark garanterer at ditt barn kommer til \u00e5 sove mer komfortabelt og bedre.&nbsp;<\/p>\n<p>Samtlige farger som er brukt til produktet er selvf\u00f8lgelig helt barnesikre.<\/p>\n<p>&nbsp;<strong>M\u00e5l<\/strong>: 60 x 120 cm. Materiale: 100 % \u00d6KO-Tex sertifisert bomull<\/p>\n<p>Designer: <a href=\"https:\/\/babylove.se\/varumarken\/pink-no-more\"><u>Pink No More<\/u><\/a><\/p>\n","protected":false},"excerpt":{"rendered":"<p>Et ideelt strammearket til tremmesengen, som med sitt elastiske b\u00e5nd gj\u00f8r at arket ikke glir under barnets s\u00f8vn. Arket er laget av bomull i h\u00f8yeste kvalitet og er sv\u00e6rt behagelig \u00e5 ta p\u00e5, og fremfor alt, for barnet \u00e5 sove i. Et godt underark garanterer at ditt barn kommer til \u00e5 sove mer komfortabelt og [&hellip;]<\/p>\n","protected":false},"featured_media":23091,"comment_status":"closed","ping_status":"open","template":"","meta":{"_acf_changed":false},"product_brand":[187],"product_cat":[39,188,60,119],"product_tag":[],"class_list":{"0":"post-23089","1":"product","2":"type-product","3":"status-publish","4":"has-post-thumbnail","6":"product_brand-pink-no-more","7":"product_cat-barnesangklaer","8":"product_cat-pink-no-more","9":"product_cat-sommer","10":"product_cat-underlaken","12":"first","13":"instock","14":"taxable","15":"shipping-taxable","16":"purchasable","17":"product-type-simple"},"acf":[],"yoast_head":"<!-- This site is optimized with the Yoast SEO Premium plugin v25.8 (Yoast SEO v27.2) - https:\/\/yoast.com\/product\/yoast-seo-premium-wordpress\/ -->\n<title>Strekklaken sprinkelseng, cheries, Pink No More - Babylove Norska<\/title>\n<meta name=\"description\" content=\"Ett idealiskt dra-p\u00e5-lakan till spj\u00e4ls\u00e4ngen, som med sitt elastiska band g\u00f6r att lakanet inte glider under barnets s\u00f6mn - 14 dagars \u00f6ppet k\u00f6p - 24h leverans\" \/>\n<meta name=\"robots\" content=\"noindex, follow, max-snippet:-1, max-image-preview:large, max-video-preview:-1\" \/>\n<meta property=\"og:locale\" content=\"nb_NO\" \/>\n<meta property=\"og:type\" content=\"article\" \/>\n<meta property=\"og:title\" content=\"Strekklaken sprinkelseng, cheries, Pink No More\" \/>\n<meta property=\"og:description\" content=\"Ett idealiskt dra-p\u00e5-lakan till spj\u00e4ls\u00e4ngen, som med sitt elastiska band g\u00f6r att lakanet inte glider under barnets s\u00f6mn - 14 dagars \u00f6ppet k\u00f6p - 24h leverans\" \/>\n<meta property=\"og:url\" content=\"https:\/\/babylove.se\/no\/produkt\/dra-pa-laken-spjalseng-cheries-pink-no-more\/\" \/>\n<meta property=\"og:site_name\" content=\"Babylove Norska\" \/>\n<meta property=\"article:modified_time\" content=\"2026-04-08T08:56:02+00:00\" \/>\n<meta property=\"og:image\" content=\"https:\/\/babylove.se\/no\/wp-content\/uploads\/sites\/3\/2025\/07\/6047652d59097.jpeg\" \/>\n\t<meta property=\"og:image:width\" content=\"750\" \/>\n\t<meta property=\"og:image:height\" content=\"500\" \/>\n\t<meta property=\"og:image:type\" content=\"image\/jpeg\" \/>\n<meta name=\"twitter:card\" content=\"summary_large_image\" \/>\n<meta name=\"twitter:label1\" content=\"Price\" \/>\n\t<meta name=\"twitter:data1\" content=\"369,00&nbsp;&#107;&#114;\" \/>\n\t<meta name=\"twitter:label2\" content=\"Availability\" \/>\n\t<meta name=\"twitter:data2\" content=\"In stock\" \/>\n<script type=\"application\/ld+json\" class=\"yoast-schema-graph\">{\"@context\":\"https:\/\/schema.org\",\"@graph\":[{\"@type\":\"WebPage\",\"@id\":\"https:\/\/babylove.se\/no\/produkt\/dra-pa-laken-spjalseng-cheries-pink-no-more\/\",\"url\":\"https:\/\/babylove.se\/no\/produkt\/dra-pa-laken-spjalseng-cheries-pink-no-more\/\",\"name\":\"Strekklaken sprinkelseng, cheries, Pink No More - Babylove Norska\",\"isPartOf\":{\"@id\":\"https:\/\/babylove.se\/no\/#website\"},\"primaryImageOfPage\":{\"@id\":\"https:\/\/babylove.se\/no\/produkt\/dra-pa-laken-spjalseng-cheries-pink-no-more\/#primaryimage\"},\"image\":{\"@id\":\"https:\/\/babylove.se\/no\/produkt\/dra-pa-laken-spjalseng-cheries-pink-no-more\/#primaryimage\"},\"thumbnailUrl\":\"https:\/\/babylove.se\/no\/wp-content\/uploads\/sites\/3\/2025\/07\/6047652d59097.jpeg\",\"datePublished\":\"2025-07-18T22:01:33+00:00\",\"dateModified\":\"2026-04-08T08:56:02+00:00\",\"description\":\"Ett idealiskt dra-p\u00e5-lakan till spj\u00e4ls\u00e4ngen, som med sitt elastiska band g\u00f6r att lakanet inte glider under barnets s\u00f6mn - 14 dagars \u00f6ppet k\u00f6p - 24h leverans\",\"breadcrumb\":{\"@id\":\"https:\/\/babylove.se\/no\/produkt\/dra-pa-laken-spjalseng-cheries-pink-no-more\/#breadcrumb\"},\"inLanguage\":\"nb-NO\",\"potentialAction\":[{\"@type\":\"ReadAction\",\"target\":[\"https:\/\/babylove.se\/no\/produkt\/dra-pa-laken-spjalseng-cheries-pink-no-more\/\"]}]},{\"@type\":\"ImageObject\",\"inLanguage\":\"nb-NO\",\"@id\":\"https:\/\/babylove.se\/no\/produkt\/dra-pa-laken-spjalseng-cheries-pink-no-more\/#primaryimage\",\"url\":\"https:\/\/babylove.se\/no\/wp-content\/uploads\/sites\/3\/2025\/07\/6047652d59097.jpeg\",\"contentUrl\":\"https:\/\/babylove.se\/no\/wp-content\/uploads\/sites\/3\/2025\/07\/6047652d59097.jpeg\",\"width\":750,\"height\":500},{\"@type\":\"BreadcrumbList\",\"@id\":\"https:\/\/babylove.se\/no\/produkt\/dra-pa-laken-spjalseng-cheries-pink-no-more\/#breadcrumb\",\"itemListElement\":[{\"@type\":\"ListItem\",\"position\":1,\"name\":\"Hem\",\"item\":\"https:\/\/babylove.se\/no\/\"},{\"@type\":\"ListItem\",\"position\":2,\"name\":\"Butik\",\"item\":\"https:\/\/babylove.se\/no\/butik\/\"},{\"@type\":\"ListItem\",\"position\":3,\"name\":\"Strekklaken sprinkelseng, cheries, Pink No More\"}]},{\"@type\":\"WebSite\",\"@id\":\"https:\/\/babylove.se\/no\/#website\",\"url\":\"https:\/\/babylove.se\/no\/\",\"name\":\"Babylove Norska\",\"description\":\"\",\"potentialAction\":[{\"@type\":\"SearchAction\",\"target\":{\"@type\":\"EntryPoint\",\"urlTemplate\":\"https:\/\/babylove.se\/no\/?s={search_term_string}\"},\"query-input\":{\"@type\":\"PropertyValueSpecification\",\"valueRequired\":true,\"valueName\":\"search_term_string\"}}],\"inLanguage\":\"nb-NO\"}]}<\/script>\n<meta property=\"product:brand\" content=\"Pink No more\" \/>\n<meta property=\"product:price:amount\" content=\"369.00\" \/>\n<meta property=\"product:price:currency\" content=\"SEK\" \/>\n<meta property=\"og:availability\" content=\"instock\" \/>\n<meta property=\"product:availability\" content=\"instock\" \/>\n<meta property=\"product:retailer_item_id\" content=\"4049\" \/>\n<meta property=\"product:condition\" content=\"new\" \/>\n<!-- \/ Yoast SEO Premium plugin. -->","yoast_head_json":{"title":"Strekklaken sprinkelseng, cheries, Pink No More - Babylove Norska","description":"Ett idealiskt dra-p\u00e5-lakan till spj\u00e4ls\u00e4ngen, som med sitt elastiska band g\u00f6r att lakanet inte glider under barnets s\u00f6mn - 14 dagars \u00f6ppet k\u00f6p - 24h leverans","robots":{"index":"noindex","follow":"follow","max-snippet":"max-snippet:-1","max-image-preview":"max-image-preview:large","max-video-preview":"max-video-preview:-1"},"og_locale":"nb_NO","og_type":"article","og_title":"Strekklaken sprinkelseng, cheries, Pink No More","og_description":"Ett idealiskt dra-p\u00e5-lakan till spj\u00e4ls\u00e4ngen, som med sitt elastiska band g\u00f6r att lakanet inte glider under barnets s\u00f6mn - 14 dagars \u00f6ppet k\u00f6p - 24h leverans","og_url":"https:\/\/babylove.se\/no\/produkt\/dra-pa-laken-spjalseng-cheries-pink-no-more\/","og_site_name":"Babylove Norska","article_modified_time":"2026-04-08T08:56:02+00:00","og_image":[{"width":750,"height":500,"url":"https:\/\/babylove.se\/no\/wp-content\/uploads\/sites\/3\/2025\/07\/6047652d59097.jpeg","type":"image\/jpeg"}],"twitter_card":"summary_large_image","twitter_misc":{"Price":"369,00&nbsp;&#107;&#114;","Availability":"In stock"},"schema":{"@context":"https:\/\/schema.org","@graph":[{"@type":"WebPage","@id":"https:\/\/babylove.se\/no\/produkt\/dra-pa-laken-spjalseng-cheries-pink-no-more\/","url":"https:\/\/babylove.se\/no\/produkt\/dra-pa-laken-spjalseng-cheries-pink-no-more\/","name":"Strekklaken sprinkelseng, cheries, Pink No More - Babylove Norska","isPartOf":{"@id":"https:\/\/babylove.se\/no\/#website"},"primaryImageOfPage":{"@id":"https:\/\/babylove.se\/no\/produkt\/dra-pa-laken-spjalseng-cheries-pink-no-more\/#primaryimage"},"image":{"@id":"https:\/\/babylove.se\/no\/produkt\/dra-pa-laken-spjalseng-cheries-pink-no-more\/#primaryimage"},"thumbnailUrl":"https:\/\/babylove.se\/no\/wp-content\/uploads\/sites\/3\/2025\/07\/6047652d59097.jpeg","datePublished":"2025-07-18T22:01:33+00:00","dateModified":"2026-04-08T08:56:02+00:00","description":"Ett idealiskt dra-p\u00e5-lakan till spj\u00e4ls\u00e4ngen, som med sitt elastiska band g\u00f6r att lakanet inte glider under barnets s\u00f6mn - 14 dagars \u00f6ppet k\u00f6p - 24h leverans","breadcrumb":{"@id":"https:\/\/babylove.se\/no\/produkt\/dra-pa-laken-spjalseng-cheries-pink-no-more\/#breadcrumb"},"inLanguage":"nb-NO","potentialAction":[{"@type":"ReadAction","target":["https:\/\/babylove.se\/no\/produkt\/dra-pa-laken-spjalseng-cheries-pink-no-more\/"]}]},{"@type":"ImageObject","inLanguage":"nb-NO","@id":"https:\/\/babylove.se\/no\/produkt\/dra-pa-laken-spjalseng-cheries-pink-no-more\/#primaryimage","url":"https:\/\/babylove.se\/no\/wp-content\/uploads\/sites\/3\/2025\/07\/6047652d59097.jpeg","contentUrl":"https:\/\/babylove.se\/no\/wp-content\/uploads\/sites\/3\/2025\/07\/6047652d59097.jpeg","width":750,"height":500},{"@type":"BreadcrumbList","@id":"https:\/\/babylove.se\/no\/produkt\/dra-pa-laken-spjalseng-cheries-pink-no-more\/#breadcrumb","itemListElement":[{"@type":"ListItem","position":1,"name":"Hem","item":"https:\/\/babylove.se\/no\/"},{"@type":"ListItem","position":2,"name":"Butik","item":"https:\/\/babylove.se\/no\/butik\/"},{"@type":"ListItem","position":3,"name":"Strekklaken sprinkelseng, cheries, Pink No More"}]},{"@type":"WebSite","@id":"https:\/\/babylove.se\/no\/#website","url":"https:\/\/babylove.se\/no\/","name":"Babylove Norska","description":"","potentialAction":[{"@type":"SearchAction","target":{"@type":"EntryPoint","urlTemplate":"https:\/\/babylove.se\/no\/?s={search_term_string}"},"query-input":{"@type":"PropertyValueSpecification","valueRequired":true,"valueName":"search_term_string"}}],"inLanguage":"nb-NO"}]},"product_brand":"Pink No more","product_price_amount":"369.00","product_price_currency":"SEK","og_availability":"instock","product_availability":"instock","product_retailer_item_id":"4049","product_condition":"new"},"_links":{"self":[{"href":"https:\/\/babylove.se\/no\/wp-json\/wp\/v2\/product\/23089","targetHints":{"allow":["GET"]}}],"collection":[{"href":"https:\/\/babylove.se\/no\/wp-json\/wp\/v2\/product"}],"about":[{"href":"https:\/\/babylove.se\/no\/wp-json\/wp\/v2\/types\/product"}],"replies":[{"embeddable":true,"href":"https:\/\/babylove.se\/no\/wp-json\/wp\/v2\/comments?post=23089"}],"wp:featuredmedia":[{"embeddable":true,"href":"https:\/\/babylove.se\/no\/wp-json\/wp\/v2\/media\/23091"}],"wp:attachment":[{"href":"https:\/\/babylove.se\/no\/wp-json\/wp\/v2\/media?parent=23089"}],"wp:term":[{"taxonomy":"product_brand","embeddable":true,"href":"https:\/\/babylove.se\/no\/wp-json\/wp\/v2\/product_brand?post=23089"},{"taxonomy":"product_cat","embeddable":true,"href":"https:\/\/babylove.se\/no\/wp-json\/wp\/v2\/product_cat?post=23089"},{"taxonomy":"product_tag","embeddable":true,"href":"https:\/\/babylove.se\/no\/wp-json\/wp\/v2\/product_tag?post=23089"}],"curies":[{"name":"wp","href":"https:\/\/api.w.org\/{rel}","templated":true}]}}