{"id":23138,"date":"2025-07-18T23:01:58","date_gmt":"2025-07-18T22:01:58","guid":{"rendered":"https:\/\/babylove.se\/produkt\/tellkiddo-forvaringspase-sovande-bjorn\/"},"modified":"2026-04-08T09:56:37","modified_gmt":"2026-04-08T08:56:37","slug":"tellkiddo-oppbevaringspose-sovende-bjorn","status":"publish","type":"product","link":"https:\/\/babylove.se\/no\/produkt\/tellkiddo-oppbevaringspose-sovende-bjorn\/","title":{"rendered":"Tellkiddo oppbevaringspose sovende bj\u00f8rn"},"content":{"rendered":"<p>Denne vidunderlige lekesekken fra svenske Tellkiddo er helt laget av stoff i en fin off white farge. Du kan henge den opp akkurat der du vil ha den eller la den ligge p\u00e5 gulvet og bidra til en fin innredning i barnerommet ditt. Perfekt \u00e5 oppbevare kosedyrene eller favorittlekene i, praktisk og elegant.<\/p>\n<p>\u00d6KO-tex sertifisert produkt<\/p>\n<p>M\u00e5l: Ca 48x 68 cm<\/p>\n<p>Designer: <a href=\"https:\/\/babylove.se\/varumarken\/tellkiddo\"><u>Tellkiddo<\/u><\/a><\/p>\n","protected":false},"excerpt":{"rendered":"<p>Denne vidunderlige lekesekken fra svenske Tellkiddo er helt laget av stoff i en fin off white farge. Du kan henge den opp akkurat der du vil ha den eller la den ligge p\u00e5 gulvet og bidra til en fin innredning i barnerommet ditt. Perfekt \u00e5 oppbevare kosedyrene eller favorittlekene i, praktisk og elegant. \u00d6KO-tex sertifisert [&hellip;]<\/p>\n","protected":false},"featured_media":23140,"comment_status":"closed","ping_status":"open","template":"","meta":{"_acf_changed":false},"product_brand":[126],"product_cat":[26,25,43,127],"product_tag":[],"class_list":{"0":"post-23138","1":"product","2":"type-product","3":"status-publish","4":"has-post-thumbnail","6":"product_brand-tellkiddo","7":"product_cat-kjop-produkter-som-ikke-bare-er-for-gutter","8":"product_cat-ikke-bare-jenter","9":"product_cat-oppbevaringskurver","10":"product_cat-tellkiddo","12":"first","13":"outofstock","14":"taxable","15":"shipping-taxable","16":"purchasable","17":"product-type-simple"},"acf":[],"yoast_head":"<!-- This site is optimized with the Yoast SEO Premium plugin v25.8 (Yoast SEO v27.2) - https:\/\/yoast.com\/product\/yoast-seo-premium-wordpress\/ -->\n<title>Tellkiddo oppbevaringspose sovende bj\u00f8rn - Babylove Norska<\/title>\n<meta name=\"robots\" content=\"noindex, follow, max-snippet:-1, max-image-preview:large, max-video-preview:-1\" \/>\n<meta property=\"og:locale\" content=\"nb_NO\" \/>\n<meta property=\"og:type\" content=\"article\" \/>\n<meta property=\"og:title\" content=\"Tellkiddo oppbevaringspose sovende bj\u00f8rn\" \/>\n<meta property=\"og:description\" content=\"Denne vidunderlige lekesekken fra svenske Tellkiddo er helt laget av stoff i en fin off white farge. Du kan henge den opp akkurat der du vil ha den eller la den ligge p\u00e5 gulvet og bidra til en fin innredning i barnerommet ditt. Perfekt \u00e5 oppbevare kosedyrene eller favorittlekene i, praktisk og elegant. \u00d6KO-tex sertifisert [&hellip;]\" \/>\n<meta property=\"og:url\" content=\"https:\/\/babylove.se\/no\/produkt\/tellkiddo-oppbevaringspose-sovende-bjorn\/\" \/>\n<meta property=\"og:site_name\" content=\"Babylove Norska\" \/>\n<meta property=\"article:modified_time\" content=\"2026-04-08T08:56:37+00:00\" \/>\n<meta property=\"og:image\" content=\"https:\/\/babylove.se\/no\/wp-content\/uploads\/sites\/3\/2025\/07\/6047c3ab3eec5.png\" \/>\n\t<meta property=\"og:image:width\" content=\"587\" \/>\n\t<meta property=\"og:image:height\" content=\"750\" \/>\n\t<meta property=\"og:image:type\" content=\"image\/png\" \/>\n<meta name=\"twitter:card\" content=\"summary_large_image\" \/>\n<meta name=\"twitter:label1\" content=\"Price\" \/>\n\t<meta name=\"twitter:data1\" content=\"299,00&nbsp;&#107;&#114;\" \/>\n\t<meta name=\"twitter:label2\" content=\"Availability\" \/>\n\t<meta name=\"twitter:data2\" content=\"Out of stock\" \/>\n<script type=\"application\/ld+json\" class=\"yoast-schema-graph\">{\"@context\":\"https:\/\/schema.org\",\"@graph\":[{\"@type\":\"WebPage\",\"@id\":\"https:\/\/babylove.se\/no\/produkt\/tellkiddo-oppbevaringspose-sovende-bjorn\/\",\"url\":\"https:\/\/babylove.se\/no\/produkt\/tellkiddo-oppbevaringspose-sovende-bjorn\/\",\"name\":\"Tellkiddo oppbevaringspose sovende bj\u00f8rn - Babylove Norska\",\"isPartOf\":{\"@id\":\"https:\/\/babylove.se\/no\/#website\"},\"primaryImageOfPage\":{\"@id\":\"https:\/\/babylove.se\/no\/produkt\/tellkiddo-oppbevaringspose-sovende-bjorn\/#primaryimage\"},\"image\":{\"@id\":\"https:\/\/babylove.se\/no\/produkt\/tellkiddo-oppbevaringspose-sovende-bjorn\/#primaryimage\"},\"thumbnailUrl\":\"https:\/\/babylove.se\/no\/wp-content\/uploads\/sites\/3\/2025\/07\/6047c3ab3eec5.png\",\"datePublished\":\"2025-07-18T22:01:58+00:00\",\"dateModified\":\"2026-04-08T08:56:37+00:00\",\"breadcrumb\":{\"@id\":\"https:\/\/babylove.se\/no\/produkt\/tellkiddo-oppbevaringspose-sovende-bjorn\/#breadcrumb\"},\"inLanguage\":\"nb-NO\",\"potentialAction\":[{\"@type\":\"ReadAction\",\"target\":[\"https:\/\/babylove.se\/no\/produkt\/tellkiddo-oppbevaringspose-sovende-bjorn\/\"]}]},{\"@type\":\"ImageObject\",\"inLanguage\":\"nb-NO\",\"@id\":\"https:\/\/babylove.se\/no\/produkt\/tellkiddo-oppbevaringspose-sovende-bjorn\/#primaryimage\",\"url\":\"https:\/\/babylove.se\/no\/wp-content\/uploads\/sites\/3\/2025\/07\/6047c3ab3eec5.png\",\"contentUrl\":\"https:\/\/babylove.se\/no\/wp-content\/uploads\/sites\/3\/2025\/07\/6047c3ab3eec5.png\",\"width\":587,\"height\":750},{\"@type\":\"BreadcrumbList\",\"@id\":\"https:\/\/babylove.se\/no\/produkt\/tellkiddo-oppbevaringspose-sovende-bjorn\/#breadcrumb\",\"itemListElement\":[{\"@type\":\"ListItem\",\"position\":1,\"name\":\"Hem\",\"item\":\"https:\/\/babylove.se\/no\/\"},{\"@type\":\"ListItem\",\"position\":2,\"name\":\"Butik\",\"item\":\"https:\/\/babylove.se\/no\/butik\/\"},{\"@type\":\"ListItem\",\"position\":3,\"name\":\"Tellkiddo oppbevaringspose sovende bj\u00f8rn\"}]},{\"@type\":\"WebSite\",\"@id\":\"https:\/\/babylove.se\/no\/#website\",\"url\":\"https:\/\/babylove.se\/no\/\",\"name\":\"Babylove Norska\",\"description\":\"\",\"potentialAction\":[{\"@type\":\"SearchAction\",\"target\":{\"@type\":\"EntryPoint\",\"urlTemplate\":\"https:\/\/babylove.se\/no\/?s={search_term_string}\"},\"query-input\":{\"@type\":\"PropertyValueSpecification\",\"valueRequired\":true,\"valueName\":\"search_term_string\"}}],\"inLanguage\":\"nb-NO\"}]}<\/script>\n<meta property=\"product:brand\" content=\"Tellkiddo\" \/>\n<meta property=\"product:price:amount\" content=\"299.00\" \/>\n<meta property=\"product:price:currency\" content=\"SEK\" \/>\n<meta property=\"og:availability\" content=\"out of stock\" \/>\n<meta property=\"product:availability\" content=\"out of stock\" \/>\n<meta property=\"product:retailer_item_id\" content=\"4060\" \/>\n<meta property=\"product:condition\" content=\"new\" \/>\n<!-- \/ Yoast SEO Premium plugin. -->","yoast_head_json":{"title":"Tellkiddo oppbevaringspose sovende bj\u00f8rn - Babylove Norska","robots":{"index":"noindex","follow":"follow","max-snippet":"max-snippet:-1","max-image-preview":"max-image-preview:large","max-video-preview":"max-video-preview:-1"},"og_locale":"nb_NO","og_type":"article","og_title":"Tellkiddo oppbevaringspose sovende bj\u00f8rn","og_description":"Denne vidunderlige lekesekken fra svenske Tellkiddo er helt laget av stoff i en fin off white farge. Du kan henge den opp akkurat der du vil ha den eller la den ligge p\u00e5 gulvet og bidra til en fin innredning i barnerommet ditt. Perfekt \u00e5 oppbevare kosedyrene eller favorittlekene i, praktisk og elegant. \u00d6KO-tex sertifisert [&hellip;]","og_url":"https:\/\/babylove.se\/no\/produkt\/tellkiddo-oppbevaringspose-sovende-bjorn\/","og_site_name":"Babylove Norska","article_modified_time":"2026-04-08T08:56:37+00:00","og_image":[{"width":587,"height":750,"url":"https:\/\/babylove.se\/no\/wp-content\/uploads\/sites\/3\/2025\/07\/6047c3ab3eec5.png","type":"image\/png"}],"twitter_card":"summary_large_image","twitter_misc":{"Price":"299,00&nbsp;&#107;&#114;","Availability":"Out of stock"},"schema":{"@context":"https:\/\/schema.org","@graph":[{"@type":"WebPage","@id":"https:\/\/babylove.se\/no\/produkt\/tellkiddo-oppbevaringspose-sovende-bjorn\/","url":"https:\/\/babylove.se\/no\/produkt\/tellkiddo-oppbevaringspose-sovende-bjorn\/","name":"Tellkiddo oppbevaringspose sovende bj\u00f8rn - Babylove Norska","isPartOf":{"@id":"https:\/\/babylove.se\/no\/#website"},"primaryImageOfPage":{"@id":"https:\/\/babylove.se\/no\/produkt\/tellkiddo-oppbevaringspose-sovende-bjorn\/#primaryimage"},"image":{"@id":"https:\/\/babylove.se\/no\/produkt\/tellkiddo-oppbevaringspose-sovende-bjorn\/#primaryimage"},"thumbnailUrl":"https:\/\/babylove.se\/no\/wp-content\/uploads\/sites\/3\/2025\/07\/6047c3ab3eec5.png","datePublished":"2025-07-18T22:01:58+00:00","dateModified":"2026-04-08T08:56:37+00:00","breadcrumb":{"@id":"https:\/\/babylove.se\/no\/produkt\/tellkiddo-oppbevaringspose-sovende-bjorn\/#breadcrumb"},"inLanguage":"nb-NO","potentialAction":[{"@type":"ReadAction","target":["https:\/\/babylove.se\/no\/produkt\/tellkiddo-oppbevaringspose-sovende-bjorn\/"]}]},{"@type":"ImageObject","inLanguage":"nb-NO","@id":"https:\/\/babylove.se\/no\/produkt\/tellkiddo-oppbevaringspose-sovende-bjorn\/#primaryimage","url":"https:\/\/babylove.se\/no\/wp-content\/uploads\/sites\/3\/2025\/07\/6047c3ab3eec5.png","contentUrl":"https:\/\/babylove.se\/no\/wp-content\/uploads\/sites\/3\/2025\/07\/6047c3ab3eec5.png","width":587,"height":750},{"@type":"BreadcrumbList","@id":"https:\/\/babylove.se\/no\/produkt\/tellkiddo-oppbevaringspose-sovende-bjorn\/#breadcrumb","itemListElement":[{"@type":"ListItem","position":1,"name":"Hem","item":"https:\/\/babylove.se\/no\/"},{"@type":"ListItem","position":2,"name":"Butik","item":"https:\/\/babylove.se\/no\/butik\/"},{"@type":"ListItem","position":3,"name":"Tellkiddo oppbevaringspose sovende bj\u00f8rn"}]},{"@type":"WebSite","@id":"https:\/\/babylove.se\/no\/#website","url":"https:\/\/babylove.se\/no\/","name":"Babylove Norska","description":"","potentialAction":[{"@type":"SearchAction","target":{"@type":"EntryPoint","urlTemplate":"https:\/\/babylove.se\/no\/?s={search_term_string}"},"query-input":{"@type":"PropertyValueSpecification","valueRequired":true,"valueName":"search_term_string"}}],"inLanguage":"nb-NO"}]},"product_brand":"Tellkiddo","product_price_amount":"299.00","product_price_currency":"SEK","og_availability":"out of stock","product_availability":"out of stock","product_retailer_item_id":"4060","product_condition":"new"},"_links":{"self":[{"href":"https:\/\/babylove.se\/no\/wp-json\/wp\/v2\/product\/23138","targetHints":{"allow":["GET"]}}],"collection":[{"href":"https:\/\/babylove.se\/no\/wp-json\/wp\/v2\/product"}],"about":[{"href":"https:\/\/babylove.se\/no\/wp-json\/wp\/v2\/types\/product"}],"replies":[{"embeddable":true,"href":"https:\/\/babylove.se\/no\/wp-json\/wp\/v2\/comments?post=23138"}],"wp:featuredmedia":[{"embeddable":true,"href":"https:\/\/babylove.se\/no\/wp-json\/wp\/v2\/media\/23140"}],"wp:attachment":[{"href":"https:\/\/babylove.se\/no\/wp-json\/wp\/v2\/media?parent=23138"}],"wp:term":[{"taxonomy":"product_brand","embeddable":true,"href":"https:\/\/babylove.se\/no\/wp-json\/wp\/v2\/product_brand?post=23138"},{"taxonomy":"product_cat","embeddable":true,"href":"https:\/\/babylove.se\/no\/wp-json\/wp\/v2\/product_cat?post=23138"},{"taxonomy":"product_tag","embeddable":true,"href":"https:\/\/babylove.se\/no\/wp-json\/wp\/v2\/product_tag?post=23138"}],"curies":[{"name":"wp","href":"https:\/\/api.w.org\/{rel}","templated":true}]}}