{"id":23148,"date":"2025-07-18T23:01:58","date_gmt":"2025-07-18T22:01:58","guid":{"rendered":"https:\/\/babylove.se\/produkt\/upwarsaw-biplane-hylla-vit\/"},"modified":"2026-04-08T09:56:46","modified_gmt":"2026-04-08T08:56:46","slug":"upwarsaw-biplan-hylle-hvit","status":"publish","type":"product","link":"https:\/\/babylove.se\/no\/produkt\/upwarsaw-biplan-hylle-hvit\/","title":{"rendered":"Up Warsaw, Biplane hylle hvit"},"content":{"rendered":"<p>V\u00e5rt eget fly har plass til alle favorittsagaer og alle ditt barns viktige ting. Favorittbamsen kan settes i sin egen lille cockpit og favorittveska kan henges opp over hjulakselen. Propellen kan selvf\u00f8lgelig snurres p\u00e5 n\u00e5r det er p\u00e5 tide \u00e5 l\u00f8fte. En meget fin og samtidig praktisk hylle til barnerommet. En kommende storfavoritt.<\/p>\n<p>M\u00e5l: 72 x 28 x 42 cm<br \/>Vingen oppe er hele 72 cm x 15 cm &nbsp;og nede 66 cm x 15 cm&nbsp;<\/p>\n<p>Materiale: Plywood fra bj\u00f8rk 10mm tykk og selvf\u00f8lgelig \u00f8kologisk, malt med giftfri vannbasert maling (som likevel t\u00e5ler \u00e5 t\u00f8rkes av og enkelt holdes ren)<\/p>\n","protected":false},"excerpt":{"rendered":"<p>V\u00e5rt eget fly har plass til alle favorittsagaer og alle ditt barns viktige ting. Favorittbamsen kan settes i sin egen lille cockpit og favorittveska kan henges opp over hjulakselen. Propellen kan selvf\u00f8lgelig snurres p\u00e5 n\u00e5r det er p\u00e5 tide \u00e5 l\u00f8fte. En meget fin og samtidig praktisk hylle til barnerommet. En kommende storfavoritt. M\u00e5l: 72 [&hellip;]<\/p>\n","protected":false},"featured_media":23150,"comment_status":"closed","ping_status":"open","template":"","meta":{"_acf_changed":false},"product_brand":[],"product_cat":[87,43,920,88],"product_tag":[],"class_list":{"0":"post-23148","1":"product","2":"type-product","3":"status-publish","4":"has-post-thumbnail","6":"product_cat-hyller","7":"product_cat-oppbevaringskurver","8":"product_cat-up-warsaw","9":"product_cat-veggmylle-barnerom","11":"first","12":"outofstock","13":"taxable","14":"shipping-taxable","15":"purchasable","16":"product-type-simple"},"acf":[],"yoast_head":"<!-- This site is optimized with the Yoast SEO Premium plugin v25.8 (Yoast SEO v27.2) - https:\/\/yoast.com\/product\/yoast-seo-premium-wordpress\/ -->\n<title>Up Warsaw, Biplane hylle hvit - Babylove Norska<\/title>\n<meta name=\"robots\" content=\"noindex, follow, max-snippet:-1, max-image-preview:large, max-video-preview:-1\" \/>\n<meta property=\"og:locale\" content=\"nb_NO\" \/>\n<meta property=\"og:type\" content=\"article\" \/>\n<meta property=\"og:title\" content=\"Up Warsaw, Biplane hylle hvit\" \/>\n<meta property=\"og:description\" content=\"V\u00e5rt eget fly har plass til alle favorittsagaer og alle ditt barns viktige ting. Favorittbamsen kan settes i sin egen lille cockpit og favorittveska kan henges opp over hjulakselen. Propellen kan selvf\u00f8lgelig snurres p\u00e5 n\u00e5r det er p\u00e5 tide \u00e5 l\u00f8fte. En meget fin og samtidig praktisk hylle til barnerommet. En kommende storfavoritt. M\u00e5l: 72 [&hellip;]\" \/>\n<meta property=\"og:url\" content=\"https:\/\/babylove.se\/no\/produkt\/upwarsaw-biplan-hylle-hvit\/\" \/>\n<meta property=\"og:site_name\" content=\"Babylove Norska\" \/>\n<meta property=\"article:modified_time\" content=\"2026-04-08T08:56:46+00:00\" \/>\n<meta property=\"og:image\" content=\"https:\/\/babylove.se\/no\/wp-content\/uploads\/sites\/3\/2025\/07\/6048fa4e78ee4.png\" \/>\n\t<meta property=\"og:image:width\" content=\"750\" \/>\n\t<meta property=\"og:image:height\" content=\"537\" \/>\n\t<meta property=\"og:image:type\" content=\"image\/png\" \/>\n<meta name=\"twitter:card\" content=\"summary_large_image\" \/>\n<meta name=\"twitter:label1\" content=\"Price\" \/>\n\t<meta name=\"twitter:data1\" content=\"3 999,00&nbsp;&#107;&#114;\" \/>\n\t<meta name=\"twitter:label2\" content=\"Availability\" \/>\n\t<meta name=\"twitter:data2\" content=\"Out of stock\" \/>\n<script type=\"application\/ld+json\" class=\"yoast-schema-graph\">{\"@context\":\"https:\/\/schema.org\",\"@graph\":[{\"@type\":\"WebPage\",\"@id\":\"https:\/\/babylove.se\/no\/produkt\/upwarsaw-biplan-hylle-hvit\/\",\"url\":\"https:\/\/babylove.se\/no\/produkt\/upwarsaw-biplan-hylle-hvit\/\",\"name\":\"Up Warsaw, Biplane hylle hvit - Babylove Norska\",\"isPartOf\":{\"@id\":\"https:\/\/babylove.se\/no\/#website\"},\"primaryImageOfPage\":{\"@id\":\"https:\/\/babylove.se\/no\/produkt\/upwarsaw-biplan-hylle-hvit\/#primaryimage\"},\"image\":{\"@id\":\"https:\/\/babylove.se\/no\/produkt\/upwarsaw-biplan-hylle-hvit\/#primaryimage\"},\"thumbnailUrl\":\"https:\/\/babylove.se\/no\/wp-content\/uploads\/sites\/3\/2025\/07\/6048fa4e78ee4.png\",\"datePublished\":\"2025-07-18T22:01:58+00:00\",\"dateModified\":\"2026-04-08T08:56:46+00:00\",\"breadcrumb\":{\"@id\":\"https:\/\/babylove.se\/no\/produkt\/upwarsaw-biplan-hylle-hvit\/#breadcrumb\"},\"inLanguage\":\"nb-NO\",\"potentialAction\":[{\"@type\":\"ReadAction\",\"target\":[\"https:\/\/babylove.se\/no\/produkt\/upwarsaw-biplan-hylle-hvit\/\"]}]},{\"@type\":\"ImageObject\",\"inLanguage\":\"nb-NO\",\"@id\":\"https:\/\/babylove.se\/no\/produkt\/upwarsaw-biplan-hylle-hvit\/#primaryimage\",\"url\":\"https:\/\/babylove.se\/no\/wp-content\/uploads\/sites\/3\/2025\/07\/6048fa4e78ee4.png\",\"contentUrl\":\"https:\/\/babylove.se\/no\/wp-content\/uploads\/sites\/3\/2025\/07\/6048fa4e78ee4.png\",\"width\":750,\"height\":537},{\"@type\":\"BreadcrumbList\",\"@id\":\"https:\/\/babylove.se\/no\/produkt\/upwarsaw-biplan-hylle-hvit\/#breadcrumb\",\"itemListElement\":[{\"@type\":\"ListItem\",\"position\":1,\"name\":\"Hem\",\"item\":\"https:\/\/babylove.se\/no\/\"},{\"@type\":\"ListItem\",\"position\":2,\"name\":\"Butik\",\"item\":\"https:\/\/babylove.se\/no\/butik\/\"},{\"@type\":\"ListItem\",\"position\":3,\"name\":\"Up Warsaw, Biplane hylle hvit\"}]},{\"@type\":\"WebSite\",\"@id\":\"https:\/\/babylove.se\/no\/#website\",\"url\":\"https:\/\/babylove.se\/no\/\",\"name\":\"Babylove Norska\",\"description\":\"\",\"potentialAction\":[{\"@type\":\"SearchAction\",\"target\":{\"@type\":\"EntryPoint\",\"urlTemplate\":\"https:\/\/babylove.se\/no\/?s={search_term_string}\"},\"query-input\":{\"@type\":\"PropertyValueSpecification\",\"valueRequired\":true,\"valueName\":\"search_term_string\"}}],\"inLanguage\":\"nb-NO\"}]}<\/script>\n<meta property=\"product:price:amount\" content=\"3999.00\" \/>\n<meta property=\"product:price:currency\" content=\"SEK\" \/>\n<meta property=\"og:availability\" content=\"out of stock\" \/>\n<meta property=\"product:availability\" content=\"out of stock\" \/>\n<meta property=\"product:retailer_item_id\" content=\"4063\" \/>\n<meta property=\"product:condition\" content=\"new\" \/>\n<!-- \/ Yoast SEO Premium plugin. -->","yoast_head_json":{"title":"Up Warsaw, Biplane hylle hvit - Babylove Norska","robots":{"index":"noindex","follow":"follow","max-snippet":"max-snippet:-1","max-image-preview":"max-image-preview:large","max-video-preview":"max-video-preview:-1"},"og_locale":"nb_NO","og_type":"article","og_title":"Up Warsaw, Biplane hylle hvit","og_description":"V\u00e5rt eget fly har plass til alle favorittsagaer og alle ditt barns viktige ting. Favorittbamsen kan settes i sin egen lille cockpit og favorittveska kan henges opp over hjulakselen. Propellen kan selvf\u00f8lgelig snurres p\u00e5 n\u00e5r det er p\u00e5 tide \u00e5 l\u00f8fte. En meget fin og samtidig praktisk hylle til barnerommet. En kommende storfavoritt. M\u00e5l: 72 [&hellip;]","og_url":"https:\/\/babylove.se\/no\/produkt\/upwarsaw-biplan-hylle-hvit\/","og_site_name":"Babylove Norska","article_modified_time":"2026-04-08T08:56:46+00:00","og_image":[{"width":750,"height":537,"url":"https:\/\/babylove.se\/no\/wp-content\/uploads\/sites\/3\/2025\/07\/6048fa4e78ee4.png","type":"image\/png"}],"twitter_card":"summary_large_image","twitter_misc":{"Price":"3 999,00&nbsp;&#107;&#114;","Availability":"Out of stock"},"schema":{"@context":"https:\/\/schema.org","@graph":[{"@type":"WebPage","@id":"https:\/\/babylove.se\/no\/produkt\/upwarsaw-biplan-hylle-hvit\/","url":"https:\/\/babylove.se\/no\/produkt\/upwarsaw-biplan-hylle-hvit\/","name":"Up Warsaw, Biplane hylle hvit - Babylove Norska","isPartOf":{"@id":"https:\/\/babylove.se\/no\/#website"},"primaryImageOfPage":{"@id":"https:\/\/babylove.se\/no\/produkt\/upwarsaw-biplan-hylle-hvit\/#primaryimage"},"image":{"@id":"https:\/\/babylove.se\/no\/produkt\/upwarsaw-biplan-hylle-hvit\/#primaryimage"},"thumbnailUrl":"https:\/\/babylove.se\/no\/wp-content\/uploads\/sites\/3\/2025\/07\/6048fa4e78ee4.png","datePublished":"2025-07-18T22:01:58+00:00","dateModified":"2026-04-08T08:56:46+00:00","breadcrumb":{"@id":"https:\/\/babylove.se\/no\/produkt\/upwarsaw-biplan-hylle-hvit\/#breadcrumb"},"inLanguage":"nb-NO","potentialAction":[{"@type":"ReadAction","target":["https:\/\/babylove.se\/no\/produkt\/upwarsaw-biplan-hylle-hvit\/"]}]},{"@type":"ImageObject","inLanguage":"nb-NO","@id":"https:\/\/babylove.se\/no\/produkt\/upwarsaw-biplan-hylle-hvit\/#primaryimage","url":"https:\/\/babylove.se\/no\/wp-content\/uploads\/sites\/3\/2025\/07\/6048fa4e78ee4.png","contentUrl":"https:\/\/babylove.se\/no\/wp-content\/uploads\/sites\/3\/2025\/07\/6048fa4e78ee4.png","width":750,"height":537},{"@type":"BreadcrumbList","@id":"https:\/\/babylove.se\/no\/produkt\/upwarsaw-biplan-hylle-hvit\/#breadcrumb","itemListElement":[{"@type":"ListItem","position":1,"name":"Hem","item":"https:\/\/babylove.se\/no\/"},{"@type":"ListItem","position":2,"name":"Butik","item":"https:\/\/babylove.se\/no\/butik\/"},{"@type":"ListItem","position":3,"name":"Up Warsaw, Biplane hylle hvit"}]},{"@type":"WebSite","@id":"https:\/\/babylove.se\/no\/#website","url":"https:\/\/babylove.se\/no\/","name":"Babylove Norska","description":"","potentialAction":[{"@type":"SearchAction","target":{"@type":"EntryPoint","urlTemplate":"https:\/\/babylove.se\/no\/?s={search_term_string}"},"query-input":{"@type":"PropertyValueSpecification","valueRequired":true,"valueName":"search_term_string"}}],"inLanguage":"nb-NO"}]},"product_price_amount":"3999.00","product_price_currency":"SEK","og_availability":"out of stock","product_availability":"out of stock","product_retailer_item_id":"4063","product_condition":"new"},"_links":{"self":[{"href":"https:\/\/babylove.se\/no\/wp-json\/wp\/v2\/product\/23148","targetHints":{"allow":["GET"]}}],"collection":[{"href":"https:\/\/babylove.se\/no\/wp-json\/wp\/v2\/product"}],"about":[{"href":"https:\/\/babylove.se\/no\/wp-json\/wp\/v2\/types\/product"}],"replies":[{"embeddable":true,"href":"https:\/\/babylove.se\/no\/wp-json\/wp\/v2\/comments?post=23148"}],"wp:featuredmedia":[{"embeddable":true,"href":"https:\/\/babylove.se\/no\/wp-json\/wp\/v2\/media\/23150"}],"wp:attachment":[{"href":"https:\/\/babylove.se\/no\/wp-json\/wp\/v2\/media?parent=23148"}],"wp:term":[{"taxonomy":"product_brand","embeddable":true,"href":"https:\/\/babylove.se\/no\/wp-json\/wp\/v2\/product_brand?post=23148"},{"taxonomy":"product_cat","embeddable":true,"href":"https:\/\/babylove.se\/no\/wp-json\/wp\/v2\/product_cat?post=23148"},{"taxonomy":"product_tag","embeddable":true,"href":"https:\/\/babylove.se\/no\/wp-json\/wp\/v2\/product_tag?post=23148"}],"curies":[{"name":"wp","href":"https:\/\/api.w.org\/{rel}","templated":true}]}}