{"id":23159,"date":"2025-07-18T23:01:58","date_gmt":"2025-07-18T22:01:58","guid":{"rendered":"https:\/\/babylove.se\/produkt\/up-warsaw-hylla-cirkus-dusty-pink\/"},"modified":"2026-04-08T09:56:52","modified_gmt":"2026-04-08T08:56:52","slug":"up-warsaw-hylle-sirkus-dusty-pink","status":"publish","type":"product","link":"https:\/\/babylove.se\/no\/produkt\/up-warsaw-hylle-sirkus-dusty-pink\/","title":{"rendered":"Up Warsaw, hylle sirkus, dusty pink"},"content":{"rendered":"<p>Dette sirkuset er ikke bare for elefanter, teddybj\u00f8rner eller andre &nbsp;artister, fremfor alt skaper denne kreative hyllen masse magi i ditt &nbsp;barnerom. Alle som ditt barn tror kan underholde eller utf\u00f8re noe bra &nbsp;triks b\u00f8r f\u00e5 en plass p\u00e5 dette sirkuset. Flaggene vaier dessuten i akkurat &nbsp;den retningen som ditt barn vil.<\/p>\n<p>M\u00e5l eksklusiv flagget: 33,5 cm x 39,5 cm x 16 cm<\/p>\n<p>Materiale: Kryssfiner av bj\u00f8rk 10mm. \u00d8kologisk, malt med giftfri vannbasert farge som du enkelt vasker av med en klut.<\/p>\n","protected":false},"excerpt":{"rendered":"<p>Dette sirkuset er ikke bare for elefanter, teddybj\u00f8rner eller andre &nbsp;artister, fremfor alt skaper denne kreative hyllen masse magi i ditt &nbsp;barnerom. Alle som ditt barn tror kan underholde eller utf\u00f8re noe bra &nbsp;triks b\u00f8r f\u00e5 en plass p\u00e5 dette sirkuset. Flaggene vaier dessuten i akkurat &nbsp;den retningen som ditt barn vil. M\u00e5l eksklusiv flagget: [&hellip;]<\/p>\n","protected":false},"featured_media":23161,"comment_status":"closed","ping_status":"open","template":"","meta":{"_acf_changed":false},"product_brand":[],"product_cat":[87,43,270,920,88],"product_tag":[],"class_list":{"0":"post-23159","1":"product","2":"type-product","3":"status-publish","4":"has-post-thumbnail","6":"product_cat-hyller","7":"product_cat-oppbevaringskurver","8":"product_cat-sirkus","9":"product_cat-up-warsaw","10":"product_cat-veggmylle-barnerom","12":"first","13":"outofstock","14":"taxable","15":"shipping-taxable","16":"purchasable","17":"product-type-simple"},"acf":[],"yoast_head":"<!-- This site is optimized with the Yoast SEO Premium plugin v25.8 (Yoast SEO v27.2) - https:\/\/yoast.com\/product\/yoast-seo-premium-wordpress\/ -->\n<title>Up Warsaw, hylle sirkus, dusty pink - Babylove Norska<\/title>\n<meta name=\"robots\" content=\"noindex, follow, max-snippet:-1, max-image-preview:large, max-video-preview:-1\" \/>\n<meta property=\"og:locale\" content=\"nb_NO\" \/>\n<meta property=\"og:type\" content=\"article\" \/>\n<meta property=\"og:title\" content=\"Up Warsaw, hylle sirkus, dusty pink\" \/>\n<meta property=\"og:description\" content=\"Dette sirkuset er ikke bare for elefanter, teddybj\u00f8rner eller andre &nbsp;artister, fremfor alt skaper denne kreative hyllen masse magi i ditt &nbsp;barnerom. Alle som ditt barn tror kan underholde eller utf\u00f8re noe bra &nbsp;triks b\u00f8r f\u00e5 en plass p\u00e5 dette sirkuset. Flaggene vaier dessuten i akkurat &nbsp;den retningen som ditt barn vil. M\u00e5l eksklusiv flagget: [&hellip;]\" \/>\n<meta property=\"og:url\" content=\"https:\/\/babylove.se\/no\/produkt\/up-warsaw-hylle-sirkus-dusty-pink\/\" \/>\n<meta property=\"og:site_name\" content=\"Babylove Norska\" \/>\n<meta property=\"article:modified_time\" content=\"2026-04-08T08:56:52+00:00\" \/>\n<meta property=\"og:image\" content=\"https:\/\/babylove.se\/no\/wp-content\/uploads\/sites\/3\/2025\/07\/6048fcbe3a081.png\" \/>\n\t<meta property=\"og:image:width\" content=\"750\" \/>\n\t<meta property=\"og:image:height\" content=\"555\" \/>\n\t<meta property=\"og:image:type\" content=\"image\/png\" \/>\n<meta name=\"twitter:card\" content=\"summary_large_image\" \/>\n<meta name=\"twitter:label1\" content=\"Price\" \/>\n\t<meta name=\"twitter:data1\" content=\"1 999,00&nbsp;&#107;&#114;\" \/>\n\t<meta name=\"twitter:label2\" content=\"Availability\" \/>\n\t<meta name=\"twitter:data2\" content=\"Out of stock\" \/>\n<script type=\"application\/ld+json\" class=\"yoast-schema-graph\">{\"@context\":\"https:\/\/schema.org\",\"@graph\":[{\"@type\":\"WebPage\",\"@id\":\"https:\/\/babylove.se\/no\/produkt\/up-warsaw-hylle-sirkus-dusty-pink\/\",\"url\":\"https:\/\/babylove.se\/no\/produkt\/up-warsaw-hylle-sirkus-dusty-pink\/\",\"name\":\"Up Warsaw, hylle sirkus, dusty pink - Babylove Norska\",\"isPartOf\":{\"@id\":\"https:\/\/babylove.se\/no\/#website\"},\"primaryImageOfPage\":{\"@id\":\"https:\/\/babylove.se\/no\/produkt\/up-warsaw-hylle-sirkus-dusty-pink\/#primaryimage\"},\"image\":{\"@id\":\"https:\/\/babylove.se\/no\/produkt\/up-warsaw-hylle-sirkus-dusty-pink\/#primaryimage\"},\"thumbnailUrl\":\"https:\/\/babylove.se\/no\/wp-content\/uploads\/sites\/3\/2025\/07\/6048fcbe3a081.png\",\"datePublished\":\"2025-07-18T22:01:58+00:00\",\"dateModified\":\"2026-04-08T08:56:52+00:00\",\"breadcrumb\":{\"@id\":\"https:\/\/babylove.se\/no\/produkt\/up-warsaw-hylle-sirkus-dusty-pink\/#breadcrumb\"},\"inLanguage\":\"nb-NO\",\"potentialAction\":[{\"@type\":\"ReadAction\",\"target\":[\"https:\/\/babylove.se\/no\/produkt\/up-warsaw-hylle-sirkus-dusty-pink\/\"]}]},{\"@type\":\"ImageObject\",\"inLanguage\":\"nb-NO\",\"@id\":\"https:\/\/babylove.se\/no\/produkt\/up-warsaw-hylle-sirkus-dusty-pink\/#primaryimage\",\"url\":\"https:\/\/babylove.se\/no\/wp-content\/uploads\/sites\/3\/2025\/07\/6048fcbe3a081.png\",\"contentUrl\":\"https:\/\/babylove.se\/no\/wp-content\/uploads\/sites\/3\/2025\/07\/6048fcbe3a081.png\",\"width\":750,\"height\":555},{\"@type\":\"BreadcrumbList\",\"@id\":\"https:\/\/babylove.se\/no\/produkt\/up-warsaw-hylle-sirkus-dusty-pink\/#breadcrumb\",\"itemListElement\":[{\"@type\":\"ListItem\",\"position\":1,\"name\":\"Hem\",\"item\":\"https:\/\/babylove.se\/no\/\"},{\"@type\":\"ListItem\",\"position\":2,\"name\":\"Butik\",\"item\":\"https:\/\/babylove.se\/no\/butik\/\"},{\"@type\":\"ListItem\",\"position\":3,\"name\":\"Up Warsaw, hylle sirkus, dusty pink\"}]},{\"@type\":\"WebSite\",\"@id\":\"https:\/\/babylove.se\/no\/#website\",\"url\":\"https:\/\/babylove.se\/no\/\",\"name\":\"Babylove Norska\",\"description\":\"\",\"potentialAction\":[{\"@type\":\"SearchAction\",\"target\":{\"@type\":\"EntryPoint\",\"urlTemplate\":\"https:\/\/babylove.se\/no\/?s={search_term_string}\"},\"query-input\":{\"@type\":\"PropertyValueSpecification\",\"valueRequired\":true,\"valueName\":\"search_term_string\"}}],\"inLanguage\":\"nb-NO\"}]}<\/script>\n<meta property=\"product:price:amount\" content=\"1999.00\" \/>\n<meta property=\"product:price:currency\" content=\"SEK\" \/>\n<meta property=\"og:availability\" content=\"out of stock\" \/>\n<meta property=\"product:availability\" content=\"out of stock\" \/>\n<meta property=\"product:retailer_item_id\" content=\"4065\" \/>\n<meta property=\"product:condition\" content=\"new\" \/>\n<!-- \/ Yoast SEO Premium plugin. -->","yoast_head_json":{"title":"Up Warsaw, hylle sirkus, dusty pink - Babylove Norska","robots":{"index":"noindex","follow":"follow","max-snippet":"max-snippet:-1","max-image-preview":"max-image-preview:large","max-video-preview":"max-video-preview:-1"},"og_locale":"nb_NO","og_type":"article","og_title":"Up Warsaw, hylle sirkus, dusty pink","og_description":"Dette sirkuset er ikke bare for elefanter, teddybj\u00f8rner eller andre &nbsp;artister, fremfor alt skaper denne kreative hyllen masse magi i ditt &nbsp;barnerom. Alle som ditt barn tror kan underholde eller utf\u00f8re noe bra &nbsp;triks b\u00f8r f\u00e5 en plass p\u00e5 dette sirkuset. Flaggene vaier dessuten i akkurat &nbsp;den retningen som ditt barn vil. M\u00e5l eksklusiv flagget: [&hellip;]","og_url":"https:\/\/babylove.se\/no\/produkt\/up-warsaw-hylle-sirkus-dusty-pink\/","og_site_name":"Babylove Norska","article_modified_time":"2026-04-08T08:56:52+00:00","og_image":[{"width":750,"height":555,"url":"https:\/\/babylove.se\/no\/wp-content\/uploads\/sites\/3\/2025\/07\/6048fcbe3a081.png","type":"image\/png"}],"twitter_card":"summary_large_image","twitter_misc":{"Price":"1 999,00&nbsp;&#107;&#114;","Availability":"Out of stock"},"schema":{"@context":"https:\/\/schema.org","@graph":[{"@type":"WebPage","@id":"https:\/\/babylove.se\/no\/produkt\/up-warsaw-hylle-sirkus-dusty-pink\/","url":"https:\/\/babylove.se\/no\/produkt\/up-warsaw-hylle-sirkus-dusty-pink\/","name":"Up Warsaw, hylle sirkus, dusty pink - Babylove Norska","isPartOf":{"@id":"https:\/\/babylove.se\/no\/#website"},"primaryImageOfPage":{"@id":"https:\/\/babylove.se\/no\/produkt\/up-warsaw-hylle-sirkus-dusty-pink\/#primaryimage"},"image":{"@id":"https:\/\/babylove.se\/no\/produkt\/up-warsaw-hylle-sirkus-dusty-pink\/#primaryimage"},"thumbnailUrl":"https:\/\/babylove.se\/no\/wp-content\/uploads\/sites\/3\/2025\/07\/6048fcbe3a081.png","datePublished":"2025-07-18T22:01:58+00:00","dateModified":"2026-04-08T08:56:52+00:00","breadcrumb":{"@id":"https:\/\/babylove.se\/no\/produkt\/up-warsaw-hylle-sirkus-dusty-pink\/#breadcrumb"},"inLanguage":"nb-NO","potentialAction":[{"@type":"ReadAction","target":["https:\/\/babylove.se\/no\/produkt\/up-warsaw-hylle-sirkus-dusty-pink\/"]}]},{"@type":"ImageObject","inLanguage":"nb-NO","@id":"https:\/\/babylove.se\/no\/produkt\/up-warsaw-hylle-sirkus-dusty-pink\/#primaryimage","url":"https:\/\/babylove.se\/no\/wp-content\/uploads\/sites\/3\/2025\/07\/6048fcbe3a081.png","contentUrl":"https:\/\/babylove.se\/no\/wp-content\/uploads\/sites\/3\/2025\/07\/6048fcbe3a081.png","width":750,"height":555},{"@type":"BreadcrumbList","@id":"https:\/\/babylove.se\/no\/produkt\/up-warsaw-hylle-sirkus-dusty-pink\/#breadcrumb","itemListElement":[{"@type":"ListItem","position":1,"name":"Hem","item":"https:\/\/babylove.se\/no\/"},{"@type":"ListItem","position":2,"name":"Butik","item":"https:\/\/babylove.se\/no\/butik\/"},{"@type":"ListItem","position":3,"name":"Up Warsaw, hylle sirkus, dusty pink"}]},{"@type":"WebSite","@id":"https:\/\/babylove.se\/no\/#website","url":"https:\/\/babylove.se\/no\/","name":"Babylove Norska","description":"","potentialAction":[{"@type":"SearchAction","target":{"@type":"EntryPoint","urlTemplate":"https:\/\/babylove.se\/no\/?s={search_term_string}"},"query-input":{"@type":"PropertyValueSpecification","valueRequired":true,"valueName":"search_term_string"}}],"inLanguage":"nb-NO"}]},"product_price_amount":"1999.00","product_price_currency":"SEK","og_availability":"out of stock","product_availability":"out of stock","product_retailer_item_id":"4065","product_condition":"new"},"_links":{"self":[{"href":"https:\/\/babylove.se\/no\/wp-json\/wp\/v2\/product\/23159","targetHints":{"allow":["GET"]}}],"collection":[{"href":"https:\/\/babylove.se\/no\/wp-json\/wp\/v2\/product"}],"about":[{"href":"https:\/\/babylove.se\/no\/wp-json\/wp\/v2\/types\/product"}],"replies":[{"embeddable":true,"href":"https:\/\/babylove.se\/no\/wp-json\/wp\/v2\/comments?post=23159"}],"wp:featuredmedia":[{"embeddable":true,"href":"https:\/\/babylove.se\/no\/wp-json\/wp\/v2\/media\/23161"}],"wp:attachment":[{"href":"https:\/\/babylove.se\/no\/wp-json\/wp\/v2\/media?parent=23159"}],"wp:term":[{"taxonomy":"product_brand","embeddable":true,"href":"https:\/\/babylove.se\/no\/wp-json\/wp\/v2\/product_brand?post=23159"},{"taxonomy":"product_cat","embeddable":true,"href":"https:\/\/babylove.se\/no\/wp-json\/wp\/v2\/product_cat?post=23159"},{"taxonomy":"product_tag","embeddable":true,"href":"https:\/\/babylove.se\/no\/wp-json\/wp\/v2\/product_tag?post=23159"}],"curies":[{"name":"wp","href":"https:\/\/api.w.org\/{rel}","templated":true}]}}