{"id":23180,"date":"2025-07-18T23:02:23","date_gmt":"2025-07-18T22:02:23","guid":{"rendered":"https:\/\/babylove.se\/produkt\/up-warsaw-hylla-tv-dusty-grey\/"},"modified":"2026-04-08T09:57:04","modified_gmt":"2026-04-08T08:57:04","slug":"opp-warszawa-tv-hylle-stovgra","status":"publish","type":"product","link":"https:\/\/babylove.se\/no\/produkt\/opp-warszawa-tv-hylle-stovgra\/","title":{"rendered":"Up Warsaw, tv-hylle, dusty grey"},"content":{"rendered":"<p>Hvem vil ikke ha sin egen TV? Og da mener vi virkelig sin egen hvor ditt barn lager sine egne filmer eller skaper sitt eget show. Hovedrollen har kanskje teddybj\u00f8rnen, mens andre leker og dukker har sine roller. Barnet kan ogs\u00e5 tegne noe som skjer og vise i denne. Antennen er p\u00e5 plass for alltid \u00e5 gi et godt signal. Med denne vegghyllen lar vi ditt barns kreativitet flyte p\u00e5 en morsom og fin m\u00e5te, en sikker suksess.<\/p>\n<p>M\u00e5l: uten antenne 42 cm x 32,5 cm x 16 cm<\/p>\n<p>Materiale: Kryssfiner av bj\u00f8rk 10mm. \u00d8kologisk og malt med giftfrie vannbaserte farger som du enkelt kan rengj\u00f8re med en klut.<\/p>\n","protected":false},"excerpt":{"rendered":"<p>Hvem vil ikke ha sin egen TV? Og da mener vi virkelig sin egen hvor ditt barn lager sine egne filmer eller skaper sitt eget show. Hovedrollen har kanskje teddybj\u00f8rnen, mens andre leker og dukker har sine roller. Barnet kan ogs\u00e5 tegne noe som skjer og vise i denne. Antennen er p\u00e5 plass for alltid [&hellip;]<\/p>\n","protected":false},"featured_media":23182,"comment_status":"closed","ping_status":"open","template":"","meta":{"_acf_changed":false},"product_brand":[],"product_cat":[87,43,374,920,88],"product_tag":[],"class_list":{"0":"post-23180","1":"product","2":"type-product","3":"status-publish","4":"has-post-thumbnail","6":"product_cat-hyller","7":"product_cat-oppbevaringskurver","8":"product_cat-salg","9":"product_cat-up-warsaw","10":"product_cat-veggmylle-barnerom","12":"first","13":"instock","14":"taxable","15":"shipping-taxable","16":"purchasable","17":"product-type-simple"},"acf":[],"yoast_head":"<!-- This site is optimized with the Yoast SEO Premium plugin v25.8 (Yoast SEO v27.2) - https:\/\/yoast.com\/product\/yoast-seo-premium-wordpress\/ -->\n<title>Up Warsaw, tv-hylle, dusty grey - Babylove Norska<\/title>\n<meta name=\"robots\" content=\"noindex, follow, max-snippet:-1, max-image-preview:large, max-video-preview:-1\" \/>\n<meta property=\"og:locale\" content=\"nb_NO\" \/>\n<meta property=\"og:type\" content=\"article\" \/>\n<meta property=\"og:title\" content=\"Up Warsaw, tv-hylle, dusty grey\" \/>\n<meta property=\"og:description\" content=\"Hvem vil ikke ha sin egen TV? Og da mener vi virkelig sin egen hvor ditt barn lager sine egne filmer eller skaper sitt eget show. Hovedrollen har kanskje teddybj\u00f8rnen, mens andre leker og dukker har sine roller. Barnet kan ogs\u00e5 tegne noe som skjer og vise i denne. Antennen er p\u00e5 plass for alltid [&hellip;]\" \/>\n<meta property=\"og:url\" content=\"https:\/\/babylove.se\/no\/produkt\/opp-warszawa-tv-hylle-stovgra\/\" \/>\n<meta property=\"og:site_name\" content=\"Babylove Norska\" \/>\n<meta property=\"article:modified_time\" content=\"2026-04-08T08:57:04+00:00\" \/>\n<meta property=\"og:image\" content=\"https:\/\/babylove.se\/no\/wp-content\/uploads\/sites\/3\/2025\/07\/60490c89448fc.jpeg\" \/>\n\t<meta property=\"og:image:width\" content=\"750\" \/>\n\t<meta property=\"og:image:height\" content=\"563\" \/>\n\t<meta property=\"og:image:type\" content=\"image\/jpeg\" \/>\n<meta name=\"twitter:card\" content=\"summary_large_image\" \/>\n<meta name=\"twitter:label1\" content=\"Price\" \/>\n\t<meta name=\"twitter:data1\" content=\"999,00&nbsp;&#107;&#114;\" \/>\n\t<meta name=\"twitter:label2\" content=\"Availability\" \/>\n\t<meta name=\"twitter:data2\" content=\"In stock\" \/>\n<script type=\"application\/ld+json\" class=\"yoast-schema-graph\">{\"@context\":\"https:\/\/schema.org\",\"@graph\":[{\"@type\":\"WebPage\",\"@id\":\"https:\/\/babylove.se\/no\/produkt\/opp-warszawa-tv-hylle-stovgra\/\",\"url\":\"https:\/\/babylove.se\/no\/produkt\/opp-warszawa-tv-hylle-stovgra\/\",\"name\":\"Up Warsaw, tv-hylle, dusty grey - Babylove Norska\",\"isPartOf\":{\"@id\":\"https:\/\/babylove.se\/no\/#website\"},\"primaryImageOfPage\":{\"@id\":\"https:\/\/babylove.se\/no\/produkt\/opp-warszawa-tv-hylle-stovgra\/#primaryimage\"},\"image\":{\"@id\":\"https:\/\/babylove.se\/no\/produkt\/opp-warszawa-tv-hylle-stovgra\/#primaryimage\"},\"thumbnailUrl\":\"https:\/\/babylove.se\/no\/wp-content\/uploads\/sites\/3\/2025\/07\/60490c89448fc.jpeg\",\"datePublished\":\"2025-07-18T22:02:23+00:00\",\"dateModified\":\"2026-04-08T08:57:04+00:00\",\"breadcrumb\":{\"@id\":\"https:\/\/babylove.se\/no\/produkt\/opp-warszawa-tv-hylle-stovgra\/#breadcrumb\"},\"inLanguage\":\"nb-NO\",\"potentialAction\":[{\"@type\":\"ReadAction\",\"target\":[\"https:\/\/babylove.se\/no\/produkt\/opp-warszawa-tv-hylle-stovgra\/\"]}]},{\"@type\":\"ImageObject\",\"inLanguage\":\"nb-NO\",\"@id\":\"https:\/\/babylove.se\/no\/produkt\/opp-warszawa-tv-hylle-stovgra\/#primaryimage\",\"url\":\"https:\/\/babylove.se\/no\/wp-content\/uploads\/sites\/3\/2025\/07\/60490c89448fc.jpeg\",\"contentUrl\":\"https:\/\/babylove.se\/no\/wp-content\/uploads\/sites\/3\/2025\/07\/60490c89448fc.jpeg\",\"width\":750,\"height\":563},{\"@type\":\"BreadcrumbList\",\"@id\":\"https:\/\/babylove.se\/no\/produkt\/opp-warszawa-tv-hylle-stovgra\/#breadcrumb\",\"itemListElement\":[{\"@type\":\"ListItem\",\"position\":1,\"name\":\"Hem\",\"item\":\"https:\/\/babylove.se\/no\/\"},{\"@type\":\"ListItem\",\"position\":2,\"name\":\"Butik\",\"item\":\"https:\/\/babylove.se\/no\/butik\/\"},{\"@type\":\"ListItem\",\"position\":3,\"name\":\"Up Warsaw, tv-hylle, dusty grey\"}]},{\"@type\":\"WebSite\",\"@id\":\"https:\/\/babylove.se\/no\/#website\",\"url\":\"https:\/\/babylove.se\/no\/\",\"name\":\"Babylove Norska\",\"description\":\"\",\"potentialAction\":[{\"@type\":\"SearchAction\",\"target\":{\"@type\":\"EntryPoint\",\"urlTemplate\":\"https:\/\/babylove.se\/no\/?s={search_term_string}\"},\"query-input\":{\"@type\":\"PropertyValueSpecification\",\"valueRequired\":true,\"valueName\":\"search_term_string\"}}],\"inLanguage\":\"nb-NO\"}]}<\/script>\n<meta property=\"product:price:amount\" content=\"999.00\" \/>\n<meta property=\"product:price:currency\" content=\"SEK\" \/>\n<meta property=\"og:availability\" content=\"instock\" \/>\n<meta property=\"product:availability\" content=\"instock\" \/>\n<meta property=\"product:retailer_item_id\" content=\"4069\" \/>\n<meta property=\"product:condition\" content=\"new\" \/>\n<!-- \/ Yoast SEO Premium plugin. -->","yoast_head_json":{"title":"Up Warsaw, tv-hylle, dusty grey - Babylove Norska","robots":{"index":"noindex","follow":"follow","max-snippet":"max-snippet:-1","max-image-preview":"max-image-preview:large","max-video-preview":"max-video-preview:-1"},"og_locale":"nb_NO","og_type":"article","og_title":"Up Warsaw, tv-hylle, dusty grey","og_description":"Hvem vil ikke ha sin egen TV? Og da mener vi virkelig sin egen hvor ditt barn lager sine egne filmer eller skaper sitt eget show. Hovedrollen har kanskje teddybj\u00f8rnen, mens andre leker og dukker har sine roller. Barnet kan ogs\u00e5 tegne noe som skjer og vise i denne. Antennen er p\u00e5 plass for alltid [&hellip;]","og_url":"https:\/\/babylove.se\/no\/produkt\/opp-warszawa-tv-hylle-stovgra\/","og_site_name":"Babylove Norska","article_modified_time":"2026-04-08T08:57:04+00:00","og_image":[{"width":750,"height":563,"url":"https:\/\/babylove.se\/no\/wp-content\/uploads\/sites\/3\/2025\/07\/60490c89448fc.jpeg","type":"image\/jpeg"}],"twitter_card":"summary_large_image","twitter_misc":{"Price":"999,00&nbsp;&#107;&#114;","Availability":"In stock"},"schema":{"@context":"https:\/\/schema.org","@graph":[{"@type":"WebPage","@id":"https:\/\/babylove.se\/no\/produkt\/opp-warszawa-tv-hylle-stovgra\/","url":"https:\/\/babylove.se\/no\/produkt\/opp-warszawa-tv-hylle-stovgra\/","name":"Up Warsaw, tv-hylle, dusty grey - Babylove Norska","isPartOf":{"@id":"https:\/\/babylove.se\/no\/#website"},"primaryImageOfPage":{"@id":"https:\/\/babylove.se\/no\/produkt\/opp-warszawa-tv-hylle-stovgra\/#primaryimage"},"image":{"@id":"https:\/\/babylove.se\/no\/produkt\/opp-warszawa-tv-hylle-stovgra\/#primaryimage"},"thumbnailUrl":"https:\/\/babylove.se\/no\/wp-content\/uploads\/sites\/3\/2025\/07\/60490c89448fc.jpeg","datePublished":"2025-07-18T22:02:23+00:00","dateModified":"2026-04-08T08:57:04+00:00","breadcrumb":{"@id":"https:\/\/babylove.se\/no\/produkt\/opp-warszawa-tv-hylle-stovgra\/#breadcrumb"},"inLanguage":"nb-NO","potentialAction":[{"@type":"ReadAction","target":["https:\/\/babylove.se\/no\/produkt\/opp-warszawa-tv-hylle-stovgra\/"]}]},{"@type":"ImageObject","inLanguage":"nb-NO","@id":"https:\/\/babylove.se\/no\/produkt\/opp-warszawa-tv-hylle-stovgra\/#primaryimage","url":"https:\/\/babylove.se\/no\/wp-content\/uploads\/sites\/3\/2025\/07\/60490c89448fc.jpeg","contentUrl":"https:\/\/babylove.se\/no\/wp-content\/uploads\/sites\/3\/2025\/07\/60490c89448fc.jpeg","width":750,"height":563},{"@type":"BreadcrumbList","@id":"https:\/\/babylove.se\/no\/produkt\/opp-warszawa-tv-hylle-stovgra\/#breadcrumb","itemListElement":[{"@type":"ListItem","position":1,"name":"Hem","item":"https:\/\/babylove.se\/no\/"},{"@type":"ListItem","position":2,"name":"Butik","item":"https:\/\/babylove.se\/no\/butik\/"},{"@type":"ListItem","position":3,"name":"Up Warsaw, tv-hylle, dusty grey"}]},{"@type":"WebSite","@id":"https:\/\/babylove.se\/no\/#website","url":"https:\/\/babylove.se\/no\/","name":"Babylove Norska","description":"","potentialAction":[{"@type":"SearchAction","target":{"@type":"EntryPoint","urlTemplate":"https:\/\/babylove.se\/no\/?s={search_term_string}"},"query-input":{"@type":"PropertyValueSpecification","valueRequired":true,"valueName":"search_term_string"}}],"inLanguage":"nb-NO"}]},"product_price_amount":"999.00","product_price_currency":"SEK","og_availability":"instock","product_availability":"instock","product_retailer_item_id":"4069","product_condition":"new"},"_links":{"self":[{"href":"https:\/\/babylove.se\/no\/wp-json\/wp\/v2\/product\/23180","targetHints":{"allow":["GET"]}}],"collection":[{"href":"https:\/\/babylove.se\/no\/wp-json\/wp\/v2\/product"}],"about":[{"href":"https:\/\/babylove.se\/no\/wp-json\/wp\/v2\/types\/product"}],"replies":[{"embeddable":true,"href":"https:\/\/babylove.se\/no\/wp-json\/wp\/v2\/comments?post=23180"}],"wp:featuredmedia":[{"embeddable":true,"href":"https:\/\/babylove.se\/no\/wp-json\/wp\/v2\/media\/23182"}],"wp:attachment":[{"href":"https:\/\/babylove.se\/no\/wp-json\/wp\/v2\/media?parent=23180"}],"wp:term":[{"taxonomy":"product_brand","embeddable":true,"href":"https:\/\/babylove.se\/no\/wp-json\/wp\/v2\/product_brand?post=23180"},{"taxonomy":"product_cat","embeddable":true,"href":"https:\/\/babylove.se\/no\/wp-json\/wp\/v2\/product_cat?post=23180"},{"taxonomy":"product_tag","embeddable":true,"href":"https:\/\/babylove.se\/no\/wp-json\/wp\/v2\/product_tag?post=23180"}],"curies":[{"name":"wp","href":"https:\/\/api.w.org\/{rel}","templated":true}]}}