{"id":23250,"date":"2025-07-18T23:02:47","date_gmt":"2025-07-18T22:02:47","guid":{"rendered":"https:\/\/babylove.se\/produkt\/jollein-babynest-ash-green\/"},"modified":"2026-04-08T09:57:40","modified_gmt":"2026-04-08T08:57:40","slug":"jollein-babynest-askegronn","status":"publish","type":"product","link":"https:\/\/babylove.se\/no\/produkt\/jollein-babynest-askegronn\/","title":{"rendered":"Jollein, babynest aske gr\u00f8nn"},"content":{"rendered":"<p>Koselig babynest fra Jollein. Nestet fungerer b\u00e5de som seng og stellepute og passer perfekt \u00e5 ta med p\u00e5 reisen. Et supermykt fyll gj\u00f8r at babyen din ligger trygt og komfortabelt. Babynestet \u00e5pnes og lukkes enkelt ved hjelp av en knapp og kan ogs\u00e5 brukes som en innlegg i barneseng eller barnevogn.&nbsp;<\/p>\n<p><strong>M\u00e5l:<\/strong> madrass 66 &nbsp;x 33 cm, babynest<span style=\"background-color: initial; text-align: initial;\">&nbsp;80 x 50 cm&nbsp;<\/span><\/p>\n<p><strong>Materiale:<\/strong><\/p>\n<ul>\n<li>F\u00f4r: 100% organisk bomull, OEKO-TEX sertifisert<\/li>\n<li>Fyll: 100% Silikonfiber<\/li>\n<li>Avtagbart overtrekk. Maskinvask.<\/li>\n<\/ul>\n","protected":false},"excerpt":{"rendered":"<p>Koselig babynest fra Jollein. Nestet fungerer b\u00e5de som seng og stellepute og passer perfekt \u00e5 ta med p\u00e5 reisen. Et supermykt fyll gj\u00f8r at babyen din ligger trygt og komfortabelt. Babynestet \u00e5pnes og lukkes enkelt ved hjelp av en knapp og kan ogs\u00e5 brukes som en innlegg i barneseng eller barnevogn.&nbsp; M\u00e5l: madrass 66 &nbsp;x [&hellip;]<\/p>\n","protected":false},"featured_media":23252,"comment_status":"closed","ping_status":"open","template":"","meta":{"_acf_changed":false},"product_brand":[810],"product_cat":[56,811],"product_tag":[],"class_list":{"0":"post-23250","1":"product","2":"type-product","3":"status-publish","4":"has-post-thumbnail","6":"product_brand-jollein","7":"product_cat-babynest","8":"product_cat-jollein","10":"first","11":"outofstock","12":"taxable","13":"shipping-taxable","14":"purchasable","15":"product-type-simple"},"acf":[],"yoast_head":"<!-- This site is optimized with the Yoast SEO Premium plugin v25.8 (Yoast SEO v27.2) - https:\/\/yoast.com\/product\/yoast-seo-premium-wordpress\/ -->\n<title>Jollein, babynest aske gr\u00f8nn - Babylove Norska<\/title>\n<meta name=\"robots\" content=\"noindex, follow, max-snippet:-1, max-image-preview:large, max-video-preview:-1\" \/>\n<meta property=\"og:locale\" content=\"nb_NO\" \/>\n<meta property=\"og:type\" content=\"article\" \/>\n<meta property=\"og:title\" content=\"Jollein, babynest aske gr\u00f8nn\" \/>\n<meta property=\"og:description\" content=\"Koselig babynest fra Jollein. Nestet fungerer b\u00e5de som seng og stellepute og passer perfekt \u00e5 ta med p\u00e5 reisen. Et supermykt fyll gj\u00f8r at babyen din ligger trygt og komfortabelt. Babynestet \u00e5pnes og lukkes enkelt ved hjelp av en knapp og kan ogs\u00e5 brukes som en innlegg i barneseng eller barnevogn.&nbsp; M\u00e5l: madrass 66 &nbsp;x [&hellip;]\" \/>\n<meta property=\"og:url\" content=\"https:\/\/babylove.se\/no\/produkt\/jollein-babynest-askegronn\/\" \/>\n<meta property=\"og:site_name\" content=\"Babylove Norska\" \/>\n<meta property=\"article:modified_time\" content=\"2026-04-08T08:57:40+00:00\" \/>\n<meta property=\"og:image\" content=\"https:\/\/babylove.se\/no\/wp-content\/uploads\/sites\/3\/2025\/07\/604f5b18c6138.jpeg\" \/>\n\t<meta property=\"og:image:width\" content=\"640\" \/>\n\t<meta property=\"og:image:height\" content=\"480\" \/>\n\t<meta property=\"og:image:type\" content=\"image\/jpeg\" \/>\n<meta name=\"twitter:card\" content=\"summary_large_image\" \/>\n<meta name=\"twitter:label1\" content=\"Price\" \/>\n\t<meta name=\"twitter:data1\" content=\"499,00&nbsp;&#107;&#114;\" \/>\n\t<meta name=\"twitter:label2\" content=\"Availability\" \/>\n\t<meta name=\"twitter:data2\" content=\"Out of stock\" \/>\n<script type=\"application\/ld+json\" class=\"yoast-schema-graph\">{\"@context\":\"https:\/\/schema.org\",\"@graph\":[{\"@type\":\"WebPage\",\"@id\":\"https:\/\/babylove.se\/no\/produkt\/jollein-babynest-askegronn\/\",\"url\":\"https:\/\/babylove.se\/no\/produkt\/jollein-babynest-askegronn\/\",\"name\":\"Jollein, babynest aske gr\u00f8nn - Babylove Norska\",\"isPartOf\":{\"@id\":\"https:\/\/babylove.se\/no\/#website\"},\"primaryImageOfPage\":{\"@id\":\"https:\/\/babylove.se\/no\/produkt\/jollein-babynest-askegronn\/#primaryimage\"},\"image\":{\"@id\":\"https:\/\/babylove.se\/no\/produkt\/jollein-babynest-askegronn\/#primaryimage\"},\"thumbnailUrl\":\"https:\/\/babylove.se\/no\/wp-content\/uploads\/sites\/3\/2025\/07\/604f5b18c6138.jpeg\",\"datePublished\":\"2025-07-18T22:02:47+00:00\",\"dateModified\":\"2026-04-08T08:57:40+00:00\",\"breadcrumb\":{\"@id\":\"https:\/\/babylove.se\/no\/produkt\/jollein-babynest-askegronn\/#breadcrumb\"},\"inLanguage\":\"nb-NO\",\"potentialAction\":[{\"@type\":\"ReadAction\",\"target\":[\"https:\/\/babylove.se\/no\/produkt\/jollein-babynest-askegronn\/\"]}]},{\"@type\":\"ImageObject\",\"inLanguage\":\"nb-NO\",\"@id\":\"https:\/\/babylove.se\/no\/produkt\/jollein-babynest-askegronn\/#primaryimage\",\"url\":\"https:\/\/babylove.se\/no\/wp-content\/uploads\/sites\/3\/2025\/07\/604f5b18c6138.jpeg\",\"contentUrl\":\"https:\/\/babylove.se\/no\/wp-content\/uploads\/sites\/3\/2025\/07\/604f5b18c6138.jpeg\",\"width\":640,\"height\":480},{\"@type\":\"BreadcrumbList\",\"@id\":\"https:\/\/babylove.se\/no\/produkt\/jollein-babynest-askegronn\/#breadcrumb\",\"itemListElement\":[{\"@type\":\"ListItem\",\"position\":1,\"name\":\"Hem\",\"item\":\"https:\/\/babylove.se\/no\/\"},{\"@type\":\"ListItem\",\"position\":2,\"name\":\"Butik\",\"item\":\"https:\/\/babylove.se\/no\/butik\/\"},{\"@type\":\"ListItem\",\"position\":3,\"name\":\"Jollein, babynest aske gr\u00f8nn\"}]},{\"@type\":\"WebSite\",\"@id\":\"https:\/\/babylove.se\/no\/#website\",\"url\":\"https:\/\/babylove.se\/no\/\",\"name\":\"Babylove Norska\",\"description\":\"\",\"potentialAction\":[{\"@type\":\"SearchAction\",\"target\":{\"@type\":\"EntryPoint\",\"urlTemplate\":\"https:\/\/babylove.se\/no\/?s={search_term_string}\"},\"query-input\":{\"@type\":\"PropertyValueSpecification\",\"valueRequired\":true,\"valueName\":\"search_term_string\"}}],\"inLanguage\":\"nb-NO\"}]}<\/script>\n<meta property=\"product:brand\" content=\"Jollein\" \/>\n<meta property=\"product:price:amount\" content=\"499.00\" \/>\n<meta property=\"product:price:currency\" content=\"SEK\" \/>\n<meta property=\"og:availability\" content=\"out of stock\" \/>\n<meta property=\"product:availability\" content=\"out of stock\" \/>\n<meta property=\"product:retailer_item_id\" content=\"046-001-65350\" \/>\n<meta property=\"product:condition\" content=\"new\" \/>\n<!-- \/ Yoast SEO Premium plugin. -->","yoast_head_json":{"title":"Jollein, babynest aske gr\u00f8nn - Babylove Norska","robots":{"index":"noindex","follow":"follow","max-snippet":"max-snippet:-1","max-image-preview":"max-image-preview:large","max-video-preview":"max-video-preview:-1"},"og_locale":"nb_NO","og_type":"article","og_title":"Jollein, babynest aske gr\u00f8nn","og_description":"Koselig babynest fra Jollein. Nestet fungerer b\u00e5de som seng og stellepute og passer perfekt \u00e5 ta med p\u00e5 reisen. Et supermykt fyll gj\u00f8r at babyen din ligger trygt og komfortabelt. Babynestet \u00e5pnes og lukkes enkelt ved hjelp av en knapp og kan ogs\u00e5 brukes som en innlegg i barneseng eller barnevogn.&nbsp; M\u00e5l: madrass 66 &nbsp;x [&hellip;]","og_url":"https:\/\/babylove.se\/no\/produkt\/jollein-babynest-askegronn\/","og_site_name":"Babylove Norska","article_modified_time":"2026-04-08T08:57:40+00:00","og_image":[{"width":640,"height":480,"url":"https:\/\/babylove.se\/no\/wp-content\/uploads\/sites\/3\/2025\/07\/604f5b18c6138.jpeg","type":"image\/jpeg"}],"twitter_card":"summary_large_image","twitter_misc":{"Price":"499,00&nbsp;&#107;&#114;","Availability":"Out of stock"},"schema":{"@context":"https:\/\/schema.org","@graph":[{"@type":"WebPage","@id":"https:\/\/babylove.se\/no\/produkt\/jollein-babynest-askegronn\/","url":"https:\/\/babylove.se\/no\/produkt\/jollein-babynest-askegronn\/","name":"Jollein, babynest aske gr\u00f8nn - Babylove Norska","isPartOf":{"@id":"https:\/\/babylove.se\/no\/#website"},"primaryImageOfPage":{"@id":"https:\/\/babylove.se\/no\/produkt\/jollein-babynest-askegronn\/#primaryimage"},"image":{"@id":"https:\/\/babylove.se\/no\/produkt\/jollein-babynest-askegronn\/#primaryimage"},"thumbnailUrl":"https:\/\/babylove.se\/no\/wp-content\/uploads\/sites\/3\/2025\/07\/604f5b18c6138.jpeg","datePublished":"2025-07-18T22:02:47+00:00","dateModified":"2026-04-08T08:57:40+00:00","breadcrumb":{"@id":"https:\/\/babylove.se\/no\/produkt\/jollein-babynest-askegronn\/#breadcrumb"},"inLanguage":"nb-NO","potentialAction":[{"@type":"ReadAction","target":["https:\/\/babylove.se\/no\/produkt\/jollein-babynest-askegronn\/"]}]},{"@type":"ImageObject","inLanguage":"nb-NO","@id":"https:\/\/babylove.se\/no\/produkt\/jollein-babynest-askegronn\/#primaryimage","url":"https:\/\/babylove.se\/no\/wp-content\/uploads\/sites\/3\/2025\/07\/604f5b18c6138.jpeg","contentUrl":"https:\/\/babylove.se\/no\/wp-content\/uploads\/sites\/3\/2025\/07\/604f5b18c6138.jpeg","width":640,"height":480},{"@type":"BreadcrumbList","@id":"https:\/\/babylove.se\/no\/produkt\/jollein-babynest-askegronn\/#breadcrumb","itemListElement":[{"@type":"ListItem","position":1,"name":"Hem","item":"https:\/\/babylove.se\/no\/"},{"@type":"ListItem","position":2,"name":"Butik","item":"https:\/\/babylove.se\/no\/butik\/"},{"@type":"ListItem","position":3,"name":"Jollein, babynest aske gr\u00f8nn"}]},{"@type":"WebSite","@id":"https:\/\/babylove.se\/no\/#website","url":"https:\/\/babylove.se\/no\/","name":"Babylove Norska","description":"","potentialAction":[{"@type":"SearchAction","target":{"@type":"EntryPoint","urlTemplate":"https:\/\/babylove.se\/no\/?s={search_term_string}"},"query-input":{"@type":"PropertyValueSpecification","valueRequired":true,"valueName":"search_term_string"}}],"inLanguage":"nb-NO"}]},"product_brand":"Jollein","product_price_amount":"499.00","product_price_currency":"SEK","og_availability":"out of stock","product_availability":"out of stock","product_retailer_item_id":"046-001-65350","product_condition":"new"},"_links":{"self":[{"href":"https:\/\/babylove.se\/no\/wp-json\/wp\/v2\/product\/23250","targetHints":{"allow":["GET"]}}],"collection":[{"href":"https:\/\/babylove.se\/no\/wp-json\/wp\/v2\/product"}],"about":[{"href":"https:\/\/babylove.se\/no\/wp-json\/wp\/v2\/types\/product"}],"replies":[{"embeddable":true,"href":"https:\/\/babylove.se\/no\/wp-json\/wp\/v2\/comments?post=23250"}],"wp:featuredmedia":[{"embeddable":true,"href":"https:\/\/babylove.se\/no\/wp-json\/wp\/v2\/media\/23252"}],"wp:attachment":[{"href":"https:\/\/babylove.se\/no\/wp-json\/wp\/v2\/media?parent=23250"}],"wp:term":[{"taxonomy":"product_brand","embeddable":true,"href":"https:\/\/babylove.se\/no\/wp-json\/wp\/v2\/product_brand?post=23250"},{"taxonomy":"product_cat","embeddable":true,"href":"https:\/\/babylove.se\/no\/wp-json\/wp\/v2\/product_cat?post=23250"},{"taxonomy":"product_tag","embeddable":true,"href":"https:\/\/babylove.se\/no\/wp-json\/wp\/v2\/product_tag?post=23250"}],"curies":[{"name":"wp","href":"https:\/\/api.w.org\/{rel}","templated":true}]}}