{"id":23290,"date":"2025-07-18T23:03:15","date_gmt":"2025-07-18T22:03:15","guid":{"rendered":"https:\/\/babylove.se\/produkt\/meow-balansbrada-med-filt\/"},"modified":"2026-05-11T13:05:16","modified_gmt":"2026-05-11T12:05:16","slug":"mjau-balansefjol-med-teppe","status":"publish","type":"product","link":"https:\/\/babylove.se\/no\/produkt\/mjau-balansefjol-med-teppe\/","title":{"rendered":"Meow, Balansbrett med filt"},"content":{"rendered":"<p>Dette er ikke bare en vanlig balansefj\u00f8l, men noe helt fantastisk. Den kan brukes til masse forskjellige ting, som \u00e5 gynge, kj\u00f8re med bilene p\u00e5 eller snu opp ned, og du har en enkel gynge. La ditt barns fantasi flyte, og du vil bli overrasket over alle bruksomr\u00e5dene.<\/p>\n<p>Den passer alle aldre (fra 18 m\u00e5neder) og stimulerer til b\u00e5de bevegelse og \u00e5 bruke fantasien. Materialene som brukes er selvf\u00f8lgelig barnevennlige og holdbare. Skal bare brukes innend\u00f8rs.&nbsp;<\/p>\n<p><strong>Info<\/strong>:<\/p>\n<ul>\n<li>Farge p\u00e5 filten: velg mellom gr\u00e5, beige, rosa, oransje, bl\u00e5 eller gr\u00f8nn.&nbsp;<\/li>\n<li>Produktvekt: ca 3,26 kg.<\/li>\n<li>Barnas maks vekt: 200 kg.<\/li>\n<\/ul>\n<p><strong>Materiale<\/strong>: FSC-sertifisert europeisk b\u00f8ktre, overflaten er behandlet med vannbasert transparent lakk med filt under i valgfri farge.<\/p>\n<p><strong>M\u00e5l<\/strong>: ca 80 x 30 cm.<\/p>\n<p>Designer: <a href=\"https:\/\/babylove.se\/varumarken\/meow\">Meow<\/a><\/p>\n","protected":false},"excerpt":{"rendered":"<p>Dette er ikke bare en vanlig balansefj\u00f8l, men noe helt fantastisk. Den kan brukes til masse forskjellige ting, som \u00e5 gynge, kj\u00f8re med bilene p\u00e5 eller snu opp ned, og du har en enkel gynge. La ditt barns fantasi flyte, og du vil bli overrasket over alle bruksomr\u00e5dene. Den passer alle aldre (fra 18 m\u00e5neder) [&hellip;]<\/p>\n","protected":false},"featured_media":23292,"comment_status":"closed","ping_status":"open","template":"","meta":{"_acf_changed":false},"product_brand":[774],"product_cat":[345,68,775,204,112],"product_tag":[1689],"class_list":{"0":"post-23290","1":"product","2":"type-product","3":"status-publish","4":"has-post-thumbnail","6":"product_brand-meow","7":"product_cat-balansbrett","8":"product_cat-leker","9":"product_cat-meow","10":"product_cat-motoriske-barnmobler","11":"product_cat-treleker","12":"product_tag-bestillingsvaror","13":"pa_farg-beige","14":"pa_farg-bla","15":"pa_farg-gra","16":"pa_farg-gron","17":"pa_farg-orange","18":"pa_farg-rosa","20":"first","21":"outofstock","22":"taxable","23":"shipping-taxable","24":"purchasable","25":"product-type-variable"},"acf":[],"yoast_head":"<!-- This site is optimized with the Yoast SEO Premium plugin v25.8 (Yoast SEO v27.2) - https:\/\/yoast.com\/product\/yoast-seo-premium-wordpress\/ -->\n<title>Meow, Balansbrett med filt - Babylove Norska<\/title>\n<meta name=\"robots\" content=\"noindex, follow, max-snippet:-1, max-image-preview:large, max-video-preview:-1\" \/>\n<meta property=\"og:locale\" content=\"nb_NO\" \/>\n<meta property=\"og:type\" content=\"article\" \/>\n<meta property=\"og:title\" content=\"Meow, Balansbrett med filt\" \/>\n<meta property=\"og:description\" content=\"Dette er ikke bare en vanlig balansefj\u00f8l, men noe helt fantastisk. Den kan brukes til masse forskjellige ting, som \u00e5 gynge, kj\u00f8re med bilene p\u00e5 eller snu opp ned, og du har en enkel gynge. La ditt barns fantasi flyte, og du vil bli overrasket over alle bruksomr\u00e5dene. Den passer alle aldre (fra 18 m\u00e5neder) [&hellip;]\" \/>\n<meta property=\"og:url\" content=\"https:\/\/babylove.se\/no\/produkt\/mjau-balansefjol-med-teppe\/\" \/>\n<meta property=\"og:site_name\" content=\"Babylove Norska\" \/>\n<meta property=\"article:modified_time\" content=\"2026-05-11T12:05:16+00:00\" \/>\n<meta property=\"og:image\" content=\"https:\/\/babylove.se\/no\/wp-content\/uploads\/sites\/3\/2025\/07\/6051d9a5e2a70.jpeg\" \/>\n\t<meta property=\"og:image:width\" content=\"750\" \/>\n\t<meta property=\"og:image:height\" content=\"750\" \/>\n\t<meta property=\"og:image:type\" content=\"image\/jpeg\" \/>\n<meta name=\"twitter:card\" content=\"summary_large_image\" \/>\n<meta name=\"twitter:label1\" content=\"Availability\" \/>\n\t<meta name=\"twitter:data1\" content=\"Out of stock\" \/>\n<script type=\"application\/ld+json\" class=\"yoast-schema-graph\">{\"@context\":\"https:\/\/schema.org\",\"@graph\":[{\"@type\":\"WebPage\",\"@id\":\"https:\/\/babylove.se\/no\/produkt\/mjau-balansefjol-med-teppe\/\",\"url\":\"https:\/\/babylove.se\/no\/produkt\/mjau-balansefjol-med-teppe\/\",\"name\":\"Meow, Balansbrett med filt - Babylove Norska\",\"isPartOf\":{\"@id\":\"https:\/\/babylove.se\/no\/#website\"},\"primaryImageOfPage\":{\"@id\":\"https:\/\/babylove.se\/no\/produkt\/mjau-balansefjol-med-teppe\/#primaryimage\"},\"image\":{\"@id\":\"https:\/\/babylove.se\/no\/produkt\/mjau-balansefjol-med-teppe\/#primaryimage\"},\"thumbnailUrl\":\"https:\/\/babylove.se\/no\/wp-content\/uploads\/sites\/3\/2025\/07\/6051d9a5e2a70.jpeg\",\"datePublished\":\"2025-07-18T22:03:15+00:00\",\"dateModified\":\"2026-05-11T12:05:16+00:00\",\"breadcrumb\":{\"@id\":\"https:\/\/babylove.se\/no\/produkt\/mjau-balansefjol-med-teppe\/#breadcrumb\"},\"inLanguage\":\"nb-NO\",\"potentialAction\":[{\"@type\":\"ReadAction\",\"target\":[\"https:\/\/babylove.se\/no\/produkt\/mjau-balansefjol-med-teppe\/\"]}]},{\"@type\":\"ImageObject\",\"inLanguage\":\"nb-NO\",\"@id\":\"https:\/\/babylove.se\/no\/produkt\/mjau-balansefjol-med-teppe\/#primaryimage\",\"url\":\"https:\/\/babylove.se\/no\/wp-content\/uploads\/sites\/3\/2025\/07\/6051d9a5e2a70.jpeg\",\"contentUrl\":\"https:\/\/babylove.se\/no\/wp-content\/uploads\/sites\/3\/2025\/07\/6051d9a5e2a70.jpeg\",\"width\":750,\"height\":750},{\"@type\":\"BreadcrumbList\",\"@id\":\"https:\/\/babylove.se\/no\/produkt\/mjau-balansefjol-med-teppe\/#breadcrumb\",\"itemListElement\":[{\"@type\":\"ListItem\",\"position\":1,\"name\":\"Hem\",\"item\":\"https:\/\/babylove.se\/no\/\"},{\"@type\":\"ListItem\",\"position\":2,\"name\":\"Butik\",\"item\":\"https:\/\/babylove.se\/no\/butik\/\"},{\"@type\":\"ListItem\",\"position\":3,\"name\":\"Meow, Balansbrett med filt\"}]},{\"@type\":\"WebSite\",\"@id\":\"https:\/\/babylove.se\/no\/#website\",\"url\":\"https:\/\/babylove.se\/no\/\",\"name\":\"Babylove Norska\",\"description\":\"\",\"potentialAction\":[{\"@type\":\"SearchAction\",\"target\":{\"@type\":\"EntryPoint\",\"urlTemplate\":\"https:\/\/babylove.se\/no\/?s={search_term_string}\"},\"query-input\":{\"@type\":\"PropertyValueSpecification\",\"valueRequired\":true,\"valueName\":\"search_term_string\"}}],\"inLanguage\":\"nb-NO\"}]}<\/script>\n<meta property=\"product:brand\" content=\"Meow\" \/>\n<meta property=\"og:availability\" content=\"out of stock\" \/>\n<meta property=\"product:availability\" content=\"out of stock\" \/>\n<meta property=\"product:retailer_item_id\" content=\"BB003BIE\" \/>\n<meta property=\"product:condition\" content=\"new\" \/>\n<!-- \/ Yoast SEO Premium plugin. -->","yoast_head_json":{"title":"Meow, Balansbrett med filt - Babylove Norska","robots":{"index":"noindex","follow":"follow","max-snippet":"max-snippet:-1","max-image-preview":"max-image-preview:large","max-video-preview":"max-video-preview:-1"},"og_locale":"nb_NO","og_type":"article","og_title":"Meow, Balansbrett med filt","og_description":"Dette er ikke bare en vanlig balansefj\u00f8l, men noe helt fantastisk. Den kan brukes til masse forskjellige ting, som \u00e5 gynge, kj\u00f8re med bilene p\u00e5 eller snu opp ned, og du har en enkel gynge. La ditt barns fantasi flyte, og du vil bli overrasket over alle bruksomr\u00e5dene. Den passer alle aldre (fra 18 m\u00e5neder) [&hellip;]","og_url":"https:\/\/babylove.se\/no\/produkt\/mjau-balansefjol-med-teppe\/","og_site_name":"Babylove Norska","article_modified_time":"2026-05-11T12:05:16+00:00","og_image":[{"width":750,"height":750,"url":"https:\/\/babylove.se\/no\/wp-content\/uploads\/sites\/3\/2025\/07\/6051d9a5e2a70.jpeg","type":"image\/jpeg"}],"twitter_card":"summary_large_image","twitter_misc":{"Availability":"Out of stock"},"schema":{"@context":"https:\/\/schema.org","@graph":[{"@type":"WebPage","@id":"https:\/\/babylove.se\/no\/produkt\/mjau-balansefjol-med-teppe\/","url":"https:\/\/babylove.se\/no\/produkt\/mjau-balansefjol-med-teppe\/","name":"Meow, Balansbrett med filt - Babylove Norska","isPartOf":{"@id":"https:\/\/babylove.se\/no\/#website"},"primaryImageOfPage":{"@id":"https:\/\/babylove.se\/no\/produkt\/mjau-balansefjol-med-teppe\/#primaryimage"},"image":{"@id":"https:\/\/babylove.se\/no\/produkt\/mjau-balansefjol-med-teppe\/#primaryimage"},"thumbnailUrl":"https:\/\/babylove.se\/no\/wp-content\/uploads\/sites\/3\/2025\/07\/6051d9a5e2a70.jpeg","datePublished":"2025-07-18T22:03:15+00:00","dateModified":"2026-05-11T12:05:16+00:00","breadcrumb":{"@id":"https:\/\/babylove.se\/no\/produkt\/mjau-balansefjol-med-teppe\/#breadcrumb"},"inLanguage":"nb-NO","potentialAction":[{"@type":"ReadAction","target":["https:\/\/babylove.se\/no\/produkt\/mjau-balansefjol-med-teppe\/"]}]},{"@type":"ImageObject","inLanguage":"nb-NO","@id":"https:\/\/babylove.se\/no\/produkt\/mjau-balansefjol-med-teppe\/#primaryimage","url":"https:\/\/babylove.se\/no\/wp-content\/uploads\/sites\/3\/2025\/07\/6051d9a5e2a70.jpeg","contentUrl":"https:\/\/babylove.se\/no\/wp-content\/uploads\/sites\/3\/2025\/07\/6051d9a5e2a70.jpeg","width":750,"height":750},{"@type":"BreadcrumbList","@id":"https:\/\/babylove.se\/no\/produkt\/mjau-balansefjol-med-teppe\/#breadcrumb","itemListElement":[{"@type":"ListItem","position":1,"name":"Hem","item":"https:\/\/babylove.se\/no\/"},{"@type":"ListItem","position":2,"name":"Butik","item":"https:\/\/babylove.se\/no\/butik\/"},{"@type":"ListItem","position":3,"name":"Meow, Balansbrett med filt"}]},{"@type":"WebSite","@id":"https:\/\/babylove.se\/no\/#website","url":"https:\/\/babylove.se\/no\/","name":"Babylove Norska","description":"","potentialAction":[{"@type":"SearchAction","target":{"@type":"EntryPoint","urlTemplate":"https:\/\/babylove.se\/no\/?s={search_term_string}"},"query-input":{"@type":"PropertyValueSpecification","valueRequired":true,"valueName":"search_term_string"}}],"inLanguage":"nb-NO"}]},"product_brand":"Meow","og_availability":"out of stock","product_availability":"out of stock","product_retailer_item_id":"BB003BIE","product_condition":"new"},"_links":{"self":[{"href":"https:\/\/babylove.se\/no\/wp-json\/wp\/v2\/product\/23290","targetHints":{"allow":["GET"]}}],"collection":[{"href":"https:\/\/babylove.se\/no\/wp-json\/wp\/v2\/product"}],"about":[{"href":"https:\/\/babylove.se\/no\/wp-json\/wp\/v2\/types\/product"}],"replies":[{"embeddable":true,"href":"https:\/\/babylove.se\/no\/wp-json\/wp\/v2\/comments?post=23290"}],"wp:featuredmedia":[{"embeddable":true,"href":"https:\/\/babylove.se\/no\/wp-json\/wp\/v2\/media\/23292"}],"wp:attachment":[{"href":"https:\/\/babylove.se\/no\/wp-json\/wp\/v2\/media?parent=23290"}],"wp:term":[{"taxonomy":"product_brand","embeddable":true,"href":"https:\/\/babylove.se\/no\/wp-json\/wp\/v2\/product_brand?post=23290"},{"taxonomy":"product_cat","embeddable":true,"href":"https:\/\/babylove.se\/no\/wp-json\/wp\/v2\/product_cat?post=23290"},{"taxonomy":"product_tag","embeddable":true,"href":"https:\/\/babylove.se\/no\/wp-json\/wp\/v2\/product_tag?post=23290"}],"curies":[{"name":"wp","href":"https:\/\/api.w.org\/{rel}","templated":true}]}}