{"id":23305,"date":"2025-07-18T23:03:15","date_gmt":"2025-07-18T22:03:15","guid":{"rendered":"https:\/\/babylove.se\/produkt\/babylove-vit-rutschkana-i-tra-till-barnrummet\/"},"modified":"2026-04-08T09:58:07","modified_gmt":"2026-04-08T08:58:07","slug":"babylove-hvit-rutsjebane-i-tre-til-barnerommet","status":"publish","type":"product","link":"https:\/\/babylove.se\/no\/produkt\/babylove-hvit-rutsjebane-i-tre-til-barnerommet\/","title":{"rendered":"Babylove, Junior hvit\/natur sklibakke i tre"},"content":{"rendered":"<p>En stabil og stilsikker rutsjebane som kan brukes lenge. Med en bred trapp og store h\u00e5ndtak for at barnet enkelt skal kunne ta seg opp selv.<\/p>\n<p>Rutsjebanen er konstruert for \u00e5 brukes innend\u00f8rs, men kan selvsagt ogs\u00e5 brukes p\u00e5 balkongen n\u00e5r v\u00e6ret tillater det.&nbsp;<\/p>\n<p>Rutsjebanen er enkel \u00e5 montere.<\/p>\n<p>M\u00e5l: &nbsp;<\/p>\n<ul>\n<li>Lengde: 146 cm<\/li>\n<li>Bredde: 40 cm<\/li>\n<li>H\u00f8yde: 73 cm<\/li>\n<\/ul>\n<p>Materiale: MDF<\/p>\n<p>OBS! Husk alltid \u00e5 ha oppsyn med barnet n\u00e5r det leker i rutsjebanen. Anbefalt alder fra ca 1,5 \u00e5r. Maksvekt 30 kg.&nbsp;<\/p>\n","protected":false},"excerpt":{"rendered":"<p>En stabil og stilsikker rutsjebane som kan brukes lenge. Med en bred trapp og store h\u00e5ndtak for at barnet enkelt skal kunne ta seg opp selv. Rutsjebanen er konstruert for \u00e5 brukes innend\u00f8rs, men kan selvsagt ogs\u00e5 brukes p\u00e5 balkongen n\u00e5r v\u00e6ret tillater det.&nbsp; Rutsjebanen er enkel \u00e5 montere. M\u00e5l: &nbsp; Lengde: 146 cm Bredde: [&hellip;]<\/p>\n","protected":false},"featured_media":23307,"comment_status":"closed","ping_status":"open","template":"","meta":{"_acf_changed":false},"product_brand":[22],"product_cat":[84,858,204,922,86,203],"product_tag":[],"class_list":{"0":"post-23305","1":"product","2":"type-product","3":"status-publish","4":"has-post-thumbnail","6":"product_brand-babylove","7":"product_cat-babylove","8":"product_cat-babylove-traprodukter","9":"product_cat-motoriske-barnmobler","10":"product_cat-nyheter","11":"product_cat-produktliste","12":"product_cat-rutsjebaner","14":"first","15":"instock","16":"taxable","17":"shipping-taxable","18":"purchasable","19":"product-type-simple"},"acf":[],"yoast_head":"<!-- This site is optimized with the Yoast SEO Premium plugin v25.8 (Yoast SEO v27.2) - https:\/\/yoast.com\/product\/yoast-seo-premium-wordpress\/ -->\n<title>Babylove, Junior hvit\/natur sklibakke i tre - Babylove Norska<\/title>\n<meta name=\"robots\" content=\"noindex, follow, max-snippet:-1, max-image-preview:large, max-video-preview:-1\" \/>\n<meta property=\"og:locale\" content=\"nb_NO\" \/>\n<meta property=\"og:type\" content=\"article\" \/>\n<meta property=\"og:title\" content=\"Babylove, Junior hvit\/natur sklibakke i tre\" \/>\n<meta property=\"og:description\" content=\"En stabil og stilsikker rutsjebane som kan brukes lenge. Med en bred trapp og store h\u00e5ndtak for at barnet enkelt skal kunne ta seg opp selv. Rutsjebanen er konstruert for \u00e5 brukes innend\u00f8rs, men kan selvsagt ogs\u00e5 brukes p\u00e5 balkongen n\u00e5r v\u00e6ret tillater det.&nbsp; Rutsjebanen er enkel \u00e5 montere. M\u00e5l: &nbsp; Lengde: 146 cm Bredde: [&hellip;]\" \/>\n<meta property=\"og:url\" content=\"https:\/\/babylove.se\/no\/produkt\/babylove-hvit-rutsjebane-i-tre-til-barnerommet\/\" \/>\n<meta property=\"og:site_name\" content=\"Babylove Norska\" \/>\n<meta property=\"article:modified_time\" content=\"2026-04-08T08:58:07+00:00\" \/>\n<meta property=\"og:image\" content=\"https:\/\/babylove.se\/no\/wp-content\/uploads\/sites\/3\/2025\/07\/6747269801d22.jpeg\" \/>\n\t<meta property=\"og:image:width\" content=\"1280\" \/>\n\t<meta property=\"og:image:height\" content=\"853\" \/>\n\t<meta property=\"og:image:type\" content=\"image\/jpeg\" \/>\n<meta name=\"twitter:card\" content=\"summary_large_image\" \/>\n<meta name=\"twitter:label1\" content=\"Price\" \/>\n\t<meta name=\"twitter:data1\" content=\"1 699,00&nbsp;&#107;&#114;\" \/>\n\t<meta name=\"twitter:label2\" content=\"Availability\" \/>\n\t<meta name=\"twitter:data2\" content=\"In stock\" \/>\n<script type=\"application\/ld+json\" class=\"yoast-schema-graph\">{\"@context\":\"https:\/\/schema.org\",\"@graph\":[{\"@type\":\"WebPage\",\"@id\":\"https:\/\/babylove.se\/no\/produkt\/babylove-hvit-rutsjebane-i-tre-til-barnerommet\/\",\"url\":\"https:\/\/babylove.se\/no\/produkt\/babylove-hvit-rutsjebane-i-tre-til-barnerommet\/\",\"name\":\"Babylove, Junior hvit\/natur sklibakke i tre - Babylove Norska\",\"isPartOf\":{\"@id\":\"https:\/\/babylove.se\/no\/#website\"},\"primaryImageOfPage\":{\"@id\":\"https:\/\/babylove.se\/no\/produkt\/babylove-hvit-rutsjebane-i-tre-til-barnerommet\/#primaryimage\"},\"image\":{\"@id\":\"https:\/\/babylove.se\/no\/produkt\/babylove-hvit-rutsjebane-i-tre-til-barnerommet\/#primaryimage\"},\"thumbnailUrl\":\"https:\/\/babylove.se\/no\/wp-content\/uploads\/sites\/3\/2025\/07\/6747269801d22.jpeg\",\"datePublished\":\"2025-07-18T22:03:15+00:00\",\"dateModified\":\"2026-04-08T08:58:07+00:00\",\"breadcrumb\":{\"@id\":\"https:\/\/babylove.se\/no\/produkt\/babylove-hvit-rutsjebane-i-tre-til-barnerommet\/#breadcrumb\"},\"inLanguage\":\"nb-NO\",\"potentialAction\":[{\"@type\":\"ReadAction\",\"target\":[\"https:\/\/babylove.se\/no\/produkt\/babylove-hvit-rutsjebane-i-tre-til-barnerommet\/\"]}]},{\"@type\":\"ImageObject\",\"inLanguage\":\"nb-NO\",\"@id\":\"https:\/\/babylove.se\/no\/produkt\/babylove-hvit-rutsjebane-i-tre-til-barnerommet\/#primaryimage\",\"url\":\"https:\/\/babylove.se\/no\/wp-content\/uploads\/sites\/3\/2025\/07\/6747269801d22.jpeg\",\"contentUrl\":\"https:\/\/babylove.se\/no\/wp-content\/uploads\/sites\/3\/2025\/07\/6747269801d22.jpeg\",\"width\":1280,\"height\":853},{\"@type\":\"BreadcrumbList\",\"@id\":\"https:\/\/babylove.se\/no\/produkt\/babylove-hvit-rutsjebane-i-tre-til-barnerommet\/#breadcrumb\",\"itemListElement\":[{\"@type\":\"ListItem\",\"position\":1,\"name\":\"Hem\",\"item\":\"https:\/\/babylove.se\/no\/\"},{\"@type\":\"ListItem\",\"position\":2,\"name\":\"Butik\",\"item\":\"https:\/\/babylove.se\/no\/butik\/\"},{\"@type\":\"ListItem\",\"position\":3,\"name\":\"Babylove, Junior hvit\/natur sklibakke i tre\"}]},{\"@type\":\"WebSite\",\"@id\":\"https:\/\/babylove.se\/no\/#website\",\"url\":\"https:\/\/babylove.se\/no\/\",\"name\":\"Babylove Norska\",\"description\":\"\",\"potentialAction\":[{\"@type\":\"SearchAction\",\"target\":{\"@type\":\"EntryPoint\",\"urlTemplate\":\"https:\/\/babylove.se\/no\/?s={search_term_string}\"},\"query-input\":{\"@type\":\"PropertyValueSpecification\",\"valueRequired\":true,\"valueName\":\"search_term_string\"}}],\"inLanguage\":\"nb-NO\"}]}<\/script>\n<meta property=\"product:brand\" content=\"Babylove\" \/>\n<meta property=\"product:price:amount\" content=\"1699.00\" \/>\n<meta property=\"product:price:currency\" content=\"SEK\" \/>\n<meta property=\"og:availability\" content=\"instock\" \/>\n<meta property=\"product:availability\" content=\"instock\" \/>\n<meta property=\"product:retailer_item_id\" content=\"TL-F01\" \/>\n<meta property=\"product:condition\" content=\"new\" \/>\n<!-- \/ Yoast SEO Premium plugin. -->","yoast_head_json":{"title":"Babylove, Junior hvit\/natur sklibakke i tre - Babylove Norska","robots":{"index":"noindex","follow":"follow","max-snippet":"max-snippet:-1","max-image-preview":"max-image-preview:large","max-video-preview":"max-video-preview:-1"},"og_locale":"nb_NO","og_type":"article","og_title":"Babylove, Junior hvit\/natur sklibakke i tre","og_description":"En stabil og stilsikker rutsjebane som kan brukes lenge. Med en bred trapp og store h\u00e5ndtak for at barnet enkelt skal kunne ta seg opp selv. Rutsjebanen er konstruert for \u00e5 brukes innend\u00f8rs, men kan selvsagt ogs\u00e5 brukes p\u00e5 balkongen n\u00e5r v\u00e6ret tillater det.&nbsp; Rutsjebanen er enkel \u00e5 montere. M\u00e5l: &nbsp; Lengde: 146 cm Bredde: [&hellip;]","og_url":"https:\/\/babylove.se\/no\/produkt\/babylove-hvit-rutsjebane-i-tre-til-barnerommet\/","og_site_name":"Babylove Norska","article_modified_time":"2026-04-08T08:58:07+00:00","og_image":[{"width":1280,"height":853,"url":"https:\/\/babylove.se\/no\/wp-content\/uploads\/sites\/3\/2025\/07\/6747269801d22.jpeg","type":"image\/jpeg"}],"twitter_card":"summary_large_image","twitter_misc":{"Price":"1 699,00&nbsp;&#107;&#114;","Availability":"In stock"},"schema":{"@context":"https:\/\/schema.org","@graph":[{"@type":"WebPage","@id":"https:\/\/babylove.se\/no\/produkt\/babylove-hvit-rutsjebane-i-tre-til-barnerommet\/","url":"https:\/\/babylove.se\/no\/produkt\/babylove-hvit-rutsjebane-i-tre-til-barnerommet\/","name":"Babylove, Junior hvit\/natur sklibakke i tre - Babylove Norska","isPartOf":{"@id":"https:\/\/babylove.se\/no\/#website"},"primaryImageOfPage":{"@id":"https:\/\/babylove.se\/no\/produkt\/babylove-hvit-rutsjebane-i-tre-til-barnerommet\/#primaryimage"},"image":{"@id":"https:\/\/babylove.se\/no\/produkt\/babylove-hvit-rutsjebane-i-tre-til-barnerommet\/#primaryimage"},"thumbnailUrl":"https:\/\/babylove.se\/no\/wp-content\/uploads\/sites\/3\/2025\/07\/6747269801d22.jpeg","datePublished":"2025-07-18T22:03:15+00:00","dateModified":"2026-04-08T08:58:07+00:00","breadcrumb":{"@id":"https:\/\/babylove.se\/no\/produkt\/babylove-hvit-rutsjebane-i-tre-til-barnerommet\/#breadcrumb"},"inLanguage":"nb-NO","potentialAction":[{"@type":"ReadAction","target":["https:\/\/babylove.se\/no\/produkt\/babylove-hvit-rutsjebane-i-tre-til-barnerommet\/"]}]},{"@type":"ImageObject","inLanguage":"nb-NO","@id":"https:\/\/babylove.se\/no\/produkt\/babylove-hvit-rutsjebane-i-tre-til-barnerommet\/#primaryimage","url":"https:\/\/babylove.se\/no\/wp-content\/uploads\/sites\/3\/2025\/07\/6747269801d22.jpeg","contentUrl":"https:\/\/babylove.se\/no\/wp-content\/uploads\/sites\/3\/2025\/07\/6747269801d22.jpeg","width":1280,"height":853},{"@type":"BreadcrumbList","@id":"https:\/\/babylove.se\/no\/produkt\/babylove-hvit-rutsjebane-i-tre-til-barnerommet\/#breadcrumb","itemListElement":[{"@type":"ListItem","position":1,"name":"Hem","item":"https:\/\/babylove.se\/no\/"},{"@type":"ListItem","position":2,"name":"Butik","item":"https:\/\/babylove.se\/no\/butik\/"},{"@type":"ListItem","position":3,"name":"Babylove, Junior hvit\/natur sklibakke i tre"}]},{"@type":"WebSite","@id":"https:\/\/babylove.se\/no\/#website","url":"https:\/\/babylove.se\/no\/","name":"Babylove Norska","description":"","potentialAction":[{"@type":"SearchAction","target":{"@type":"EntryPoint","urlTemplate":"https:\/\/babylove.se\/no\/?s={search_term_string}"},"query-input":{"@type":"PropertyValueSpecification","valueRequired":true,"valueName":"search_term_string"}}],"inLanguage":"nb-NO"}]},"product_brand":"Babylove","product_price_amount":"1699.00","product_price_currency":"SEK","og_availability":"instock","product_availability":"instock","product_retailer_item_id":"TL-F01","product_condition":"new"},"_links":{"self":[{"href":"https:\/\/babylove.se\/no\/wp-json\/wp\/v2\/product\/23305","targetHints":{"allow":["GET"]}}],"collection":[{"href":"https:\/\/babylove.se\/no\/wp-json\/wp\/v2\/product"}],"about":[{"href":"https:\/\/babylove.se\/no\/wp-json\/wp\/v2\/types\/product"}],"replies":[{"embeddable":true,"href":"https:\/\/babylove.se\/no\/wp-json\/wp\/v2\/comments?post=23305"}],"wp:featuredmedia":[{"embeddable":true,"href":"https:\/\/babylove.se\/no\/wp-json\/wp\/v2\/media\/23307"}],"wp:attachment":[{"href":"https:\/\/babylove.se\/no\/wp-json\/wp\/v2\/media?parent=23305"}],"wp:term":[{"taxonomy":"product_brand","embeddable":true,"href":"https:\/\/babylove.se\/no\/wp-json\/wp\/v2\/product_brand?post=23305"},{"taxonomy":"product_cat","embeddable":true,"href":"https:\/\/babylove.se\/no\/wp-json\/wp\/v2\/product_cat?post=23305"},{"taxonomy":"product_tag","embeddable":true,"href":"https:\/\/babylove.se\/no\/wp-json\/wp\/v2\/product_tag?post=23305"}],"curies":[{"name":"wp","href":"https:\/\/api.w.org\/{rel}","templated":true}]}}