{"id":23361,"date":"2025-07-18T23:03:49","date_gmt":"2025-07-18T22:03:49","guid":{"rendered":"https:\/\/babylove.se\/produkt\/natur-hussang-med-skydd-80x160-och-forvaringslada\/"},"modified":"2026-04-08T09:58:49","modified_gmt":"2026-04-08T08:58:49","slug":"natur-husseng-med-beskyttelse-80x160-og-oppbevaringskasse","status":"publish","type":"product","link":"https:\/\/babylove.se\/no\/produkt\/natur-husseng-med-beskyttelse-80x160-og-oppbevaringskasse\/","title":{"rendered":"Natur husseng med beskyttelse 80&#215;160 og oppbevaringsboks"},"content":{"rendered":"<p>Denne stabile husseng med vern er perfekt n\u00e5r det er tid \u00e5 bytte ut sprinkelseng.<\/p>\n<p>N\u00e5r barnet s\u00e5 er klar til \u00e5 klatre inn og ut av sengen selv, g\u00e5r det fint \u00e5 montere av vernet.<br \/>Dette gj\u00f8r at levetiden for sengen er lang, og heldigvis det, s\u00e5 fin som den er!<\/p>\n<p><strong>Info:<\/strong><\/p>\n<ul>\n<li>Ribbebunn f\u00f8lger med<\/li>\n<li>Madrass f\u00f8lger ikke med, men se gjerne i v\u00e5rt store madrassutvalg. Vi anbefaler en skummadrass med tykkelse p\u00e5 ca 10-12 cm.<\/li>\n<li>Produsert i EU<\/li>\n<li>Materiale: Furu, malt med \u00f8kologisk giftfri maling<\/li>\n<li>Maksimalvekt 90 kg<\/li>\n<li>Finnes i hvit, natur eller gr\u00e5\n<\/li>\n<\/ul>\n<p><strong>M\u00e5l:<\/strong><\/p>\n<ul>\n<li>Sengem\u00e5l: 80&#215;160 cm<\/li>\n<li>Totalh\u00f8yde: 125 cm<\/li>\n<li>Totaldybde: 88cm<\/li>\n<li>Totallengde: 165 cm&nbsp;<\/li>\n<li>H\u00f8yde p\u00e5 vernekant: 17 cm&nbsp;<\/li>\n<\/ul>\n<p>Sengene kommer fra v\u00e5r fabrikk i Europa som har h\u00f8ye kvalitetskrav og kontrollerer hvert steg fra t\u00f8mmeret kommer inn i fabrikken til et ferdig produkt forlater. Farge, lakk og lim er vannbasert, milj\u00f8vennlig og produsert i Europa.&nbsp;<\/p>\n<p><em>Obs!&nbsp;<\/em><em>Sengen leveres umontert og b\u00f8r settes sammen i rommet den skal brukes i.<\/em><\/p>\n","protected":false},"excerpt":{"rendered":"<p>Denne stabile husseng med vern er perfekt n\u00e5r det er tid \u00e5 bytte ut sprinkelseng. N\u00e5r barnet s\u00e5 er klar til \u00e5 klatre inn og ut av sengen selv, g\u00e5r det fint \u00e5 montere av vernet.Dette gj\u00f8r at levetiden for sengen er lang, og heldigvis det, s\u00e5 fin som den er! Info: Ribbebunn f\u00f8lger med [&hellip;]<\/p>\n","protected":false},"featured_media":23363,"comment_status":"closed","ping_status":"open","template":"","meta":{"_acf_changed":false},"product_brand":[375],"product_cat":[224,217,269,376,280,40],"product_tag":[1689],"class_list":{"0":"post-23361","1":"product","2":"type-product","3":"status-publish","4":"has-post-thumbnail","6":"product_brand-pqp-ttm","7":"product_cat-ferdigbyggd-barneseng","8":"product_cat-sengesanger","9":"product_cat-juniorsenger","10":"product_cat-pp","11":"product_cat-senger-med-rask-levering","12":"product_cat-soverom-barn","13":"product_tag-bestillingsvaror","15":"first","16":"instock","17":"taxable","18":"shipping-taxable","19":"purchasable","20":"product-type-simple"},"acf":[],"yoast_head":"<!-- This site is optimized with the Yoast SEO Premium plugin v25.8 (Yoast SEO v27.2) - https:\/\/yoast.com\/product\/yoast-seo-premium-wordpress\/ -->\n<title>Vit huss\u00e4ng med skydd 80x160 till barnrummet<\/title>\n<meta name=\"description\" content=\"Superfin och prisv\u00e4rd vit huss\u00e4ng till barnrummet. En idealisk koja f\u00f6r ditt barn - K\u00f6p den h\u00e4r - Fri frakt !\" \/>\n<meta name=\"robots\" content=\"noindex, follow, max-snippet:-1, max-image-preview:large, max-video-preview:-1\" \/>\n<meta property=\"og:locale\" content=\"nb_NO\" \/>\n<meta property=\"og:type\" content=\"article\" \/>\n<meta property=\"og:title\" content=\"Natur husseng med beskyttelse 80x160 og oppbevaringsboks\" \/>\n<meta property=\"og:description\" content=\"Superfin och prisv\u00e4rd vit huss\u00e4ng till barnrummet. En idealisk koja f\u00f6r ditt barn - K\u00f6p den h\u00e4r - Fri frakt !\" \/>\n<meta property=\"og:url\" content=\"https:\/\/babylove.se\/no\/produkt\/natur-husseng-med-beskyttelse-80x160-og-oppbevaringskasse\/\" \/>\n<meta property=\"og:site_name\" content=\"Babylove Norska\" \/>\n<meta property=\"article:modified_time\" content=\"2026-04-08T08:58:49+00:00\" \/>\n<meta property=\"og:image\" content=\"https:\/\/babylove.se\/no\/wp-content\/uploads\/sites\/3\/2025\/07\/60588c7379a04.jpeg\" \/>\n\t<meta property=\"og:image:width\" content=\"750\" \/>\n\t<meta property=\"og:image:height\" content=\"750\" \/>\n\t<meta property=\"og:image:type\" content=\"image\/jpeg\" \/>\n<meta name=\"twitter:card\" content=\"summary_large_image\" \/>\n<meta name=\"twitter:label1\" content=\"Price\" \/>\n\t<meta name=\"twitter:data1\" content=\"5 399,00&nbsp;&#107;&#114;\" \/>\n\t<meta name=\"twitter:label2\" content=\"Availability\" \/>\n\t<meta name=\"twitter:data2\" content=\"In stock\" \/>\n<script type=\"application\/ld+json\" class=\"yoast-schema-graph\">{\"@context\":\"https:\/\/schema.org\",\"@graph\":[{\"@type\":\"WebPage\",\"@id\":\"https:\/\/babylove.se\/no\/produkt\/natur-husseng-med-beskyttelse-80x160-og-oppbevaringskasse\/\",\"url\":\"https:\/\/babylove.se\/no\/produkt\/natur-husseng-med-beskyttelse-80x160-og-oppbevaringskasse\/\",\"name\":\"Vit huss\u00e4ng med skydd 80x160 till barnrummet\",\"isPartOf\":{\"@id\":\"https:\/\/babylove.se\/no\/#website\"},\"primaryImageOfPage\":{\"@id\":\"https:\/\/babylove.se\/no\/produkt\/natur-husseng-med-beskyttelse-80x160-og-oppbevaringskasse\/#primaryimage\"},\"image\":{\"@id\":\"https:\/\/babylove.se\/no\/produkt\/natur-husseng-med-beskyttelse-80x160-og-oppbevaringskasse\/#primaryimage\"},\"thumbnailUrl\":\"https:\/\/babylove.se\/no\/wp-content\/uploads\/sites\/3\/2025\/07\/60588c7379a04.jpeg\",\"datePublished\":\"2025-07-18T22:03:49+00:00\",\"dateModified\":\"2026-04-08T08:58:49+00:00\",\"description\":\"Superfin och prisv\u00e4rd vit huss\u00e4ng till barnrummet. En idealisk koja f\u00f6r ditt barn - K\u00f6p den h\u00e4r - Fri frakt !\",\"breadcrumb\":{\"@id\":\"https:\/\/babylove.se\/no\/produkt\/natur-husseng-med-beskyttelse-80x160-og-oppbevaringskasse\/#breadcrumb\"},\"inLanguage\":\"nb-NO\",\"potentialAction\":[{\"@type\":\"ReadAction\",\"target\":[\"https:\/\/babylove.se\/no\/produkt\/natur-husseng-med-beskyttelse-80x160-og-oppbevaringskasse\/\"]}]},{\"@type\":\"ImageObject\",\"inLanguage\":\"nb-NO\",\"@id\":\"https:\/\/babylove.se\/no\/produkt\/natur-husseng-med-beskyttelse-80x160-og-oppbevaringskasse\/#primaryimage\",\"url\":\"https:\/\/babylove.se\/no\/wp-content\/uploads\/sites\/3\/2025\/07\/60588c7379a04.jpeg\",\"contentUrl\":\"https:\/\/babylove.se\/no\/wp-content\/uploads\/sites\/3\/2025\/07\/60588c7379a04.jpeg\",\"width\":750,\"height\":750},{\"@type\":\"BreadcrumbList\",\"@id\":\"https:\/\/babylove.se\/no\/produkt\/natur-husseng-med-beskyttelse-80x160-og-oppbevaringskasse\/#breadcrumb\",\"itemListElement\":[{\"@type\":\"ListItem\",\"position\":1,\"name\":\"Hem\",\"item\":\"https:\/\/babylove.se\/no\/\"},{\"@type\":\"ListItem\",\"position\":2,\"name\":\"Butik\",\"item\":\"https:\/\/babylove.se\/no\/butik\/\"},{\"@type\":\"ListItem\",\"position\":3,\"name\":\"Natur husseng med beskyttelse 80&#215;160 og oppbevaringsboks\"}]},{\"@type\":\"WebSite\",\"@id\":\"https:\/\/babylove.se\/no\/#website\",\"url\":\"https:\/\/babylove.se\/no\/\",\"name\":\"Babylove Norska\",\"description\":\"\",\"potentialAction\":[{\"@type\":\"SearchAction\",\"target\":{\"@type\":\"EntryPoint\",\"urlTemplate\":\"https:\/\/babylove.se\/no\/?s={search_term_string}\"},\"query-input\":{\"@type\":\"PropertyValueSpecification\",\"valueRequired\":true,\"valueName\":\"search_term_string\"}}],\"inLanguage\":\"nb-NO\"}]}<\/script>\n<meta property=\"product:brand\" content=\"PQP\/TTM\" \/>\n<meta property=\"product:price:amount\" content=\"5399.00\" \/>\n<meta property=\"product:price:currency\" content=\"SEK\" \/>\n<meta property=\"og:availability\" content=\"instock\" \/>\n<meta property=\"product:availability\" content=\"instock\" \/>\n<meta property=\"product:retailer_item_id\" content=\"27509.n\" \/>\n<meta property=\"product:condition\" content=\"new\" \/>\n<!-- \/ Yoast SEO Premium plugin. -->","yoast_head_json":{"title":"Vit huss\u00e4ng med skydd 80x160 till barnrummet","description":"Superfin och prisv\u00e4rd vit huss\u00e4ng till barnrummet. En idealisk koja f\u00f6r ditt barn - K\u00f6p den h\u00e4r - Fri frakt !","robots":{"index":"noindex","follow":"follow","max-snippet":"max-snippet:-1","max-image-preview":"max-image-preview:large","max-video-preview":"max-video-preview:-1"},"og_locale":"nb_NO","og_type":"article","og_title":"Natur husseng med beskyttelse 80x160 og oppbevaringsboks","og_description":"Superfin och prisv\u00e4rd vit huss\u00e4ng till barnrummet. En idealisk koja f\u00f6r ditt barn - K\u00f6p den h\u00e4r - Fri frakt !","og_url":"https:\/\/babylove.se\/no\/produkt\/natur-husseng-med-beskyttelse-80x160-og-oppbevaringskasse\/","og_site_name":"Babylove Norska","article_modified_time":"2026-04-08T08:58:49+00:00","og_image":[{"width":750,"height":750,"url":"https:\/\/babylove.se\/no\/wp-content\/uploads\/sites\/3\/2025\/07\/60588c7379a04.jpeg","type":"image\/jpeg"}],"twitter_card":"summary_large_image","twitter_misc":{"Price":"5 399,00&nbsp;&#107;&#114;","Availability":"In stock"},"schema":{"@context":"https:\/\/schema.org","@graph":[{"@type":"WebPage","@id":"https:\/\/babylove.se\/no\/produkt\/natur-husseng-med-beskyttelse-80x160-og-oppbevaringskasse\/","url":"https:\/\/babylove.se\/no\/produkt\/natur-husseng-med-beskyttelse-80x160-og-oppbevaringskasse\/","name":"Vit huss\u00e4ng med skydd 80x160 till barnrummet","isPartOf":{"@id":"https:\/\/babylove.se\/no\/#website"},"primaryImageOfPage":{"@id":"https:\/\/babylove.se\/no\/produkt\/natur-husseng-med-beskyttelse-80x160-og-oppbevaringskasse\/#primaryimage"},"image":{"@id":"https:\/\/babylove.se\/no\/produkt\/natur-husseng-med-beskyttelse-80x160-og-oppbevaringskasse\/#primaryimage"},"thumbnailUrl":"https:\/\/babylove.se\/no\/wp-content\/uploads\/sites\/3\/2025\/07\/60588c7379a04.jpeg","datePublished":"2025-07-18T22:03:49+00:00","dateModified":"2026-04-08T08:58:49+00:00","description":"Superfin och prisv\u00e4rd vit huss\u00e4ng till barnrummet. En idealisk koja f\u00f6r ditt barn - K\u00f6p den h\u00e4r - Fri frakt !","breadcrumb":{"@id":"https:\/\/babylove.se\/no\/produkt\/natur-husseng-med-beskyttelse-80x160-og-oppbevaringskasse\/#breadcrumb"},"inLanguage":"nb-NO","potentialAction":[{"@type":"ReadAction","target":["https:\/\/babylove.se\/no\/produkt\/natur-husseng-med-beskyttelse-80x160-og-oppbevaringskasse\/"]}]},{"@type":"ImageObject","inLanguage":"nb-NO","@id":"https:\/\/babylove.se\/no\/produkt\/natur-husseng-med-beskyttelse-80x160-og-oppbevaringskasse\/#primaryimage","url":"https:\/\/babylove.se\/no\/wp-content\/uploads\/sites\/3\/2025\/07\/60588c7379a04.jpeg","contentUrl":"https:\/\/babylove.se\/no\/wp-content\/uploads\/sites\/3\/2025\/07\/60588c7379a04.jpeg","width":750,"height":750},{"@type":"BreadcrumbList","@id":"https:\/\/babylove.se\/no\/produkt\/natur-husseng-med-beskyttelse-80x160-og-oppbevaringskasse\/#breadcrumb","itemListElement":[{"@type":"ListItem","position":1,"name":"Hem","item":"https:\/\/babylove.se\/no\/"},{"@type":"ListItem","position":2,"name":"Butik","item":"https:\/\/babylove.se\/no\/butik\/"},{"@type":"ListItem","position":3,"name":"Natur husseng med beskyttelse 80&#215;160 og oppbevaringsboks"}]},{"@type":"WebSite","@id":"https:\/\/babylove.se\/no\/#website","url":"https:\/\/babylove.se\/no\/","name":"Babylove Norska","description":"","potentialAction":[{"@type":"SearchAction","target":{"@type":"EntryPoint","urlTemplate":"https:\/\/babylove.se\/no\/?s={search_term_string}"},"query-input":{"@type":"PropertyValueSpecification","valueRequired":true,"valueName":"search_term_string"}}],"inLanguage":"nb-NO"}]},"product_brand":"PQP\/TTM","product_price_amount":"5399.00","product_price_currency":"SEK","og_availability":"instock","product_availability":"instock","product_retailer_item_id":"27509.n","product_condition":"new"},"_links":{"self":[{"href":"https:\/\/babylove.se\/no\/wp-json\/wp\/v2\/product\/23361","targetHints":{"allow":["GET"]}}],"collection":[{"href":"https:\/\/babylove.se\/no\/wp-json\/wp\/v2\/product"}],"about":[{"href":"https:\/\/babylove.se\/no\/wp-json\/wp\/v2\/types\/product"}],"replies":[{"embeddable":true,"href":"https:\/\/babylove.se\/no\/wp-json\/wp\/v2\/comments?post=23361"}],"wp:featuredmedia":[{"embeddable":true,"href":"https:\/\/babylove.se\/no\/wp-json\/wp\/v2\/media\/23363"}],"wp:attachment":[{"href":"https:\/\/babylove.se\/no\/wp-json\/wp\/v2\/media?parent=23361"}],"wp:term":[{"taxonomy":"product_brand","embeddable":true,"href":"https:\/\/babylove.se\/no\/wp-json\/wp\/v2\/product_brand?post=23361"},{"taxonomy":"product_cat","embeddable":true,"href":"https:\/\/babylove.se\/no\/wp-json\/wp\/v2\/product_cat?post=23361"},{"taxonomy":"product_tag","embeddable":true,"href":"https:\/\/babylove.se\/no\/wp-json\/wp\/v2\/product_tag?post=23361"}],"curies":[{"name":"wp","href":"https:\/\/api.w.org\/{rel}","templated":true}]}}