{"id":23445,"date":"2025-07-18T23:04:38","date_gmt":"2025-07-18T22:04:38","guid":{"rendered":"https:\/\/babylove.se\/produkt\/kietla-solglasogon-for-barn-rozz-denim\/"},"modified":"2026-04-08T10:57:14","modified_gmt":"2026-04-08T09:57:14","slug":"kietla-solbriller-for-barn-rozz-denim","status":"publish","type":"product","link":"https:\/\/babylove.se\/no\/produkt\/kietla-solbriller-for-barn-rozz-denim\/","title":{"rendered":"Kietla, solbriller for barn, Rozz, Denim"},"content":{"rendered":"<p>Fine og praktiske solbriller, spesielt utviklet til barn. <\/p>\n<p>Fakta om brillene: <\/p>\n<ul>\n<li>100% Uknuselige<\/li>\n<li>100% UV Filter<\/li>\n<li>Blue Blocker Filter<\/li>\n<li>Resirkulerbare<\/li>\n<li>BPA fri<\/li>\n<\/ul>\n<p>Det er jo viktig \u00e5 beskytte ogs\u00e5 barna fra solens UV-str\u00e5ler, noe som man lett kan glemme en varm sommerdag p\u00e5 stranden. Dessuten er barns \u00f8yne mer f\u00f8lsomme for UV-str\u00e5ling enn for oss voksne. <\/p>\n<p>Solbrillene leveres sammen med en oppbevaringspose og en smart brillesnor, som gj\u00f8r at barnet kan holde brillene bedre p\u00e5 plass. <\/p>\n<p>Produsert i Frankrike. <\/p>\n<p>Designer: <a href=\"https:\/\/babylove.se\/varumarken\/kietla\">Kietla<\/a><\/p>\n","protected":false},"excerpt":{"rendered":"<p>Fine og praktiske solbriller, spesielt utviklet til barn. Fakta om brillene: 100% Uknuselige 100% UV Filter Blue Blocker Filter Resirkulerbare BPA fri Det er jo viktig \u00e5 beskytte ogs\u00e5 barna fra solens UV-str\u00e5ler, noe som man lett kan glemme en varm sommerdag p\u00e5 stranden. Dessuten er barns \u00f8yne mer f\u00f8lsomme for UV-str\u00e5ling enn for oss [&hellip;]<\/p>\n","protected":false},"featured_media":23447,"comment_status":"open","ping_status":"closed","template":"","meta":{"_acf_changed":false},"product_brand":[925],"product_cat":[923,924,60],"product_tag":[],"class_list":{"0":"post-23445","1":"product","2":"type-product","3":"status-publish","4":"has-post-thumbnail","6":"product_brand-ki-et-la","7":"product_cat-kietla","8":"product_cat-solbriller-for-barn","9":"product_cat-sommer","10":"pa_storlek-1-2-ar","11":"pa_storlek-2-4-ar","13":"first","14":"outofstock","15":"taxable","16":"shipping-taxable","17":"purchasable","18":"product-type-variable"},"acf":[],"yoast_head":"<!-- This site is optimized with the Yoast SEO Premium plugin v25.8 (Yoast SEO v27.2) - https:\/\/yoast.com\/product\/yoast-seo-premium-wordpress\/ -->\n<title>Kietla, solbriller for barn, Rozz, Denim - Babylove Norska<\/title>\n<meta name=\"robots\" content=\"noindex, follow, max-snippet:-1, max-image-preview:large, max-video-preview:-1\" \/>\n<meta property=\"og:locale\" content=\"nb_NO\" \/>\n<meta property=\"og:type\" content=\"article\" \/>\n<meta property=\"og:title\" content=\"Kietla, solbriller for barn, Rozz, Denim\" \/>\n<meta property=\"og:description\" content=\"Fine og praktiske solbriller, spesielt utviklet til barn. Fakta om brillene: 100% Uknuselige 100% UV Filter Blue Blocker Filter Resirkulerbare BPA fri Det er jo viktig \u00e5 beskytte ogs\u00e5 barna fra solens UV-str\u00e5ler, noe som man lett kan glemme en varm sommerdag p\u00e5 stranden. Dessuten er barns \u00f8yne mer f\u00f8lsomme for UV-str\u00e5ling enn for oss [&hellip;]\" \/>\n<meta property=\"og:url\" content=\"https:\/\/babylove.se\/no\/produkt\/kietla-solbriller-for-barn-rozz-denim\/\" \/>\n<meta property=\"og:site_name\" content=\"Babylove Norska\" \/>\n<meta property=\"article:modified_time\" content=\"2026-04-08T09:57:14+00:00\" \/>\n<meta property=\"og:image\" content=\"https:\/\/babylove.se\/no\/wp-content\/uploads\/sites\/3\/2025\/07\/6058c737e91bc.jpeg\" \/>\n\t<meta property=\"og:image:width\" content=\"750\" \/>\n\t<meta property=\"og:image:height\" content=\"750\" \/>\n\t<meta property=\"og:image:type\" content=\"image\/jpeg\" \/>\n<meta name=\"twitter:card\" content=\"summary_large_image\" \/>\n<meta name=\"twitter:label1\" content=\"Availability\" \/>\n\t<meta name=\"twitter:data1\" content=\"Out of stock\" \/>\n<script type=\"application\/ld+json\" class=\"yoast-schema-graph\">{\"@context\":\"https:\/\/schema.org\",\"@graph\":[{\"@type\":\"WebPage\",\"@id\":\"https:\/\/babylove.se\/no\/produkt\/kietla-solbriller-for-barn-rozz-denim\/\",\"url\":\"https:\/\/babylove.se\/no\/produkt\/kietla-solbriller-for-barn-rozz-denim\/\",\"name\":\"Kietla, solbriller for barn, Rozz, Denim - Babylove Norska\",\"isPartOf\":{\"@id\":\"https:\/\/babylove.se\/no\/#website\"},\"primaryImageOfPage\":{\"@id\":\"https:\/\/babylove.se\/no\/produkt\/kietla-solbriller-for-barn-rozz-denim\/#primaryimage\"},\"image\":{\"@id\":\"https:\/\/babylove.se\/no\/produkt\/kietla-solbriller-for-barn-rozz-denim\/#primaryimage\"},\"thumbnailUrl\":\"https:\/\/babylove.se\/no\/wp-content\/uploads\/sites\/3\/2025\/07\/6058c737e91bc.jpeg\",\"datePublished\":\"2025-07-18T22:04:38+00:00\",\"dateModified\":\"2026-04-08T09:57:14+00:00\",\"breadcrumb\":{\"@id\":\"https:\/\/babylove.se\/no\/produkt\/kietla-solbriller-for-barn-rozz-denim\/#breadcrumb\"},\"inLanguage\":\"nb-NO\",\"potentialAction\":[{\"@type\":\"ReadAction\",\"target\":[\"https:\/\/babylove.se\/no\/produkt\/kietla-solbriller-for-barn-rozz-denim\/\"]}]},{\"@type\":\"ImageObject\",\"inLanguage\":\"nb-NO\",\"@id\":\"https:\/\/babylove.se\/no\/produkt\/kietla-solbriller-for-barn-rozz-denim\/#primaryimage\",\"url\":\"https:\/\/babylove.se\/no\/wp-content\/uploads\/sites\/3\/2025\/07\/6058c737e91bc.jpeg\",\"contentUrl\":\"https:\/\/babylove.se\/no\/wp-content\/uploads\/sites\/3\/2025\/07\/6058c737e91bc.jpeg\",\"width\":750,\"height\":750},{\"@type\":\"BreadcrumbList\",\"@id\":\"https:\/\/babylove.se\/no\/produkt\/kietla-solbriller-for-barn-rozz-denim\/#breadcrumb\",\"itemListElement\":[{\"@type\":\"ListItem\",\"position\":1,\"name\":\"Hem\",\"item\":\"https:\/\/babylove.se\/no\/\"},{\"@type\":\"ListItem\",\"position\":2,\"name\":\"Butik\",\"item\":\"https:\/\/babylove.se\/no\/butik\/\"},{\"@type\":\"ListItem\",\"position\":3,\"name\":\"Kietla, solbriller for barn, Rozz, Denim\"}]},{\"@type\":\"WebSite\",\"@id\":\"https:\/\/babylove.se\/no\/#website\",\"url\":\"https:\/\/babylove.se\/no\/\",\"name\":\"Babylove Norska\",\"description\":\"\",\"potentialAction\":[{\"@type\":\"SearchAction\",\"target\":{\"@type\":\"EntryPoint\",\"urlTemplate\":\"https:\/\/babylove.se\/no\/?s={search_term_string}\"},\"query-input\":{\"@type\":\"PropertyValueSpecification\",\"valueRequired\":true,\"valueName\":\"search_term_string\"}}],\"inLanguage\":\"nb-NO\"}]}<\/script>\n<meta property=\"product:brand\" content=\"Ki ET LA\" \/>\n<meta property=\"og:availability\" content=\"out of stock\" \/>\n<meta property=\"product:availability\" content=\"out of stock\" \/>\n<meta property=\"product:retailer_item_id\" content=\"SUNDENIM\" \/>\n<meta property=\"product:condition\" content=\"new\" \/>\n<!-- \/ Yoast SEO Premium plugin. -->","yoast_head_json":{"title":"Kietla, solbriller for barn, Rozz, Denim - Babylove Norska","robots":{"index":"noindex","follow":"follow","max-snippet":"max-snippet:-1","max-image-preview":"max-image-preview:large","max-video-preview":"max-video-preview:-1"},"og_locale":"nb_NO","og_type":"article","og_title":"Kietla, solbriller for barn, Rozz, Denim","og_description":"Fine og praktiske solbriller, spesielt utviklet til barn. Fakta om brillene: 100% Uknuselige 100% UV Filter Blue Blocker Filter Resirkulerbare BPA fri Det er jo viktig \u00e5 beskytte ogs\u00e5 barna fra solens UV-str\u00e5ler, noe som man lett kan glemme en varm sommerdag p\u00e5 stranden. Dessuten er barns \u00f8yne mer f\u00f8lsomme for UV-str\u00e5ling enn for oss [&hellip;]","og_url":"https:\/\/babylove.se\/no\/produkt\/kietla-solbriller-for-barn-rozz-denim\/","og_site_name":"Babylove Norska","article_modified_time":"2026-04-08T09:57:14+00:00","og_image":[{"width":750,"height":750,"url":"https:\/\/babylove.se\/no\/wp-content\/uploads\/sites\/3\/2025\/07\/6058c737e91bc.jpeg","type":"image\/jpeg"}],"twitter_card":"summary_large_image","twitter_misc":{"Availability":"Out of stock"},"schema":{"@context":"https:\/\/schema.org","@graph":[{"@type":"WebPage","@id":"https:\/\/babylove.se\/no\/produkt\/kietla-solbriller-for-barn-rozz-denim\/","url":"https:\/\/babylove.se\/no\/produkt\/kietla-solbriller-for-barn-rozz-denim\/","name":"Kietla, solbriller for barn, Rozz, Denim - Babylove Norska","isPartOf":{"@id":"https:\/\/babylove.se\/no\/#website"},"primaryImageOfPage":{"@id":"https:\/\/babylove.se\/no\/produkt\/kietla-solbriller-for-barn-rozz-denim\/#primaryimage"},"image":{"@id":"https:\/\/babylove.se\/no\/produkt\/kietla-solbriller-for-barn-rozz-denim\/#primaryimage"},"thumbnailUrl":"https:\/\/babylove.se\/no\/wp-content\/uploads\/sites\/3\/2025\/07\/6058c737e91bc.jpeg","datePublished":"2025-07-18T22:04:38+00:00","dateModified":"2026-04-08T09:57:14+00:00","breadcrumb":{"@id":"https:\/\/babylove.se\/no\/produkt\/kietla-solbriller-for-barn-rozz-denim\/#breadcrumb"},"inLanguage":"nb-NO","potentialAction":[{"@type":"ReadAction","target":["https:\/\/babylove.se\/no\/produkt\/kietla-solbriller-for-barn-rozz-denim\/"]}]},{"@type":"ImageObject","inLanguage":"nb-NO","@id":"https:\/\/babylove.se\/no\/produkt\/kietla-solbriller-for-barn-rozz-denim\/#primaryimage","url":"https:\/\/babylove.se\/no\/wp-content\/uploads\/sites\/3\/2025\/07\/6058c737e91bc.jpeg","contentUrl":"https:\/\/babylove.se\/no\/wp-content\/uploads\/sites\/3\/2025\/07\/6058c737e91bc.jpeg","width":750,"height":750},{"@type":"BreadcrumbList","@id":"https:\/\/babylove.se\/no\/produkt\/kietla-solbriller-for-barn-rozz-denim\/#breadcrumb","itemListElement":[{"@type":"ListItem","position":1,"name":"Hem","item":"https:\/\/babylove.se\/no\/"},{"@type":"ListItem","position":2,"name":"Butik","item":"https:\/\/babylove.se\/no\/butik\/"},{"@type":"ListItem","position":3,"name":"Kietla, solbriller for barn, Rozz, Denim"}]},{"@type":"WebSite","@id":"https:\/\/babylove.se\/no\/#website","url":"https:\/\/babylove.se\/no\/","name":"Babylove Norska","description":"","potentialAction":[{"@type":"SearchAction","target":{"@type":"EntryPoint","urlTemplate":"https:\/\/babylove.se\/no\/?s={search_term_string}"},"query-input":{"@type":"PropertyValueSpecification","valueRequired":true,"valueName":"search_term_string"}}],"inLanguage":"nb-NO"}]},"product_brand":"Ki ET LA","og_availability":"out of stock","product_availability":"out of stock","product_retailer_item_id":"SUNDENIM","product_condition":"new"},"_links":{"self":[{"href":"https:\/\/babylove.se\/no\/wp-json\/wp\/v2\/product\/23445","targetHints":{"allow":["GET"]}}],"collection":[{"href":"https:\/\/babylove.se\/no\/wp-json\/wp\/v2\/product"}],"about":[{"href":"https:\/\/babylove.se\/no\/wp-json\/wp\/v2\/types\/product"}],"replies":[{"embeddable":true,"href":"https:\/\/babylove.se\/no\/wp-json\/wp\/v2\/comments?post=23445"}],"wp:featuredmedia":[{"embeddable":true,"href":"https:\/\/babylove.se\/no\/wp-json\/wp\/v2\/media\/23447"}],"wp:attachment":[{"href":"https:\/\/babylove.se\/no\/wp-json\/wp\/v2\/media?parent=23445"}],"wp:term":[{"taxonomy":"product_brand","embeddable":true,"href":"https:\/\/babylove.se\/no\/wp-json\/wp\/v2\/product_brand?post=23445"},{"taxonomy":"product_cat","embeddable":true,"href":"https:\/\/babylove.se\/no\/wp-json\/wp\/v2\/product_cat?post=23445"},{"taxonomy":"product_tag","embeddable":true,"href":"https:\/\/babylove.se\/no\/wp-json\/wp\/v2\/product_tag?post=23445"}],"curies":[{"name":"wp","href":"https:\/\/api.w.org\/{rel}","templated":true}]}}