{"id":23492,"date":"2025-07-18T23:05:00","date_gmt":"2025-07-18T22:05:00","guid":{"rendered":"https:\/\/babylove.se\/produkt\/moa-hussang-tipi-moa-med-forvaringsladaextra-sang\/"},"modified":"2026-04-08T10:57:36","modified_gmt":"2026-04-08T09:57:36","slug":"moa-husseng-tipi-moa-med-oppbevaringsskuffekstra-seng","status":"publish","type":"product","link":"https:\/\/babylove.se\/no\/produkt\/moa-husseng-tipi-moa-med-oppbevaringsskuffekstra-seng\/","title":{"rendered":"Moa, hyttefeng tipi Moa med oppbevaringsboks\/ekstraseng"},"content":{"rendered":"<p>Velkommen til v\u00e5r fantastiske tipiseng Moa! <\/p>\n<p>Med sitt s\u00f8te design med inspirasjon fra et tipi-telt, er denne barnesengen et sikkert kort for de aller fleste barnerom og stiler. <\/p>\n<p>Sengen kommer med en praktisk oppbevaringskasse som du ogs\u00e5 kan oppgradere til en ekstra seng. <\/p>\n<p>Madrass er ikke inkludert, ta gjerne en titt i v\u00e5rt store utvalg! Vi anbefaler en skummadrass med tykkelse p\u00e5 <em>10-12 cm<\/em><br \/>\nfor den \u00f8verste sengen og <em>maks 9 cm<\/em> for ekstrasengen. Hvis madrassen til ekstrasengen er tykkere enn 9 cm vil ikke ekstrasengen kunne rulles ut. <\/p>\n<p><strong>Tilvalg:<\/strong> <\/p>\n<ul>\n<li>Farge: velg mellom natur (ubehandlet), lakkert, hvit og gr\u00e5<\/li>\n<li>Oppbevaringskasse med sovefunksjon (ekstra ribbebonn inkludert) (Madrassm\u00e5l til ekstraseng skal v\u00e6re 10 cm kortere enn sengens lengde og ha tykkelse p\u00e5 maks 9 cm. Til seng Moa 80&#215;160 = 1 stk madrass 80&#215;150)<\/li>\n<\/ul>\n<p><strong>Info:<\/strong> <\/p>\n<ul>\n<li>Oppbevaringskasse og ribbebonn er inkludert.<\/li>\n<li>Hvis funksjonen ekstraseng <em>ikke <\/em>velges er det inkludert 1 st\u00f8rre oppbevaringskasse p\u00e5 senger opp til 160 cm og 2 oppbevaringskasser p\u00e5 senger st\u00f8rre enn 160 cm.<\/li>\n<li>Hvis funksjonen ekstraseng velges er det <u>alltid<\/u> inkludert 1 kasse sammen med en ekstra ribbebonn uavhengig av st\u00f8rrelse p\u00e5 sengen.<\/li>\n<li>H\u00f8yde: 159 cm<\/li>\n<li>De oppgitte m\u00e5lene er sengm\u00e5l. For totale m\u00e5let, legg til 9 cm i lengde og bredde.<\/li>\n<li>Maks belastning: 100 kg per seng<\/li>\n<\/ul>\n<p>Sengene kommer fra v\u00e5r fabrikk i Europa som har h\u00f8ye kvalitetskrav og kontrollerer hvert steg fra timeret kommer inn i fabrikken til et ferdig produkt forlater. <\/p>\n<p><em>Dette er en seng produsert og tilpasset for barn. <\/em><em>Sengen leveres umontert og b\u00f8r settes sammen i rommet den skal brukes i.<\/em><\/p>\n","protected":false},"excerpt":{"rendered":"<p>Velkommen til v\u00e5r fantastiske tipiseng Moa! Med sitt s\u00f8te design med inspirasjon fra et tipi-telt, er denne barnesengen et sikkert kort for de aller fleste barnerom og stiler. Sengen kommer med en praktisk oppbevaringskasse som du ogs\u00e5 kan oppgradere til en ekstra seng. Madrass er ikke inkludert, ta gjerne en titt i v\u00e5rt store utvalg! [&hellip;]<\/p>\n","protected":false},"featured_media":23494,"comment_status":"open","ping_status":"closed","template":"","meta":{"_acf_changed":false},"product_brand":[600],"product_cat":[602,217,601],"product_tag":[1689],"class_list":{"0":"post-23492","1":"product","2":"type-product","3":"status-publish","4":"has-post-thumbnail","6":"product_brand-luletto","7":"product_cat-babylove-lul","8":"product_cat-sengesanger","9":"product_cat-baby","10":"product_tag-bestillingsvaror","11":"pa_extrasang-funktion-ja","12":"pa_extrasang-funktion-nej","13":"pa_farg-gra","14":"pa_farg-vit","15":"pa_farg-lackad","16":"pa_farg-natur","17":"pa_storlek-100x190-cm","18":"pa_storlek-60x120-cm","19":"pa_storlek-80x140-cm","20":"pa_storlek-80x160-cm","21":"pa_storlek-80x180-cm","22":"pa_storlek-90x160-cm","23":"pa_storlek-90x180-cm","24":"pa_storlek-90x190-cm","26":"first","27":"instock","28":"taxable","29":"shipping-taxable","30":"purchasable","31":"product-type-variable"},"acf":[],"yoast_head":"<!-- This site is optimized with the Yoast SEO Premium plugin v25.8 (Yoast SEO v27.2) - https:\/\/yoast.com\/product\/yoast-seo-premium-wordpress\/ -->\n<title>Moa, hyttefeng tipi Moa med oppbevaringsboks\/ekstraseng - Babylove Norska<\/title>\n<meta name=\"robots\" content=\"noindex, follow, max-snippet:-1, max-image-preview:large, max-video-preview:-1\" \/>\n<meta property=\"og:locale\" content=\"nb_NO\" \/>\n<meta property=\"og:type\" content=\"article\" \/>\n<meta property=\"og:title\" content=\"Moa, hyttefeng tipi Moa med oppbevaringsboks\/ekstraseng\" \/>\n<meta property=\"og:description\" content=\"Velkommen til v\u00e5r fantastiske tipiseng Moa! Med sitt s\u00f8te design med inspirasjon fra et tipi-telt, er denne barnesengen et sikkert kort for de aller fleste barnerom og stiler. Sengen kommer med en praktisk oppbevaringskasse som du ogs\u00e5 kan oppgradere til en ekstra seng. Madrass er ikke inkludert, ta gjerne en titt i v\u00e5rt store utvalg! [&hellip;]\" \/>\n<meta property=\"og:url\" content=\"https:\/\/babylove.se\/no\/produkt\/moa-husseng-tipi-moa-med-oppbevaringsskuffekstra-seng\/\" \/>\n<meta property=\"og:site_name\" content=\"Babylove Norska\" \/>\n<meta property=\"article:modified_time\" content=\"2026-04-08T09:57:36+00:00\" \/>\n<meta property=\"og:image\" content=\"https:\/\/babylove.se\/no\/wp-content\/uploads\/sites\/3\/2025\/07\/605a46eb0fea3.jpeg\" \/>\n\t<meta property=\"og:image:width\" content=\"750\" \/>\n\t<meta property=\"og:image:height\" content=\"750\" \/>\n\t<meta property=\"og:image:type\" content=\"image\/jpeg\" \/>\n<meta name=\"twitter:card\" content=\"summary_large_image\" \/>\n<meta name=\"twitter:label1\" content=\"Availability\" \/>\n\t<meta name=\"twitter:data1\" content=\"In stock\" \/>\n<script type=\"application\/ld+json\" class=\"yoast-schema-graph\">{\"@context\":\"https:\/\/schema.org\",\"@graph\":[{\"@type\":\"WebPage\",\"@id\":\"https:\/\/babylove.se\/no\/produkt\/moa-husseng-tipi-moa-med-oppbevaringsskuffekstra-seng\/\",\"url\":\"https:\/\/babylove.se\/no\/produkt\/moa-husseng-tipi-moa-med-oppbevaringsskuffekstra-seng\/\",\"name\":\"Moa, hyttefeng tipi Moa med oppbevaringsboks\/ekstraseng - Babylove Norska\",\"isPartOf\":{\"@id\":\"https:\/\/babylove.se\/no\/#website\"},\"primaryImageOfPage\":{\"@id\":\"https:\/\/babylove.se\/no\/produkt\/moa-husseng-tipi-moa-med-oppbevaringsskuffekstra-seng\/#primaryimage\"},\"image\":{\"@id\":\"https:\/\/babylove.se\/no\/produkt\/moa-husseng-tipi-moa-med-oppbevaringsskuffekstra-seng\/#primaryimage\"},\"thumbnailUrl\":\"https:\/\/babylove.se\/no\/wp-content\/uploads\/sites\/3\/2025\/07\/605a46eb0fea3.jpeg\",\"datePublished\":\"2025-07-18T22:05:00+00:00\",\"dateModified\":\"2026-04-08T09:57:36+00:00\",\"breadcrumb\":{\"@id\":\"https:\/\/babylove.se\/no\/produkt\/moa-husseng-tipi-moa-med-oppbevaringsskuffekstra-seng\/#breadcrumb\"},\"inLanguage\":\"nb-NO\",\"potentialAction\":[{\"@type\":\"ReadAction\",\"target\":[\"https:\/\/babylove.se\/no\/produkt\/moa-husseng-tipi-moa-med-oppbevaringsskuffekstra-seng\/\"]}]},{\"@type\":\"ImageObject\",\"inLanguage\":\"nb-NO\",\"@id\":\"https:\/\/babylove.se\/no\/produkt\/moa-husseng-tipi-moa-med-oppbevaringsskuffekstra-seng\/#primaryimage\",\"url\":\"https:\/\/babylove.se\/no\/wp-content\/uploads\/sites\/3\/2025\/07\/605a46eb0fea3.jpeg\",\"contentUrl\":\"https:\/\/babylove.se\/no\/wp-content\/uploads\/sites\/3\/2025\/07\/605a46eb0fea3.jpeg\",\"width\":750,\"height\":750},{\"@type\":\"BreadcrumbList\",\"@id\":\"https:\/\/babylove.se\/no\/produkt\/moa-husseng-tipi-moa-med-oppbevaringsskuffekstra-seng\/#breadcrumb\",\"itemListElement\":[{\"@type\":\"ListItem\",\"position\":1,\"name\":\"Hem\",\"item\":\"https:\/\/babylove.se\/no\/\"},{\"@type\":\"ListItem\",\"position\":2,\"name\":\"Butik\",\"item\":\"https:\/\/babylove.se\/no\/butik\/\"},{\"@type\":\"ListItem\",\"position\":3,\"name\":\"Moa, hyttefeng tipi Moa med oppbevaringsboks\/ekstraseng\"}]},{\"@type\":\"WebSite\",\"@id\":\"https:\/\/babylove.se\/no\/#website\",\"url\":\"https:\/\/babylove.se\/no\/\",\"name\":\"Babylove Norska\",\"description\":\"\",\"potentialAction\":[{\"@type\":\"SearchAction\",\"target\":{\"@type\":\"EntryPoint\",\"urlTemplate\":\"https:\/\/babylove.se\/no\/?s={search_term_string}\"},\"query-input\":{\"@type\":\"PropertyValueSpecification\",\"valueRequired\":true,\"valueName\":\"search_term_string\"}}],\"inLanguage\":\"nb-NO\"}]}<\/script>\n<meta property=\"product:brand\" content=\"Luletto\" \/>\n<meta property=\"og:availability\" content=\"instock\" \/>\n<meta property=\"product:availability\" content=\"instock\" \/>\n<meta property=\"product:retailer_item_id\" content=\"60x120-natur-Moa-L\u00e5da-Nej\" \/>\n<meta property=\"product:condition\" content=\"new\" \/>\n<!-- \/ Yoast SEO Premium plugin. -->","yoast_head_json":{"title":"Moa, hyttefeng tipi Moa med oppbevaringsboks\/ekstraseng - Babylove Norska","robots":{"index":"noindex","follow":"follow","max-snippet":"max-snippet:-1","max-image-preview":"max-image-preview:large","max-video-preview":"max-video-preview:-1"},"og_locale":"nb_NO","og_type":"article","og_title":"Moa, hyttefeng tipi Moa med oppbevaringsboks\/ekstraseng","og_description":"Velkommen til v\u00e5r fantastiske tipiseng Moa! Med sitt s\u00f8te design med inspirasjon fra et tipi-telt, er denne barnesengen et sikkert kort for de aller fleste barnerom og stiler. Sengen kommer med en praktisk oppbevaringskasse som du ogs\u00e5 kan oppgradere til en ekstra seng. Madrass er ikke inkludert, ta gjerne en titt i v\u00e5rt store utvalg! [&hellip;]","og_url":"https:\/\/babylove.se\/no\/produkt\/moa-husseng-tipi-moa-med-oppbevaringsskuffekstra-seng\/","og_site_name":"Babylove Norska","article_modified_time":"2026-04-08T09:57:36+00:00","og_image":[{"width":750,"height":750,"url":"https:\/\/babylove.se\/no\/wp-content\/uploads\/sites\/3\/2025\/07\/605a46eb0fea3.jpeg","type":"image\/jpeg"}],"twitter_card":"summary_large_image","twitter_misc":{"Availability":"In stock"},"schema":{"@context":"https:\/\/schema.org","@graph":[{"@type":"WebPage","@id":"https:\/\/babylove.se\/no\/produkt\/moa-husseng-tipi-moa-med-oppbevaringsskuffekstra-seng\/","url":"https:\/\/babylove.se\/no\/produkt\/moa-husseng-tipi-moa-med-oppbevaringsskuffekstra-seng\/","name":"Moa, hyttefeng tipi Moa med oppbevaringsboks\/ekstraseng - Babylove Norska","isPartOf":{"@id":"https:\/\/babylove.se\/no\/#website"},"primaryImageOfPage":{"@id":"https:\/\/babylove.se\/no\/produkt\/moa-husseng-tipi-moa-med-oppbevaringsskuffekstra-seng\/#primaryimage"},"image":{"@id":"https:\/\/babylove.se\/no\/produkt\/moa-husseng-tipi-moa-med-oppbevaringsskuffekstra-seng\/#primaryimage"},"thumbnailUrl":"https:\/\/babylove.se\/no\/wp-content\/uploads\/sites\/3\/2025\/07\/605a46eb0fea3.jpeg","datePublished":"2025-07-18T22:05:00+00:00","dateModified":"2026-04-08T09:57:36+00:00","breadcrumb":{"@id":"https:\/\/babylove.se\/no\/produkt\/moa-husseng-tipi-moa-med-oppbevaringsskuffekstra-seng\/#breadcrumb"},"inLanguage":"nb-NO","potentialAction":[{"@type":"ReadAction","target":["https:\/\/babylove.se\/no\/produkt\/moa-husseng-tipi-moa-med-oppbevaringsskuffekstra-seng\/"]}]},{"@type":"ImageObject","inLanguage":"nb-NO","@id":"https:\/\/babylove.se\/no\/produkt\/moa-husseng-tipi-moa-med-oppbevaringsskuffekstra-seng\/#primaryimage","url":"https:\/\/babylove.se\/no\/wp-content\/uploads\/sites\/3\/2025\/07\/605a46eb0fea3.jpeg","contentUrl":"https:\/\/babylove.se\/no\/wp-content\/uploads\/sites\/3\/2025\/07\/605a46eb0fea3.jpeg","width":750,"height":750},{"@type":"BreadcrumbList","@id":"https:\/\/babylove.se\/no\/produkt\/moa-husseng-tipi-moa-med-oppbevaringsskuffekstra-seng\/#breadcrumb","itemListElement":[{"@type":"ListItem","position":1,"name":"Hem","item":"https:\/\/babylove.se\/no\/"},{"@type":"ListItem","position":2,"name":"Butik","item":"https:\/\/babylove.se\/no\/butik\/"},{"@type":"ListItem","position":3,"name":"Moa, hyttefeng tipi Moa med oppbevaringsboks\/ekstraseng"}]},{"@type":"WebSite","@id":"https:\/\/babylove.se\/no\/#website","url":"https:\/\/babylove.se\/no\/","name":"Babylove Norska","description":"","potentialAction":[{"@type":"SearchAction","target":{"@type":"EntryPoint","urlTemplate":"https:\/\/babylove.se\/no\/?s={search_term_string}"},"query-input":{"@type":"PropertyValueSpecification","valueRequired":true,"valueName":"search_term_string"}}],"inLanguage":"nb-NO"}]},"product_brand":"Luletto","og_availability":"instock","product_availability":"instock","product_retailer_item_id":"60x120-natur-Moa-L\u00e5da-Nej","product_condition":"new"},"_links":{"self":[{"href":"https:\/\/babylove.se\/no\/wp-json\/wp\/v2\/product\/23492","targetHints":{"allow":["GET"]}}],"collection":[{"href":"https:\/\/babylove.se\/no\/wp-json\/wp\/v2\/product"}],"about":[{"href":"https:\/\/babylove.se\/no\/wp-json\/wp\/v2\/types\/product"}],"replies":[{"embeddable":true,"href":"https:\/\/babylove.se\/no\/wp-json\/wp\/v2\/comments?post=23492"}],"wp:featuredmedia":[{"embeddable":true,"href":"https:\/\/babylove.se\/no\/wp-json\/wp\/v2\/media\/23494"}],"wp:attachment":[{"href":"https:\/\/babylove.se\/no\/wp-json\/wp\/v2\/media?parent=23492"}],"wp:term":[{"taxonomy":"product_brand","embeddable":true,"href":"https:\/\/babylove.se\/no\/wp-json\/wp\/v2\/product_brand?post=23492"},{"taxonomy":"product_cat","embeddable":true,"href":"https:\/\/babylove.se\/no\/wp-json\/wp\/v2\/product_cat?post=23492"},{"taxonomy":"product_tag","embeddable":true,"href":"https:\/\/babylove.se\/no\/wp-json\/wp\/v2\/product_tag?post=23492"}],"curies":[{"name":"wp","href":"https:\/\/api.w.org\/{rel}","templated":true}]}}