{"id":23570,"date":"2025-07-18T23:05:50","date_gmt":"2025-07-18T22:05:50","guid":{"rendered":"https:\/\/babylove.se\/produkt\/mobelset-2-kaninstolar-molnbord-mobelset-till-barnrummet\/"},"modified":"2026-04-08T10:57:42","modified_gmt":"2026-04-08T09:57:42","slug":"mobelsett-2-kaninstoler-skybord-mobelsett-til-barnerommet","status":"publish","type":"product","link":"https:\/\/babylove.se\/no\/produkt\/mobelsett-2-kaninstoler-skybord-mobelsett-til-barnerommet\/","title":{"rendered":"M\u00f8belsett 2 kaninstoler+ skybord, M\u00f8belsett til barnerommet"},"content":{"rendered":"<p>En vakker m\u00f8belkombinasjon best\u00e5ende av to kaninstoler og et bord som vil gi sjarm og karakter til ethvert barneroms innredning.<\/p>\n<p>Disse m\u00f8blene er laget av h\u00f8ykvalitets furutre. Beina er i naturtre mens stolryggene, bordplaten og \u00absokkene\u00bb er i pastellfarger.<\/p>\n<p><strong>M\u00e5l<\/strong>:<\/p>\n<ul>\n<li>Stolenes totale h\u00f8yde 62,5 cm, sitteh\u00f8yden er 30 cm og sittebredden 32,5 cm<\/li>\n<li>Bordets h\u00f8yde 50 cm, lengde 78 cm, bredde 63 cm<\/li>\n<\/ul>\n<p><strong>Material<\/strong>: Furutre<\/p>\n<p>M\u00f8blene kommer fra v\u00e5r fabrikk i Europa som har h\u00f8ye kvalitetskrav og kontrollerer hvert steg fra t\u00f8mmeret kommer inn i fabrikken til et ferdig produkt forlater. Farge, lakk og lim er vannbasert, milj\u00f8vennlig og produsert i Europa.&nbsp;<\/p>\n<p>Obs! Angrerett gjelder ikke<\/p>\n","protected":false},"excerpt":{"rendered":"<p>En vakker m\u00f8belkombinasjon best\u00e5ende av to kaninstoler og et bord som vil gi sjarm og karakter til ethvert barneroms innredning. Disse m\u00f8blene er laget av h\u00f8ykvalitets furutre. Beina er i naturtre mens stolryggene, bordplaten og \u00absokkene\u00bb er i pastellfarger. M\u00e5l: Stolenes totale h\u00f8yde 62,5 cm, sitteh\u00f8yden er 30 cm og sittebredden 32,5 cm Bordets h\u00f8yde [&hellip;]<\/p>\n","protected":false},"featured_media":23572,"comment_status":"closed","ping_status":"open","template":"","meta":{"_acf_changed":false},"product_brand":[261],"product_cat":[85,263,80],"product_tag":[1689],"class_list":{"0":"post-23570","1":"product","2":"type-product","3":"status-publish","4":"has-post-thumbnail","6":"product_brand-ohh-mami","7":"product_cat-bord","8":"product_cat-ohhmami","9":"product_cat-stoler","10":"product_tag-bestillingsvaror","12":"first","13":"instock","14":"taxable","15":"shipping-taxable","16":"purchasable","17":"product-type-simple"},"acf":[],"yoast_head":"<!-- This site is optimized with the Yoast SEO Premium plugin v25.8 (Yoast SEO v27.2) - https:\/\/yoast.com\/product\/yoast-seo-premium-wordpress\/ -->\n<title>M\u00f8belsett 2 kaninstoler+ skybord, M\u00f8belsett til barnerommet - Babylove Norska<\/title>\n<meta name=\"description\" content=\"En vacker m\u00f6belkombination best\u00e5ende av en molnstol och ett bord i form av en bj\u00f6rn som kommer att ge en charm och karakt\u00e4r till varje barnrumsinredning.\" \/>\n<meta name=\"robots\" content=\"noindex, follow, max-snippet:-1, max-image-preview:large, max-video-preview:-1\" \/>\n<meta property=\"og:locale\" content=\"nb_NO\" \/>\n<meta property=\"og:type\" content=\"article\" \/>\n<meta property=\"og:title\" content=\"M\u00f8belsett 2 kaninstoler+ skybord, M\u00f8belsett til barnerommet\" \/>\n<meta property=\"og:description\" content=\"En vacker m\u00f6belkombination best\u00e5ende av en molnstol och ett bord i form av en bj\u00f6rn som kommer att ge en charm och karakt\u00e4r till varje barnrumsinredning.\" \/>\n<meta property=\"og:url\" content=\"https:\/\/babylove.se\/no\/produkt\/mobelsett-2-kaninstoler-skybord-mobelsett-til-barnerommet\/\" \/>\n<meta property=\"og:site_name\" content=\"Babylove Norska\" \/>\n<meta property=\"article:modified_time\" content=\"2026-04-08T09:57:42+00:00\" \/>\n<meta property=\"og:image\" content=\"https:\/\/babylove.se\/no\/wp-content\/uploads\/sites\/3\/2025\/07\/605ecd807fa87.png\" \/>\n\t<meta property=\"og:image:width\" content=\"504\" \/>\n\t<meta property=\"og:image:height\" content=\"614\" \/>\n\t<meta property=\"og:image:type\" content=\"image\/png\" \/>\n<meta name=\"twitter:card\" content=\"summary_large_image\" \/>\n<meta name=\"twitter:label1\" content=\"Price\" \/>\n\t<meta name=\"twitter:data1\" content=\"2 799,00&nbsp;&#107;&#114;\" \/>\n\t<meta name=\"twitter:label2\" content=\"Availability\" \/>\n\t<meta name=\"twitter:data2\" content=\"In stock\" \/>\n<script type=\"application\/ld+json\" class=\"yoast-schema-graph\">{\"@context\":\"https:\/\/schema.org\",\"@graph\":[{\"@type\":\"WebPage\",\"@id\":\"https:\/\/babylove.se\/no\/produkt\/mobelsett-2-kaninstoler-skybord-mobelsett-til-barnerommet\/\",\"url\":\"https:\/\/babylove.se\/no\/produkt\/mobelsett-2-kaninstoler-skybord-mobelsett-til-barnerommet\/\",\"name\":\"M\u00f8belsett 2 kaninstoler+ skybord, M\u00f8belsett til barnerommet - Babylove Norska\",\"isPartOf\":{\"@id\":\"https:\/\/babylove.se\/no\/#website\"},\"primaryImageOfPage\":{\"@id\":\"https:\/\/babylove.se\/no\/produkt\/mobelsett-2-kaninstoler-skybord-mobelsett-til-barnerommet\/#primaryimage\"},\"image\":{\"@id\":\"https:\/\/babylove.se\/no\/produkt\/mobelsett-2-kaninstoler-skybord-mobelsett-til-barnerommet\/#primaryimage\"},\"thumbnailUrl\":\"https:\/\/babylove.se\/no\/wp-content\/uploads\/sites\/3\/2025\/07\/605ecd807fa87.png\",\"datePublished\":\"2025-07-18T22:05:50+00:00\",\"dateModified\":\"2026-04-08T09:57:42+00:00\",\"description\":\"En vacker m\u00f6belkombination best\u00e5ende av en molnstol och ett bord i form av en bj\u00f6rn som kommer att ge en charm och karakt\u00e4r till varje barnrumsinredning.\",\"breadcrumb\":{\"@id\":\"https:\/\/babylove.se\/no\/produkt\/mobelsett-2-kaninstoler-skybord-mobelsett-til-barnerommet\/#breadcrumb\"},\"inLanguage\":\"nb-NO\",\"potentialAction\":[{\"@type\":\"ReadAction\",\"target\":[\"https:\/\/babylove.se\/no\/produkt\/mobelsett-2-kaninstoler-skybord-mobelsett-til-barnerommet\/\"]}]},{\"@type\":\"ImageObject\",\"inLanguage\":\"nb-NO\",\"@id\":\"https:\/\/babylove.se\/no\/produkt\/mobelsett-2-kaninstoler-skybord-mobelsett-til-barnerommet\/#primaryimage\",\"url\":\"https:\/\/babylove.se\/no\/wp-content\/uploads\/sites\/3\/2025\/07\/605ecd807fa87.png\",\"contentUrl\":\"https:\/\/babylove.se\/no\/wp-content\/uploads\/sites\/3\/2025\/07\/605ecd807fa87.png\",\"width\":504,\"height\":614},{\"@type\":\"BreadcrumbList\",\"@id\":\"https:\/\/babylove.se\/no\/produkt\/mobelsett-2-kaninstoler-skybord-mobelsett-til-barnerommet\/#breadcrumb\",\"itemListElement\":[{\"@type\":\"ListItem\",\"position\":1,\"name\":\"Hem\",\"item\":\"https:\/\/babylove.se\/no\/\"},{\"@type\":\"ListItem\",\"position\":2,\"name\":\"Butik\",\"item\":\"https:\/\/babylove.se\/no\/butik\/\"},{\"@type\":\"ListItem\",\"position\":3,\"name\":\"M\u00f8belsett 2 kaninstoler+ skybord, M\u00f8belsett til barnerommet\"}]},{\"@type\":\"WebSite\",\"@id\":\"https:\/\/babylove.se\/no\/#website\",\"url\":\"https:\/\/babylove.se\/no\/\",\"name\":\"Babylove Norska\",\"description\":\"\",\"potentialAction\":[{\"@type\":\"SearchAction\",\"target\":{\"@type\":\"EntryPoint\",\"urlTemplate\":\"https:\/\/babylove.se\/no\/?s={search_term_string}\"},\"query-input\":{\"@type\":\"PropertyValueSpecification\",\"valueRequired\":true,\"valueName\":\"search_term_string\"}}],\"inLanguage\":\"nb-NO\"}]}<\/script>\n<meta property=\"product:brand\" content=\"Ohh Mami\" \/>\n<meta property=\"product:price:amount\" content=\"2799.00\" \/>\n<meta property=\"product:price:currency\" content=\"SEK\" \/>\n<meta property=\"og:availability\" content=\"instock\" \/>\n<meta property=\"product:availability\" content=\"instock\" \/>\n<meta property=\"product:retailer_item_id\" content=\"4129\" \/>\n<meta property=\"product:condition\" content=\"new\" \/>\n<!-- \/ Yoast SEO Premium plugin. -->","yoast_head_json":{"title":"M\u00f8belsett 2 kaninstoler+ skybord, M\u00f8belsett til barnerommet - Babylove Norska","description":"En vacker m\u00f6belkombination best\u00e5ende av en molnstol och ett bord i form av en bj\u00f6rn som kommer att ge en charm och karakt\u00e4r till varje barnrumsinredning.","robots":{"index":"noindex","follow":"follow","max-snippet":"max-snippet:-1","max-image-preview":"max-image-preview:large","max-video-preview":"max-video-preview:-1"},"og_locale":"nb_NO","og_type":"article","og_title":"M\u00f8belsett 2 kaninstoler+ skybord, M\u00f8belsett til barnerommet","og_description":"En vacker m\u00f6belkombination best\u00e5ende av en molnstol och ett bord i form av en bj\u00f6rn som kommer att ge en charm och karakt\u00e4r till varje barnrumsinredning.","og_url":"https:\/\/babylove.se\/no\/produkt\/mobelsett-2-kaninstoler-skybord-mobelsett-til-barnerommet\/","og_site_name":"Babylove Norska","article_modified_time":"2026-04-08T09:57:42+00:00","og_image":[{"width":504,"height":614,"url":"https:\/\/babylove.se\/no\/wp-content\/uploads\/sites\/3\/2025\/07\/605ecd807fa87.png","type":"image\/png"}],"twitter_card":"summary_large_image","twitter_misc":{"Price":"2 799,00&nbsp;&#107;&#114;","Availability":"In stock"},"schema":{"@context":"https:\/\/schema.org","@graph":[{"@type":"WebPage","@id":"https:\/\/babylove.se\/no\/produkt\/mobelsett-2-kaninstoler-skybord-mobelsett-til-barnerommet\/","url":"https:\/\/babylove.se\/no\/produkt\/mobelsett-2-kaninstoler-skybord-mobelsett-til-barnerommet\/","name":"M\u00f8belsett 2 kaninstoler+ skybord, M\u00f8belsett til barnerommet - Babylove Norska","isPartOf":{"@id":"https:\/\/babylove.se\/no\/#website"},"primaryImageOfPage":{"@id":"https:\/\/babylove.se\/no\/produkt\/mobelsett-2-kaninstoler-skybord-mobelsett-til-barnerommet\/#primaryimage"},"image":{"@id":"https:\/\/babylove.se\/no\/produkt\/mobelsett-2-kaninstoler-skybord-mobelsett-til-barnerommet\/#primaryimage"},"thumbnailUrl":"https:\/\/babylove.se\/no\/wp-content\/uploads\/sites\/3\/2025\/07\/605ecd807fa87.png","datePublished":"2025-07-18T22:05:50+00:00","dateModified":"2026-04-08T09:57:42+00:00","description":"En vacker m\u00f6belkombination best\u00e5ende av en molnstol och ett bord i form av en bj\u00f6rn som kommer att ge en charm och karakt\u00e4r till varje barnrumsinredning.","breadcrumb":{"@id":"https:\/\/babylove.se\/no\/produkt\/mobelsett-2-kaninstoler-skybord-mobelsett-til-barnerommet\/#breadcrumb"},"inLanguage":"nb-NO","potentialAction":[{"@type":"ReadAction","target":["https:\/\/babylove.se\/no\/produkt\/mobelsett-2-kaninstoler-skybord-mobelsett-til-barnerommet\/"]}]},{"@type":"ImageObject","inLanguage":"nb-NO","@id":"https:\/\/babylove.se\/no\/produkt\/mobelsett-2-kaninstoler-skybord-mobelsett-til-barnerommet\/#primaryimage","url":"https:\/\/babylove.se\/no\/wp-content\/uploads\/sites\/3\/2025\/07\/605ecd807fa87.png","contentUrl":"https:\/\/babylove.se\/no\/wp-content\/uploads\/sites\/3\/2025\/07\/605ecd807fa87.png","width":504,"height":614},{"@type":"BreadcrumbList","@id":"https:\/\/babylove.se\/no\/produkt\/mobelsett-2-kaninstoler-skybord-mobelsett-til-barnerommet\/#breadcrumb","itemListElement":[{"@type":"ListItem","position":1,"name":"Hem","item":"https:\/\/babylove.se\/no\/"},{"@type":"ListItem","position":2,"name":"Butik","item":"https:\/\/babylove.se\/no\/butik\/"},{"@type":"ListItem","position":3,"name":"M\u00f8belsett 2 kaninstoler+ skybord, M\u00f8belsett til barnerommet"}]},{"@type":"WebSite","@id":"https:\/\/babylove.se\/no\/#website","url":"https:\/\/babylove.se\/no\/","name":"Babylove Norska","description":"","potentialAction":[{"@type":"SearchAction","target":{"@type":"EntryPoint","urlTemplate":"https:\/\/babylove.se\/no\/?s={search_term_string}"},"query-input":{"@type":"PropertyValueSpecification","valueRequired":true,"valueName":"search_term_string"}}],"inLanguage":"nb-NO"}]},"product_brand":"Ohh Mami","product_price_amount":"2799.00","product_price_currency":"SEK","og_availability":"instock","product_availability":"instock","product_retailer_item_id":"4129","product_condition":"new"},"_links":{"self":[{"href":"https:\/\/babylove.se\/no\/wp-json\/wp\/v2\/product\/23570","targetHints":{"allow":["GET"]}}],"collection":[{"href":"https:\/\/babylove.se\/no\/wp-json\/wp\/v2\/product"}],"about":[{"href":"https:\/\/babylove.se\/no\/wp-json\/wp\/v2\/types\/product"}],"replies":[{"embeddable":true,"href":"https:\/\/babylove.se\/no\/wp-json\/wp\/v2\/comments?post=23570"}],"wp:featuredmedia":[{"embeddable":true,"href":"https:\/\/babylove.se\/no\/wp-json\/wp\/v2\/media\/23572"}],"wp:attachment":[{"href":"https:\/\/babylove.se\/no\/wp-json\/wp\/v2\/media?parent=23570"}],"wp:term":[{"taxonomy":"product_brand","embeddable":true,"href":"https:\/\/babylove.se\/no\/wp-json\/wp\/v2\/product_brand?post=23570"},{"taxonomy":"product_cat","embeddable":true,"href":"https:\/\/babylove.se\/no\/wp-json\/wp\/v2\/product_cat?post=23570"},{"taxonomy":"product_tag","embeddable":true,"href":"https:\/\/babylove.se\/no\/wp-json\/wp\/v2\/product_tag?post=23570"}],"curies":[{"name":"wp","href":"https:\/\/api.w.org\/{rel}","templated":true}]}}