{"id":23633,"date":"2025-07-18T23:06:08","date_gmt":"2025-07-18T22:06:08","guid":{"rendered":"https:\/\/babylove.se\/produkt\/jollein-forvaringskorg-teddy-cream\/"},"modified":"2026-04-08T10:58:14","modified_gmt":"2026-04-08T09:58:14","slug":"jollein-oppbevaringskurv-teddy-cream","status":"publish","type":"product","link":"https:\/\/babylove.se\/no\/produkt\/jollein-oppbevaringskurv-teddy-cream\/","title":{"rendered":"Jollein, oppbevaringskurv teddy cream"},"content":{"rendered":"<p>En s\u00f8t oppbevaringskurv fra Jollein. Innsiden av oppbevaringskurven er foret og enkel \u00e5 rengj\u00f8re. Med en smart oppbevaringskurv gj\u00f8r du det lettere for barnet \u00e5 enkelt plukke frem (og rydde bort) sine forskjellige ting.<\/p>\n<p>Materiale: Yttermaterialet er i deilig mykt, Oeko-Tex Standard 100-sertifisert stoff<\/p>\n<p>M\u00e5l: 34,5&#215;14,5&#215;4 cm<\/p>\n<p>Designer: <a href=\"https:\/\/babylove.se\/varumarken\/jollein\">Jollein&nbsp;<\/a><\/p>\n","protected":false},"excerpt":{"rendered":"<p>En s\u00f8t oppbevaringskurv fra Jollein. Innsiden av oppbevaringskurven er foret og enkel \u00e5 rengj\u00f8re. Med en smart oppbevaringskurv gj\u00f8r du det lettere for barnet \u00e5 enkelt plukke frem (og rydde bort) sine forskjellige ting. Materiale: Yttermaterialet er i deilig mykt, Oeko-Tex Standard 100-sertifisert stoff M\u00e5l: 34,5&#215;14,5&#215;4 cm Designer: Jollein&nbsp;<\/p>\n","protected":false},"featured_media":23635,"comment_status":"closed","ping_status":"open","template":"","meta":{"_acf_changed":false},"product_brand":[810],"product_cat":[811,43],"product_tag":[1709],"class_list":{"0":"post-23633","1":"product","2":"type-product","3":"status-publish","4":"has-post-thumbnail","6":"product_brand-jollein","7":"product_cat-jollein","8":"product_cat-oppbevaringskurver","9":"product_tag-utforsalg","11":"first","12":"instock","13":"taxable","14":"shipping-taxable","15":"purchasable","16":"product-type-simple"},"acf":[],"yoast_head":"<!-- This site is optimized with the Yoast SEO Premium plugin v25.8 (Yoast SEO v27.2) - https:\/\/yoast.com\/product\/yoast-seo-premium-wordpress\/ -->\n<title>Jollein, oppbevaringskurv teddy cream - Babylove Norska<\/title>\n<meta name=\"robots\" content=\"noindex, follow, max-snippet:-1, max-image-preview:large, max-video-preview:-1\" \/>\n<meta property=\"og:locale\" content=\"nb_NO\" \/>\n<meta property=\"og:type\" content=\"article\" \/>\n<meta property=\"og:title\" content=\"Jollein, oppbevaringskurv teddy cream\" \/>\n<meta property=\"og:description\" content=\"En s\u00f8t oppbevaringskurv fra Jollein. Innsiden av oppbevaringskurven er foret og enkel \u00e5 rengj\u00f8re. Med en smart oppbevaringskurv gj\u00f8r du det lettere for barnet \u00e5 enkelt plukke frem (og rydde bort) sine forskjellige ting. Materiale: Yttermaterialet er i deilig mykt, Oeko-Tex Standard 100-sertifisert stoff M\u00e5l: 34,5&#215;14,5&#215;4 cm Designer: Jollein&nbsp;\" \/>\n<meta property=\"og:url\" content=\"https:\/\/babylove.se\/no\/produkt\/jollein-oppbevaringskurv-teddy-cream\/\" \/>\n<meta property=\"og:site_name\" content=\"Babylove Norska\" \/>\n<meta property=\"article:modified_time\" content=\"2026-04-08T09:58:14+00:00\" \/>\n<meta property=\"og:image\" content=\"https:\/\/babylove.se\/no\/wp-content\/uploads\/sites\/3\/2025\/07\/6061f1001b1b9.jpeg\" \/>\n\t<meta property=\"og:image:width\" content=\"750\" \/>\n\t<meta property=\"og:image:height\" content=\"750\" \/>\n\t<meta property=\"og:image:type\" content=\"image\/jpeg\" \/>\n<meta name=\"twitter:card\" content=\"summary_large_image\" \/>\n<meta name=\"twitter:label1\" content=\"Price\" \/>\n\t<meta name=\"twitter:data1\" content=\"259,00&nbsp;&#107;&#114;\" \/>\n\t<meta name=\"twitter:label2\" content=\"Availability\" \/>\n\t<meta name=\"twitter:data2\" content=\"In stock\" \/>\n<script type=\"application\/ld+json\" class=\"yoast-schema-graph\">{\"@context\":\"https:\/\/schema.org\",\"@graph\":[{\"@type\":\"WebPage\",\"@id\":\"https:\/\/babylove.se\/no\/produkt\/jollein-oppbevaringskurv-teddy-cream\/\",\"url\":\"https:\/\/babylove.se\/no\/produkt\/jollein-oppbevaringskurv-teddy-cream\/\",\"name\":\"Jollein, oppbevaringskurv teddy cream - Babylove Norska\",\"isPartOf\":{\"@id\":\"https:\/\/babylove.se\/no\/#website\"},\"primaryImageOfPage\":{\"@id\":\"https:\/\/babylove.se\/no\/produkt\/jollein-oppbevaringskurv-teddy-cream\/#primaryimage\"},\"image\":{\"@id\":\"https:\/\/babylove.se\/no\/produkt\/jollein-oppbevaringskurv-teddy-cream\/#primaryimage\"},\"thumbnailUrl\":\"https:\/\/babylove.se\/no\/wp-content\/uploads\/sites\/3\/2025\/07\/6061f1001b1b9.jpeg\",\"datePublished\":\"2025-07-18T22:06:08+00:00\",\"dateModified\":\"2026-04-08T09:58:14+00:00\",\"breadcrumb\":{\"@id\":\"https:\/\/babylove.se\/no\/produkt\/jollein-oppbevaringskurv-teddy-cream\/#breadcrumb\"},\"inLanguage\":\"nb-NO\",\"potentialAction\":[{\"@type\":\"ReadAction\",\"target\":[\"https:\/\/babylove.se\/no\/produkt\/jollein-oppbevaringskurv-teddy-cream\/\"]}]},{\"@type\":\"ImageObject\",\"inLanguage\":\"nb-NO\",\"@id\":\"https:\/\/babylove.se\/no\/produkt\/jollein-oppbevaringskurv-teddy-cream\/#primaryimage\",\"url\":\"https:\/\/babylove.se\/no\/wp-content\/uploads\/sites\/3\/2025\/07\/6061f1001b1b9.jpeg\",\"contentUrl\":\"https:\/\/babylove.se\/no\/wp-content\/uploads\/sites\/3\/2025\/07\/6061f1001b1b9.jpeg\",\"width\":750,\"height\":750},{\"@type\":\"BreadcrumbList\",\"@id\":\"https:\/\/babylove.se\/no\/produkt\/jollein-oppbevaringskurv-teddy-cream\/#breadcrumb\",\"itemListElement\":[{\"@type\":\"ListItem\",\"position\":1,\"name\":\"Hem\",\"item\":\"https:\/\/babylove.se\/no\/\"},{\"@type\":\"ListItem\",\"position\":2,\"name\":\"Butik\",\"item\":\"https:\/\/babylove.se\/no\/butik\/\"},{\"@type\":\"ListItem\",\"position\":3,\"name\":\"Jollein, oppbevaringskurv teddy cream\"}]},{\"@type\":\"WebSite\",\"@id\":\"https:\/\/babylove.se\/no\/#website\",\"url\":\"https:\/\/babylove.se\/no\/\",\"name\":\"Babylove Norska\",\"description\":\"\",\"potentialAction\":[{\"@type\":\"SearchAction\",\"target\":{\"@type\":\"EntryPoint\",\"urlTemplate\":\"https:\/\/babylove.se\/no\/?s={search_term_string}\"},\"query-input\":{\"@type\":\"PropertyValueSpecification\",\"valueRequired\":true,\"valueName\":\"search_term_string\"}}],\"inLanguage\":\"nb-NO\"}]}<\/script>\n<meta property=\"product:brand\" content=\"Jollein\" \/>\n<meta property=\"product:price:amount\" content=\"259.00\" \/>\n<meta property=\"product:price:currency\" content=\"SEK\" \/>\n<meta property=\"og:availability\" content=\"instock\" \/>\n<meta property=\"product:availability\" content=\"instock\" \/>\n<meta property=\"product:retailer_item_id\" content=\"580-001-65356\" \/>\n<meta property=\"product:condition\" content=\"new\" \/>\n<!-- \/ Yoast SEO Premium plugin. -->","yoast_head_json":{"title":"Jollein, oppbevaringskurv teddy cream - Babylove Norska","robots":{"index":"noindex","follow":"follow","max-snippet":"max-snippet:-1","max-image-preview":"max-image-preview:large","max-video-preview":"max-video-preview:-1"},"og_locale":"nb_NO","og_type":"article","og_title":"Jollein, oppbevaringskurv teddy cream","og_description":"En s\u00f8t oppbevaringskurv fra Jollein. Innsiden av oppbevaringskurven er foret og enkel \u00e5 rengj\u00f8re. Med en smart oppbevaringskurv gj\u00f8r du det lettere for barnet \u00e5 enkelt plukke frem (og rydde bort) sine forskjellige ting. Materiale: Yttermaterialet er i deilig mykt, Oeko-Tex Standard 100-sertifisert stoff M\u00e5l: 34,5&#215;14,5&#215;4 cm Designer: Jollein&nbsp;","og_url":"https:\/\/babylove.se\/no\/produkt\/jollein-oppbevaringskurv-teddy-cream\/","og_site_name":"Babylove Norska","article_modified_time":"2026-04-08T09:58:14+00:00","og_image":[{"width":750,"height":750,"url":"https:\/\/babylove.se\/no\/wp-content\/uploads\/sites\/3\/2025\/07\/6061f1001b1b9.jpeg","type":"image\/jpeg"}],"twitter_card":"summary_large_image","twitter_misc":{"Price":"259,00&nbsp;&#107;&#114;","Availability":"In stock"},"schema":{"@context":"https:\/\/schema.org","@graph":[{"@type":"WebPage","@id":"https:\/\/babylove.se\/no\/produkt\/jollein-oppbevaringskurv-teddy-cream\/","url":"https:\/\/babylove.se\/no\/produkt\/jollein-oppbevaringskurv-teddy-cream\/","name":"Jollein, oppbevaringskurv teddy cream - Babylove Norska","isPartOf":{"@id":"https:\/\/babylove.se\/no\/#website"},"primaryImageOfPage":{"@id":"https:\/\/babylove.se\/no\/produkt\/jollein-oppbevaringskurv-teddy-cream\/#primaryimage"},"image":{"@id":"https:\/\/babylove.se\/no\/produkt\/jollein-oppbevaringskurv-teddy-cream\/#primaryimage"},"thumbnailUrl":"https:\/\/babylove.se\/no\/wp-content\/uploads\/sites\/3\/2025\/07\/6061f1001b1b9.jpeg","datePublished":"2025-07-18T22:06:08+00:00","dateModified":"2026-04-08T09:58:14+00:00","breadcrumb":{"@id":"https:\/\/babylove.se\/no\/produkt\/jollein-oppbevaringskurv-teddy-cream\/#breadcrumb"},"inLanguage":"nb-NO","potentialAction":[{"@type":"ReadAction","target":["https:\/\/babylove.se\/no\/produkt\/jollein-oppbevaringskurv-teddy-cream\/"]}]},{"@type":"ImageObject","inLanguage":"nb-NO","@id":"https:\/\/babylove.se\/no\/produkt\/jollein-oppbevaringskurv-teddy-cream\/#primaryimage","url":"https:\/\/babylove.se\/no\/wp-content\/uploads\/sites\/3\/2025\/07\/6061f1001b1b9.jpeg","contentUrl":"https:\/\/babylove.se\/no\/wp-content\/uploads\/sites\/3\/2025\/07\/6061f1001b1b9.jpeg","width":750,"height":750},{"@type":"BreadcrumbList","@id":"https:\/\/babylove.se\/no\/produkt\/jollein-oppbevaringskurv-teddy-cream\/#breadcrumb","itemListElement":[{"@type":"ListItem","position":1,"name":"Hem","item":"https:\/\/babylove.se\/no\/"},{"@type":"ListItem","position":2,"name":"Butik","item":"https:\/\/babylove.se\/no\/butik\/"},{"@type":"ListItem","position":3,"name":"Jollein, oppbevaringskurv teddy cream"}]},{"@type":"WebSite","@id":"https:\/\/babylove.se\/no\/#website","url":"https:\/\/babylove.se\/no\/","name":"Babylove Norska","description":"","potentialAction":[{"@type":"SearchAction","target":{"@type":"EntryPoint","urlTemplate":"https:\/\/babylove.se\/no\/?s={search_term_string}"},"query-input":{"@type":"PropertyValueSpecification","valueRequired":true,"valueName":"search_term_string"}}],"inLanguage":"nb-NO"}]},"product_brand":"Jollein","product_price_amount":"259.00","product_price_currency":"SEK","og_availability":"instock","product_availability":"instock","product_retailer_item_id":"580-001-65356","product_condition":"new"},"_links":{"self":[{"href":"https:\/\/babylove.se\/no\/wp-json\/wp\/v2\/product\/23633","targetHints":{"allow":["GET"]}}],"collection":[{"href":"https:\/\/babylove.se\/no\/wp-json\/wp\/v2\/product"}],"about":[{"href":"https:\/\/babylove.se\/no\/wp-json\/wp\/v2\/types\/product"}],"replies":[{"embeddable":true,"href":"https:\/\/babylove.se\/no\/wp-json\/wp\/v2\/comments?post=23633"}],"wp:featuredmedia":[{"embeddable":true,"href":"https:\/\/babylove.se\/no\/wp-json\/wp\/v2\/media\/23635"}],"wp:attachment":[{"href":"https:\/\/babylove.se\/no\/wp-json\/wp\/v2\/media?parent=23633"}],"wp:term":[{"taxonomy":"product_brand","embeddable":true,"href":"https:\/\/babylove.se\/no\/wp-json\/wp\/v2\/product_brand?post=23633"},{"taxonomy":"product_cat","embeddable":true,"href":"https:\/\/babylove.se\/no\/wp-json\/wp\/v2\/product_cat?post=23633"},{"taxonomy":"product_tag","embeddable":true,"href":"https:\/\/babylove.se\/no\/wp-json\/wp\/v2\/product_tag?post=23633"}],"curies":[{"name":"wp","href":"https:\/\/api.w.org\/{rel}","templated":true}]}}