{"id":23659,"date":"2025-07-18T23:06:36","date_gmt":"2025-07-18T22:06:36","guid":{"rendered":"https:\/\/babylove.se\/produkt\/form-living-vagglampa-elefant-nattlampa-rosa\/"},"modified":"2026-04-08T10:58:29","modified_gmt":"2026-04-08T09:58:29","slug":"form-living-vegglampe-elefant-nattlampe-rosa","status":"publish","type":"product","link":"https:\/\/babylove.se\/no\/produkt\/form-living-vegglampe-elefant-nattlampe-rosa\/","title":{"rendered":"FORM Living Vegglampe elefant nattlampe, Rosa"},"content":{"rendered":"<p>Denne fine og rimelige vegglampen laget i metall vil passe godt inn i \u00f8vrig barnerominredning. Lampen har en form av en elefant og skaper et moderne og koselig inntrykk i barnerommet. De 11 sm\u00e5 LED lampene gir et varmhvitt og koselig skinn, perfekt for barnet! Du henger enkelt opp lampen ved \u00e5 sette en spiker eller skrue i veggen og deretter henge den opp i hullet p\u00e5 baksiden. Lampen kan selvf\u00f8lgelig ogs\u00e5 stilles i en hylle eller p\u00e5 et skrivebord. Det f\u00f8lger med en 1,8 meter lang ledning samt transformator. <\/p>\n<p>M\u00e5l: 25x20x5 cm <\/p>\n<p>Designer: <a href=\"https:\/\/babylove.se\/varumarken\/form-living\"><u>Form Living<\/u><\/a><\/p>\n","protected":false},"excerpt":{"rendered":"<p>Denne fine og rimelige vegglampen laget i metall vil passe godt inn i \u00f8vrig barnerominredning. Lampen har en form av en elefant og skaper et moderne og koselig inntrykk i barnerommet. De 11 sm\u00e5 LED lampene gir et varmhvitt og koselig skinn, perfekt for barnet! Du henger enkelt opp lampen ved \u00e5 sette en spiker [&hellip;]<\/p>\n","protected":false},"featured_media":23661,"comment_status":"open","ping_status":"closed","template":"","meta":{"_acf_changed":false},"product_brand":[251],"product_cat":[252,31,179,37],"product_tag":[1709],"class_list":{"0":"post-23659","1":"product","2":"type-product","3":"status-publish","4":"has-post-thumbnail","6":"product_brand-form-living","7":"product_cat-form-living","8":"product_cat-lamper","9":"product_cat-nattlamper","10":"product_cat-vegglamper","11":"product_tag-utforsalg","13":"first","14":"instock","15":"taxable","16":"shipping-taxable","17":"purchasable","18":"product-type-simple"},"acf":[],"yoast_head":"<!-- This site is optimized with the Yoast SEO Premium plugin v25.8 (Yoast SEO v27.2) - https:\/\/yoast.com\/product\/yoast-seo-premium-wordpress\/ -->\n<title>FORM Living Vegglampe elefant nattlampe, Rosa - Babylove Norska<\/title>\n<meta name=\"robots\" content=\"noindex, follow, max-snippet:-1, max-image-preview:large, max-video-preview:-1\" \/>\n<meta property=\"og:locale\" content=\"nb_NO\" \/>\n<meta property=\"og:type\" content=\"article\" \/>\n<meta property=\"og:title\" content=\"FORM Living Vegglampe elefant nattlampe, Rosa\" \/>\n<meta property=\"og:description\" content=\"Denne fine og rimelige vegglampen laget i metall vil passe godt inn i \u00f8vrig barnerominredning. Lampen har en form av en elefant og skaper et moderne og koselig inntrykk i barnerommet. De 11 sm\u00e5 LED lampene gir et varmhvitt og koselig skinn, perfekt for barnet! Du henger enkelt opp lampen ved \u00e5 sette en spiker [&hellip;]\" \/>\n<meta property=\"og:url\" content=\"https:\/\/babylove.se\/no\/produkt\/form-living-vegglampe-elefant-nattlampe-rosa\/\" \/>\n<meta property=\"og:site_name\" content=\"Babylove Norska\" \/>\n<meta property=\"article:modified_time\" content=\"2026-04-08T09:58:29+00:00\" \/>\n<meta property=\"og:image\" content=\"https:\/\/babylove.se\/no\/wp-content\/uploads\/sites\/3\/2025\/07\/6061f33d5ace7.png\" \/>\n\t<meta property=\"og:image:width\" content=\"750\" \/>\n\t<meta property=\"og:image:height\" content=\"689\" \/>\n\t<meta property=\"og:image:type\" content=\"image\/png\" \/>\n<meta name=\"twitter:card\" content=\"summary_large_image\" \/>\n<meta name=\"twitter:label1\" content=\"Price\" \/>\n\t<meta name=\"twitter:data1\" content=\"329,00&nbsp;&#107;&#114;\" \/>\n\t<meta name=\"twitter:label2\" content=\"Availability\" \/>\n\t<meta name=\"twitter:data2\" content=\"In stock\" \/>\n<script type=\"application\/ld+json\" class=\"yoast-schema-graph\">{\"@context\":\"https:\/\/schema.org\",\"@graph\":[{\"@type\":\"WebPage\",\"@id\":\"https:\/\/babylove.se\/no\/produkt\/form-living-vegglampe-elefant-nattlampe-rosa\/\",\"url\":\"https:\/\/babylove.se\/no\/produkt\/form-living-vegglampe-elefant-nattlampe-rosa\/\",\"name\":\"FORM Living Vegglampe elefant nattlampe, Rosa - Babylove Norska\",\"isPartOf\":{\"@id\":\"https:\/\/babylove.se\/no\/#website\"},\"primaryImageOfPage\":{\"@id\":\"https:\/\/babylove.se\/no\/produkt\/form-living-vegglampe-elefant-nattlampe-rosa\/#primaryimage\"},\"image\":{\"@id\":\"https:\/\/babylove.se\/no\/produkt\/form-living-vegglampe-elefant-nattlampe-rosa\/#primaryimage\"},\"thumbnailUrl\":\"https:\/\/babylove.se\/no\/wp-content\/uploads\/sites\/3\/2025\/07\/6061f33d5ace7.png\",\"datePublished\":\"2025-07-18T22:06:36+00:00\",\"dateModified\":\"2026-04-08T09:58:29+00:00\",\"breadcrumb\":{\"@id\":\"https:\/\/babylove.se\/no\/produkt\/form-living-vegglampe-elefant-nattlampe-rosa\/#breadcrumb\"},\"inLanguage\":\"nb-NO\",\"potentialAction\":[{\"@type\":\"ReadAction\",\"target\":[\"https:\/\/babylove.se\/no\/produkt\/form-living-vegglampe-elefant-nattlampe-rosa\/\"]}]},{\"@type\":\"ImageObject\",\"inLanguage\":\"nb-NO\",\"@id\":\"https:\/\/babylove.se\/no\/produkt\/form-living-vegglampe-elefant-nattlampe-rosa\/#primaryimage\",\"url\":\"https:\/\/babylove.se\/no\/wp-content\/uploads\/sites\/3\/2025\/07\/6061f33d5ace7.png\",\"contentUrl\":\"https:\/\/babylove.se\/no\/wp-content\/uploads\/sites\/3\/2025\/07\/6061f33d5ace7.png\",\"width\":750,\"height\":689},{\"@type\":\"BreadcrumbList\",\"@id\":\"https:\/\/babylove.se\/no\/produkt\/form-living-vegglampe-elefant-nattlampe-rosa\/#breadcrumb\",\"itemListElement\":[{\"@type\":\"ListItem\",\"position\":1,\"name\":\"Hem\",\"item\":\"https:\/\/babylove.se\/no\/\"},{\"@type\":\"ListItem\",\"position\":2,\"name\":\"Butik\",\"item\":\"https:\/\/babylove.se\/no\/butik\/\"},{\"@type\":\"ListItem\",\"position\":3,\"name\":\"FORM Living Vegglampe elefant nattlampe, Rosa\"}]},{\"@type\":\"WebSite\",\"@id\":\"https:\/\/babylove.se\/no\/#website\",\"url\":\"https:\/\/babylove.se\/no\/\",\"name\":\"Babylove Norska\",\"description\":\"\",\"potentialAction\":[{\"@type\":\"SearchAction\",\"target\":{\"@type\":\"EntryPoint\",\"urlTemplate\":\"https:\/\/babylove.se\/no\/?s={search_term_string}\"},\"query-input\":{\"@type\":\"PropertyValueSpecification\",\"valueRequired\":true,\"valueName\":\"search_term_string\"}}],\"inLanguage\":\"nb-NO\"}]}<\/script>\n<meta property=\"product:brand\" content=\"Form Living\" \/>\n<meta property=\"product:price:amount\" content=\"329.00\" \/>\n<meta property=\"product:price:currency\" content=\"SEK\" \/>\n<meta property=\"og:availability\" content=\"instock\" \/>\n<meta property=\"product:availability\" content=\"instock\" \/>\n<meta property=\"product:retailer_item_id\" content=\"100485\" \/>\n<meta property=\"product:condition\" content=\"new\" \/>\n<!-- \/ Yoast SEO Premium plugin. -->","yoast_head_json":{"title":"FORM Living Vegglampe elefant nattlampe, Rosa - Babylove Norska","robots":{"index":"noindex","follow":"follow","max-snippet":"max-snippet:-1","max-image-preview":"max-image-preview:large","max-video-preview":"max-video-preview:-1"},"og_locale":"nb_NO","og_type":"article","og_title":"FORM Living Vegglampe elefant nattlampe, Rosa","og_description":"Denne fine og rimelige vegglampen laget i metall vil passe godt inn i \u00f8vrig barnerominredning. Lampen har en form av en elefant og skaper et moderne og koselig inntrykk i barnerommet. De 11 sm\u00e5 LED lampene gir et varmhvitt og koselig skinn, perfekt for barnet! Du henger enkelt opp lampen ved \u00e5 sette en spiker [&hellip;]","og_url":"https:\/\/babylove.se\/no\/produkt\/form-living-vegglampe-elefant-nattlampe-rosa\/","og_site_name":"Babylove Norska","article_modified_time":"2026-04-08T09:58:29+00:00","og_image":[{"width":750,"height":689,"url":"https:\/\/babylove.se\/no\/wp-content\/uploads\/sites\/3\/2025\/07\/6061f33d5ace7.png","type":"image\/png"}],"twitter_card":"summary_large_image","twitter_misc":{"Price":"329,00&nbsp;&#107;&#114;","Availability":"In stock"},"schema":{"@context":"https:\/\/schema.org","@graph":[{"@type":"WebPage","@id":"https:\/\/babylove.se\/no\/produkt\/form-living-vegglampe-elefant-nattlampe-rosa\/","url":"https:\/\/babylove.se\/no\/produkt\/form-living-vegglampe-elefant-nattlampe-rosa\/","name":"FORM Living Vegglampe elefant nattlampe, Rosa - Babylove Norska","isPartOf":{"@id":"https:\/\/babylove.se\/no\/#website"},"primaryImageOfPage":{"@id":"https:\/\/babylove.se\/no\/produkt\/form-living-vegglampe-elefant-nattlampe-rosa\/#primaryimage"},"image":{"@id":"https:\/\/babylove.se\/no\/produkt\/form-living-vegglampe-elefant-nattlampe-rosa\/#primaryimage"},"thumbnailUrl":"https:\/\/babylove.se\/no\/wp-content\/uploads\/sites\/3\/2025\/07\/6061f33d5ace7.png","datePublished":"2025-07-18T22:06:36+00:00","dateModified":"2026-04-08T09:58:29+00:00","breadcrumb":{"@id":"https:\/\/babylove.se\/no\/produkt\/form-living-vegglampe-elefant-nattlampe-rosa\/#breadcrumb"},"inLanguage":"nb-NO","potentialAction":[{"@type":"ReadAction","target":["https:\/\/babylove.se\/no\/produkt\/form-living-vegglampe-elefant-nattlampe-rosa\/"]}]},{"@type":"ImageObject","inLanguage":"nb-NO","@id":"https:\/\/babylove.se\/no\/produkt\/form-living-vegglampe-elefant-nattlampe-rosa\/#primaryimage","url":"https:\/\/babylove.se\/no\/wp-content\/uploads\/sites\/3\/2025\/07\/6061f33d5ace7.png","contentUrl":"https:\/\/babylove.se\/no\/wp-content\/uploads\/sites\/3\/2025\/07\/6061f33d5ace7.png","width":750,"height":689},{"@type":"BreadcrumbList","@id":"https:\/\/babylove.se\/no\/produkt\/form-living-vegglampe-elefant-nattlampe-rosa\/#breadcrumb","itemListElement":[{"@type":"ListItem","position":1,"name":"Hem","item":"https:\/\/babylove.se\/no\/"},{"@type":"ListItem","position":2,"name":"Butik","item":"https:\/\/babylove.se\/no\/butik\/"},{"@type":"ListItem","position":3,"name":"FORM Living Vegglampe elefant nattlampe, Rosa"}]},{"@type":"WebSite","@id":"https:\/\/babylove.se\/no\/#website","url":"https:\/\/babylove.se\/no\/","name":"Babylove Norska","description":"","potentialAction":[{"@type":"SearchAction","target":{"@type":"EntryPoint","urlTemplate":"https:\/\/babylove.se\/no\/?s={search_term_string}"},"query-input":{"@type":"PropertyValueSpecification","valueRequired":true,"valueName":"search_term_string"}}],"inLanguage":"nb-NO"}]},"product_brand":"Form Living","product_price_amount":"329.00","product_price_currency":"SEK","og_availability":"instock","product_availability":"instock","product_retailer_item_id":"100485","product_condition":"new"},"_links":{"self":[{"href":"https:\/\/babylove.se\/no\/wp-json\/wp\/v2\/product\/23659","targetHints":{"allow":["GET"]}}],"collection":[{"href":"https:\/\/babylove.se\/no\/wp-json\/wp\/v2\/product"}],"about":[{"href":"https:\/\/babylove.se\/no\/wp-json\/wp\/v2\/types\/product"}],"replies":[{"embeddable":true,"href":"https:\/\/babylove.se\/no\/wp-json\/wp\/v2\/comments?post=23659"}],"wp:featuredmedia":[{"embeddable":true,"href":"https:\/\/babylove.se\/no\/wp-json\/wp\/v2\/media\/23661"}],"wp:attachment":[{"href":"https:\/\/babylove.se\/no\/wp-json\/wp\/v2\/media?parent=23659"}],"wp:term":[{"taxonomy":"product_brand","embeddable":true,"href":"https:\/\/babylove.se\/no\/wp-json\/wp\/v2\/product_brand?post=23659"},{"taxonomy":"product_cat","embeddable":true,"href":"https:\/\/babylove.se\/no\/wp-json\/wp\/v2\/product_cat?post=23659"},{"taxonomy":"product_tag","embeddable":true,"href":"https:\/\/babylove.se\/no\/wp-json\/wp\/v2\/product_tag?post=23659"}],"curies":[{"name":"wp","href":"https:\/\/api.w.org\/{rel}","templated":true}]}}