{"id":23750,"date":"2025-07-18T23:07:14","date_gmt":"2025-07-18T22:07:14","guid":{"rendered":"https:\/\/babylove.se\/produkt\/minmin-copenhagen-stor-regnbage-pastell\/"},"modified":"2026-04-08T10:58:59","modified_gmt":"2026-04-08T09:58:59","slug":"minmin-copenhagen-stor-regnbue-pastell","status":"publish","type":"product","link":"https:\/\/babylove.se\/no\/produkt\/minmin-copenhagen-stor-regnbue-pastell\/","title":{"rendered":"Minmin Copenhagen, stor regnbue pastell"},"content":{"rendered":"<p>En treleke som er et must i hvert hjem. Denne regnbuen fungerer for barn i alle mulige aldre og bare fantasien setter grensen for hva man kan bruke den til. En tunnel, et gjerde eller hvorfor ikke en bro?<\/p>\n<p>Denne treregnbuen hjelper ditt barn \u00e5 utvikle sin motorikk og sin fantasi, samt t\u00e5lmodigheten da den krever konsentrasjon for \u00e5 bygge sammen.<\/p>\n<p>Denne leken er h\u00e5ndlaget i Danmark og derfor forekommer sm\u00e5 variasjoner p\u00e5 delene, men dette gir den etter v\u00e5r mening bare ekstra sjarm.<\/p>\n<p>Materiale: avenbok, vannbaserte farger og naturolje.<\/p>\n<p>M\u00e5l: 29,5 x 20,4 x 5,7 cm<\/p>\n<p>Sertifisert med EN- 71 CE standard.<\/p>\n","protected":false},"excerpt":{"rendered":"<p>En treleke som er et must i hvert hjem. Denne regnbuen fungerer for barn i alle mulige aldre og bare fantasien setter grensen for hva man kan bruke den til. En tunnel, et gjerde eller hvorfor ikke en bro? Denne treregnbuen hjelper ditt barn \u00e5 utvikle sin motorikk og sin fantasi, samt t\u00e5lmodigheten da den [&hellip;]<\/p>\n","protected":false},"featured_media":23752,"comment_status":"closed","ping_status":"open","template":"","meta":{"_acf_changed":false},"product_brand":[928],"product_cat":[248,68,929,112],"product_tag":[],"class_list":{"0":"post-23750","1":"product","2":"type-product","3":"status-publish","4":"has-post-thumbnail","6":"product_brand-minmin-copenhagen","7":"product_cat-regnbue","8":"product_cat-leker","9":"product_cat-minmin-copenhagen","10":"product_cat-treleker","12":"first","13":"outofstock","14":"taxable","15":"shipping-taxable","16":"purchasable","17":"product-type-simple"},"acf":[],"yoast_head":"<!-- This site is optimized with the Yoast SEO Premium plugin v25.8 (Yoast SEO v27.2) - https:\/\/yoast.com\/product\/yoast-seo-premium-wordpress\/ -->\n<title>Minmin Copenhagen, stor regnbue pastell - Babylove Norska<\/title>\n<meta name=\"robots\" content=\"noindex, follow, max-snippet:-1, max-image-preview:large, max-video-preview:-1\" \/>\n<meta property=\"og:locale\" content=\"nb_NO\" \/>\n<meta property=\"og:type\" content=\"article\" \/>\n<meta property=\"og:title\" content=\"Minmin Copenhagen, stor regnbue pastell\" \/>\n<meta property=\"og:description\" content=\"En treleke som er et must i hvert hjem. Denne regnbuen fungerer for barn i alle mulige aldre og bare fantasien setter grensen for hva man kan bruke den til. En tunnel, et gjerde eller hvorfor ikke en bro? Denne treregnbuen hjelper ditt barn \u00e5 utvikle sin motorikk og sin fantasi, samt t\u00e5lmodigheten da den [&hellip;]\" \/>\n<meta property=\"og:url\" content=\"https:\/\/babylove.se\/no\/produkt\/minmin-copenhagen-stor-regnbue-pastell\/\" \/>\n<meta property=\"og:site_name\" content=\"Babylove Norska\" \/>\n<meta property=\"article:modified_time\" content=\"2026-04-08T09:58:59+00:00\" \/>\n<meta property=\"og:image\" content=\"https:\/\/babylove.se\/no\/wp-content\/uploads\/sites\/3\/2025\/07\/60622531e4447.jpeg\" \/>\n\t<meta property=\"og:image:width\" content=\"750\" \/>\n\t<meta property=\"og:image:height\" content=\"750\" \/>\n\t<meta property=\"og:image:type\" content=\"image\/jpeg\" \/>\n<meta name=\"twitter:card\" content=\"summary_large_image\" \/>\n<meta name=\"twitter:label1\" content=\"Price\" \/>\n\t<meta name=\"twitter:data1\" content=\"699,00&nbsp;&#107;&#114;\" \/>\n\t<meta name=\"twitter:label2\" content=\"Availability\" \/>\n\t<meta name=\"twitter:data2\" content=\"Out of stock\" \/>\n<script type=\"application\/ld+json\" class=\"yoast-schema-graph\">{\"@context\":\"https:\/\/schema.org\",\"@graph\":[{\"@type\":\"WebPage\",\"@id\":\"https:\/\/babylove.se\/no\/produkt\/minmin-copenhagen-stor-regnbue-pastell\/\",\"url\":\"https:\/\/babylove.se\/no\/produkt\/minmin-copenhagen-stor-regnbue-pastell\/\",\"name\":\"Minmin Copenhagen, stor regnbue pastell - Babylove Norska\",\"isPartOf\":{\"@id\":\"https:\/\/babylove.se\/no\/#website\"},\"primaryImageOfPage\":{\"@id\":\"https:\/\/babylove.se\/no\/produkt\/minmin-copenhagen-stor-regnbue-pastell\/#primaryimage\"},\"image\":{\"@id\":\"https:\/\/babylove.se\/no\/produkt\/minmin-copenhagen-stor-regnbue-pastell\/#primaryimage\"},\"thumbnailUrl\":\"https:\/\/babylove.se\/no\/wp-content\/uploads\/sites\/3\/2025\/07\/60622531e4447.jpeg\",\"datePublished\":\"2025-07-18T22:07:14+00:00\",\"dateModified\":\"2026-04-08T09:58:59+00:00\",\"breadcrumb\":{\"@id\":\"https:\/\/babylove.se\/no\/produkt\/minmin-copenhagen-stor-regnbue-pastell\/#breadcrumb\"},\"inLanguage\":\"nb-NO\",\"potentialAction\":[{\"@type\":\"ReadAction\",\"target\":[\"https:\/\/babylove.se\/no\/produkt\/minmin-copenhagen-stor-regnbue-pastell\/\"]}]},{\"@type\":\"ImageObject\",\"inLanguage\":\"nb-NO\",\"@id\":\"https:\/\/babylove.se\/no\/produkt\/minmin-copenhagen-stor-regnbue-pastell\/#primaryimage\",\"url\":\"https:\/\/babylove.se\/no\/wp-content\/uploads\/sites\/3\/2025\/07\/60622531e4447.jpeg\",\"contentUrl\":\"https:\/\/babylove.se\/no\/wp-content\/uploads\/sites\/3\/2025\/07\/60622531e4447.jpeg\",\"width\":750,\"height\":750},{\"@type\":\"BreadcrumbList\",\"@id\":\"https:\/\/babylove.se\/no\/produkt\/minmin-copenhagen-stor-regnbue-pastell\/#breadcrumb\",\"itemListElement\":[{\"@type\":\"ListItem\",\"position\":1,\"name\":\"Hem\",\"item\":\"https:\/\/babylove.se\/no\/\"},{\"@type\":\"ListItem\",\"position\":2,\"name\":\"Butik\",\"item\":\"https:\/\/babylove.se\/no\/butik\/\"},{\"@type\":\"ListItem\",\"position\":3,\"name\":\"Minmin Copenhagen, stor regnbue pastell\"}]},{\"@type\":\"WebSite\",\"@id\":\"https:\/\/babylove.se\/no\/#website\",\"url\":\"https:\/\/babylove.se\/no\/\",\"name\":\"Babylove Norska\",\"description\":\"\",\"potentialAction\":[{\"@type\":\"SearchAction\",\"target\":{\"@type\":\"EntryPoint\",\"urlTemplate\":\"https:\/\/babylove.se\/no\/?s={search_term_string}\"},\"query-input\":{\"@type\":\"PropertyValueSpecification\",\"valueRequired\":true,\"valueName\":\"search_term_string\"}}],\"inLanguage\":\"nb-NO\"}]}<\/script>\n<meta property=\"product:brand\" content=\"Minmin copenhagen\" \/>\n<meta property=\"product:price:amount\" content=\"699.00\" \/>\n<meta property=\"product:price:currency\" content=\"SEK\" \/>\n<meta property=\"og:availability\" content=\"out of stock\" \/>\n<meta property=\"product:availability\" content=\"out of stock\" \/>\n<meta property=\"product:retailer_item_id\" content=\"BRP7\" \/>\n<meta property=\"product:condition\" content=\"new\" \/>\n<!-- \/ Yoast SEO Premium plugin. -->","yoast_head_json":{"title":"Minmin Copenhagen, stor regnbue pastell - Babylove Norska","robots":{"index":"noindex","follow":"follow","max-snippet":"max-snippet:-1","max-image-preview":"max-image-preview:large","max-video-preview":"max-video-preview:-1"},"og_locale":"nb_NO","og_type":"article","og_title":"Minmin Copenhagen, stor regnbue pastell","og_description":"En treleke som er et must i hvert hjem. Denne regnbuen fungerer for barn i alle mulige aldre og bare fantasien setter grensen for hva man kan bruke den til. En tunnel, et gjerde eller hvorfor ikke en bro? Denne treregnbuen hjelper ditt barn \u00e5 utvikle sin motorikk og sin fantasi, samt t\u00e5lmodigheten da den [&hellip;]","og_url":"https:\/\/babylove.se\/no\/produkt\/minmin-copenhagen-stor-regnbue-pastell\/","og_site_name":"Babylove Norska","article_modified_time":"2026-04-08T09:58:59+00:00","og_image":[{"width":750,"height":750,"url":"https:\/\/babylove.se\/no\/wp-content\/uploads\/sites\/3\/2025\/07\/60622531e4447.jpeg","type":"image\/jpeg"}],"twitter_card":"summary_large_image","twitter_misc":{"Price":"699,00&nbsp;&#107;&#114;","Availability":"Out of stock"},"schema":{"@context":"https:\/\/schema.org","@graph":[{"@type":"WebPage","@id":"https:\/\/babylove.se\/no\/produkt\/minmin-copenhagen-stor-regnbue-pastell\/","url":"https:\/\/babylove.se\/no\/produkt\/minmin-copenhagen-stor-regnbue-pastell\/","name":"Minmin Copenhagen, stor regnbue pastell - Babylove Norska","isPartOf":{"@id":"https:\/\/babylove.se\/no\/#website"},"primaryImageOfPage":{"@id":"https:\/\/babylove.se\/no\/produkt\/minmin-copenhagen-stor-regnbue-pastell\/#primaryimage"},"image":{"@id":"https:\/\/babylove.se\/no\/produkt\/minmin-copenhagen-stor-regnbue-pastell\/#primaryimage"},"thumbnailUrl":"https:\/\/babylove.se\/no\/wp-content\/uploads\/sites\/3\/2025\/07\/60622531e4447.jpeg","datePublished":"2025-07-18T22:07:14+00:00","dateModified":"2026-04-08T09:58:59+00:00","breadcrumb":{"@id":"https:\/\/babylove.se\/no\/produkt\/minmin-copenhagen-stor-regnbue-pastell\/#breadcrumb"},"inLanguage":"nb-NO","potentialAction":[{"@type":"ReadAction","target":["https:\/\/babylove.se\/no\/produkt\/minmin-copenhagen-stor-regnbue-pastell\/"]}]},{"@type":"ImageObject","inLanguage":"nb-NO","@id":"https:\/\/babylove.se\/no\/produkt\/minmin-copenhagen-stor-regnbue-pastell\/#primaryimage","url":"https:\/\/babylove.se\/no\/wp-content\/uploads\/sites\/3\/2025\/07\/60622531e4447.jpeg","contentUrl":"https:\/\/babylove.se\/no\/wp-content\/uploads\/sites\/3\/2025\/07\/60622531e4447.jpeg","width":750,"height":750},{"@type":"BreadcrumbList","@id":"https:\/\/babylove.se\/no\/produkt\/minmin-copenhagen-stor-regnbue-pastell\/#breadcrumb","itemListElement":[{"@type":"ListItem","position":1,"name":"Hem","item":"https:\/\/babylove.se\/no\/"},{"@type":"ListItem","position":2,"name":"Butik","item":"https:\/\/babylove.se\/no\/butik\/"},{"@type":"ListItem","position":3,"name":"Minmin Copenhagen, stor regnbue pastell"}]},{"@type":"WebSite","@id":"https:\/\/babylove.se\/no\/#website","url":"https:\/\/babylove.se\/no\/","name":"Babylove Norska","description":"","potentialAction":[{"@type":"SearchAction","target":{"@type":"EntryPoint","urlTemplate":"https:\/\/babylove.se\/no\/?s={search_term_string}"},"query-input":{"@type":"PropertyValueSpecification","valueRequired":true,"valueName":"search_term_string"}}],"inLanguage":"nb-NO"}]},"product_brand":"Minmin copenhagen","product_price_amount":"699.00","product_price_currency":"SEK","og_availability":"out of stock","product_availability":"out of stock","product_retailer_item_id":"BRP7","product_condition":"new"},"_links":{"self":[{"href":"https:\/\/babylove.se\/no\/wp-json\/wp\/v2\/product\/23750","targetHints":{"allow":["GET"]}}],"collection":[{"href":"https:\/\/babylove.se\/no\/wp-json\/wp\/v2\/product"}],"about":[{"href":"https:\/\/babylove.se\/no\/wp-json\/wp\/v2\/types\/product"}],"replies":[{"embeddable":true,"href":"https:\/\/babylove.se\/no\/wp-json\/wp\/v2\/comments?post=23750"}],"wp:featuredmedia":[{"embeddable":true,"href":"https:\/\/babylove.se\/no\/wp-json\/wp\/v2\/media\/23752"}],"wp:attachment":[{"href":"https:\/\/babylove.se\/no\/wp-json\/wp\/v2\/media?parent=23750"}],"wp:term":[{"taxonomy":"product_brand","embeddable":true,"href":"https:\/\/babylove.se\/no\/wp-json\/wp\/v2\/product_brand?post=23750"},{"taxonomy":"product_cat","embeddable":true,"href":"https:\/\/babylove.se\/no\/wp-json\/wp\/v2\/product_cat?post=23750"},{"taxonomy":"product_tag","embeddable":true,"href":"https:\/\/babylove.se\/no\/wp-json\/wp\/v2\/product_tag?post=23750"}],"curies":[{"name":"wp","href":"https:\/\/api.w.org\/{rel}","templated":true}]}}