{"id":23848,"date":"2025-07-18T23:08:11","date_gmt":"2025-07-18T22:08:11","guid":{"rendered":"https:\/\/babylove.se\/produkt\/sebra-forvaringskorg-beige\/"},"modified":"2026-05-11T13:00:09","modified_gmt":"2026-05-11T12:00:09","slug":"sebra-oppbevaringskurv-beige","status":"publish","type":"product","link":"https:\/\/babylove.se\/no\/produkt\/sebra-oppbevaringskurv-beige\/","title":{"rendered":"Sebra oppbevaringskurv beige"},"content":{"rendered":"<p>En meget fin og dekorativ beige oppbevaringskurv. Oppbevaringskurven passer perfekt til \u00e5 oppbevare leker, kosedyr, kl\u00e6r, dukker eller egentlig hva som helst som trenger en smart oppbevaringsplass. Denne oppbevaringskurven er laget av \u00f8kologisk bomull med solide h\u00e5ndtak. <\/p>\n<p><strong>M\u00e5l<\/strong>: Diameter 40 cm og h\u00f8yde 39 cm. <\/p>\n<p><strong>Materiale<\/strong>: 100 % \u00d8ko-bomull <\/p>\n<p><strong>Farge<\/strong>: Beige <\/p>\n<p>Designer: <a href=\"https:\/\/babylove.se\/varumarken\/sebra\"><u>Sebra<\/u><\/a><\/p>\n","protected":false},"excerpt":{"rendered":"<p>En meget fin og dekorativ beige oppbevaringskurv. Oppbevaringskurven passer perfekt til \u00e5 oppbevare leker, kosedyr, kl\u00e6r, dukker eller egentlig hva som helst som trenger en smart oppbevaringsplass. Denne oppbevaringskurven er laget av \u00f8kologisk bomull med solide h\u00e5ndtak. M\u00e5l: Diameter 40 cm og h\u00f8yde 39 cm. Materiale: 100 % \u00d8ko-bomull Farge: Beige Designer: Sebra<\/p>\n","protected":false},"featured_media":23850,"comment_status":"closed","ping_status":"closed","template":"","meta":{"_acf_changed":false},"product_brand":[160],"product_cat":[25,43,161],"product_tag":[],"class_list":{"0":"post-23848","1":"product","2":"type-product","3":"status-publish","4":"has-post-thumbnail","6":"product_brand-sebra","7":"product_cat-ikke-bare-jenter","8":"product_cat-oppbevaringskurver","9":"product_cat-sebra","11":"first","12":"outofstock","13":"taxable","14":"shipping-taxable","15":"purchasable","16":"product-type-simple"},"acf":[],"yoast_head":"<!-- This site is optimized with the Yoast SEO Premium plugin v25.8 (Yoast SEO v27.2) - https:\/\/yoast.com\/product\/yoast-seo-premium-wordpress\/ -->\n<title>Sebra oppbevaringskurv beige - Babylove Norska<\/title>\n<meta name=\"description\" content=\"En mycket fin och dekorativ f\u00f6rvaringskorg med praktiska handtag i l\u00e4der tillverkad i ekologisk bomull - skickas inom 24 timmar !\" \/>\n<meta name=\"robots\" content=\"noindex, follow, max-snippet:-1, max-image-preview:large, max-video-preview:-1\" \/>\n<meta property=\"og:locale\" content=\"nb_NO\" \/>\n<meta property=\"og:type\" content=\"article\" \/>\n<meta property=\"og:title\" content=\"Sebra oppbevaringskurv beige\" \/>\n<meta property=\"og:description\" content=\"En mycket fin och dekorativ f\u00f6rvaringskorg med praktiska handtag i l\u00e4der tillverkad i ekologisk bomull - skickas inom 24 timmar !\" \/>\n<meta property=\"og:url\" content=\"https:\/\/babylove.se\/no\/produkt\/sebra-oppbevaringskurv-beige\/\" \/>\n<meta property=\"og:site_name\" content=\"Babylove Norska\" \/>\n<meta property=\"article:modified_time\" content=\"2026-05-11T12:00:09+00:00\" \/>\n<meta property=\"og:image\" content=\"https:\/\/babylove.se\/no\/wp-content\/uploads\/sites\/3\/2025\/07\/60646b5186bef.jpeg\" \/>\n\t<meta property=\"og:image:width\" content=\"460\" \/>\n\t<meta property=\"og:image:height\" content=\"460\" \/>\n\t<meta property=\"og:image:type\" content=\"image\/jpeg\" \/>\n<meta name=\"twitter:card\" content=\"summary_large_image\" \/>\n<meta name=\"twitter:label1\" content=\"Price\" \/>\n\t<meta name=\"twitter:data1\" content=\"559,00&nbsp;&#107;&#114;\" \/>\n\t<meta name=\"twitter:label2\" content=\"Availability\" \/>\n\t<meta name=\"twitter:data2\" content=\"Out of stock\" \/>\n<script type=\"application\/ld+json\" class=\"yoast-schema-graph\">{\"@context\":\"https:\/\/schema.org\",\"@graph\":[{\"@type\":\"WebPage\",\"@id\":\"https:\/\/babylove.se\/no\/produkt\/sebra-oppbevaringskurv-beige\/\",\"url\":\"https:\/\/babylove.se\/no\/produkt\/sebra-oppbevaringskurv-beige\/\",\"name\":\"Sebra oppbevaringskurv beige - Babylove Norska\",\"isPartOf\":{\"@id\":\"https:\/\/babylove.se\/no\/#website\"},\"primaryImageOfPage\":{\"@id\":\"https:\/\/babylove.se\/no\/produkt\/sebra-oppbevaringskurv-beige\/#primaryimage\"},\"image\":{\"@id\":\"https:\/\/babylove.se\/no\/produkt\/sebra-oppbevaringskurv-beige\/#primaryimage\"},\"thumbnailUrl\":\"https:\/\/babylove.se\/no\/wp-content\/uploads\/sites\/3\/2025\/07\/60646b5186bef.jpeg\",\"datePublished\":\"2025-07-18T22:08:11+00:00\",\"dateModified\":\"2026-05-11T12:00:09+00:00\",\"description\":\"En mycket fin och dekorativ f\u00f6rvaringskorg med praktiska handtag i l\u00e4der tillverkad i ekologisk bomull - skickas inom 24 timmar !\",\"breadcrumb\":{\"@id\":\"https:\/\/babylove.se\/no\/produkt\/sebra-oppbevaringskurv-beige\/#breadcrumb\"},\"inLanguage\":\"nb-NO\",\"potentialAction\":[{\"@type\":\"ReadAction\",\"target\":[\"https:\/\/babylove.se\/no\/produkt\/sebra-oppbevaringskurv-beige\/\"]}]},{\"@type\":\"ImageObject\",\"inLanguage\":\"nb-NO\",\"@id\":\"https:\/\/babylove.se\/no\/produkt\/sebra-oppbevaringskurv-beige\/#primaryimage\",\"url\":\"https:\/\/babylove.se\/no\/wp-content\/uploads\/sites\/3\/2025\/07\/60646b5186bef.jpeg\",\"contentUrl\":\"https:\/\/babylove.se\/no\/wp-content\/uploads\/sites\/3\/2025\/07\/60646b5186bef.jpeg\",\"width\":460,\"height\":460},{\"@type\":\"BreadcrumbList\",\"@id\":\"https:\/\/babylove.se\/no\/produkt\/sebra-oppbevaringskurv-beige\/#breadcrumb\",\"itemListElement\":[{\"@type\":\"ListItem\",\"position\":1,\"name\":\"Hem\",\"item\":\"https:\/\/babylove.se\/no\/\"},{\"@type\":\"ListItem\",\"position\":2,\"name\":\"Butik\",\"item\":\"https:\/\/babylove.se\/no\/butik\/\"},{\"@type\":\"ListItem\",\"position\":3,\"name\":\"Sebra oppbevaringskurv beige\"}]},{\"@type\":\"WebSite\",\"@id\":\"https:\/\/babylove.se\/no\/#website\",\"url\":\"https:\/\/babylove.se\/no\/\",\"name\":\"Babylove Norska\",\"description\":\"\",\"potentialAction\":[{\"@type\":\"SearchAction\",\"target\":{\"@type\":\"EntryPoint\",\"urlTemplate\":\"https:\/\/babylove.se\/no\/?s={search_term_string}\"},\"query-input\":{\"@type\":\"PropertyValueSpecification\",\"valueRequired\":true,\"valueName\":\"search_term_string\"}}],\"inLanguage\":\"nb-NO\"}]}<\/script>\n<meta property=\"product:brand\" content=\"Sebra\" \/>\n<meta property=\"product:price:amount\" content=\"559.00\" \/>\n<meta property=\"product:price:currency\" content=\"NOK\" \/>\n<meta property=\"og:availability\" content=\"out of stock\" \/>\n<meta property=\"product:availability\" content=\"out of stock\" \/>\n<meta property=\"product:retailer_item_id\" content=\"801130006\" \/>\n<meta property=\"product:condition\" content=\"new\" \/>\n<!-- \/ Yoast SEO Premium plugin. -->","yoast_head_json":{"title":"Sebra oppbevaringskurv beige - Babylove Norska","description":"En mycket fin och dekorativ f\u00f6rvaringskorg med praktiska handtag i l\u00e4der tillverkad i ekologisk bomull - skickas inom 24 timmar !","robots":{"index":"noindex","follow":"follow","max-snippet":"max-snippet:-1","max-image-preview":"max-image-preview:large","max-video-preview":"max-video-preview:-1"},"og_locale":"nb_NO","og_type":"article","og_title":"Sebra oppbevaringskurv beige","og_description":"En mycket fin och dekorativ f\u00f6rvaringskorg med praktiska handtag i l\u00e4der tillverkad i ekologisk bomull - skickas inom 24 timmar !","og_url":"https:\/\/babylove.se\/no\/produkt\/sebra-oppbevaringskurv-beige\/","og_site_name":"Babylove Norska","article_modified_time":"2026-05-11T12:00:09+00:00","og_image":[{"width":460,"height":460,"url":"https:\/\/babylove.se\/no\/wp-content\/uploads\/sites\/3\/2025\/07\/60646b5186bef.jpeg","type":"image\/jpeg"}],"twitter_card":"summary_large_image","twitter_misc":{"Price":"559,00&nbsp;&#107;&#114;","Availability":"Out of stock"},"schema":{"@context":"https:\/\/schema.org","@graph":[{"@type":"WebPage","@id":"https:\/\/babylove.se\/no\/produkt\/sebra-oppbevaringskurv-beige\/","url":"https:\/\/babylove.se\/no\/produkt\/sebra-oppbevaringskurv-beige\/","name":"Sebra oppbevaringskurv beige - Babylove Norska","isPartOf":{"@id":"https:\/\/babylove.se\/no\/#website"},"primaryImageOfPage":{"@id":"https:\/\/babylove.se\/no\/produkt\/sebra-oppbevaringskurv-beige\/#primaryimage"},"image":{"@id":"https:\/\/babylove.se\/no\/produkt\/sebra-oppbevaringskurv-beige\/#primaryimage"},"thumbnailUrl":"https:\/\/babylove.se\/no\/wp-content\/uploads\/sites\/3\/2025\/07\/60646b5186bef.jpeg","datePublished":"2025-07-18T22:08:11+00:00","dateModified":"2026-05-11T12:00:09+00:00","description":"En mycket fin och dekorativ f\u00f6rvaringskorg med praktiska handtag i l\u00e4der tillverkad i ekologisk bomull - skickas inom 24 timmar !","breadcrumb":{"@id":"https:\/\/babylove.se\/no\/produkt\/sebra-oppbevaringskurv-beige\/#breadcrumb"},"inLanguage":"nb-NO","potentialAction":[{"@type":"ReadAction","target":["https:\/\/babylove.se\/no\/produkt\/sebra-oppbevaringskurv-beige\/"]}]},{"@type":"ImageObject","inLanguage":"nb-NO","@id":"https:\/\/babylove.se\/no\/produkt\/sebra-oppbevaringskurv-beige\/#primaryimage","url":"https:\/\/babylove.se\/no\/wp-content\/uploads\/sites\/3\/2025\/07\/60646b5186bef.jpeg","contentUrl":"https:\/\/babylove.se\/no\/wp-content\/uploads\/sites\/3\/2025\/07\/60646b5186bef.jpeg","width":460,"height":460},{"@type":"BreadcrumbList","@id":"https:\/\/babylove.se\/no\/produkt\/sebra-oppbevaringskurv-beige\/#breadcrumb","itemListElement":[{"@type":"ListItem","position":1,"name":"Hem","item":"https:\/\/babylove.se\/no\/"},{"@type":"ListItem","position":2,"name":"Butik","item":"https:\/\/babylove.se\/no\/butik\/"},{"@type":"ListItem","position":3,"name":"Sebra oppbevaringskurv beige"}]},{"@type":"WebSite","@id":"https:\/\/babylove.se\/no\/#website","url":"https:\/\/babylove.se\/no\/","name":"Babylove Norska","description":"","potentialAction":[{"@type":"SearchAction","target":{"@type":"EntryPoint","urlTemplate":"https:\/\/babylove.se\/no\/?s={search_term_string}"},"query-input":{"@type":"PropertyValueSpecification","valueRequired":true,"valueName":"search_term_string"}}],"inLanguage":"nb-NO"}]},"product_brand":"Sebra","product_price_amount":"559.00","product_price_currency":"NOK","og_availability":"out of stock","product_availability":"out of stock","product_retailer_item_id":"801130006","product_condition":"new"},"_links":{"self":[{"href":"https:\/\/babylove.se\/no\/wp-json\/wp\/v2\/product\/23848","targetHints":{"allow":["GET"]}}],"collection":[{"href":"https:\/\/babylove.se\/no\/wp-json\/wp\/v2\/product"}],"about":[{"href":"https:\/\/babylove.se\/no\/wp-json\/wp\/v2\/types\/product"}],"replies":[{"embeddable":true,"href":"https:\/\/babylove.se\/no\/wp-json\/wp\/v2\/comments?post=23848"}],"wp:featuredmedia":[{"embeddable":true,"href":"https:\/\/babylove.se\/no\/wp-json\/wp\/v2\/media\/23850"}],"wp:attachment":[{"href":"https:\/\/babylove.se\/no\/wp-json\/wp\/v2\/media?parent=23848"}],"wp:term":[{"taxonomy":"product_brand","embeddable":true,"href":"https:\/\/babylove.se\/no\/wp-json\/wp\/v2\/product_brand?post=23848"},{"taxonomy":"product_cat","embeddable":true,"href":"https:\/\/babylove.se\/no\/wp-json\/wp\/v2\/product_cat?post=23848"},{"taxonomy":"product_tag","embeddable":true,"href":"https:\/\/babylove.se\/no\/wp-json\/wp\/v2\/product_tag?post=23848"}],"curies":[{"name":"wp","href":"https:\/\/api.w.org\/{rel}","templated":true}]}}