{"id":23962,"date":"2025-07-18T23:08:53","date_gmt":"2025-07-18T22:08:53","guid":{"rendered":"https:\/\/babylove.se\/produkt\/fayne-modern-saccosack-med-ficka-black\/"},"modified":"2026-04-08T11:00:55","modified_gmt":"2026-04-08T10:00:55","slug":"fayne-moderne-saccosekk-med-lomme-black","status":"publish","type":"product","link":"https:\/\/babylove.se\/no\/produkt\/fayne-moderne-saccosekk-med-lomme-black\/","title":{"rendered":"Fayne, moderne sovepose med lomme, black"},"content":{"rendered":"<p>En moderne saccosekk for b\u00e5de barn og voksne med en praktisk lomme. Et vakkert produkt som vil bidra til barnerommets innredning p\u00e5 beste m\u00e5te. Den passer dessuten like godt i barnets rom som i stua.&nbsp;<\/p>\n<p>Se frem til masse koselige stunder for boklesing sammen med barnet ditt, eller et avslappende \u00f8yeblikk for deg med en kopp te, n\u00e5r barnet ditt har sovnet. Sitteputten er laget av deilig og mykt stoff &nbsp;som gir en herlig f\u00f8lelse n\u00e5r du sitter i den. Fyllet best\u00e5r av 100 % giftfrie EPS-perler.<\/p>\n<p>Du velger selv din favorittfarge som du synes passer best hjemme hos deg.<\/p>\n<p>Stoffet er avtakbart, noe som gj\u00f8r at du kan vaske det og holde saccosekken ren og frisk.<\/p>\n<p><strong>M\u00e5l<\/strong>: Finnes i to st\u00f8rrelser<\/p>\n<p>60&#215;120 cm (passer perfekt for barn)<\/p>\n<p>80&#215;140 cm (passer perfekt for voksne)<\/p>\n<p><strong>Materiale<\/strong>: 100% polyester<\/p>\n<p>Designer: <a href=\"https:\/\/babylove.se\/varumarken\/fayne\"><u>Fayne<\/u><\/a><\/p>\n","protected":false},"excerpt":{"rendered":"<p>En moderne saccosekk for b\u00e5de barn og voksne med en praktisk lomme. Et vakkert produkt som vil bidra til barnerommets innredning p\u00e5 beste m\u00e5te. Den passer dessuten like godt i barnets rom som i stua.&nbsp; Se frem til masse koselige stunder for boklesing sammen med barnet ditt, eller et avslappende \u00f8yeblikk for deg med en [&hellip;]<\/p>\n","protected":false},"featured_media":23964,"comment_status":"closed","ping_status":"open","template":"","meta":{"_acf_changed":false},"product_brand":[295],"product_cat":[296,44],"product_tag":[1689],"class_list":{"0":"post-23962","1":"product","2":"type-product","3":"status-publish","4":"has-post-thumbnail","6":"product_brand-fayne","7":"product_cat-fayne","8":"product_cat-sitteputfer-saccosekker","9":"product_tag-bestillingsvaror","10":"pa_storlek-60x120-cm-barn","11":"pa_storlek-80x140-cm-vuxen","13":"first","14":"outofstock","15":"taxable","16":"shipping-taxable","17":"purchasable","18":"product-type-variable"},"acf":[],"yoast_head":"<!-- This site is optimized with the Yoast SEO Premium plugin v25.8 (Yoast SEO v27.2) - https:\/\/yoast.com\/product\/yoast-seo-premium-wordpress\/ -->\n<title>Fayne, moderne sovepose med lomme, black - Babylove Norska<\/title>\n<meta name=\"robots\" content=\"noindex, follow, max-snippet:-1, max-image-preview:large, max-video-preview:-1\" \/>\n<meta property=\"og:locale\" content=\"nb_NO\" \/>\n<meta property=\"og:type\" content=\"article\" \/>\n<meta property=\"og:title\" content=\"Fayne, moderne sovepose med lomme, black\" \/>\n<meta property=\"og:description\" content=\"En moderne saccosekk for b\u00e5de barn og voksne med en praktisk lomme. Et vakkert produkt som vil bidra til barnerommets innredning p\u00e5 beste m\u00e5te. Den passer dessuten like godt i barnets rom som i stua.&nbsp; Se frem til masse koselige stunder for boklesing sammen med barnet ditt, eller et avslappende \u00f8yeblikk for deg med en [&hellip;]\" \/>\n<meta property=\"og:url\" content=\"https:\/\/babylove.se\/no\/produkt\/fayne-moderne-saccosekk-med-lomme-black\/\" \/>\n<meta property=\"og:site_name\" content=\"Babylove Norska\" \/>\n<meta property=\"article:modified_time\" content=\"2026-04-08T10:00:55+00:00\" \/>\n<meta property=\"og:image\" content=\"https:\/\/babylove.se\/no\/wp-content\/uploads\/sites\/3\/2025\/07\/606dfd9355a4d.jpeg\" \/>\n\t<meta property=\"og:image:width\" content=\"750\" \/>\n\t<meta property=\"og:image:height\" content=\"750\" \/>\n\t<meta property=\"og:image:type\" content=\"image\/jpeg\" \/>\n<meta name=\"twitter:card\" content=\"summary_large_image\" \/>\n<meta name=\"twitter:label1\" content=\"Availability\" \/>\n\t<meta name=\"twitter:data1\" content=\"Out of stock\" \/>\n<script type=\"application\/ld+json\" class=\"yoast-schema-graph\">{\"@context\":\"https:\/\/schema.org\",\"@graph\":[{\"@type\":\"WebPage\",\"@id\":\"https:\/\/babylove.se\/no\/produkt\/fayne-moderne-saccosekk-med-lomme-black\/\",\"url\":\"https:\/\/babylove.se\/no\/produkt\/fayne-moderne-saccosekk-med-lomme-black\/\",\"name\":\"Fayne, moderne sovepose med lomme, black - Babylove Norska\",\"isPartOf\":{\"@id\":\"https:\/\/babylove.se\/no\/#website\"},\"primaryImageOfPage\":{\"@id\":\"https:\/\/babylove.se\/no\/produkt\/fayne-moderne-saccosekk-med-lomme-black\/#primaryimage\"},\"image\":{\"@id\":\"https:\/\/babylove.se\/no\/produkt\/fayne-moderne-saccosekk-med-lomme-black\/#primaryimage\"},\"thumbnailUrl\":\"https:\/\/babylove.se\/no\/wp-content\/uploads\/sites\/3\/2025\/07\/606dfd9355a4d.jpeg\",\"datePublished\":\"2025-07-18T22:08:53+00:00\",\"dateModified\":\"2026-04-08T10:00:55+00:00\",\"breadcrumb\":{\"@id\":\"https:\/\/babylove.se\/no\/produkt\/fayne-moderne-saccosekk-med-lomme-black\/#breadcrumb\"},\"inLanguage\":\"nb-NO\",\"potentialAction\":[{\"@type\":\"ReadAction\",\"target\":[\"https:\/\/babylove.se\/no\/produkt\/fayne-moderne-saccosekk-med-lomme-black\/\"]}]},{\"@type\":\"ImageObject\",\"inLanguage\":\"nb-NO\",\"@id\":\"https:\/\/babylove.se\/no\/produkt\/fayne-moderne-saccosekk-med-lomme-black\/#primaryimage\",\"url\":\"https:\/\/babylove.se\/no\/wp-content\/uploads\/sites\/3\/2025\/07\/606dfd9355a4d.jpeg\",\"contentUrl\":\"https:\/\/babylove.se\/no\/wp-content\/uploads\/sites\/3\/2025\/07\/606dfd9355a4d.jpeg\",\"width\":750,\"height\":750},{\"@type\":\"BreadcrumbList\",\"@id\":\"https:\/\/babylove.se\/no\/produkt\/fayne-moderne-saccosekk-med-lomme-black\/#breadcrumb\",\"itemListElement\":[{\"@type\":\"ListItem\",\"position\":1,\"name\":\"Hem\",\"item\":\"https:\/\/babylove.se\/no\/\"},{\"@type\":\"ListItem\",\"position\":2,\"name\":\"Butik\",\"item\":\"https:\/\/babylove.se\/no\/butik\/\"},{\"@type\":\"ListItem\",\"position\":3,\"name\":\"Fayne, moderne sovepose med lomme, black\"}]},{\"@type\":\"WebSite\",\"@id\":\"https:\/\/babylove.se\/no\/#website\",\"url\":\"https:\/\/babylove.se\/no\/\",\"name\":\"Babylove Norska\",\"description\":\"\",\"potentialAction\":[{\"@type\":\"SearchAction\",\"target\":{\"@type\":\"EntryPoint\",\"urlTemplate\":\"https:\/\/babylove.se\/no\/?s={search_term_string}\"},\"query-input\":{\"@type\":\"PropertyValueSpecification\",\"valueRequired\":true,\"valueName\":\"search_term_string\"}}],\"inLanguage\":\"nb-NO\"}]}<\/script>\n<meta property=\"product:brand\" content=\"Fayne\" \/>\n<meta property=\"og:availability\" content=\"out of stock\" \/>\n<meta property=\"product:availability\" content=\"out of stock\" \/>\n<meta property=\"product:retailer_item_id\" content=\"black-80x140-cm-vuxen\" \/>\n<meta property=\"product:condition\" content=\"new\" \/>\n<!-- \/ Yoast SEO Premium plugin. -->","yoast_head_json":{"title":"Fayne, moderne sovepose med lomme, black - Babylove Norska","robots":{"index":"noindex","follow":"follow","max-snippet":"max-snippet:-1","max-image-preview":"max-image-preview:large","max-video-preview":"max-video-preview:-1"},"og_locale":"nb_NO","og_type":"article","og_title":"Fayne, moderne sovepose med lomme, black","og_description":"En moderne saccosekk for b\u00e5de barn og voksne med en praktisk lomme. Et vakkert produkt som vil bidra til barnerommets innredning p\u00e5 beste m\u00e5te. Den passer dessuten like godt i barnets rom som i stua.&nbsp; Se frem til masse koselige stunder for boklesing sammen med barnet ditt, eller et avslappende \u00f8yeblikk for deg med en [&hellip;]","og_url":"https:\/\/babylove.se\/no\/produkt\/fayne-moderne-saccosekk-med-lomme-black\/","og_site_name":"Babylove Norska","article_modified_time":"2026-04-08T10:00:55+00:00","og_image":[{"width":750,"height":750,"url":"https:\/\/babylove.se\/no\/wp-content\/uploads\/sites\/3\/2025\/07\/606dfd9355a4d.jpeg","type":"image\/jpeg"}],"twitter_card":"summary_large_image","twitter_misc":{"Availability":"Out of stock"},"schema":{"@context":"https:\/\/schema.org","@graph":[{"@type":"WebPage","@id":"https:\/\/babylove.se\/no\/produkt\/fayne-moderne-saccosekk-med-lomme-black\/","url":"https:\/\/babylove.se\/no\/produkt\/fayne-moderne-saccosekk-med-lomme-black\/","name":"Fayne, moderne sovepose med lomme, black - Babylove Norska","isPartOf":{"@id":"https:\/\/babylove.se\/no\/#website"},"primaryImageOfPage":{"@id":"https:\/\/babylove.se\/no\/produkt\/fayne-moderne-saccosekk-med-lomme-black\/#primaryimage"},"image":{"@id":"https:\/\/babylove.se\/no\/produkt\/fayne-moderne-saccosekk-med-lomme-black\/#primaryimage"},"thumbnailUrl":"https:\/\/babylove.se\/no\/wp-content\/uploads\/sites\/3\/2025\/07\/606dfd9355a4d.jpeg","datePublished":"2025-07-18T22:08:53+00:00","dateModified":"2026-04-08T10:00:55+00:00","breadcrumb":{"@id":"https:\/\/babylove.se\/no\/produkt\/fayne-moderne-saccosekk-med-lomme-black\/#breadcrumb"},"inLanguage":"nb-NO","potentialAction":[{"@type":"ReadAction","target":["https:\/\/babylove.se\/no\/produkt\/fayne-moderne-saccosekk-med-lomme-black\/"]}]},{"@type":"ImageObject","inLanguage":"nb-NO","@id":"https:\/\/babylove.se\/no\/produkt\/fayne-moderne-saccosekk-med-lomme-black\/#primaryimage","url":"https:\/\/babylove.se\/no\/wp-content\/uploads\/sites\/3\/2025\/07\/606dfd9355a4d.jpeg","contentUrl":"https:\/\/babylove.se\/no\/wp-content\/uploads\/sites\/3\/2025\/07\/606dfd9355a4d.jpeg","width":750,"height":750},{"@type":"BreadcrumbList","@id":"https:\/\/babylove.se\/no\/produkt\/fayne-moderne-saccosekk-med-lomme-black\/#breadcrumb","itemListElement":[{"@type":"ListItem","position":1,"name":"Hem","item":"https:\/\/babylove.se\/no\/"},{"@type":"ListItem","position":2,"name":"Butik","item":"https:\/\/babylove.se\/no\/butik\/"},{"@type":"ListItem","position":3,"name":"Fayne, moderne sovepose med lomme, black"}]},{"@type":"WebSite","@id":"https:\/\/babylove.se\/no\/#website","url":"https:\/\/babylove.se\/no\/","name":"Babylove Norska","description":"","potentialAction":[{"@type":"SearchAction","target":{"@type":"EntryPoint","urlTemplate":"https:\/\/babylove.se\/no\/?s={search_term_string}"},"query-input":{"@type":"PropertyValueSpecification","valueRequired":true,"valueName":"search_term_string"}}],"inLanguage":"nb-NO"}]},"product_brand":"Fayne","og_availability":"out of stock","product_availability":"out of stock","product_retailer_item_id":"black-80x140-cm-vuxen","product_condition":"new"},"_links":{"self":[{"href":"https:\/\/babylove.se\/no\/wp-json\/wp\/v2\/product\/23962","targetHints":{"allow":["GET"]}}],"collection":[{"href":"https:\/\/babylove.se\/no\/wp-json\/wp\/v2\/product"}],"about":[{"href":"https:\/\/babylove.se\/no\/wp-json\/wp\/v2\/types\/product"}],"replies":[{"embeddable":true,"href":"https:\/\/babylove.se\/no\/wp-json\/wp\/v2\/comments?post=23962"}],"wp:featuredmedia":[{"embeddable":true,"href":"https:\/\/babylove.se\/no\/wp-json\/wp\/v2\/media\/23964"}],"wp:attachment":[{"href":"https:\/\/babylove.se\/no\/wp-json\/wp\/v2\/media?parent=23962"}],"wp:term":[{"taxonomy":"product_brand","embeddable":true,"href":"https:\/\/babylove.se\/no\/wp-json\/wp\/v2\/product_brand?post=23962"},{"taxonomy":"product_cat","embeddable":true,"href":"https:\/\/babylove.se\/no\/wp-json\/wp\/v2\/product_cat?post=23962"},{"taxonomy":"product_tag","embeddable":true,"href":"https:\/\/babylove.se\/no\/wp-json\/wp\/v2\/product_tag?post=23962"}],"curies":[{"name":"wp","href":"https:\/\/api.w.org\/{rel}","templated":true}]}}