{"id":2406,"date":"2025-07-18T20:08:34","date_gmt":"2025-07-18T19:08:34","guid":{"rendered":"https:\/\/babylove.se\/produkt\/vagghylla-med-fyra-lador-cameleon\/"},"modified":"2026-04-08T07:50:57","modified_gmt":"2026-04-08T06:50:57","slug":"vegghylle-med-fire-skuffer-cameleon","status":"publish","type":"product","link":"https:\/\/babylove.se\/no\/produkt\/vegghylle-med-fire-skuffer-cameleon\/","title":{"rendered":"Vegghylle med fire skuffer, Cameleon"},"content":{"rendered":"<p>En fantastisk vegghylle for barnerommet som du selv kan endre utseende p\u00e5 avhengig av hva som plasseres p\u00e5 den. Det er en romslig bokhylle hvor barnet kan lagre sine mest verdifulle eiendeler og sine fineste b\u00f8ker. Samtidig med fire fine skuffer for en god oppbevaring. Du velger selv hvilke farger du vil ha p\u00e5 skuffene og kan p\u00e5 den m\u00e5ten tilpasse den helt etter innredningen i akkurat ditt barnerom. Skuffene har \u00e5pninger, men man kan ogs\u00e5 selv montere knapper p\u00e5 dem om man s\u00e5 \u00f8nsker. De kan selvsagt ogs\u00e5 brukes separat som fine oppbevaringsbokser, en meget fleksibel og fin konstruksjon. <\/p>\n<p><strong>M\u00e5l<\/strong>: Total h\u00f8yde: 110 cm og bredde 85 cm. Dybden er 9 cm og 19 cm nederst ved skuffene. <\/p>\n<p><span style=\"background-color: initial; text-align: initial;\"><u>Tilgjengelige<\/u><\/span><u> farger finner du p\u00e5 andre bildet. <\/u><\/p>\n","protected":false},"excerpt":{"rendered":"<p>En fantastisk vegghylle for barnerommet som du selv kan endre utseende p\u00e5 avhengig av hva som plasseres p\u00e5 den. Det er en romslig bokhylle hvor barnet kan lagre sine mest verdifulle eiendeler og sine fineste b\u00f8ker. Samtidig med fire fine skuffer for en god oppbevaring. Du velger selv hvilke farger du vil ha p\u00e5 skuffene [&hellip;]<\/p>\n","protected":false},"featured_media":2408,"comment_status":"closed","ping_status":"closed","template":"","meta":{"_acf_changed":false},"product_brand":[78],"product_cat":[147,81,146,87,43,88],"product_tag":[1689],"class_list":{"0":"post-2406","1":"product","2":"type-product","3":"status-publish","4":"has-post-thumbnail","6":"product_brand-bambooko","7":"product_cat-back-to-school","8":"product_cat-bambooko","9":"product_cat-bokoppbevaring","10":"product_cat-hyller","11":"product_cat-oppbevaringskurver","12":"product_cat-veggmylle-barnerom","13":"product_tag-bestillingsvaror","15":"first","16":"instock","17":"taxable","18":"shipping-taxable","19":"purchasable","20":"product-type-simple"},"acf":[],"yoast_head":"<!-- This site is optimized with the Yoast SEO Premium plugin v25.8 (Yoast SEO v27.2) - https:\/\/yoast.com\/product\/yoast-seo-premium-wordpress\/ -->\n<title>Vegghylle med fire skuffer, Cameleon - Babylove Norska<\/title>\n<meta name=\"robots\" content=\"noindex, follow, max-snippet:-1, max-image-preview:large, max-video-preview:-1\" \/>\n<meta property=\"og:locale\" content=\"nb_NO\" \/>\n<meta property=\"og:type\" content=\"article\" \/>\n<meta property=\"og:title\" content=\"Vegghylle med fire skuffer, Cameleon\" \/>\n<meta property=\"og:description\" content=\"En fantastisk vegghylle for barnerommet som du selv kan endre utseende p\u00e5 avhengig av hva som plasseres p\u00e5 den. Det er en romslig bokhylle hvor barnet kan lagre sine mest verdifulle eiendeler og sine fineste b\u00f8ker. Samtidig med fire fine skuffer for en god oppbevaring. Du velger selv hvilke farger du vil ha p\u00e5 skuffene [&hellip;]\" \/>\n<meta property=\"og:url\" content=\"https:\/\/babylove.se\/no\/produkt\/vegghylle-med-fire-skuffer-cameleon\/\" \/>\n<meta property=\"og:site_name\" content=\"Babylove Norska\" \/>\n<meta property=\"article:modified_time\" content=\"2026-04-08T06:50:57+00:00\" \/>\n<meta property=\"og:image\" content=\"https:\/\/babylove.se\/no\/wp-content\/uploads\/sites\/3\/2025\/07\/5d650dccdbb03.jpeg\" \/>\n\t<meta property=\"og:image:width\" content=\"750\" \/>\n\t<meta property=\"og:image:height\" content=\"750\" \/>\n\t<meta property=\"og:image:type\" content=\"image\/jpeg\" \/>\n<meta name=\"twitter:card\" content=\"summary_large_image\" \/>\n<meta name=\"twitter:label1\" content=\"Price\" \/>\n\t<meta name=\"twitter:data1\" content=\"5 499,00&nbsp;&#107;&#114;\" \/>\n\t<meta name=\"twitter:label2\" content=\"Availability\" \/>\n\t<meta name=\"twitter:data2\" content=\"In stock\" \/>\n<script type=\"application\/ld+json\" class=\"yoast-schema-graph\">{\"@context\":\"https:\/\/schema.org\",\"@graph\":[{\"@type\":\"WebPage\",\"@id\":\"https:\/\/babylove.se\/no\/produkt\/vegghylle-med-fire-skuffer-cameleon\/\",\"url\":\"https:\/\/babylove.se\/no\/produkt\/vegghylle-med-fire-skuffer-cameleon\/\",\"name\":\"Vegghylle med fire skuffer, Cameleon - Babylove Norska\",\"isPartOf\":{\"@id\":\"https:\/\/babylove.se\/no\/#website\"},\"primaryImageOfPage\":{\"@id\":\"https:\/\/babylove.se\/no\/produkt\/vegghylle-med-fire-skuffer-cameleon\/#primaryimage\"},\"image\":{\"@id\":\"https:\/\/babylove.se\/no\/produkt\/vegghylle-med-fire-skuffer-cameleon\/#primaryimage\"},\"thumbnailUrl\":\"https:\/\/babylove.se\/no\/wp-content\/uploads\/sites\/3\/2025\/07\/5d650dccdbb03.jpeg\",\"datePublished\":\"2025-07-18T19:08:34+00:00\",\"dateModified\":\"2026-04-08T06:50:57+00:00\",\"breadcrumb\":{\"@id\":\"https:\/\/babylove.se\/no\/produkt\/vegghylle-med-fire-skuffer-cameleon\/#breadcrumb\"},\"inLanguage\":\"nb-NO\",\"potentialAction\":[{\"@type\":\"ReadAction\",\"target\":[\"https:\/\/babylove.se\/no\/produkt\/vegghylle-med-fire-skuffer-cameleon\/\"]}]},{\"@type\":\"ImageObject\",\"inLanguage\":\"nb-NO\",\"@id\":\"https:\/\/babylove.se\/no\/produkt\/vegghylle-med-fire-skuffer-cameleon\/#primaryimage\",\"url\":\"https:\/\/babylove.se\/no\/wp-content\/uploads\/sites\/3\/2025\/07\/5d650dccdbb03.jpeg\",\"contentUrl\":\"https:\/\/babylove.se\/no\/wp-content\/uploads\/sites\/3\/2025\/07\/5d650dccdbb03.jpeg\",\"width\":750,\"height\":750},{\"@type\":\"BreadcrumbList\",\"@id\":\"https:\/\/babylove.se\/no\/produkt\/vegghylle-med-fire-skuffer-cameleon\/#breadcrumb\",\"itemListElement\":[{\"@type\":\"ListItem\",\"position\":1,\"name\":\"Hem\",\"item\":\"https:\/\/babylove.se\/no\/\"},{\"@type\":\"ListItem\",\"position\":2,\"name\":\"Butik\",\"item\":\"https:\/\/babylove.se\/no\/butik\/\"},{\"@type\":\"ListItem\",\"position\":3,\"name\":\"Vegghylle med fire skuffer, Cameleon\"}]},{\"@type\":\"WebSite\",\"@id\":\"https:\/\/babylove.se\/no\/#website\",\"url\":\"https:\/\/babylove.se\/no\/\",\"name\":\"Babylove Norska\",\"description\":\"\",\"potentialAction\":[{\"@type\":\"SearchAction\",\"target\":{\"@type\":\"EntryPoint\",\"urlTemplate\":\"https:\/\/babylove.se\/no\/?s={search_term_string}\"},\"query-input\":{\"@type\":\"PropertyValueSpecification\",\"valueRequired\":true,\"valueName\":\"search_term_string\"}}],\"inLanguage\":\"nb-NO\"}]}<\/script>\n<meta property=\"product:brand\" content=\"Bambooko\" \/>\n<meta property=\"product:price:amount\" content=\"5499.00\" \/>\n<meta property=\"product:price:currency\" content=\"SEK\" \/>\n<meta property=\"og:availability\" content=\"instock\" \/>\n<meta property=\"product:availability\" content=\"instock\" \/>\n<meta property=\"product:retailer_item_id\" content=\"960\" \/>\n<meta property=\"product:condition\" content=\"new\" \/>\n<!-- \/ Yoast SEO Premium plugin. -->","yoast_head_json":{"title":"Vegghylle med fire skuffer, Cameleon - Babylove Norska","robots":{"index":"noindex","follow":"follow","max-snippet":"max-snippet:-1","max-image-preview":"max-image-preview:large","max-video-preview":"max-video-preview:-1"},"og_locale":"nb_NO","og_type":"article","og_title":"Vegghylle med fire skuffer, Cameleon","og_description":"En fantastisk vegghylle for barnerommet som du selv kan endre utseende p\u00e5 avhengig av hva som plasseres p\u00e5 den. Det er en romslig bokhylle hvor barnet kan lagre sine mest verdifulle eiendeler og sine fineste b\u00f8ker. Samtidig med fire fine skuffer for en god oppbevaring. Du velger selv hvilke farger du vil ha p\u00e5 skuffene [&hellip;]","og_url":"https:\/\/babylove.se\/no\/produkt\/vegghylle-med-fire-skuffer-cameleon\/","og_site_name":"Babylove Norska","article_modified_time":"2026-04-08T06:50:57+00:00","og_image":[{"width":750,"height":750,"url":"https:\/\/babylove.se\/no\/wp-content\/uploads\/sites\/3\/2025\/07\/5d650dccdbb03.jpeg","type":"image\/jpeg"}],"twitter_card":"summary_large_image","twitter_misc":{"Price":"5 499,00&nbsp;&#107;&#114;","Availability":"In stock"},"schema":{"@context":"https:\/\/schema.org","@graph":[{"@type":"WebPage","@id":"https:\/\/babylove.se\/no\/produkt\/vegghylle-med-fire-skuffer-cameleon\/","url":"https:\/\/babylove.se\/no\/produkt\/vegghylle-med-fire-skuffer-cameleon\/","name":"Vegghylle med fire skuffer, Cameleon - Babylove Norska","isPartOf":{"@id":"https:\/\/babylove.se\/no\/#website"},"primaryImageOfPage":{"@id":"https:\/\/babylove.se\/no\/produkt\/vegghylle-med-fire-skuffer-cameleon\/#primaryimage"},"image":{"@id":"https:\/\/babylove.se\/no\/produkt\/vegghylle-med-fire-skuffer-cameleon\/#primaryimage"},"thumbnailUrl":"https:\/\/babylove.se\/no\/wp-content\/uploads\/sites\/3\/2025\/07\/5d650dccdbb03.jpeg","datePublished":"2025-07-18T19:08:34+00:00","dateModified":"2026-04-08T06:50:57+00:00","breadcrumb":{"@id":"https:\/\/babylove.se\/no\/produkt\/vegghylle-med-fire-skuffer-cameleon\/#breadcrumb"},"inLanguage":"nb-NO","potentialAction":[{"@type":"ReadAction","target":["https:\/\/babylove.se\/no\/produkt\/vegghylle-med-fire-skuffer-cameleon\/"]}]},{"@type":"ImageObject","inLanguage":"nb-NO","@id":"https:\/\/babylove.se\/no\/produkt\/vegghylle-med-fire-skuffer-cameleon\/#primaryimage","url":"https:\/\/babylove.se\/no\/wp-content\/uploads\/sites\/3\/2025\/07\/5d650dccdbb03.jpeg","contentUrl":"https:\/\/babylove.se\/no\/wp-content\/uploads\/sites\/3\/2025\/07\/5d650dccdbb03.jpeg","width":750,"height":750},{"@type":"BreadcrumbList","@id":"https:\/\/babylove.se\/no\/produkt\/vegghylle-med-fire-skuffer-cameleon\/#breadcrumb","itemListElement":[{"@type":"ListItem","position":1,"name":"Hem","item":"https:\/\/babylove.se\/no\/"},{"@type":"ListItem","position":2,"name":"Butik","item":"https:\/\/babylove.se\/no\/butik\/"},{"@type":"ListItem","position":3,"name":"Vegghylle med fire skuffer, Cameleon"}]},{"@type":"WebSite","@id":"https:\/\/babylove.se\/no\/#website","url":"https:\/\/babylove.se\/no\/","name":"Babylove Norska","description":"","potentialAction":[{"@type":"SearchAction","target":{"@type":"EntryPoint","urlTemplate":"https:\/\/babylove.se\/no\/?s={search_term_string}"},"query-input":{"@type":"PropertyValueSpecification","valueRequired":true,"valueName":"search_term_string"}}],"inLanguage":"nb-NO"}]},"product_brand":"Bambooko","product_price_amount":"5499.00","product_price_currency":"SEK","og_availability":"instock","product_availability":"instock","product_retailer_item_id":"960","product_condition":"new"},"_links":{"self":[{"href":"https:\/\/babylove.se\/no\/wp-json\/wp\/v2\/product\/2406","targetHints":{"allow":["GET"]}}],"collection":[{"href":"https:\/\/babylove.se\/no\/wp-json\/wp\/v2\/product"}],"about":[{"href":"https:\/\/babylove.se\/no\/wp-json\/wp\/v2\/types\/product"}],"replies":[{"embeddable":true,"href":"https:\/\/babylove.se\/no\/wp-json\/wp\/v2\/comments?post=2406"}],"wp:featuredmedia":[{"embeddable":true,"href":"https:\/\/babylove.se\/no\/wp-json\/wp\/v2\/media\/2408"}],"wp:attachment":[{"href":"https:\/\/babylove.se\/no\/wp-json\/wp\/v2\/media?parent=2406"}],"wp:term":[{"taxonomy":"product_brand","embeddable":true,"href":"https:\/\/babylove.se\/no\/wp-json\/wp\/v2\/product_brand?post=2406"},{"taxonomy":"product_cat","embeddable":true,"href":"https:\/\/babylove.se\/no\/wp-json\/wp\/v2\/product_cat?post=2406"},{"taxonomy":"product_tag","embeddable":true,"href":"https:\/\/babylove.se\/no\/wp-json\/wp\/v2\/product_tag?post=2406"}],"curies":[{"name":"wp","href":"https:\/\/api.w.org\/{rel}","templated":true}]}}