{"id":24147,"date":"2025-07-18T23:10:33","date_gmt":"2025-07-18T22:10:33","guid":{"rendered":"https:\/\/babylove.se\/produkt\/moi-mili-sammet-lekmatta-snacka-cream\/"},"modified":"2026-04-08T11:02:05","modified_gmt":"2026-04-08T10:02:05","slug":"moi-mili-sammet-lekematte-snakke-cream","status":"publish","type":"product","link":"https:\/\/babylove.se\/no\/produkt\/moi-mili-sammet-lekematte-snakke-cream\/","title":{"rendered":"Moi Mili, fl\u00f8yel lekematte snegl, cream"},"content":{"rendered":"<p>Denne lekematta, fra Moi Mili, er en fantastisk interi\u00f8rdetalj for barnerommet. Hver enkelt lekematta er h\u00e5ndlaget og laget av OEKO TEX-sertifisert velourstoff. <\/p>\n<p>Lekemattenes kjennetegn er at de er laget helt av antibakterielle og antiallergiske materialer, noe som gj\u00f8r at de passer perfekt for barn \u00e5 leke og v\u00e6re p\u00e5. Den passer utmerket sammen med en fin sengehimmel fra samme serie, bed\u00e5rende vakker. <\/p>\n<p>Du holder den enkelt ren da den kan vaskes i 30 grader. <\/p>\n<p><strong>M\u00e5l<\/strong>: 115&#215;120 cm (+-3 cm) og mattens tykkelse er ca 3 cm <\/p>\n<p><strong>Materiale<\/strong>: 100 % velourstoff og fyll av polyester. <\/p>\n<p>Designer: <a href=\"https:\/\/babylove.se\/varumarken\/moi-mili\">Moi Mili<\/a><\/p>\n","protected":false},"excerpt":{"rendered":"<p>Denne lekematta, fra Moi Mili, er en fantastisk interi\u00f8rdetalj for barnerommet. Hver enkelt lekematta er h\u00e5ndlaget og laget av OEKO TEX-sertifisert velourstoff. Lekemattenes kjennetegn er at de er laget helt av antibakterielle og antiallergiske materialer, noe som gj\u00f8r at de passer perfekt for barn \u00e5 leke og v\u00e6re p\u00e5. Den passer utmerket sammen med en [&hellip;]<\/p>\n","protected":false},"featured_media":24149,"comment_status":"closed","ping_status":"closed","template":"","meta":{"_acf_changed":false},"product_brand":[912],"product_cat":[52,913,135],"product_tag":[1689],"class_list":{"0":"post-24147","1":"product","2":"type-product","3":"status-publish","4":"has-post-thumbnail","6":"product_brand-moi-mili","7":"product_cat-lekematter","8":"product_cat-moi-mili","9":"product_cat-tepper","10":"product_tag-bestillingsvaror","12":"first","13":"instock","14":"taxable","15":"shipping-taxable","16":"purchasable","17":"product-type-simple"},"acf":[],"yoast_head":"<!-- This site is optimized with the Yoast SEO Premium plugin v25.8 (Yoast SEO v27.2) - https:\/\/yoast.com\/product\/yoast-seo-premium-wordpress\/ -->\n<title>Moi Mili, fl\u00f8yel lekematte snegl, cream - Babylove Norska<\/title>\n<meta name=\"robots\" content=\"noindex, follow, max-snippet:-1, max-image-preview:large, max-video-preview:-1\" \/>\n<meta property=\"og:locale\" content=\"nb_NO\" \/>\n<meta property=\"og:type\" content=\"article\" \/>\n<meta property=\"og:title\" content=\"Moi Mili, fl\u00f8yel lekematte snegl, cream\" \/>\n<meta property=\"og:description\" content=\"Denne lekematta, fra Moi Mili, er en fantastisk interi\u00f8rdetalj for barnerommet. Hver enkelt lekematta er h\u00e5ndlaget og laget av OEKO TEX-sertifisert velourstoff. Lekemattenes kjennetegn er at de er laget helt av antibakterielle og antiallergiske materialer, noe som gj\u00f8r at de passer perfekt for barn \u00e5 leke og v\u00e6re p\u00e5. Den passer utmerket sammen med en [&hellip;]\" \/>\n<meta property=\"og:url\" content=\"https:\/\/babylove.se\/no\/produkt\/moi-mili-sammet-lekematte-snakke-cream\/\" \/>\n<meta property=\"og:site_name\" content=\"Babylove Norska\" \/>\n<meta property=\"article:modified_time\" content=\"2026-04-08T10:02:05+00:00\" \/>\n<meta property=\"og:image\" content=\"https:\/\/babylove.se\/no\/wp-content\/uploads\/sites\/3\/2025\/07\/6072b1fc9ddcb.jpeg\" \/>\n\t<meta property=\"og:image:width\" content=\"500\" \/>\n\t<meta property=\"og:image:height\" content=\"750\" \/>\n\t<meta property=\"og:image:type\" content=\"image\/jpeg\" \/>\n<meta name=\"twitter:card\" content=\"summary_large_image\" \/>\n<meta name=\"twitter:label1\" content=\"Price\" \/>\n\t<meta name=\"twitter:data1\" content=\"1 899,00&nbsp;&#107;&#114;\" \/>\n\t<meta name=\"twitter:label2\" content=\"Availability\" \/>\n\t<meta name=\"twitter:data2\" content=\"In stock\" \/>\n<script type=\"application\/ld+json\" class=\"yoast-schema-graph\">{\"@context\":\"https:\/\/schema.org\",\"@graph\":[{\"@type\":\"WebPage\",\"@id\":\"https:\/\/babylove.se\/no\/produkt\/moi-mili-sammet-lekematte-snakke-cream\/\",\"url\":\"https:\/\/babylove.se\/no\/produkt\/moi-mili-sammet-lekematte-snakke-cream\/\",\"name\":\"Moi Mili, fl\u00f8yel lekematte snegl, cream - Babylove Norska\",\"isPartOf\":{\"@id\":\"https:\/\/babylove.se\/no\/#website\"},\"primaryImageOfPage\":{\"@id\":\"https:\/\/babylove.se\/no\/produkt\/moi-mili-sammet-lekematte-snakke-cream\/#primaryimage\"},\"image\":{\"@id\":\"https:\/\/babylove.se\/no\/produkt\/moi-mili-sammet-lekematte-snakke-cream\/#primaryimage\"},\"thumbnailUrl\":\"https:\/\/babylove.se\/no\/wp-content\/uploads\/sites\/3\/2025\/07\/6072b1fc9ddcb.jpeg\",\"datePublished\":\"2025-07-18T22:10:33+00:00\",\"dateModified\":\"2026-04-08T10:02:05+00:00\",\"breadcrumb\":{\"@id\":\"https:\/\/babylove.se\/no\/produkt\/moi-mili-sammet-lekematte-snakke-cream\/#breadcrumb\"},\"inLanguage\":\"nb-NO\",\"potentialAction\":[{\"@type\":\"ReadAction\",\"target\":[\"https:\/\/babylove.se\/no\/produkt\/moi-mili-sammet-lekematte-snakke-cream\/\"]}]},{\"@type\":\"ImageObject\",\"inLanguage\":\"nb-NO\",\"@id\":\"https:\/\/babylove.se\/no\/produkt\/moi-mili-sammet-lekematte-snakke-cream\/#primaryimage\",\"url\":\"https:\/\/babylove.se\/no\/wp-content\/uploads\/sites\/3\/2025\/07\/6072b1fc9ddcb.jpeg\",\"contentUrl\":\"https:\/\/babylove.se\/no\/wp-content\/uploads\/sites\/3\/2025\/07\/6072b1fc9ddcb.jpeg\",\"width\":500,\"height\":750},{\"@type\":\"BreadcrumbList\",\"@id\":\"https:\/\/babylove.se\/no\/produkt\/moi-mili-sammet-lekematte-snakke-cream\/#breadcrumb\",\"itemListElement\":[{\"@type\":\"ListItem\",\"position\":1,\"name\":\"Hem\",\"item\":\"https:\/\/babylove.se\/no\/\"},{\"@type\":\"ListItem\",\"position\":2,\"name\":\"Butik\",\"item\":\"https:\/\/babylove.se\/no\/butik\/\"},{\"@type\":\"ListItem\",\"position\":3,\"name\":\"Moi Mili, fl\u00f8yel lekematte snegl, cream\"}]},{\"@type\":\"WebSite\",\"@id\":\"https:\/\/babylove.se\/no\/#website\",\"url\":\"https:\/\/babylove.se\/no\/\",\"name\":\"Babylove Norska\",\"description\":\"\",\"potentialAction\":[{\"@type\":\"SearchAction\",\"target\":{\"@type\":\"EntryPoint\",\"urlTemplate\":\"https:\/\/babylove.se\/no\/?s={search_term_string}\"},\"query-input\":{\"@type\":\"PropertyValueSpecification\",\"valueRequired\":true,\"valueName\":\"search_term_string\"}}],\"inLanguage\":\"nb-NO\"}]}<\/script>\n<meta property=\"product:brand\" content=\"Moi Mili\" \/>\n<meta property=\"product:price:amount\" content=\"1899.00\" \/>\n<meta property=\"product:price:currency\" content=\"SEK\" \/>\n<meta property=\"og:availability\" content=\"instock\" \/>\n<meta property=\"product:availability\" content=\"instock\" \/>\n<meta property=\"product:retailer_item_id\" content=\"VSM-CREAM\" \/>\n<meta property=\"product:condition\" content=\"new\" \/>\n<!-- \/ Yoast SEO Premium plugin. -->","yoast_head_json":{"title":"Moi Mili, fl\u00f8yel lekematte snegl, cream - Babylove Norska","robots":{"index":"noindex","follow":"follow","max-snippet":"max-snippet:-1","max-image-preview":"max-image-preview:large","max-video-preview":"max-video-preview:-1"},"og_locale":"nb_NO","og_type":"article","og_title":"Moi Mili, fl\u00f8yel lekematte snegl, cream","og_description":"Denne lekematta, fra Moi Mili, er en fantastisk interi\u00f8rdetalj for barnerommet. Hver enkelt lekematta er h\u00e5ndlaget og laget av OEKO TEX-sertifisert velourstoff. Lekemattenes kjennetegn er at de er laget helt av antibakterielle og antiallergiske materialer, noe som gj\u00f8r at de passer perfekt for barn \u00e5 leke og v\u00e6re p\u00e5. Den passer utmerket sammen med en [&hellip;]","og_url":"https:\/\/babylove.se\/no\/produkt\/moi-mili-sammet-lekematte-snakke-cream\/","og_site_name":"Babylove Norska","article_modified_time":"2026-04-08T10:02:05+00:00","og_image":[{"width":500,"height":750,"url":"https:\/\/babylove.se\/no\/wp-content\/uploads\/sites\/3\/2025\/07\/6072b1fc9ddcb.jpeg","type":"image\/jpeg"}],"twitter_card":"summary_large_image","twitter_misc":{"Price":"1 899,00&nbsp;&#107;&#114;","Availability":"In stock"},"schema":{"@context":"https:\/\/schema.org","@graph":[{"@type":"WebPage","@id":"https:\/\/babylove.se\/no\/produkt\/moi-mili-sammet-lekematte-snakke-cream\/","url":"https:\/\/babylove.se\/no\/produkt\/moi-mili-sammet-lekematte-snakke-cream\/","name":"Moi Mili, fl\u00f8yel lekematte snegl, cream - Babylove Norska","isPartOf":{"@id":"https:\/\/babylove.se\/no\/#website"},"primaryImageOfPage":{"@id":"https:\/\/babylove.se\/no\/produkt\/moi-mili-sammet-lekematte-snakke-cream\/#primaryimage"},"image":{"@id":"https:\/\/babylove.se\/no\/produkt\/moi-mili-sammet-lekematte-snakke-cream\/#primaryimage"},"thumbnailUrl":"https:\/\/babylove.se\/no\/wp-content\/uploads\/sites\/3\/2025\/07\/6072b1fc9ddcb.jpeg","datePublished":"2025-07-18T22:10:33+00:00","dateModified":"2026-04-08T10:02:05+00:00","breadcrumb":{"@id":"https:\/\/babylove.se\/no\/produkt\/moi-mili-sammet-lekematte-snakke-cream\/#breadcrumb"},"inLanguage":"nb-NO","potentialAction":[{"@type":"ReadAction","target":["https:\/\/babylove.se\/no\/produkt\/moi-mili-sammet-lekematte-snakke-cream\/"]}]},{"@type":"ImageObject","inLanguage":"nb-NO","@id":"https:\/\/babylove.se\/no\/produkt\/moi-mili-sammet-lekematte-snakke-cream\/#primaryimage","url":"https:\/\/babylove.se\/no\/wp-content\/uploads\/sites\/3\/2025\/07\/6072b1fc9ddcb.jpeg","contentUrl":"https:\/\/babylove.se\/no\/wp-content\/uploads\/sites\/3\/2025\/07\/6072b1fc9ddcb.jpeg","width":500,"height":750},{"@type":"BreadcrumbList","@id":"https:\/\/babylove.se\/no\/produkt\/moi-mili-sammet-lekematte-snakke-cream\/#breadcrumb","itemListElement":[{"@type":"ListItem","position":1,"name":"Hem","item":"https:\/\/babylove.se\/no\/"},{"@type":"ListItem","position":2,"name":"Butik","item":"https:\/\/babylove.se\/no\/butik\/"},{"@type":"ListItem","position":3,"name":"Moi Mili, fl\u00f8yel lekematte snegl, cream"}]},{"@type":"WebSite","@id":"https:\/\/babylove.se\/no\/#website","url":"https:\/\/babylove.se\/no\/","name":"Babylove Norska","description":"","potentialAction":[{"@type":"SearchAction","target":{"@type":"EntryPoint","urlTemplate":"https:\/\/babylove.se\/no\/?s={search_term_string}"},"query-input":{"@type":"PropertyValueSpecification","valueRequired":true,"valueName":"search_term_string"}}],"inLanguage":"nb-NO"}]},"product_brand":"Moi Mili","product_price_amount":"1899.00","product_price_currency":"SEK","og_availability":"instock","product_availability":"instock","product_retailer_item_id":"VSM-CREAM","product_condition":"new"},"_links":{"self":[{"href":"https:\/\/babylove.se\/no\/wp-json\/wp\/v2\/product\/24147","targetHints":{"allow":["GET"]}}],"collection":[{"href":"https:\/\/babylove.se\/no\/wp-json\/wp\/v2\/product"}],"about":[{"href":"https:\/\/babylove.se\/no\/wp-json\/wp\/v2\/types\/product"}],"replies":[{"embeddable":true,"href":"https:\/\/babylove.se\/no\/wp-json\/wp\/v2\/comments?post=24147"}],"wp:featuredmedia":[{"embeddable":true,"href":"https:\/\/babylove.se\/no\/wp-json\/wp\/v2\/media\/24149"}],"wp:attachment":[{"href":"https:\/\/babylove.se\/no\/wp-json\/wp\/v2\/media?parent=24147"}],"wp:term":[{"taxonomy":"product_brand","embeddable":true,"href":"https:\/\/babylove.se\/no\/wp-json\/wp\/v2\/product_brand?post=24147"},{"taxonomy":"product_cat","embeddable":true,"href":"https:\/\/babylove.se\/no\/wp-json\/wp\/v2\/product_cat?post=24147"},{"taxonomy":"product_tag","embeddable":true,"href":"https:\/\/babylove.se\/no\/wp-json\/wp\/v2\/product_tag?post=24147"}],"curies":[{"name":"wp","href":"https:\/\/api.w.org\/{rel}","templated":true}]}}