{"id":24197,"date":"2025-07-18T23:10:33","date_gmt":"2025-07-18T22:10:33","guid":{"rendered":"https:\/\/babylove.se\/produkt\/childhome-moseskorg-med-madrass-och-overdrag-hearts\/"},"modified":"2026-04-08T11:02:20","modified_gmt":"2026-04-08T10:02:20","slug":"childhome-mosekurv-med-madrass-og-overtrekk-hearts","status":"publish","type":"product","link":"https:\/\/babylove.se\/no\/produkt\/childhome-mosekurv-med-madrass-og-overtrekk-hearts\/","title":{"rendered":"Childhome, Moseskurv med madras og overtrekk- HEARTS"},"content":{"rendered":"<p>En fin mosekurv fra belgiske Childhome. Fungerer perfekt for det lille barnet n\u00e5r det er tid for \u00e5 sove. &nbsp;Kurven kommer i et sett med en tilpasset madrass av bomull og polyester samt et fint vaskbart overtrekk. Kurven har to praktiske h\u00e5ndtak.<\/p>\n<p>Mosekurven fungerer b\u00e5de med og uten stativet (som man kan kj\u00f8pe til hos oss)&nbsp;<\/p>\n<p>Materiale:&nbsp;<\/p>\n<ul>\n<li>Mosekurv: T\u00f8rkede maisblad &nbsp;<\/li>\n<li>Madrass: bomull, polyester&nbsp;<\/li>\n<li>Overtrekk:100% bomull<\/li>\n<\/ul>\n<p>M\u00e5l: 84x47x29 cm&nbsp;<\/p>\n<p>Designer: Childhome<\/p>\n<p><u>Obs! ikke flytt rundt p\u00e5 kurven n\u00e5r barnet ligger i den.<\/u><\/p>\n","protected":false},"excerpt":{"rendered":"<p>En fin mosekurv fra belgiske Childhome. Fungerer perfekt for det lille barnet n\u00e5r det er tid for \u00e5 sove. &nbsp;Kurven kommer i et sett med en tilpasset madrass av bomull og polyester samt et fint vaskbart overtrekk. Kurven har to praktiske h\u00e5ndtak. Mosekurven fungerer b\u00e5de med og uten stativet (som man kan kj\u00f8pe til hos [&hellip;]<\/p>\n","protected":false},"featured_media":24199,"comment_status":"closed","ping_status":"open","template":"","meta":{"_acf_changed":false},"product_brand":[932],"product_cat":[279,933,639],"product_tag":[],"class_list":{"0":"post-24197","1":"product","2":"type-product","3":"status-publish","4":"has-post-thumbnail","6":"product_brand-childhome","7":"product_cat-spjlsngar","8":"product_cat-childhome","9":"product_cat-babykurv","11":"first","12":"outofstock","13":"taxable","14":"shipping-taxable","15":"purchasable","16":"product-type-simple"},"acf":[],"yoast_head":"<!-- This site is optimized with the Yoast SEO Premium plugin v25.8 (Yoast SEO v27.2) - https:\/\/yoast.com\/product\/yoast-seo-premium-wordpress\/ -->\n<title>Childhome, Moseskurv med madras og overtrekk- HEARTS - Babylove Norska<\/title>\n<meta name=\"robots\" content=\"noindex, follow, max-snippet:-1, max-image-preview:large, max-video-preview:-1\" \/>\n<meta property=\"og:locale\" content=\"nb_NO\" \/>\n<meta property=\"og:type\" content=\"article\" \/>\n<meta property=\"og:title\" content=\"Childhome, Moseskurv med madras og overtrekk- HEARTS\" \/>\n<meta property=\"og:description\" content=\"En fin mosekurv fra belgiske Childhome. Fungerer perfekt for det lille barnet n\u00e5r det er tid for \u00e5 sove. &nbsp;Kurven kommer i et sett med en tilpasset madrass av bomull og polyester samt et fint vaskbart overtrekk. Kurven har to praktiske h\u00e5ndtak. Mosekurven fungerer b\u00e5de med og uten stativet (som man kan kj\u00f8pe til hos [&hellip;]\" \/>\n<meta property=\"og:url\" content=\"https:\/\/babylove.se\/no\/produkt\/childhome-mosekurv-med-madrass-og-overtrekk-hearts\/\" \/>\n<meta property=\"og:site_name\" content=\"Babylove Norska\" \/>\n<meta property=\"article:modified_time\" content=\"2026-04-08T10:02:20+00:00\" \/>\n<meta property=\"og:image\" content=\"https:\/\/babylove.se\/no\/wp-content\/uploads\/sites\/3\/2025\/07\/607598732af25.jpeg\" \/>\n\t<meta property=\"og:image:width\" content=\"750\" \/>\n\t<meta property=\"og:image:height\" content=\"411\" \/>\n\t<meta property=\"og:image:type\" content=\"image\/jpeg\" \/>\n<meta name=\"twitter:card\" content=\"summary_large_image\" \/>\n<meta name=\"twitter:label1\" content=\"Price\" \/>\n\t<meta name=\"twitter:data1\" content=\"999,00&nbsp;&#107;&#114;\" \/>\n\t<meta name=\"twitter:label2\" content=\"Availability\" \/>\n\t<meta name=\"twitter:data2\" content=\"Out of stock\" \/>\n<script type=\"application\/ld+json\" class=\"yoast-schema-graph\">{\"@context\":\"https:\/\/schema.org\",\"@graph\":[{\"@type\":\"WebPage\",\"@id\":\"https:\/\/babylove.se\/no\/produkt\/childhome-mosekurv-med-madrass-og-overtrekk-hearts\/\",\"url\":\"https:\/\/babylove.se\/no\/produkt\/childhome-mosekurv-med-madrass-og-overtrekk-hearts\/\",\"name\":\"Childhome, Moseskurv med madras og overtrekk- HEARTS - Babylove Norska\",\"isPartOf\":{\"@id\":\"https:\/\/babylove.se\/no\/#website\"},\"primaryImageOfPage\":{\"@id\":\"https:\/\/babylove.se\/no\/produkt\/childhome-mosekurv-med-madrass-og-overtrekk-hearts\/#primaryimage\"},\"image\":{\"@id\":\"https:\/\/babylove.se\/no\/produkt\/childhome-mosekurv-med-madrass-og-overtrekk-hearts\/#primaryimage\"},\"thumbnailUrl\":\"https:\/\/babylove.se\/no\/wp-content\/uploads\/sites\/3\/2025\/07\/607598732af25.jpeg\",\"datePublished\":\"2025-07-18T22:10:33+00:00\",\"dateModified\":\"2026-04-08T10:02:20+00:00\",\"breadcrumb\":{\"@id\":\"https:\/\/babylove.se\/no\/produkt\/childhome-mosekurv-med-madrass-og-overtrekk-hearts\/#breadcrumb\"},\"inLanguage\":\"nb-NO\",\"potentialAction\":[{\"@type\":\"ReadAction\",\"target\":[\"https:\/\/babylove.se\/no\/produkt\/childhome-mosekurv-med-madrass-og-overtrekk-hearts\/\"]}]},{\"@type\":\"ImageObject\",\"inLanguage\":\"nb-NO\",\"@id\":\"https:\/\/babylove.se\/no\/produkt\/childhome-mosekurv-med-madrass-og-overtrekk-hearts\/#primaryimage\",\"url\":\"https:\/\/babylove.se\/no\/wp-content\/uploads\/sites\/3\/2025\/07\/607598732af25.jpeg\",\"contentUrl\":\"https:\/\/babylove.se\/no\/wp-content\/uploads\/sites\/3\/2025\/07\/607598732af25.jpeg\",\"width\":750,\"height\":411},{\"@type\":\"BreadcrumbList\",\"@id\":\"https:\/\/babylove.se\/no\/produkt\/childhome-mosekurv-med-madrass-og-overtrekk-hearts\/#breadcrumb\",\"itemListElement\":[{\"@type\":\"ListItem\",\"position\":1,\"name\":\"Hem\",\"item\":\"https:\/\/babylove.se\/no\/\"},{\"@type\":\"ListItem\",\"position\":2,\"name\":\"Butik\",\"item\":\"https:\/\/babylove.se\/no\/butik\/\"},{\"@type\":\"ListItem\",\"position\":3,\"name\":\"Childhome, Moseskurv med madras og overtrekk- HEARTS\"}]},{\"@type\":\"WebSite\",\"@id\":\"https:\/\/babylove.se\/no\/#website\",\"url\":\"https:\/\/babylove.se\/no\/\",\"name\":\"Babylove Norska\",\"description\":\"\",\"potentialAction\":[{\"@type\":\"SearchAction\",\"target\":{\"@type\":\"EntryPoint\",\"urlTemplate\":\"https:\/\/babylove.se\/no\/?s={search_term_string}\"},\"query-input\":{\"@type\":\"PropertyValueSpecification\",\"valueRequired\":true,\"valueName\":\"search_term_string\"}}],\"inLanguage\":\"nb-NO\"}]}<\/script>\n<meta property=\"product:brand\" content=\"Childhome\" \/>\n<meta property=\"product:price:amount\" content=\"999.00\" \/>\n<meta property=\"product:price:currency\" content=\"SEK\" \/>\n<meta property=\"og:availability\" content=\"out of stock\" \/>\n<meta property=\"product:availability\" content=\"out of stock\" \/>\n<meta property=\"product:retailer_item_id\" content=\"MBSR3CJOH\" \/>\n<meta property=\"product:condition\" content=\"new\" \/>\n<!-- \/ Yoast SEO Premium plugin. -->","yoast_head_json":{"title":"Childhome, Moseskurv med madras og overtrekk- HEARTS - Babylove Norska","robots":{"index":"noindex","follow":"follow","max-snippet":"max-snippet:-1","max-image-preview":"max-image-preview:large","max-video-preview":"max-video-preview:-1"},"og_locale":"nb_NO","og_type":"article","og_title":"Childhome, Moseskurv med madras og overtrekk- HEARTS","og_description":"En fin mosekurv fra belgiske Childhome. Fungerer perfekt for det lille barnet n\u00e5r det er tid for \u00e5 sove. &nbsp;Kurven kommer i et sett med en tilpasset madrass av bomull og polyester samt et fint vaskbart overtrekk. Kurven har to praktiske h\u00e5ndtak. Mosekurven fungerer b\u00e5de med og uten stativet (som man kan kj\u00f8pe til hos [&hellip;]","og_url":"https:\/\/babylove.se\/no\/produkt\/childhome-mosekurv-med-madrass-og-overtrekk-hearts\/","og_site_name":"Babylove Norska","article_modified_time":"2026-04-08T10:02:20+00:00","og_image":[{"width":750,"height":411,"url":"https:\/\/babylove.se\/no\/wp-content\/uploads\/sites\/3\/2025\/07\/607598732af25.jpeg","type":"image\/jpeg"}],"twitter_card":"summary_large_image","twitter_misc":{"Price":"999,00&nbsp;&#107;&#114;","Availability":"Out of stock"},"schema":{"@context":"https:\/\/schema.org","@graph":[{"@type":"WebPage","@id":"https:\/\/babylove.se\/no\/produkt\/childhome-mosekurv-med-madrass-og-overtrekk-hearts\/","url":"https:\/\/babylove.se\/no\/produkt\/childhome-mosekurv-med-madrass-og-overtrekk-hearts\/","name":"Childhome, Moseskurv med madras og overtrekk- HEARTS - Babylove Norska","isPartOf":{"@id":"https:\/\/babylove.se\/no\/#website"},"primaryImageOfPage":{"@id":"https:\/\/babylove.se\/no\/produkt\/childhome-mosekurv-med-madrass-og-overtrekk-hearts\/#primaryimage"},"image":{"@id":"https:\/\/babylove.se\/no\/produkt\/childhome-mosekurv-med-madrass-og-overtrekk-hearts\/#primaryimage"},"thumbnailUrl":"https:\/\/babylove.se\/no\/wp-content\/uploads\/sites\/3\/2025\/07\/607598732af25.jpeg","datePublished":"2025-07-18T22:10:33+00:00","dateModified":"2026-04-08T10:02:20+00:00","breadcrumb":{"@id":"https:\/\/babylove.se\/no\/produkt\/childhome-mosekurv-med-madrass-og-overtrekk-hearts\/#breadcrumb"},"inLanguage":"nb-NO","potentialAction":[{"@type":"ReadAction","target":["https:\/\/babylove.se\/no\/produkt\/childhome-mosekurv-med-madrass-og-overtrekk-hearts\/"]}]},{"@type":"ImageObject","inLanguage":"nb-NO","@id":"https:\/\/babylove.se\/no\/produkt\/childhome-mosekurv-med-madrass-og-overtrekk-hearts\/#primaryimage","url":"https:\/\/babylove.se\/no\/wp-content\/uploads\/sites\/3\/2025\/07\/607598732af25.jpeg","contentUrl":"https:\/\/babylove.se\/no\/wp-content\/uploads\/sites\/3\/2025\/07\/607598732af25.jpeg","width":750,"height":411},{"@type":"BreadcrumbList","@id":"https:\/\/babylove.se\/no\/produkt\/childhome-mosekurv-med-madrass-og-overtrekk-hearts\/#breadcrumb","itemListElement":[{"@type":"ListItem","position":1,"name":"Hem","item":"https:\/\/babylove.se\/no\/"},{"@type":"ListItem","position":2,"name":"Butik","item":"https:\/\/babylove.se\/no\/butik\/"},{"@type":"ListItem","position":3,"name":"Childhome, Moseskurv med madras og overtrekk- HEARTS"}]},{"@type":"WebSite","@id":"https:\/\/babylove.se\/no\/#website","url":"https:\/\/babylove.se\/no\/","name":"Babylove Norska","description":"","potentialAction":[{"@type":"SearchAction","target":{"@type":"EntryPoint","urlTemplate":"https:\/\/babylove.se\/no\/?s={search_term_string}"},"query-input":{"@type":"PropertyValueSpecification","valueRequired":true,"valueName":"search_term_string"}}],"inLanguage":"nb-NO"}]},"product_brand":"Childhome","product_price_amount":"999.00","product_price_currency":"SEK","og_availability":"out of stock","product_availability":"out of stock","product_retailer_item_id":"MBSR3CJOH","product_condition":"new"},"_links":{"self":[{"href":"https:\/\/babylove.se\/no\/wp-json\/wp\/v2\/product\/24197","targetHints":{"allow":["GET"]}}],"collection":[{"href":"https:\/\/babylove.se\/no\/wp-json\/wp\/v2\/product"}],"about":[{"href":"https:\/\/babylove.se\/no\/wp-json\/wp\/v2\/types\/product"}],"replies":[{"embeddable":true,"href":"https:\/\/babylove.se\/no\/wp-json\/wp\/v2\/comments?post=24197"}],"wp:featuredmedia":[{"embeddable":true,"href":"https:\/\/babylove.se\/no\/wp-json\/wp\/v2\/media\/24199"}],"wp:attachment":[{"href":"https:\/\/babylove.se\/no\/wp-json\/wp\/v2\/media?parent=24197"}],"wp:term":[{"taxonomy":"product_brand","embeddable":true,"href":"https:\/\/babylove.se\/no\/wp-json\/wp\/v2\/product_brand?post=24197"},{"taxonomy":"product_cat","embeddable":true,"href":"https:\/\/babylove.se\/no\/wp-json\/wp\/v2\/product_cat?post=24197"},{"taxonomy":"product_tag","embeddable":true,"href":"https:\/\/babylove.se\/no\/wp-json\/wp\/v2\/product_tag?post=24197"}],"curies":[{"name":"wp","href":"https:\/\/api.w.org\/{rel}","templated":true}]}}