{"id":24218,"date":"2025-07-18T23:11:18","date_gmt":"2025-07-18T22:11:18","guid":{"rendered":"https:\/\/babylove.se\/produkt\/childhome-moseskorg-med-madrass-och-overdrag-gold-dots\/"},"modified":"2026-04-08T11:02:28","modified_gmt":"2026-04-08T10:02:28","slug":"childhome-moseskurv-med-madrass-og-overtrekk-gold-dots","status":"publish","type":"product","link":"https:\/\/babylove.se\/no\/produkt\/childhome-moseskurv-med-madrass-og-overtrekk-gold-dots\/","title":{"rendered":"Childhome, Moseskurv med madrass og overtrekk- GOLD DOTS"},"content":{"rendered":"<p>En fin moseskurv fra belgiske Childhome. Fungerer perfekt for det lille barnet n\u00e5r det er tid \u00e5 sove. &nbsp;Kurven kommer i et sett med en tilpasset madras av bomull og polyester samt et fint vaskbart overtrekk. Kurven har to praktiske h\u00e5ndtak.<\/p>\n<p>Moseskurven fungerer b\u00e5de med og uten stativet (som man kan kj\u00f8pe til hos oss)&nbsp;<\/p>\n<p>Materiale:&nbsp;<\/p>\n<ul>\n<li>Moseskurv: T\u00f8rkede maisblader &nbsp;<\/li>\n<li>Madras: bomull, polyester&nbsp;<\/li>\n<li>Overtrekk:100% bomull<\/li>\n<\/ul>\n<p>M\u00e5l: 84x47x29 cm&nbsp;<\/p>\n<p>Designer: Childhome<\/p>\n<p><u>Obs! flytt ikke rundt kurven n\u00e5r barnet ligger i den.<\/u><\/p>\n","protected":false},"excerpt":{"rendered":"<p>En fin moseskurv fra belgiske Childhome. Fungerer perfekt for det lille barnet n\u00e5r det er tid \u00e5 sove. &nbsp;Kurven kommer i et sett med en tilpasset madras av bomull og polyester samt et fint vaskbart overtrekk. Kurven har to praktiske h\u00e5ndtak. Moseskurven fungerer b\u00e5de med og uten stativet (som man kan kj\u00f8pe til hos oss)&nbsp; [&hellip;]<\/p>\n","protected":false},"featured_media":24220,"comment_status":"closed","ping_status":"open","template":"","meta":{"_acf_changed":false},"product_brand":[932],"product_cat":[279,933,639],"product_tag":[],"class_list":{"0":"post-24218","1":"product","2":"type-product","3":"status-publish","4":"has-post-thumbnail","6":"product_brand-childhome","7":"product_cat-spjlsngar","8":"product_cat-childhome","9":"product_cat-babykurv","11":"first","12":"outofstock","13":"taxable","14":"shipping-taxable","15":"purchasable","16":"product-type-simple"},"acf":[],"yoast_head":"<!-- This site is optimized with the Yoast SEO Premium plugin v25.8 (Yoast SEO v27.2) - https:\/\/yoast.com\/product\/yoast-seo-premium-wordpress\/ -->\n<title>Childhome, Moseskurv med madrass og overtrekk- GOLD DOTS - Babylove Norska<\/title>\n<meta name=\"robots\" content=\"noindex, follow, max-snippet:-1, max-image-preview:large, max-video-preview:-1\" \/>\n<meta property=\"og:locale\" content=\"nb_NO\" \/>\n<meta property=\"og:type\" content=\"article\" \/>\n<meta property=\"og:title\" content=\"Childhome, Moseskurv med madrass og overtrekk- GOLD DOTS\" \/>\n<meta property=\"og:description\" content=\"En fin moseskurv fra belgiske Childhome. Fungerer perfekt for det lille barnet n\u00e5r det er tid \u00e5 sove. &nbsp;Kurven kommer i et sett med en tilpasset madras av bomull og polyester samt et fint vaskbart overtrekk. Kurven har to praktiske h\u00e5ndtak. Moseskurven fungerer b\u00e5de med og uten stativet (som man kan kj\u00f8pe til hos oss)&nbsp; [&hellip;]\" \/>\n<meta property=\"og:url\" content=\"https:\/\/babylove.se\/no\/produkt\/childhome-moseskurv-med-madrass-og-overtrekk-gold-dots\/\" \/>\n<meta property=\"og:site_name\" content=\"Babylove Norska\" \/>\n<meta property=\"article:modified_time\" content=\"2026-04-08T10:02:28+00:00\" \/>\n<meta property=\"og:image\" content=\"https:\/\/babylove.se\/no\/wp-content\/uploads\/sites\/3\/2025\/07\/60759ddf83fcd.jpeg\" \/>\n\t<meta property=\"og:image:width\" content=\"750\" \/>\n\t<meta property=\"og:image:height\" content=\"418\" \/>\n\t<meta property=\"og:image:type\" content=\"image\/jpeg\" \/>\n<meta name=\"twitter:card\" content=\"summary_large_image\" \/>\n<meta name=\"twitter:label1\" content=\"Price\" \/>\n\t<meta name=\"twitter:data1\" content=\"999,00&nbsp;&#107;&#114;\" \/>\n\t<meta name=\"twitter:label2\" content=\"Availability\" \/>\n\t<meta name=\"twitter:data2\" content=\"Out of stock\" \/>\n<script type=\"application\/ld+json\" class=\"yoast-schema-graph\">{\"@context\":\"https:\/\/schema.org\",\"@graph\":[{\"@type\":\"WebPage\",\"@id\":\"https:\/\/babylove.se\/no\/produkt\/childhome-moseskurv-med-madrass-og-overtrekk-gold-dots\/\",\"url\":\"https:\/\/babylove.se\/no\/produkt\/childhome-moseskurv-med-madrass-og-overtrekk-gold-dots\/\",\"name\":\"Childhome, Moseskurv med madrass og overtrekk- GOLD DOTS - Babylove Norska\",\"isPartOf\":{\"@id\":\"https:\/\/babylove.se\/no\/#website\"},\"primaryImageOfPage\":{\"@id\":\"https:\/\/babylove.se\/no\/produkt\/childhome-moseskurv-med-madrass-og-overtrekk-gold-dots\/#primaryimage\"},\"image\":{\"@id\":\"https:\/\/babylove.se\/no\/produkt\/childhome-moseskurv-med-madrass-og-overtrekk-gold-dots\/#primaryimage\"},\"thumbnailUrl\":\"https:\/\/babylove.se\/no\/wp-content\/uploads\/sites\/3\/2025\/07\/60759ddf83fcd.jpeg\",\"datePublished\":\"2025-07-18T22:11:18+00:00\",\"dateModified\":\"2026-04-08T10:02:28+00:00\",\"breadcrumb\":{\"@id\":\"https:\/\/babylove.se\/no\/produkt\/childhome-moseskurv-med-madrass-og-overtrekk-gold-dots\/#breadcrumb\"},\"inLanguage\":\"nb-NO\",\"potentialAction\":[{\"@type\":\"ReadAction\",\"target\":[\"https:\/\/babylove.se\/no\/produkt\/childhome-moseskurv-med-madrass-og-overtrekk-gold-dots\/\"]}]},{\"@type\":\"ImageObject\",\"inLanguage\":\"nb-NO\",\"@id\":\"https:\/\/babylove.se\/no\/produkt\/childhome-moseskurv-med-madrass-og-overtrekk-gold-dots\/#primaryimage\",\"url\":\"https:\/\/babylove.se\/no\/wp-content\/uploads\/sites\/3\/2025\/07\/60759ddf83fcd.jpeg\",\"contentUrl\":\"https:\/\/babylove.se\/no\/wp-content\/uploads\/sites\/3\/2025\/07\/60759ddf83fcd.jpeg\",\"width\":750,\"height\":418},{\"@type\":\"BreadcrumbList\",\"@id\":\"https:\/\/babylove.se\/no\/produkt\/childhome-moseskurv-med-madrass-og-overtrekk-gold-dots\/#breadcrumb\",\"itemListElement\":[{\"@type\":\"ListItem\",\"position\":1,\"name\":\"Hem\",\"item\":\"https:\/\/babylove.se\/no\/\"},{\"@type\":\"ListItem\",\"position\":2,\"name\":\"Butik\",\"item\":\"https:\/\/babylove.se\/no\/butik\/\"},{\"@type\":\"ListItem\",\"position\":3,\"name\":\"Childhome, Moseskurv med madrass og overtrekk- GOLD DOTS\"}]},{\"@type\":\"WebSite\",\"@id\":\"https:\/\/babylove.se\/no\/#website\",\"url\":\"https:\/\/babylove.se\/no\/\",\"name\":\"Babylove Norska\",\"description\":\"\",\"potentialAction\":[{\"@type\":\"SearchAction\",\"target\":{\"@type\":\"EntryPoint\",\"urlTemplate\":\"https:\/\/babylove.se\/no\/?s={search_term_string}\"},\"query-input\":{\"@type\":\"PropertyValueSpecification\",\"valueRequired\":true,\"valueName\":\"search_term_string\"}}],\"inLanguage\":\"nb-NO\"}]}<\/script>\n<meta property=\"product:brand\" content=\"Childhome\" \/>\n<meta property=\"product:price:amount\" content=\"999.00\" \/>\n<meta property=\"product:price:currency\" content=\"SEK\" \/>\n<meta property=\"og:availability\" content=\"out of stock\" \/>\n<meta property=\"product:availability\" content=\"out of stock\" \/>\n<meta property=\"product:retailer_item_id\" content=\"MBSR3CJGD\" \/>\n<meta property=\"product:condition\" content=\"new\" \/>\n<!-- \/ Yoast SEO Premium plugin. -->","yoast_head_json":{"title":"Childhome, Moseskurv med madrass og overtrekk- GOLD DOTS - Babylove Norska","robots":{"index":"noindex","follow":"follow","max-snippet":"max-snippet:-1","max-image-preview":"max-image-preview:large","max-video-preview":"max-video-preview:-1"},"og_locale":"nb_NO","og_type":"article","og_title":"Childhome, Moseskurv med madrass og overtrekk- GOLD DOTS","og_description":"En fin moseskurv fra belgiske Childhome. Fungerer perfekt for det lille barnet n\u00e5r det er tid \u00e5 sove. &nbsp;Kurven kommer i et sett med en tilpasset madras av bomull og polyester samt et fint vaskbart overtrekk. Kurven har to praktiske h\u00e5ndtak. Moseskurven fungerer b\u00e5de med og uten stativet (som man kan kj\u00f8pe til hos oss)&nbsp; [&hellip;]","og_url":"https:\/\/babylove.se\/no\/produkt\/childhome-moseskurv-med-madrass-og-overtrekk-gold-dots\/","og_site_name":"Babylove Norska","article_modified_time":"2026-04-08T10:02:28+00:00","og_image":[{"width":750,"height":418,"url":"https:\/\/babylove.se\/no\/wp-content\/uploads\/sites\/3\/2025\/07\/60759ddf83fcd.jpeg","type":"image\/jpeg"}],"twitter_card":"summary_large_image","twitter_misc":{"Price":"999,00&nbsp;&#107;&#114;","Availability":"Out of stock"},"schema":{"@context":"https:\/\/schema.org","@graph":[{"@type":"WebPage","@id":"https:\/\/babylove.se\/no\/produkt\/childhome-moseskurv-med-madrass-og-overtrekk-gold-dots\/","url":"https:\/\/babylove.se\/no\/produkt\/childhome-moseskurv-med-madrass-og-overtrekk-gold-dots\/","name":"Childhome, Moseskurv med madrass og overtrekk- GOLD DOTS - Babylove Norska","isPartOf":{"@id":"https:\/\/babylove.se\/no\/#website"},"primaryImageOfPage":{"@id":"https:\/\/babylove.se\/no\/produkt\/childhome-moseskurv-med-madrass-og-overtrekk-gold-dots\/#primaryimage"},"image":{"@id":"https:\/\/babylove.se\/no\/produkt\/childhome-moseskurv-med-madrass-og-overtrekk-gold-dots\/#primaryimage"},"thumbnailUrl":"https:\/\/babylove.se\/no\/wp-content\/uploads\/sites\/3\/2025\/07\/60759ddf83fcd.jpeg","datePublished":"2025-07-18T22:11:18+00:00","dateModified":"2026-04-08T10:02:28+00:00","breadcrumb":{"@id":"https:\/\/babylove.se\/no\/produkt\/childhome-moseskurv-med-madrass-og-overtrekk-gold-dots\/#breadcrumb"},"inLanguage":"nb-NO","potentialAction":[{"@type":"ReadAction","target":["https:\/\/babylove.se\/no\/produkt\/childhome-moseskurv-med-madrass-og-overtrekk-gold-dots\/"]}]},{"@type":"ImageObject","inLanguage":"nb-NO","@id":"https:\/\/babylove.se\/no\/produkt\/childhome-moseskurv-med-madrass-og-overtrekk-gold-dots\/#primaryimage","url":"https:\/\/babylove.se\/no\/wp-content\/uploads\/sites\/3\/2025\/07\/60759ddf83fcd.jpeg","contentUrl":"https:\/\/babylove.se\/no\/wp-content\/uploads\/sites\/3\/2025\/07\/60759ddf83fcd.jpeg","width":750,"height":418},{"@type":"BreadcrumbList","@id":"https:\/\/babylove.se\/no\/produkt\/childhome-moseskurv-med-madrass-og-overtrekk-gold-dots\/#breadcrumb","itemListElement":[{"@type":"ListItem","position":1,"name":"Hem","item":"https:\/\/babylove.se\/no\/"},{"@type":"ListItem","position":2,"name":"Butik","item":"https:\/\/babylove.se\/no\/butik\/"},{"@type":"ListItem","position":3,"name":"Childhome, Moseskurv med madrass og overtrekk- GOLD DOTS"}]},{"@type":"WebSite","@id":"https:\/\/babylove.se\/no\/#website","url":"https:\/\/babylove.se\/no\/","name":"Babylove Norska","description":"","potentialAction":[{"@type":"SearchAction","target":{"@type":"EntryPoint","urlTemplate":"https:\/\/babylove.se\/no\/?s={search_term_string}"},"query-input":{"@type":"PropertyValueSpecification","valueRequired":true,"valueName":"search_term_string"}}],"inLanguage":"nb-NO"}]},"product_brand":"Childhome","product_price_amount":"999.00","product_price_currency":"SEK","og_availability":"out of stock","product_availability":"out of stock","product_retailer_item_id":"MBSR3CJGD","product_condition":"new"},"_links":{"self":[{"href":"https:\/\/babylove.se\/no\/wp-json\/wp\/v2\/product\/24218","targetHints":{"allow":["GET"]}}],"collection":[{"href":"https:\/\/babylove.se\/no\/wp-json\/wp\/v2\/product"}],"about":[{"href":"https:\/\/babylove.se\/no\/wp-json\/wp\/v2\/types\/product"}],"replies":[{"embeddable":true,"href":"https:\/\/babylove.se\/no\/wp-json\/wp\/v2\/comments?post=24218"}],"wp:featuredmedia":[{"embeddable":true,"href":"https:\/\/babylove.se\/no\/wp-json\/wp\/v2\/media\/24220"}],"wp:attachment":[{"href":"https:\/\/babylove.se\/no\/wp-json\/wp\/v2\/media?parent=24218"}],"wp:term":[{"taxonomy":"product_brand","embeddable":true,"href":"https:\/\/babylove.se\/no\/wp-json\/wp\/v2\/product_brand?post=24218"},{"taxonomy":"product_cat","embeddable":true,"href":"https:\/\/babylove.se\/no\/wp-json\/wp\/v2\/product_cat?post=24218"},{"taxonomy":"product_tag","embeddable":true,"href":"https:\/\/babylove.se\/no\/wp-json\/wp\/v2\/product_tag?post=24218"}],"curies":[{"name":"wp","href":"https:\/\/api.w.org\/{rel}","templated":true}]}}