{"id":24256,"date":"2025-07-18T23:11:18","date_gmt":"2025-07-18T22:11:18","guid":{"rendered":"https:\/\/babylove.se\/produkt\/childhome-mommy-skotvaska-off-white\/"},"modified":"2026-04-08T11:02:45","modified_gmt":"2026-04-08T10:02:45","slug":"childhome-mamma-bleievaska-off-white","status":"publish","type":"product","link":"https:\/\/babylove.se\/no\/produkt\/childhome-mamma-bleievaska-off-white\/","title":{"rendered":"Childhome Mommy Stelleveske, Off White"},"content":{"rendered":"<p>En perfekt stelleveske fra belgiske Childhome.&nbsp;<\/p>\n<p>Stellevesken er utstyrt &nbsp;med en skulderrem og en bleieunderlag. P\u00e5 innsiden finner du smarte lommer som forenkler all din oppbevaring. P\u00e5 stelleveskens bakside finner du en praktisk oppbevaringslomme som du kan lukke med glidel\u00e5s. Helt enkelt en perfekt stelleveske for \u00e5 ha alle dine ting fullt organisert f\u00f8r forest\u00e5ende aktiviteter med ditt barn!<\/p>\n<p>M\u00e5l: 55x40x30 cm<\/p>\n<p>Designer: Childhome<\/p>\n","protected":false},"excerpt":{"rendered":"<p>En perfekt stelleveske fra belgiske Childhome.&nbsp; Stellevesken er utstyrt &nbsp;med en skulderrem og en bleieunderlag. P\u00e5 innsiden finner du smarte lommer som forenkler all din oppbevaring. P\u00e5 stelleveskens bakside finner du en praktisk oppbevaringslomme som du kan lukke med glidel\u00e5s. Helt enkelt en perfekt stelleveske for \u00e5 ha alle dine ting fullt organisert f\u00f8r forest\u00e5ende [&hellip;]<\/p>\n","protected":false},"featured_media":24258,"comment_status":"closed","ping_status":"open","template":"","meta":{"_acf_changed":false},"product_brand":[932],"product_cat":[933,64,315],"product_tag":[],"class_list":{"0":"post-24256","1":"product","2":"type-product","3":"status-publish","4":"has-post-thumbnail","6":"product_brand-childhome","7":"product_cat-childhome","8":"product_cat-mammaklaer","9":"product_cat-skotoyveske","11":"first","12":"outofstock","13":"taxable","14":"shipping-taxable","15":"purchasable","16":"product-type-simple"},"acf":[],"yoast_head":"<!-- This site is optimized with the Yoast SEO Premium plugin v25.8 (Yoast SEO v27.2) - https:\/\/yoast.com\/product\/yoast-seo-premium-wordpress\/ -->\n<title>Childhome Mommy Stelleveske, Off White - Babylove Norska<\/title>\n<meta name=\"robots\" content=\"noindex, follow, max-snippet:-1, max-image-preview:large, max-video-preview:-1\" \/>\n<meta property=\"og:locale\" content=\"nb_NO\" \/>\n<meta property=\"og:type\" content=\"article\" \/>\n<meta property=\"og:title\" content=\"Childhome Mommy Stelleveske, Off White\" \/>\n<meta property=\"og:description\" content=\"En perfekt stelleveske fra belgiske Childhome.&nbsp; Stellevesken er utstyrt &nbsp;med en skulderrem og en bleieunderlag. P\u00e5 innsiden finner du smarte lommer som forenkler all din oppbevaring. P\u00e5 stelleveskens bakside finner du en praktisk oppbevaringslomme som du kan lukke med glidel\u00e5s. Helt enkelt en perfekt stelleveske for \u00e5 ha alle dine ting fullt organisert f\u00f8r forest\u00e5ende [&hellip;]\" \/>\n<meta property=\"og:url\" content=\"https:\/\/babylove.se\/no\/produkt\/childhome-mamma-bleievaska-off-white\/\" \/>\n<meta property=\"og:site_name\" content=\"Babylove Norska\" \/>\n<meta property=\"article:modified_time\" content=\"2026-04-08T10:02:45+00:00\" \/>\n<meta property=\"og:image\" content=\"https:\/\/babylove.se\/no\/wp-content\/uploads\/sites\/3\/2025\/07\/60781dad4b746.jpeg\" \/>\n\t<meta property=\"og:image:width\" content=\"700\" \/>\n\t<meta property=\"og:image:height\" content=\"700\" \/>\n\t<meta property=\"og:image:type\" content=\"image\/jpeg\" \/>\n<meta name=\"twitter:card\" content=\"summary_large_image\" \/>\n<meta name=\"twitter:label1\" content=\"Price\" \/>\n\t<meta name=\"twitter:data1\" content=\"1 099,00&nbsp;&#107;&#114;\" \/>\n\t<meta name=\"twitter:label2\" content=\"Availability\" \/>\n\t<meta name=\"twitter:data2\" content=\"Out of stock\" \/>\n<script type=\"application\/ld+json\" class=\"yoast-schema-graph\">{\"@context\":\"https:\/\/schema.org\",\"@graph\":[{\"@type\":\"WebPage\",\"@id\":\"https:\/\/babylove.se\/no\/produkt\/childhome-mamma-bleievaska-off-white\/\",\"url\":\"https:\/\/babylove.se\/no\/produkt\/childhome-mamma-bleievaska-off-white\/\",\"name\":\"Childhome Mommy Stelleveske, Off White - Babylove Norska\",\"isPartOf\":{\"@id\":\"https:\/\/babylove.se\/no\/#website\"},\"primaryImageOfPage\":{\"@id\":\"https:\/\/babylove.se\/no\/produkt\/childhome-mamma-bleievaska-off-white\/#primaryimage\"},\"image\":{\"@id\":\"https:\/\/babylove.se\/no\/produkt\/childhome-mamma-bleievaska-off-white\/#primaryimage\"},\"thumbnailUrl\":\"https:\/\/babylove.se\/no\/wp-content\/uploads\/sites\/3\/2025\/07\/60781dad4b746.jpeg\",\"datePublished\":\"2025-07-18T22:11:18+00:00\",\"dateModified\":\"2026-04-08T10:02:45+00:00\",\"breadcrumb\":{\"@id\":\"https:\/\/babylove.se\/no\/produkt\/childhome-mamma-bleievaska-off-white\/#breadcrumb\"},\"inLanguage\":\"nb-NO\",\"potentialAction\":[{\"@type\":\"ReadAction\",\"target\":[\"https:\/\/babylove.se\/no\/produkt\/childhome-mamma-bleievaska-off-white\/\"]}]},{\"@type\":\"ImageObject\",\"inLanguage\":\"nb-NO\",\"@id\":\"https:\/\/babylove.se\/no\/produkt\/childhome-mamma-bleievaska-off-white\/#primaryimage\",\"url\":\"https:\/\/babylove.se\/no\/wp-content\/uploads\/sites\/3\/2025\/07\/60781dad4b746.jpeg\",\"contentUrl\":\"https:\/\/babylove.se\/no\/wp-content\/uploads\/sites\/3\/2025\/07\/60781dad4b746.jpeg\",\"width\":700,\"height\":700},{\"@type\":\"BreadcrumbList\",\"@id\":\"https:\/\/babylove.se\/no\/produkt\/childhome-mamma-bleievaska-off-white\/#breadcrumb\",\"itemListElement\":[{\"@type\":\"ListItem\",\"position\":1,\"name\":\"Hem\",\"item\":\"https:\/\/babylove.se\/no\/\"},{\"@type\":\"ListItem\",\"position\":2,\"name\":\"Butik\",\"item\":\"https:\/\/babylove.se\/no\/butik\/\"},{\"@type\":\"ListItem\",\"position\":3,\"name\":\"Childhome Mommy Stelleveske, Off White\"}]},{\"@type\":\"WebSite\",\"@id\":\"https:\/\/babylove.se\/no\/#website\",\"url\":\"https:\/\/babylove.se\/no\/\",\"name\":\"Babylove Norska\",\"description\":\"\",\"potentialAction\":[{\"@type\":\"SearchAction\",\"target\":{\"@type\":\"EntryPoint\",\"urlTemplate\":\"https:\/\/babylove.se\/no\/?s={search_term_string}\"},\"query-input\":{\"@type\":\"PropertyValueSpecification\",\"valueRequired\":true,\"valueName\":\"search_term_string\"}}],\"inLanguage\":\"nb-NO\"}]}<\/script>\n<meta property=\"product:brand\" content=\"Childhome\" \/>\n<meta property=\"product:price:amount\" content=\"1099.00\" \/>\n<meta property=\"product:price:currency\" content=\"SEK\" \/>\n<meta property=\"og:availability\" content=\"out of stock\" \/>\n<meta property=\"product:availability\" content=\"out of stock\" \/>\n<meta property=\"product:retailer_item_id\" content=\"CWMBBTW\" \/>\n<meta property=\"product:condition\" content=\"new\" \/>\n<!-- \/ Yoast SEO Premium plugin. -->","yoast_head_json":{"title":"Childhome Mommy Stelleveske, Off White - Babylove Norska","robots":{"index":"noindex","follow":"follow","max-snippet":"max-snippet:-1","max-image-preview":"max-image-preview:large","max-video-preview":"max-video-preview:-1"},"og_locale":"nb_NO","og_type":"article","og_title":"Childhome Mommy Stelleveske, Off White","og_description":"En perfekt stelleveske fra belgiske Childhome.&nbsp; Stellevesken er utstyrt &nbsp;med en skulderrem og en bleieunderlag. P\u00e5 innsiden finner du smarte lommer som forenkler all din oppbevaring. P\u00e5 stelleveskens bakside finner du en praktisk oppbevaringslomme som du kan lukke med glidel\u00e5s. Helt enkelt en perfekt stelleveske for \u00e5 ha alle dine ting fullt organisert f\u00f8r forest\u00e5ende [&hellip;]","og_url":"https:\/\/babylove.se\/no\/produkt\/childhome-mamma-bleievaska-off-white\/","og_site_name":"Babylove Norska","article_modified_time":"2026-04-08T10:02:45+00:00","og_image":[{"width":700,"height":700,"url":"https:\/\/babylove.se\/no\/wp-content\/uploads\/sites\/3\/2025\/07\/60781dad4b746.jpeg","type":"image\/jpeg"}],"twitter_card":"summary_large_image","twitter_misc":{"Price":"1 099,00&nbsp;&#107;&#114;","Availability":"Out of stock"},"schema":{"@context":"https:\/\/schema.org","@graph":[{"@type":"WebPage","@id":"https:\/\/babylove.se\/no\/produkt\/childhome-mamma-bleievaska-off-white\/","url":"https:\/\/babylove.se\/no\/produkt\/childhome-mamma-bleievaska-off-white\/","name":"Childhome Mommy Stelleveske, Off White - Babylove Norska","isPartOf":{"@id":"https:\/\/babylove.se\/no\/#website"},"primaryImageOfPage":{"@id":"https:\/\/babylove.se\/no\/produkt\/childhome-mamma-bleievaska-off-white\/#primaryimage"},"image":{"@id":"https:\/\/babylove.se\/no\/produkt\/childhome-mamma-bleievaska-off-white\/#primaryimage"},"thumbnailUrl":"https:\/\/babylove.se\/no\/wp-content\/uploads\/sites\/3\/2025\/07\/60781dad4b746.jpeg","datePublished":"2025-07-18T22:11:18+00:00","dateModified":"2026-04-08T10:02:45+00:00","breadcrumb":{"@id":"https:\/\/babylove.se\/no\/produkt\/childhome-mamma-bleievaska-off-white\/#breadcrumb"},"inLanguage":"nb-NO","potentialAction":[{"@type":"ReadAction","target":["https:\/\/babylove.se\/no\/produkt\/childhome-mamma-bleievaska-off-white\/"]}]},{"@type":"ImageObject","inLanguage":"nb-NO","@id":"https:\/\/babylove.se\/no\/produkt\/childhome-mamma-bleievaska-off-white\/#primaryimage","url":"https:\/\/babylove.se\/no\/wp-content\/uploads\/sites\/3\/2025\/07\/60781dad4b746.jpeg","contentUrl":"https:\/\/babylove.se\/no\/wp-content\/uploads\/sites\/3\/2025\/07\/60781dad4b746.jpeg","width":700,"height":700},{"@type":"BreadcrumbList","@id":"https:\/\/babylove.se\/no\/produkt\/childhome-mamma-bleievaska-off-white\/#breadcrumb","itemListElement":[{"@type":"ListItem","position":1,"name":"Hem","item":"https:\/\/babylove.se\/no\/"},{"@type":"ListItem","position":2,"name":"Butik","item":"https:\/\/babylove.se\/no\/butik\/"},{"@type":"ListItem","position":3,"name":"Childhome Mommy Stelleveske, Off White"}]},{"@type":"WebSite","@id":"https:\/\/babylove.se\/no\/#website","url":"https:\/\/babylove.se\/no\/","name":"Babylove Norska","description":"","potentialAction":[{"@type":"SearchAction","target":{"@type":"EntryPoint","urlTemplate":"https:\/\/babylove.se\/no\/?s={search_term_string}"},"query-input":{"@type":"PropertyValueSpecification","valueRequired":true,"valueName":"search_term_string"}}],"inLanguage":"nb-NO"}]},"product_brand":"Childhome","product_price_amount":"1099.00","product_price_currency":"SEK","og_availability":"out of stock","product_availability":"out of stock","product_retailer_item_id":"CWMBBTW","product_condition":"new"},"_links":{"self":[{"href":"https:\/\/babylove.se\/no\/wp-json\/wp\/v2\/product\/24256","targetHints":{"allow":["GET"]}}],"collection":[{"href":"https:\/\/babylove.se\/no\/wp-json\/wp\/v2\/product"}],"about":[{"href":"https:\/\/babylove.se\/no\/wp-json\/wp\/v2\/types\/product"}],"replies":[{"embeddable":true,"href":"https:\/\/babylove.se\/no\/wp-json\/wp\/v2\/comments?post=24256"}],"wp:featuredmedia":[{"embeddable":true,"href":"https:\/\/babylove.se\/no\/wp-json\/wp\/v2\/media\/24258"}],"wp:attachment":[{"href":"https:\/\/babylove.se\/no\/wp-json\/wp\/v2\/media?parent=24256"}],"wp:term":[{"taxonomy":"product_brand","embeddable":true,"href":"https:\/\/babylove.se\/no\/wp-json\/wp\/v2\/product_brand?post=24256"},{"taxonomy":"product_cat","embeddable":true,"href":"https:\/\/babylove.se\/no\/wp-json\/wp\/v2\/product_cat?post=24256"},{"taxonomy":"product_tag","embeddable":true,"href":"https:\/\/babylove.se\/no\/wp-json\/wp\/v2\/product_tag?post=24256"}],"curies":[{"name":"wp","href":"https:\/\/api.w.org\/{rel}","templated":true}]}}