{"id":24265,"date":"2025-07-18T23:11:18","date_gmt":"2025-07-18T22:11:18","guid":{"rendered":"https:\/\/babylove.se\/produkt\/childhome-hushylla-kladhangare\/"},"modified":"2026-04-08T11:02:49","modified_gmt":"2026-04-08T10:02:49","slug":"childhome-hushylle-kleshenger","status":"publish","type":"product","link":"https:\/\/babylove.se\/no\/produkt\/childhome-hushylle-kleshenger\/","title":{"rendered":"Childhome, hushylle kleshenger"},"content":{"rendered":"<p>En praktisk og fin kleshenger i form av et lite hus. Heng dagens antrekk til barnet ditt eller hvorfor ikke oppbevare favorittkosedyret p\u00e5 en hylle?<\/p>\n<p>Med sine tre praktiske hyller er den perfekt ogs\u00e5 for \u00e5 oppbevare sko eller mindre gjenstander\/leker<\/p>\n<p>M\u00e5l:<span>&nbsp;<\/span>80 x 35 x 136 cm<\/p>\n<p>Designer: Childhome<\/p>\n","protected":false},"excerpt":{"rendered":"<p>En praktisk og fin kleshenger i form av et lite hus. Heng dagens antrekk til barnet ditt eller hvorfor ikke oppbevare favorittkosedyret p\u00e5 en hylle? Med sine tre praktiske hyller er den perfekt ogs\u00e5 for \u00e5 oppbevare sko eller mindre gjenstander\/leker M\u00e5l:&nbsp;80 x 35 x 136 cm Designer: Childhome<\/p>\n","protected":false},"featured_media":24267,"comment_status":"closed","ping_status":"open","template":"","meta":{"_acf_changed":false},"product_brand":[932],"product_cat":[933,87,43],"product_tag":[],"class_list":{"0":"post-24265","1":"product","2":"type-product","3":"status-publish","4":"has-post-thumbnail","6":"product_brand-childhome","7":"product_cat-childhome","8":"product_cat-hyller","9":"product_cat-oppbevaringskurver","11":"first","12":"outofstock","13":"taxable","14":"shipping-taxable","15":"purchasable","16":"product-type-simple"},"acf":[],"yoast_head":"<!-- This site is optimized with the Yoast SEO Premium plugin v25.8 (Yoast SEO v27.2) - https:\/\/yoast.com\/product\/yoast-seo-premium-wordpress\/ -->\n<title>Childhome, hushylle kleshenger - Babylove Norska<\/title>\n<meta name=\"robots\" content=\"noindex, follow, max-snippet:-1, max-image-preview:large, max-video-preview:-1\" \/>\n<meta property=\"og:locale\" content=\"nb_NO\" \/>\n<meta property=\"og:type\" content=\"article\" \/>\n<meta property=\"og:title\" content=\"Childhome, hushylle kleshenger\" \/>\n<meta property=\"og:description\" content=\"En praktisk og fin kleshenger i form av et lite hus. Heng dagens antrekk til barnet ditt eller hvorfor ikke oppbevare favorittkosedyret p\u00e5 en hylle? Med sine tre praktiske hyller er den perfekt ogs\u00e5 for \u00e5 oppbevare sko eller mindre gjenstander\/leker M\u00e5l:&nbsp;80 x 35 x 136 cm Designer: Childhome\" \/>\n<meta property=\"og:url\" content=\"https:\/\/babylove.se\/no\/produkt\/childhome-hushylle-kleshenger\/\" \/>\n<meta property=\"og:site_name\" content=\"Babylove Norska\" \/>\n<meta property=\"article:modified_time\" content=\"2026-04-08T10:02:49+00:00\" \/>\n<meta property=\"og:image\" content=\"https:\/\/babylove.se\/no\/wp-content\/uploads\/sites\/3\/2025\/07\/60781efa08234.jpeg\" \/>\n\t<meta property=\"og:image:width\" content=\"506\" \/>\n\t<meta property=\"og:image:height\" content=\"750\" \/>\n\t<meta property=\"og:image:type\" content=\"image\/jpeg\" \/>\n<meta name=\"twitter:card\" content=\"summary_large_image\" \/>\n<meta name=\"twitter:label1\" content=\"Price\" \/>\n\t<meta name=\"twitter:data1\" content=\"1 299,00&nbsp;&#107;&#114;\" \/>\n\t<meta name=\"twitter:label2\" content=\"Availability\" \/>\n\t<meta name=\"twitter:data2\" content=\"Out of stock\" \/>\n<script type=\"application\/ld+json\" class=\"yoast-schema-graph\">{\"@context\":\"https:\/\/schema.org\",\"@graph\":[{\"@type\":\"WebPage\",\"@id\":\"https:\/\/babylove.se\/no\/produkt\/childhome-hushylle-kleshenger\/\",\"url\":\"https:\/\/babylove.se\/no\/produkt\/childhome-hushylle-kleshenger\/\",\"name\":\"Childhome, hushylle kleshenger - Babylove Norska\",\"isPartOf\":{\"@id\":\"https:\/\/babylove.se\/no\/#website\"},\"primaryImageOfPage\":{\"@id\":\"https:\/\/babylove.se\/no\/produkt\/childhome-hushylle-kleshenger\/#primaryimage\"},\"image\":{\"@id\":\"https:\/\/babylove.se\/no\/produkt\/childhome-hushylle-kleshenger\/#primaryimage\"},\"thumbnailUrl\":\"https:\/\/babylove.se\/no\/wp-content\/uploads\/sites\/3\/2025\/07\/60781efa08234.jpeg\",\"datePublished\":\"2025-07-18T22:11:18+00:00\",\"dateModified\":\"2026-04-08T10:02:49+00:00\",\"breadcrumb\":{\"@id\":\"https:\/\/babylove.se\/no\/produkt\/childhome-hushylle-kleshenger\/#breadcrumb\"},\"inLanguage\":\"nb-NO\",\"potentialAction\":[{\"@type\":\"ReadAction\",\"target\":[\"https:\/\/babylove.se\/no\/produkt\/childhome-hushylle-kleshenger\/\"]}]},{\"@type\":\"ImageObject\",\"inLanguage\":\"nb-NO\",\"@id\":\"https:\/\/babylove.se\/no\/produkt\/childhome-hushylle-kleshenger\/#primaryimage\",\"url\":\"https:\/\/babylove.se\/no\/wp-content\/uploads\/sites\/3\/2025\/07\/60781efa08234.jpeg\",\"contentUrl\":\"https:\/\/babylove.se\/no\/wp-content\/uploads\/sites\/3\/2025\/07\/60781efa08234.jpeg\",\"width\":506,\"height\":750},{\"@type\":\"BreadcrumbList\",\"@id\":\"https:\/\/babylove.se\/no\/produkt\/childhome-hushylle-kleshenger\/#breadcrumb\",\"itemListElement\":[{\"@type\":\"ListItem\",\"position\":1,\"name\":\"Hem\",\"item\":\"https:\/\/babylove.se\/no\/\"},{\"@type\":\"ListItem\",\"position\":2,\"name\":\"Butik\",\"item\":\"https:\/\/babylove.se\/no\/butik\/\"},{\"@type\":\"ListItem\",\"position\":3,\"name\":\"Childhome, hushylle kleshenger\"}]},{\"@type\":\"WebSite\",\"@id\":\"https:\/\/babylove.se\/no\/#website\",\"url\":\"https:\/\/babylove.se\/no\/\",\"name\":\"Babylove Norska\",\"description\":\"\",\"potentialAction\":[{\"@type\":\"SearchAction\",\"target\":{\"@type\":\"EntryPoint\",\"urlTemplate\":\"https:\/\/babylove.se\/no\/?s={search_term_string}\"},\"query-input\":{\"@type\":\"PropertyValueSpecification\",\"valueRequired\":true,\"valueName\":\"search_term_string\"}}],\"inLanguage\":\"nb-NO\"}]}<\/script>\n<meta property=\"product:brand\" content=\"Childhome\" \/>\n<meta property=\"product:price:amount\" content=\"1299.00\" \/>\n<meta property=\"product:price:currency\" content=\"SEK\" \/>\n<meta property=\"og:availability\" content=\"out of stock\" \/>\n<meta property=\"product:availability\" content=\"out of stock\" \/>\n<meta property=\"product:retailer_item_id\" content=\"OHCN\" \/>\n<meta property=\"product:condition\" content=\"new\" \/>\n<!-- \/ Yoast SEO Premium plugin. -->","yoast_head_json":{"title":"Childhome, hushylle kleshenger - Babylove Norska","robots":{"index":"noindex","follow":"follow","max-snippet":"max-snippet:-1","max-image-preview":"max-image-preview:large","max-video-preview":"max-video-preview:-1"},"og_locale":"nb_NO","og_type":"article","og_title":"Childhome, hushylle kleshenger","og_description":"En praktisk og fin kleshenger i form av et lite hus. Heng dagens antrekk til barnet ditt eller hvorfor ikke oppbevare favorittkosedyret p\u00e5 en hylle? Med sine tre praktiske hyller er den perfekt ogs\u00e5 for \u00e5 oppbevare sko eller mindre gjenstander\/leker M\u00e5l:&nbsp;80 x 35 x 136 cm Designer: Childhome","og_url":"https:\/\/babylove.se\/no\/produkt\/childhome-hushylle-kleshenger\/","og_site_name":"Babylove Norska","article_modified_time":"2026-04-08T10:02:49+00:00","og_image":[{"width":506,"height":750,"url":"https:\/\/babylove.se\/no\/wp-content\/uploads\/sites\/3\/2025\/07\/60781efa08234.jpeg","type":"image\/jpeg"}],"twitter_card":"summary_large_image","twitter_misc":{"Price":"1 299,00&nbsp;&#107;&#114;","Availability":"Out of stock"},"schema":{"@context":"https:\/\/schema.org","@graph":[{"@type":"WebPage","@id":"https:\/\/babylove.se\/no\/produkt\/childhome-hushylle-kleshenger\/","url":"https:\/\/babylove.se\/no\/produkt\/childhome-hushylle-kleshenger\/","name":"Childhome, hushylle kleshenger - Babylove Norska","isPartOf":{"@id":"https:\/\/babylove.se\/no\/#website"},"primaryImageOfPage":{"@id":"https:\/\/babylove.se\/no\/produkt\/childhome-hushylle-kleshenger\/#primaryimage"},"image":{"@id":"https:\/\/babylove.se\/no\/produkt\/childhome-hushylle-kleshenger\/#primaryimage"},"thumbnailUrl":"https:\/\/babylove.se\/no\/wp-content\/uploads\/sites\/3\/2025\/07\/60781efa08234.jpeg","datePublished":"2025-07-18T22:11:18+00:00","dateModified":"2026-04-08T10:02:49+00:00","breadcrumb":{"@id":"https:\/\/babylove.se\/no\/produkt\/childhome-hushylle-kleshenger\/#breadcrumb"},"inLanguage":"nb-NO","potentialAction":[{"@type":"ReadAction","target":["https:\/\/babylove.se\/no\/produkt\/childhome-hushylle-kleshenger\/"]}]},{"@type":"ImageObject","inLanguage":"nb-NO","@id":"https:\/\/babylove.se\/no\/produkt\/childhome-hushylle-kleshenger\/#primaryimage","url":"https:\/\/babylove.se\/no\/wp-content\/uploads\/sites\/3\/2025\/07\/60781efa08234.jpeg","contentUrl":"https:\/\/babylove.se\/no\/wp-content\/uploads\/sites\/3\/2025\/07\/60781efa08234.jpeg","width":506,"height":750},{"@type":"BreadcrumbList","@id":"https:\/\/babylove.se\/no\/produkt\/childhome-hushylle-kleshenger\/#breadcrumb","itemListElement":[{"@type":"ListItem","position":1,"name":"Hem","item":"https:\/\/babylove.se\/no\/"},{"@type":"ListItem","position":2,"name":"Butik","item":"https:\/\/babylove.se\/no\/butik\/"},{"@type":"ListItem","position":3,"name":"Childhome, hushylle kleshenger"}]},{"@type":"WebSite","@id":"https:\/\/babylove.se\/no\/#website","url":"https:\/\/babylove.se\/no\/","name":"Babylove Norska","description":"","potentialAction":[{"@type":"SearchAction","target":{"@type":"EntryPoint","urlTemplate":"https:\/\/babylove.se\/no\/?s={search_term_string}"},"query-input":{"@type":"PropertyValueSpecification","valueRequired":true,"valueName":"search_term_string"}}],"inLanguage":"nb-NO"}]},"product_brand":"Childhome","product_price_amount":"1299.00","product_price_currency":"SEK","og_availability":"out of stock","product_availability":"out of stock","product_retailer_item_id":"OHCN","product_condition":"new"},"_links":{"self":[{"href":"https:\/\/babylove.se\/no\/wp-json\/wp\/v2\/product\/24265","targetHints":{"allow":["GET"]}}],"collection":[{"href":"https:\/\/babylove.se\/no\/wp-json\/wp\/v2\/product"}],"about":[{"href":"https:\/\/babylove.se\/no\/wp-json\/wp\/v2\/types\/product"}],"replies":[{"embeddable":true,"href":"https:\/\/babylove.se\/no\/wp-json\/wp\/v2\/comments?post=24265"}],"wp:featuredmedia":[{"embeddable":true,"href":"https:\/\/babylove.se\/no\/wp-json\/wp\/v2\/media\/24267"}],"wp:attachment":[{"href":"https:\/\/babylove.se\/no\/wp-json\/wp\/v2\/media?parent=24265"}],"wp:term":[{"taxonomy":"product_brand","embeddable":true,"href":"https:\/\/babylove.se\/no\/wp-json\/wp\/v2\/product_brand?post=24265"},{"taxonomy":"product_cat","embeddable":true,"href":"https:\/\/babylove.se\/no\/wp-json\/wp\/v2\/product_cat?post=24265"},{"taxonomy":"product_tag","embeddable":true,"href":"https:\/\/babylove.se\/no\/wp-json\/wp\/v2\/product_tag?post=24265"}],"curies":[{"name":"wp","href":"https:\/\/api.w.org\/{rel}","templated":true}]}}