{"id":24280,"date":"2025-07-18T23:11:18","date_gmt":"2025-07-18T22:11:18","guid":{"rendered":"https:\/\/babylove.se\/produkt\/gra-hussang-tipi-med-gardin-90x200\/"},"modified":"2026-04-08T11:02:55","modified_gmt":"2026-04-08T10:02:55","slug":"gra-husseng-tipi-med-gardin-90x200","status":"publish","type":"product","link":"https:\/\/babylove.se\/no\/produkt\/gra-husseng-tipi-med-gardin-90x200\/","title":{"rendered":"Gr\u00e5 husseng tipi med gardin 90&#215;200"},"content":{"rendered":"<p>Denne fine Tipiseng med gardin i smakfull men enkel design, er b\u00e5de hjemmekoselig og stilig.<br \/>Passer i de fleste hjem og smaker.<\/p>\n<p><strong>Info:&nbsp;<\/strong><\/p>\n<ul>\n<li>Ribbunn f\u00f8lger med.<\/li>\n<li>Gardin f\u00f8lger med.<\/li>\n<li>Hussengen kommer umontert men er enkel \u00e5 sette sammen.&nbsp;<\/li>\n<li>Maks belastning : 120 kg.<\/li>\n<li>\n<p>Madrass f\u00f8lger ikke med, men ta gjerne en titt i v\u00e5rt store madrassutvalg. Vi anbefaler en skummadrass med tykkelse p\u00e5 ca 10-12 cm.<\/p>\n<\/li>\n<\/ul>\n<p><strong>M\u00e5l:<\/strong><\/p>\n<ul>\n<li>Sengem\u00e5l: 90&#215;200<\/li>\n<li>H\u00f8yde: 132,5 cm&nbsp;<\/li>\n<li>Lengde: 208 cm<\/li>\n<li>Bredde: 105,5 cm<\/li>\n<\/ul>\n<p><em>Obs!&nbsp;<\/em><em>Sengen leveres umontert og b\u00f8r settes sammen i rommet den skal brukes i.<\/em><\/p>\n","protected":false},"excerpt":{"rendered":"<p>Denne fine Tipiseng med gardin i smakfull men enkel design, er b\u00e5de hjemmekoselig og stilig.Passer i de fleste hjem og smaker. Info:&nbsp; Ribbunn f\u00f8lger med. Gardin f\u00f8lger med. Hussengen kommer umontert men er enkel \u00e5 sette sammen.&nbsp; Maks belastning : 120 kg. Madrass f\u00f8lger ikke med, men ta gjerne en titt i v\u00e5rt store madrassutvalg. [&hellip;]<\/p>\n","protected":false},"featured_media":24282,"comment_status":"closed","ping_status":"open","template":"","meta":{"_acf_changed":false},"product_brand":[671],"product_cat":[672,217,269,280,40],"product_tag":[1689],"class_list":{"0":"post-24280","1":"product","2":"type-product","3":"status-publish","4":"has-post-thumbnail","6":"product_brand-homestyle4u","7":"product_cat-hm","8":"product_cat-sengesanger","9":"product_cat-juniorsenger","10":"product_cat-senger-med-rask-levering","11":"product_cat-soverom-barn","12":"product_tag-bestillingsvaror","14":"first","15":"instock","16":"taxable","17":"shipping-taxable","18":"purchasable","19":"product-type-simple"},"acf":[],"yoast_head":"<!-- This site is optimized with the Yoast SEO Premium plugin v25.8 (Yoast SEO v27.2) - https:\/\/yoast.com\/product\/yoast-seo-premium-wordpress\/ -->\n<title>Tipis\u00e4ng till barnrummet - K\u00f6p tipi s\u00e4ng h\u00e4r !<\/title>\n<meta name=\"description\" content=\"En underbart vacker barns\u00e4ng i ett fantastiskt utf\u00f6rande, inspirerad av tipit\u00e4lt. Klarna faktura &amp; Fri Frakt ! K\u00f6p den h\u00e4r ! V\u00e4lkommen till Babylove.se\" \/>\n<meta name=\"robots\" content=\"noindex, follow, max-snippet:-1, max-image-preview:large, max-video-preview:-1\" \/>\n<meta property=\"og:locale\" content=\"nb_NO\" \/>\n<meta property=\"og:type\" content=\"article\" \/>\n<meta property=\"og:title\" content=\"Gr\u00e5 husseng tipi med gardin 90x200\" \/>\n<meta property=\"og:description\" content=\"En underbart vacker barns\u00e4ng i ett fantastiskt utf\u00f6rande, inspirerad av tipit\u00e4lt. Klarna faktura &amp; Fri Frakt ! K\u00f6p den h\u00e4r ! V\u00e4lkommen till Babylove.se\" \/>\n<meta property=\"og:url\" content=\"https:\/\/babylove.se\/no\/produkt\/gra-husseng-tipi-med-gardin-90x200\/\" \/>\n<meta property=\"og:site_name\" content=\"Babylove Norska\" \/>\n<meta property=\"article:modified_time\" content=\"2026-04-08T10:02:55+00:00\" \/>\n<meta property=\"og:image\" content=\"https:\/\/babylove.se\/no\/wp-content\/uploads\/sites\/3\/2025\/07\/6079327b26a7f.png\" \/>\n\t<meta property=\"og:image:width\" content=\"750\" \/>\n\t<meta property=\"og:image:height\" content=\"710\" \/>\n\t<meta property=\"og:image:type\" content=\"image\/png\" \/>\n<meta name=\"twitter:card\" content=\"summary_large_image\" \/>\n<meta name=\"twitter:label1\" content=\"Price\" \/>\n\t<meta name=\"twitter:data1\" content=\"2 599,00&nbsp;&#107;&#114;\" \/>\n\t<meta name=\"twitter:label2\" content=\"Availability\" \/>\n\t<meta name=\"twitter:data2\" content=\"In stock\" \/>\n<script type=\"application\/ld+json\" class=\"yoast-schema-graph\">{\"@context\":\"https:\/\/schema.org\",\"@graph\":[{\"@type\":\"WebPage\",\"@id\":\"https:\/\/babylove.se\/no\/produkt\/gra-husseng-tipi-med-gardin-90x200\/\",\"url\":\"https:\/\/babylove.se\/no\/produkt\/gra-husseng-tipi-med-gardin-90x200\/\",\"name\":\"Tipis\u00e4ng till barnrummet - K\u00f6p tipi s\u00e4ng h\u00e4r !\",\"isPartOf\":{\"@id\":\"https:\/\/babylove.se\/no\/#website\"},\"primaryImageOfPage\":{\"@id\":\"https:\/\/babylove.se\/no\/produkt\/gra-husseng-tipi-med-gardin-90x200\/#primaryimage\"},\"image\":{\"@id\":\"https:\/\/babylove.se\/no\/produkt\/gra-husseng-tipi-med-gardin-90x200\/#primaryimage\"},\"thumbnailUrl\":\"https:\/\/babylove.se\/no\/wp-content\/uploads\/sites\/3\/2025\/07\/6079327b26a7f.png\",\"datePublished\":\"2025-07-18T22:11:18+00:00\",\"dateModified\":\"2026-04-08T10:02:55+00:00\",\"description\":\"En underbart vacker barns\u00e4ng i ett fantastiskt utf\u00f6rande, inspirerad av tipit\u00e4lt. Klarna faktura & Fri Frakt ! K\u00f6p den h\u00e4r ! V\u00e4lkommen till Babylove.se\",\"breadcrumb\":{\"@id\":\"https:\/\/babylove.se\/no\/produkt\/gra-husseng-tipi-med-gardin-90x200\/#breadcrumb\"},\"inLanguage\":\"nb-NO\",\"potentialAction\":[{\"@type\":\"ReadAction\",\"target\":[\"https:\/\/babylove.se\/no\/produkt\/gra-husseng-tipi-med-gardin-90x200\/\"]}]},{\"@type\":\"ImageObject\",\"inLanguage\":\"nb-NO\",\"@id\":\"https:\/\/babylove.se\/no\/produkt\/gra-husseng-tipi-med-gardin-90x200\/#primaryimage\",\"url\":\"https:\/\/babylove.se\/no\/wp-content\/uploads\/sites\/3\/2025\/07\/6079327b26a7f.png\",\"contentUrl\":\"https:\/\/babylove.se\/no\/wp-content\/uploads\/sites\/3\/2025\/07\/6079327b26a7f.png\",\"width\":750,\"height\":710},{\"@type\":\"BreadcrumbList\",\"@id\":\"https:\/\/babylove.se\/no\/produkt\/gra-husseng-tipi-med-gardin-90x200\/#breadcrumb\",\"itemListElement\":[{\"@type\":\"ListItem\",\"position\":1,\"name\":\"Hem\",\"item\":\"https:\/\/babylove.se\/no\/\"},{\"@type\":\"ListItem\",\"position\":2,\"name\":\"Butik\",\"item\":\"https:\/\/babylove.se\/no\/butik\/\"},{\"@type\":\"ListItem\",\"position\":3,\"name\":\"Gr\u00e5 husseng tipi med gardin 90&#215;200\"}]},{\"@type\":\"WebSite\",\"@id\":\"https:\/\/babylove.se\/no\/#website\",\"url\":\"https:\/\/babylove.se\/no\/\",\"name\":\"Babylove Norska\",\"description\":\"\",\"potentialAction\":[{\"@type\":\"SearchAction\",\"target\":{\"@type\":\"EntryPoint\",\"urlTemplate\":\"https:\/\/babylove.se\/no\/?s={search_term_string}\"},\"query-input\":{\"@type\":\"PropertyValueSpecification\",\"valueRequired\":true,\"valueName\":\"search_term_string\"}}],\"inLanguage\":\"nb-NO\"}]}<\/script>\n<meta property=\"product:brand\" content=\"Homestyle4u\" \/>\n<meta property=\"product:price:amount\" content=\"2599.00\" \/>\n<meta property=\"product:price:currency\" content=\"SEK\" \/>\n<meta property=\"og:availability\" content=\"instock\" \/>\n<meta property=\"product:availability\" content=\"instock\" \/>\n<meta property=\"product:retailer_item_id\" content=\"1967gr\u00e5\" \/>\n<meta property=\"product:condition\" content=\"new\" \/>\n<!-- \/ Yoast SEO Premium plugin. -->","yoast_head_json":{"title":"Tipis\u00e4ng till barnrummet - K\u00f6p tipi s\u00e4ng h\u00e4r !","description":"En underbart vacker barns\u00e4ng i ett fantastiskt utf\u00f6rande, inspirerad av tipit\u00e4lt. Klarna faktura & Fri Frakt ! K\u00f6p den h\u00e4r ! V\u00e4lkommen till Babylove.se","robots":{"index":"noindex","follow":"follow","max-snippet":"max-snippet:-1","max-image-preview":"max-image-preview:large","max-video-preview":"max-video-preview:-1"},"og_locale":"nb_NO","og_type":"article","og_title":"Gr\u00e5 husseng tipi med gardin 90x200","og_description":"En underbart vacker barns\u00e4ng i ett fantastiskt utf\u00f6rande, inspirerad av tipit\u00e4lt. Klarna faktura & Fri Frakt ! K\u00f6p den h\u00e4r ! V\u00e4lkommen till Babylove.se","og_url":"https:\/\/babylove.se\/no\/produkt\/gra-husseng-tipi-med-gardin-90x200\/","og_site_name":"Babylove Norska","article_modified_time":"2026-04-08T10:02:55+00:00","og_image":[{"width":750,"height":710,"url":"https:\/\/babylove.se\/no\/wp-content\/uploads\/sites\/3\/2025\/07\/6079327b26a7f.png","type":"image\/png"}],"twitter_card":"summary_large_image","twitter_misc":{"Price":"2 599,00&nbsp;&#107;&#114;","Availability":"In stock"},"schema":{"@context":"https:\/\/schema.org","@graph":[{"@type":"WebPage","@id":"https:\/\/babylove.se\/no\/produkt\/gra-husseng-tipi-med-gardin-90x200\/","url":"https:\/\/babylove.se\/no\/produkt\/gra-husseng-tipi-med-gardin-90x200\/","name":"Tipis\u00e4ng till barnrummet - K\u00f6p tipi s\u00e4ng h\u00e4r !","isPartOf":{"@id":"https:\/\/babylove.se\/no\/#website"},"primaryImageOfPage":{"@id":"https:\/\/babylove.se\/no\/produkt\/gra-husseng-tipi-med-gardin-90x200\/#primaryimage"},"image":{"@id":"https:\/\/babylove.se\/no\/produkt\/gra-husseng-tipi-med-gardin-90x200\/#primaryimage"},"thumbnailUrl":"https:\/\/babylove.se\/no\/wp-content\/uploads\/sites\/3\/2025\/07\/6079327b26a7f.png","datePublished":"2025-07-18T22:11:18+00:00","dateModified":"2026-04-08T10:02:55+00:00","description":"En underbart vacker barns\u00e4ng i ett fantastiskt utf\u00f6rande, inspirerad av tipit\u00e4lt. Klarna faktura & Fri Frakt ! K\u00f6p den h\u00e4r ! V\u00e4lkommen till Babylove.se","breadcrumb":{"@id":"https:\/\/babylove.se\/no\/produkt\/gra-husseng-tipi-med-gardin-90x200\/#breadcrumb"},"inLanguage":"nb-NO","potentialAction":[{"@type":"ReadAction","target":["https:\/\/babylove.se\/no\/produkt\/gra-husseng-tipi-med-gardin-90x200\/"]}]},{"@type":"ImageObject","inLanguage":"nb-NO","@id":"https:\/\/babylove.se\/no\/produkt\/gra-husseng-tipi-med-gardin-90x200\/#primaryimage","url":"https:\/\/babylove.se\/no\/wp-content\/uploads\/sites\/3\/2025\/07\/6079327b26a7f.png","contentUrl":"https:\/\/babylove.se\/no\/wp-content\/uploads\/sites\/3\/2025\/07\/6079327b26a7f.png","width":750,"height":710},{"@type":"BreadcrumbList","@id":"https:\/\/babylove.se\/no\/produkt\/gra-husseng-tipi-med-gardin-90x200\/#breadcrumb","itemListElement":[{"@type":"ListItem","position":1,"name":"Hem","item":"https:\/\/babylove.se\/no\/"},{"@type":"ListItem","position":2,"name":"Butik","item":"https:\/\/babylove.se\/no\/butik\/"},{"@type":"ListItem","position":3,"name":"Gr\u00e5 husseng tipi med gardin 90&#215;200"}]},{"@type":"WebSite","@id":"https:\/\/babylove.se\/no\/#website","url":"https:\/\/babylove.se\/no\/","name":"Babylove Norska","description":"","potentialAction":[{"@type":"SearchAction","target":{"@type":"EntryPoint","urlTemplate":"https:\/\/babylove.se\/no\/?s={search_term_string}"},"query-input":{"@type":"PropertyValueSpecification","valueRequired":true,"valueName":"search_term_string"}}],"inLanguage":"nb-NO"}]},"product_brand":"Homestyle4u","product_price_amount":"2599.00","product_price_currency":"SEK","og_availability":"instock","product_availability":"instock","product_retailer_item_id":"1967gr\u00e5","product_condition":"new"},"_links":{"self":[{"href":"https:\/\/babylove.se\/no\/wp-json\/wp\/v2\/product\/24280","targetHints":{"allow":["GET"]}}],"collection":[{"href":"https:\/\/babylove.se\/no\/wp-json\/wp\/v2\/product"}],"about":[{"href":"https:\/\/babylove.se\/no\/wp-json\/wp\/v2\/types\/product"}],"replies":[{"embeddable":true,"href":"https:\/\/babylove.se\/no\/wp-json\/wp\/v2\/comments?post=24280"}],"wp:featuredmedia":[{"embeddable":true,"href":"https:\/\/babylove.se\/no\/wp-json\/wp\/v2\/media\/24282"}],"wp:attachment":[{"href":"https:\/\/babylove.se\/no\/wp-json\/wp\/v2\/media?parent=24280"}],"wp:term":[{"taxonomy":"product_brand","embeddable":true,"href":"https:\/\/babylove.se\/no\/wp-json\/wp\/v2\/product_brand?post=24280"},{"taxonomy":"product_cat","embeddable":true,"href":"https:\/\/babylove.se\/no\/wp-json\/wp\/v2\/product_cat?post=24280"},{"taxonomy":"product_tag","embeddable":true,"href":"https:\/\/babylove.se\/no\/wp-json\/wp\/v2\/product_tag?post=24280"}],"curies":[{"name":"wp","href":"https:\/\/api.w.org\/{rel}","templated":true}]}}