{"id":24334,"date":"2025-07-18T23:12:10","date_gmt":"2025-07-18T22:12:10","guid":{"rendered":"https:\/\/babylove.se\/produkt\/spinkie-baby-sanghimmel-dreamy-white\/"},"modified":"2026-04-08T11:03:29","modified_gmt":"2026-04-08T10:03:29","slug":"spinkie-baby-sanghimmel-dreamy-white","status":"publish","type":"product","link":"https:\/\/babylove.se\/no\/produkt\/spinkie-baby-sanghimmel-dreamy-white\/","title":{"rendered":"Spinkie Baby, sengehimmel Dreamy White Gold"},"content":{"rendered":"<p>En meget sjarmerende og vakker sengehimmel laget av Spinkie Baby . I hvert rom som denne brukes vil en eventyrstemning spre seg. Perfekt for \u00e5 innrede barnerommet<strong>&nbsp;<\/strong>p\u00e5 en god m\u00e5te. &nbsp;<\/p>\n<p>For \u00e5 montere sengehimmelen trenger man bare en liten krok som man fester i taket og s\u00e5 henger opp sengehimmelen p\u00e5 den.<\/p>\n<p>Til alle v\u00e5re sengehimler sender vi med en fin lysslynge inkludert i prisen. Dette for at du skal kunne gj\u00f8re barnekroken din enda mer koselig og sjarmerende. Lysslyngen drives av to A batterier.<\/p>\n<p><strong>M\u00e5l<\/strong>: H\u00f8yde: 240 cm. Diameter: 65 cm.<\/p>\n<p>Materiale: Polyester<\/p>\n<p>Designer: <a href=\"https:\/\/babylove.se\/varumarken\/spinkie-baby\">Spinkie Baby<\/a><\/p>\n","protected":false},"excerpt":{"rendered":"<p>En meget sjarmerende og vakker sengehimmel laget av Spinkie Baby . I hvert rom som denne brukes vil en eventyrstemning spre seg. Perfekt for \u00e5 innrede barnerommet&nbsp;p\u00e5 en god m\u00e5te. &nbsp; For \u00e5 montere sengehimmelen trenger man bare en liten krok som man fester i taket og s\u00e5 henger opp sengehimmelen p\u00e5 den. Til alle [&hellip;]<\/p>\n","protected":false},"featured_media":24336,"comment_status":"closed","ping_status":"open","template":"","meta":{"_acf_changed":false},"product_brand":[935],"product_cat":[120,936],"product_tag":[],"class_list":{"0":"post-24334","1":"product","2":"type-product","3":"status-publish","4":"has-post-thumbnail","6":"product_brand-spinkie-baby","7":"product_cat-sanghimmel","8":"product_cat-spinkie-baby","10":"first","11":"outofstock","12":"taxable","13":"shipping-taxable","14":"purchasable","15":"product-type-simple"},"acf":[],"yoast_head":"<!-- This site is optimized with the Yoast SEO Premium plugin v25.8 (Yoast SEO v27.2) - https:\/\/yoast.com\/product\/yoast-seo-premium-wordpress\/ -->\n<title>Spinkie Baby, sengehimmel Dreamy White Gold - Babylove Norska<\/title>\n<meta name=\"robots\" content=\"noindex, follow, max-snippet:-1, max-image-preview:large, max-video-preview:-1\" \/>\n<meta property=\"og:locale\" content=\"nb_NO\" \/>\n<meta property=\"og:type\" content=\"article\" \/>\n<meta property=\"og:title\" content=\"Spinkie Baby, sengehimmel Dreamy White Gold\" \/>\n<meta property=\"og:description\" content=\"En meget sjarmerende og vakker sengehimmel laget av Spinkie Baby . I hvert rom som denne brukes vil en eventyrstemning spre seg. Perfekt for \u00e5 innrede barnerommet&nbsp;p\u00e5 en god m\u00e5te. &nbsp; For \u00e5 montere sengehimmelen trenger man bare en liten krok som man fester i taket og s\u00e5 henger opp sengehimmelen p\u00e5 den. Til alle [&hellip;]\" \/>\n<meta property=\"og:url\" content=\"https:\/\/babylove.se\/no\/produkt\/spinkie-baby-sanghimmel-dreamy-white\/\" \/>\n<meta property=\"og:site_name\" content=\"Babylove Norska\" \/>\n<meta property=\"article:modified_time\" content=\"2026-04-08T10:03:29+00:00\" \/>\n<meta property=\"og:image\" content=\"https:\/\/babylove.se\/no\/wp-content\/uploads\/sites\/3\/2025\/07\/623dd59a35f6c.jpeg\" \/>\n\t<meta property=\"og:image:width\" content=\"1080\" \/>\n\t<meta property=\"og:image:height\" content=\"1080\" \/>\n\t<meta property=\"og:image:type\" content=\"image\/webp\" \/>\n<meta name=\"twitter:card\" content=\"summary_large_image\" \/>\n<meta name=\"twitter:label1\" content=\"Price\" \/>\n\t<meta name=\"twitter:data1\" content=\"1 799,00&nbsp;&#107;&#114;\" \/>\n\t<meta name=\"twitter:label2\" content=\"Availability\" \/>\n\t<meta name=\"twitter:data2\" content=\"Out of stock\" \/>\n<script type=\"application\/ld+json\" class=\"yoast-schema-graph\">{\"@context\":\"https:\/\/schema.org\",\"@graph\":[{\"@type\":\"WebPage\",\"@id\":\"https:\/\/babylove.se\/no\/produkt\/spinkie-baby-sanghimmel-dreamy-white\/\",\"url\":\"https:\/\/babylove.se\/no\/produkt\/spinkie-baby-sanghimmel-dreamy-white\/\",\"name\":\"Spinkie Baby, sengehimmel Dreamy White Gold - Babylove Norska\",\"isPartOf\":{\"@id\":\"https:\/\/babylove.se\/no\/#website\"},\"primaryImageOfPage\":{\"@id\":\"https:\/\/babylove.se\/no\/produkt\/spinkie-baby-sanghimmel-dreamy-white\/#primaryimage\"},\"image\":{\"@id\":\"https:\/\/babylove.se\/no\/produkt\/spinkie-baby-sanghimmel-dreamy-white\/#primaryimage\"},\"thumbnailUrl\":\"https:\/\/babylove.se\/no\/wp-content\/uploads\/sites\/3\/2025\/07\/623dd59a35f6c.jpeg\",\"datePublished\":\"2025-07-18T22:12:10+00:00\",\"dateModified\":\"2026-04-08T10:03:29+00:00\",\"breadcrumb\":{\"@id\":\"https:\/\/babylove.se\/no\/produkt\/spinkie-baby-sanghimmel-dreamy-white\/#breadcrumb\"},\"inLanguage\":\"nb-NO\",\"potentialAction\":[{\"@type\":\"ReadAction\",\"target\":[\"https:\/\/babylove.se\/no\/produkt\/spinkie-baby-sanghimmel-dreamy-white\/\"]}]},{\"@type\":\"ImageObject\",\"inLanguage\":\"nb-NO\",\"@id\":\"https:\/\/babylove.se\/no\/produkt\/spinkie-baby-sanghimmel-dreamy-white\/#primaryimage\",\"url\":\"https:\/\/babylove.se\/no\/wp-content\/uploads\/sites\/3\/2025\/07\/623dd59a35f6c.jpeg\",\"contentUrl\":\"https:\/\/babylove.se\/no\/wp-content\/uploads\/sites\/3\/2025\/07\/623dd59a35f6c.jpeg\",\"width\":1080,\"height\":1080},{\"@type\":\"BreadcrumbList\",\"@id\":\"https:\/\/babylove.se\/no\/produkt\/spinkie-baby-sanghimmel-dreamy-white\/#breadcrumb\",\"itemListElement\":[{\"@type\":\"ListItem\",\"position\":1,\"name\":\"Hem\",\"item\":\"https:\/\/babylove.se\/no\/\"},{\"@type\":\"ListItem\",\"position\":2,\"name\":\"Butik\",\"item\":\"https:\/\/babylove.se\/no\/butik\/\"},{\"@type\":\"ListItem\",\"position\":3,\"name\":\"Spinkie Baby, sengehimmel Dreamy White Gold\"}]},{\"@type\":\"WebSite\",\"@id\":\"https:\/\/babylove.se\/no\/#website\",\"url\":\"https:\/\/babylove.se\/no\/\",\"name\":\"Babylove Norska\",\"description\":\"\",\"potentialAction\":[{\"@type\":\"SearchAction\",\"target\":{\"@type\":\"EntryPoint\",\"urlTemplate\":\"https:\/\/babylove.se\/no\/?s={search_term_string}\"},\"query-input\":{\"@type\":\"PropertyValueSpecification\",\"valueRequired\":true,\"valueName\":\"search_term_string\"}}],\"inLanguage\":\"nb-NO\"}]}<\/script>\n<meta property=\"product:brand\" content=\"Spinkie Baby\" \/>\n<meta property=\"product:price:amount\" content=\"1799.00\" \/>\n<meta property=\"product:price:currency\" content=\"SEK\" \/>\n<meta property=\"og:availability\" content=\"out of stock\" \/>\n<meta property=\"product:availability\" content=\"out of stock\" \/>\n<meta property=\"product:retailer_item_id\" content=\"SBDRC003G\" \/>\n<meta property=\"product:condition\" content=\"new\" \/>\n<!-- \/ Yoast SEO Premium plugin. -->","yoast_head_json":{"title":"Spinkie Baby, sengehimmel Dreamy White Gold - Babylove Norska","robots":{"index":"noindex","follow":"follow","max-snippet":"max-snippet:-1","max-image-preview":"max-image-preview:large","max-video-preview":"max-video-preview:-1"},"og_locale":"nb_NO","og_type":"article","og_title":"Spinkie Baby, sengehimmel Dreamy White Gold","og_description":"En meget sjarmerende og vakker sengehimmel laget av Spinkie Baby . I hvert rom som denne brukes vil en eventyrstemning spre seg. Perfekt for \u00e5 innrede barnerommet&nbsp;p\u00e5 en god m\u00e5te. &nbsp; For \u00e5 montere sengehimmelen trenger man bare en liten krok som man fester i taket og s\u00e5 henger opp sengehimmelen p\u00e5 den. Til alle [&hellip;]","og_url":"https:\/\/babylove.se\/no\/produkt\/spinkie-baby-sanghimmel-dreamy-white\/","og_site_name":"Babylove Norska","article_modified_time":"2026-04-08T10:03:29+00:00","og_image":[{"width":1080,"height":1080,"url":"https:\/\/babylove.se\/no\/wp-content\/uploads\/sites\/3\/2025\/07\/623dd59a35f6c.jpeg","type":"image\/webp"}],"twitter_card":"summary_large_image","twitter_misc":{"Price":"1 799,00&nbsp;&#107;&#114;","Availability":"Out of stock"},"schema":{"@context":"https:\/\/schema.org","@graph":[{"@type":"WebPage","@id":"https:\/\/babylove.se\/no\/produkt\/spinkie-baby-sanghimmel-dreamy-white\/","url":"https:\/\/babylove.se\/no\/produkt\/spinkie-baby-sanghimmel-dreamy-white\/","name":"Spinkie Baby, sengehimmel Dreamy White Gold - Babylove Norska","isPartOf":{"@id":"https:\/\/babylove.se\/no\/#website"},"primaryImageOfPage":{"@id":"https:\/\/babylove.se\/no\/produkt\/spinkie-baby-sanghimmel-dreamy-white\/#primaryimage"},"image":{"@id":"https:\/\/babylove.se\/no\/produkt\/spinkie-baby-sanghimmel-dreamy-white\/#primaryimage"},"thumbnailUrl":"https:\/\/babylove.se\/no\/wp-content\/uploads\/sites\/3\/2025\/07\/623dd59a35f6c.jpeg","datePublished":"2025-07-18T22:12:10+00:00","dateModified":"2026-04-08T10:03:29+00:00","breadcrumb":{"@id":"https:\/\/babylove.se\/no\/produkt\/spinkie-baby-sanghimmel-dreamy-white\/#breadcrumb"},"inLanguage":"nb-NO","potentialAction":[{"@type":"ReadAction","target":["https:\/\/babylove.se\/no\/produkt\/spinkie-baby-sanghimmel-dreamy-white\/"]}]},{"@type":"ImageObject","inLanguage":"nb-NO","@id":"https:\/\/babylove.se\/no\/produkt\/spinkie-baby-sanghimmel-dreamy-white\/#primaryimage","url":"https:\/\/babylove.se\/no\/wp-content\/uploads\/sites\/3\/2025\/07\/623dd59a35f6c.jpeg","contentUrl":"https:\/\/babylove.se\/no\/wp-content\/uploads\/sites\/3\/2025\/07\/623dd59a35f6c.jpeg","width":1080,"height":1080},{"@type":"BreadcrumbList","@id":"https:\/\/babylove.se\/no\/produkt\/spinkie-baby-sanghimmel-dreamy-white\/#breadcrumb","itemListElement":[{"@type":"ListItem","position":1,"name":"Hem","item":"https:\/\/babylove.se\/no\/"},{"@type":"ListItem","position":2,"name":"Butik","item":"https:\/\/babylove.se\/no\/butik\/"},{"@type":"ListItem","position":3,"name":"Spinkie Baby, sengehimmel Dreamy White Gold"}]},{"@type":"WebSite","@id":"https:\/\/babylove.se\/no\/#website","url":"https:\/\/babylove.se\/no\/","name":"Babylove Norska","description":"","potentialAction":[{"@type":"SearchAction","target":{"@type":"EntryPoint","urlTemplate":"https:\/\/babylove.se\/no\/?s={search_term_string}"},"query-input":{"@type":"PropertyValueSpecification","valueRequired":true,"valueName":"search_term_string"}}],"inLanguage":"nb-NO"}]},"product_brand":"Spinkie Baby","product_price_amount":"1799.00","product_price_currency":"SEK","og_availability":"out of stock","product_availability":"out of stock","product_retailer_item_id":"SBDRC003G","product_condition":"new"},"_links":{"self":[{"href":"https:\/\/babylove.se\/no\/wp-json\/wp\/v2\/product\/24334","targetHints":{"allow":["GET"]}}],"collection":[{"href":"https:\/\/babylove.se\/no\/wp-json\/wp\/v2\/product"}],"about":[{"href":"https:\/\/babylove.se\/no\/wp-json\/wp\/v2\/types\/product"}],"replies":[{"embeddable":true,"href":"https:\/\/babylove.se\/no\/wp-json\/wp\/v2\/comments?post=24334"}],"wp:featuredmedia":[{"embeddable":true,"href":"https:\/\/babylove.se\/no\/wp-json\/wp\/v2\/media\/24336"}],"wp:attachment":[{"href":"https:\/\/babylove.se\/no\/wp-json\/wp\/v2\/media?parent=24334"}],"wp:term":[{"taxonomy":"product_brand","embeddable":true,"href":"https:\/\/babylove.se\/no\/wp-json\/wp\/v2\/product_brand?post=24334"},{"taxonomy":"product_cat","embeddable":true,"href":"https:\/\/babylove.se\/no\/wp-json\/wp\/v2\/product_cat?post=24334"},{"taxonomy":"product_tag","embeddable":true,"href":"https:\/\/babylove.se\/no\/wp-json\/wp\/v2\/product_tag?post=24334"}],"curies":[{"name":"wp","href":"https:\/\/api.w.org\/{rel}","templated":true}]}}