{"id":24361,"date":"2025-07-18T23:12:10","date_gmt":"2025-07-18T22:12:10","guid":{"rendered":"https:\/\/babylove.se\/produkt\/maileg-lekhage-playpen-micro\/"},"modified":"2026-04-08T11:03:43","modified_gmt":"2026-04-08T10:03:43","slug":"maileg-lekhage-playpen-micro","status":"publish","type":"product","link":"https:\/\/babylove.se\/no\/produkt\/maileg-lekhage-playpen-micro\/","title":{"rendered":"Maileg, Lekegrind Playpen micro"},"content":{"rendered":"<p>Selvf\u00f8lgelig m\u00e5 man ha en liten fin lekegrind til sine sm\u00e5 p\u00e5 barnerommet. Passer perfekt til dukkehuset, eller hvor man n\u00e5 velger \u00e5 ha den. \\n \\nUtrolig detaljrik produkt som er helt h\u00e5ndlaget av det popul\u00e6re firmaet Maileg. \\n \\nM\u00e5l: H\u00f8yde 8 cm \\nAlder: Fra 3 \u00e5r. \\nMateriale: Metall. \\n \\nDesigner: <a href=\"https:\/\/babylove.se\/varumarken\/maileg\">Maileg<\/a><\/p>\n","protected":false},"excerpt":{"rendered":"<p>Selvf\u00f8lgelig m\u00e5 man ha en liten fin lekegrind til sine sm\u00e5 p\u00e5 barnerommet. Passer perfekt til dukkehuset, eller hvor man n\u00e5 velger \u00e5 ha den. \\n \\nUtrolig detaljrik produkt som er helt h\u00e5ndlaget av det popul\u00e6re firmaet Maileg. \\n \\nM\u00e5l: H\u00f8yde 8 cm \\nAlder: Fra 3 \u00e5r. \\nMateriale: Metall. \\n \\nDesigner: Maileg<\/p>\n","protected":false},"featured_media":24363,"comment_status":"closed","ping_status":"closed","template":"","meta":{"_acf_changed":false},"product_brand":[662],"product_cat":[182,68,663],"product_tag":[],"class_list":{"0":"post-24361","1":"product","2":"type-product","3":"status-publish","4":"has-post-thumbnail","6":"product_brand-maileg","7":"product_cat-dockhusmobler","8":"product_cat-leker","9":"product_cat-maileg","11":"first","12":"instock","13":"taxable","14":"shipping-taxable","15":"purchasable","16":"product-type-simple"},"acf":[],"yoast_head":"<!-- This site is optimized with the Yoast SEO Premium plugin v25.8 (Yoast SEO v27.2) - https:\/\/yoast.com\/product\/yoast-seo-premium-wordpress\/ -->\n<title>Maileg, Lekegrind Playpen micro - Babylove Norska<\/title>\n<meta name=\"robots\" content=\"noindex, follow, max-snippet:-1, max-image-preview:large, max-video-preview:-1\" \/>\n<meta property=\"og:locale\" content=\"nb_NO\" \/>\n<meta property=\"og:type\" content=\"article\" \/>\n<meta property=\"og:title\" content=\"Maileg, Lekegrind Playpen micro\" \/>\n<meta property=\"og:description\" content=\"Selvf\u00f8lgelig m\u00e5 man ha en liten fin lekegrind til sine sm\u00e5 p\u00e5 barnerommet. Passer perfekt til dukkehuset, eller hvor man n\u00e5 velger \u00e5 ha den. n nUtrolig detaljrik produkt som er helt h\u00e5ndlaget av det popul\u00e6re firmaet Maileg. n nM\u00e5l: H\u00f8yde 8 cm nAlder: Fra 3 \u00e5r. nMateriale: Metall. n nDesigner: Maileg\" \/>\n<meta property=\"og:url\" content=\"https:\/\/babylove.se\/no\/produkt\/maileg-lekhage-playpen-micro\/\" \/>\n<meta property=\"og:site_name\" content=\"Babylove Norska\" \/>\n<meta property=\"article:modified_time\" content=\"2026-04-08T10:03:43+00:00\" \/>\n<meta property=\"og:image\" content=\"https:\/\/babylove.se\/no\/wp-content\/uploads\/sites\/3\/2025\/07\/607eb5aaad540.jpeg\" \/>\n\t<meta property=\"og:image:width\" content=\"460\" \/>\n\t<meta property=\"og:image:height\" content=\"383\" \/>\n\t<meta property=\"og:image:type\" content=\"image\/jpeg\" \/>\n<meta name=\"twitter:card\" content=\"summary_large_image\" \/>\n<meta name=\"twitter:label1\" content=\"Price\" \/>\n\t<meta name=\"twitter:data1\" content=\"239,00&nbsp;&#107;&#114;\" \/>\n\t<meta name=\"twitter:label2\" content=\"Availability\" \/>\n\t<meta name=\"twitter:data2\" content=\"In stock\" \/>\n<script type=\"application\/ld+json\" class=\"yoast-schema-graph\">{\"@context\":\"https:\/\/schema.org\",\"@graph\":[{\"@type\":\"WebPage\",\"@id\":\"https:\/\/babylove.se\/no\/produkt\/maileg-lekhage-playpen-micro\/\",\"url\":\"https:\/\/babylove.se\/no\/produkt\/maileg-lekhage-playpen-micro\/\",\"name\":\"Maileg, Lekegrind Playpen micro - Babylove Norska\",\"isPartOf\":{\"@id\":\"https:\/\/babylove.se\/no\/#website\"},\"primaryImageOfPage\":{\"@id\":\"https:\/\/babylove.se\/no\/produkt\/maileg-lekhage-playpen-micro\/#primaryimage\"},\"image\":{\"@id\":\"https:\/\/babylove.se\/no\/produkt\/maileg-lekhage-playpen-micro\/#primaryimage\"},\"thumbnailUrl\":\"https:\/\/babylove.se\/no\/wp-content\/uploads\/sites\/3\/2025\/07\/607eb5aaad540.jpeg\",\"datePublished\":\"2025-07-18T22:12:10+00:00\",\"dateModified\":\"2026-04-08T10:03:43+00:00\",\"breadcrumb\":{\"@id\":\"https:\/\/babylove.se\/no\/produkt\/maileg-lekhage-playpen-micro\/#breadcrumb\"},\"inLanguage\":\"nb-NO\",\"potentialAction\":[{\"@type\":\"ReadAction\",\"target\":[\"https:\/\/babylove.se\/no\/produkt\/maileg-lekhage-playpen-micro\/\"]}]},{\"@type\":\"ImageObject\",\"inLanguage\":\"nb-NO\",\"@id\":\"https:\/\/babylove.se\/no\/produkt\/maileg-lekhage-playpen-micro\/#primaryimage\",\"url\":\"https:\/\/babylove.se\/no\/wp-content\/uploads\/sites\/3\/2025\/07\/607eb5aaad540.jpeg\",\"contentUrl\":\"https:\/\/babylove.se\/no\/wp-content\/uploads\/sites\/3\/2025\/07\/607eb5aaad540.jpeg\",\"width\":460,\"height\":383},{\"@type\":\"BreadcrumbList\",\"@id\":\"https:\/\/babylove.se\/no\/produkt\/maileg-lekhage-playpen-micro\/#breadcrumb\",\"itemListElement\":[{\"@type\":\"ListItem\",\"position\":1,\"name\":\"Hem\",\"item\":\"https:\/\/babylove.se\/no\/\"},{\"@type\":\"ListItem\",\"position\":2,\"name\":\"Butik\",\"item\":\"https:\/\/babylove.se\/no\/butik\/\"},{\"@type\":\"ListItem\",\"position\":3,\"name\":\"Maileg, Lekegrind Playpen micro\"}]},{\"@type\":\"WebSite\",\"@id\":\"https:\/\/babylove.se\/no\/#website\",\"url\":\"https:\/\/babylove.se\/no\/\",\"name\":\"Babylove Norska\",\"description\":\"\",\"potentialAction\":[{\"@type\":\"SearchAction\",\"target\":{\"@type\":\"EntryPoint\",\"urlTemplate\":\"https:\/\/babylove.se\/no\/?s={search_term_string}\"},\"query-input\":{\"@type\":\"PropertyValueSpecification\",\"valueRequired\":true,\"valueName\":\"search_term_string\"}}],\"inLanguage\":\"nb-NO\"}]}<\/script>\n<meta property=\"product:brand\" content=\"Maileg\" \/>\n<meta property=\"product:price:amount\" content=\"239.00\" \/>\n<meta property=\"product:price:currency\" content=\"SEK\" \/>\n<meta property=\"og:availability\" content=\"instock\" \/>\n<meta property=\"product:availability\" content=\"instock\" \/>\n<meta property=\"product:retailer_item_id\" content=\"11-1102-00\" \/>\n<meta property=\"product:condition\" content=\"new\" \/>\n<!-- \/ Yoast SEO Premium plugin. -->","yoast_head_json":{"title":"Maileg, Lekegrind Playpen micro - Babylove Norska","robots":{"index":"noindex","follow":"follow","max-snippet":"max-snippet:-1","max-image-preview":"max-image-preview:large","max-video-preview":"max-video-preview:-1"},"og_locale":"nb_NO","og_type":"article","og_title":"Maileg, Lekegrind Playpen micro","og_description":"Selvf\u00f8lgelig m\u00e5 man ha en liten fin lekegrind til sine sm\u00e5 p\u00e5 barnerommet. Passer perfekt til dukkehuset, eller hvor man n\u00e5 velger \u00e5 ha den. n nUtrolig detaljrik produkt som er helt h\u00e5ndlaget av det popul\u00e6re firmaet Maileg. n nM\u00e5l: H\u00f8yde 8 cm nAlder: Fra 3 \u00e5r. nMateriale: Metall. n nDesigner: Maileg","og_url":"https:\/\/babylove.se\/no\/produkt\/maileg-lekhage-playpen-micro\/","og_site_name":"Babylove Norska","article_modified_time":"2026-04-08T10:03:43+00:00","og_image":[{"width":460,"height":383,"url":"https:\/\/babylove.se\/no\/wp-content\/uploads\/sites\/3\/2025\/07\/607eb5aaad540.jpeg","type":"image\/jpeg"}],"twitter_card":"summary_large_image","twitter_misc":{"Price":"239,00&nbsp;&#107;&#114;","Availability":"In stock"},"schema":{"@context":"https:\/\/schema.org","@graph":[{"@type":"WebPage","@id":"https:\/\/babylove.se\/no\/produkt\/maileg-lekhage-playpen-micro\/","url":"https:\/\/babylove.se\/no\/produkt\/maileg-lekhage-playpen-micro\/","name":"Maileg, Lekegrind Playpen micro - Babylove Norska","isPartOf":{"@id":"https:\/\/babylove.se\/no\/#website"},"primaryImageOfPage":{"@id":"https:\/\/babylove.se\/no\/produkt\/maileg-lekhage-playpen-micro\/#primaryimage"},"image":{"@id":"https:\/\/babylove.se\/no\/produkt\/maileg-lekhage-playpen-micro\/#primaryimage"},"thumbnailUrl":"https:\/\/babylove.se\/no\/wp-content\/uploads\/sites\/3\/2025\/07\/607eb5aaad540.jpeg","datePublished":"2025-07-18T22:12:10+00:00","dateModified":"2026-04-08T10:03:43+00:00","breadcrumb":{"@id":"https:\/\/babylove.se\/no\/produkt\/maileg-lekhage-playpen-micro\/#breadcrumb"},"inLanguage":"nb-NO","potentialAction":[{"@type":"ReadAction","target":["https:\/\/babylove.se\/no\/produkt\/maileg-lekhage-playpen-micro\/"]}]},{"@type":"ImageObject","inLanguage":"nb-NO","@id":"https:\/\/babylove.se\/no\/produkt\/maileg-lekhage-playpen-micro\/#primaryimage","url":"https:\/\/babylove.se\/no\/wp-content\/uploads\/sites\/3\/2025\/07\/607eb5aaad540.jpeg","contentUrl":"https:\/\/babylove.se\/no\/wp-content\/uploads\/sites\/3\/2025\/07\/607eb5aaad540.jpeg","width":460,"height":383},{"@type":"BreadcrumbList","@id":"https:\/\/babylove.se\/no\/produkt\/maileg-lekhage-playpen-micro\/#breadcrumb","itemListElement":[{"@type":"ListItem","position":1,"name":"Hem","item":"https:\/\/babylove.se\/no\/"},{"@type":"ListItem","position":2,"name":"Butik","item":"https:\/\/babylove.se\/no\/butik\/"},{"@type":"ListItem","position":3,"name":"Maileg, Lekegrind Playpen micro"}]},{"@type":"WebSite","@id":"https:\/\/babylove.se\/no\/#website","url":"https:\/\/babylove.se\/no\/","name":"Babylove Norska","description":"","potentialAction":[{"@type":"SearchAction","target":{"@type":"EntryPoint","urlTemplate":"https:\/\/babylove.se\/no\/?s={search_term_string}"},"query-input":{"@type":"PropertyValueSpecification","valueRequired":true,"valueName":"search_term_string"}}],"inLanguage":"nb-NO"}]},"product_brand":"Maileg","product_price_amount":"239.00","product_price_currency":"SEK","og_availability":"instock","product_availability":"instock","product_retailer_item_id":"11-1102-00","product_condition":"new"},"_links":{"self":[{"href":"https:\/\/babylove.se\/no\/wp-json\/wp\/v2\/product\/24361","targetHints":{"allow":["GET"]}}],"collection":[{"href":"https:\/\/babylove.se\/no\/wp-json\/wp\/v2\/product"}],"about":[{"href":"https:\/\/babylove.se\/no\/wp-json\/wp\/v2\/types\/product"}],"replies":[{"embeddable":true,"href":"https:\/\/babylove.se\/no\/wp-json\/wp\/v2\/comments?post=24361"}],"wp:featuredmedia":[{"embeddable":true,"href":"https:\/\/babylove.se\/no\/wp-json\/wp\/v2\/media\/24363"}],"wp:attachment":[{"href":"https:\/\/babylove.se\/no\/wp-json\/wp\/v2\/media?parent=24361"}],"wp:term":[{"taxonomy":"product_brand","embeddable":true,"href":"https:\/\/babylove.se\/no\/wp-json\/wp\/v2\/product_brand?post=24361"},{"taxonomy":"product_cat","embeddable":true,"href":"https:\/\/babylove.se\/no\/wp-json\/wp\/v2\/product_cat?post=24361"},{"taxonomy":"product_tag","embeddable":true,"href":"https:\/\/babylove.se\/no\/wp-json\/wp\/v2\/product_tag?post=24361"}],"curies":[{"name":"wp","href":"https:\/\/api.w.org\/{rel}","templated":true}]}}