{"id":24411,"date":"2025-07-18T23:12:32","date_gmt":"2025-07-18T22:12:32","guid":{"rendered":"https:\/\/babylove.se\/produkt\/svartvit-forvaringskorg\/"},"modified":"2026-04-08T11:04:17","modified_gmt":"2026-04-08T10:04:17","slug":"sorthvit-oppbevaringskurv","status":"publish","type":"product","link":"https:\/\/babylove.se\/no\/produkt\/sorthvit-oppbevaringskurv\/","title":{"rendered":"Svart\/Hvit oppbevaringskurv"},"content":{"rendered":"<p>S\u00f8t og praktisk oppbevaringskurv som vil hjelpe deg \u00e5 holde orden samtidig som du skaper en vakker barneroms-innredning. &nbsp;<\/p>\n<p>De to h\u00e5ndtakene p\u00e5 sidene gj\u00f8r den enkel \u00e5 flytte n\u00e5r du vil. &nbsp;<\/p>\n<p><strong>M\u00e5l<\/strong>: 35 x 43,5 cm&nbsp;<\/p>\n<p><strong>Materiale<\/strong>: Bomull&nbsp;<\/p>\n","protected":false},"excerpt":{"rendered":"<p>S\u00f8t og praktisk oppbevaringskurv som vil hjelpe deg \u00e5 holde orden samtidig som du skaper en vakker barneroms-innredning. &nbsp; De to h\u00e5ndtakene p\u00e5 sidene gj\u00f8r den enkel \u00e5 flytte n\u00e5r du vil. &nbsp; M\u00e5l: 35 x 43,5 cm&nbsp; Materiale: Bomull&nbsp;<\/p>\n","protected":false},"featured_media":24413,"comment_status":"closed","ping_status":"open","template":"","meta":{"_acf_changed":false},"product_brand":[22],"product_cat":[84,43],"product_tag":[],"class_list":{"0":"post-24411","1":"product","2":"type-product","3":"status-publish","4":"has-post-thumbnail","6":"product_brand-babylove","7":"product_cat-babylove","8":"product_cat-oppbevaringskurver","10":"first","11":"outofstock","12":"taxable","13":"shipping-taxable","14":"purchasable","15":"product-type-simple"},"acf":[],"yoast_head":"<!-- This site is optimized with the Yoast SEO Premium plugin v25.8 (Yoast SEO v27.2) - https:\/\/yoast.com\/product\/yoast-seo-premium-wordpress\/ -->\n<title>Svart\/Hvit oppbevaringskurv - Babylove Norska<\/title>\n<meta name=\"description\" content=\"Vackra f\u00f6rvaringskorgar kommer hj\u00e4lpa dig att h\u00e5lla ordning samtidigt som du skapar en vacker barnrumsinredning.\" \/>\n<meta name=\"robots\" content=\"noindex, follow, max-snippet:-1, max-image-preview:large, max-video-preview:-1\" \/>\n<meta property=\"og:locale\" content=\"nb_NO\" \/>\n<meta property=\"og:type\" content=\"article\" \/>\n<meta property=\"og:title\" content=\"Svart\/Hvit oppbevaringskurv\" \/>\n<meta property=\"og:description\" content=\"Vackra f\u00f6rvaringskorgar kommer hj\u00e4lpa dig att h\u00e5lla ordning samtidigt som du skapar en vacker barnrumsinredning.\" \/>\n<meta property=\"og:url\" content=\"https:\/\/babylove.se\/no\/produkt\/sorthvit-oppbevaringskurv\/\" \/>\n<meta property=\"og:site_name\" content=\"Babylove Norska\" \/>\n<meta property=\"article:modified_time\" content=\"2026-04-08T10:04:17+00:00\" \/>\n<meta property=\"og:image\" content=\"https:\/\/babylove.se\/no\/wp-content\/uploads\/sites\/3\/2025\/07\/607ec705542d3.png\" \/>\n\t<meta property=\"og:image:width\" content=\"750\" \/>\n\t<meta property=\"og:image:height\" content=\"689\" \/>\n\t<meta property=\"og:image:type\" content=\"image\/png\" \/>\n<meta name=\"twitter:card\" content=\"summary_large_image\" \/>\n<meta name=\"twitter:label1\" content=\"Price\" \/>\n\t<meta name=\"twitter:data1\" content=\"79,00&nbsp;&#107;&#114;\" \/>\n\t<meta name=\"twitter:label2\" content=\"Availability\" \/>\n\t<meta name=\"twitter:data2\" content=\"Out of stock\" \/>\n<script type=\"application\/ld+json\" class=\"yoast-schema-graph\">{\"@context\":\"https:\/\/schema.org\",\"@graph\":[{\"@type\":\"WebPage\",\"@id\":\"https:\/\/babylove.se\/no\/produkt\/sorthvit-oppbevaringskurv\/\",\"url\":\"https:\/\/babylove.se\/no\/produkt\/sorthvit-oppbevaringskurv\/\",\"name\":\"Svart\/Hvit oppbevaringskurv - Babylove Norska\",\"isPartOf\":{\"@id\":\"https:\/\/babylove.se\/no\/#website\"},\"primaryImageOfPage\":{\"@id\":\"https:\/\/babylove.se\/no\/produkt\/sorthvit-oppbevaringskurv\/#primaryimage\"},\"image\":{\"@id\":\"https:\/\/babylove.se\/no\/produkt\/sorthvit-oppbevaringskurv\/#primaryimage\"},\"thumbnailUrl\":\"https:\/\/babylove.se\/no\/wp-content\/uploads\/sites\/3\/2025\/07\/607ec705542d3.png\",\"datePublished\":\"2025-07-18T22:12:32+00:00\",\"dateModified\":\"2026-04-08T10:04:17+00:00\",\"description\":\"Vackra f\u00f6rvaringskorgar kommer hj\u00e4lpa dig att h\u00e5lla ordning samtidigt som du skapar en vacker barnrumsinredning.\",\"breadcrumb\":{\"@id\":\"https:\/\/babylove.se\/no\/produkt\/sorthvit-oppbevaringskurv\/#breadcrumb\"},\"inLanguage\":\"nb-NO\",\"potentialAction\":[{\"@type\":\"ReadAction\",\"target\":[\"https:\/\/babylove.se\/no\/produkt\/sorthvit-oppbevaringskurv\/\"]}]},{\"@type\":\"ImageObject\",\"inLanguage\":\"nb-NO\",\"@id\":\"https:\/\/babylove.se\/no\/produkt\/sorthvit-oppbevaringskurv\/#primaryimage\",\"url\":\"https:\/\/babylove.se\/no\/wp-content\/uploads\/sites\/3\/2025\/07\/607ec705542d3.png\",\"contentUrl\":\"https:\/\/babylove.se\/no\/wp-content\/uploads\/sites\/3\/2025\/07\/607ec705542d3.png\",\"width\":750,\"height\":689},{\"@type\":\"BreadcrumbList\",\"@id\":\"https:\/\/babylove.se\/no\/produkt\/sorthvit-oppbevaringskurv\/#breadcrumb\",\"itemListElement\":[{\"@type\":\"ListItem\",\"position\":1,\"name\":\"Hem\",\"item\":\"https:\/\/babylove.se\/no\/\"},{\"@type\":\"ListItem\",\"position\":2,\"name\":\"Butik\",\"item\":\"https:\/\/babylove.se\/no\/butik\/\"},{\"@type\":\"ListItem\",\"position\":3,\"name\":\"Svart\/Hvit oppbevaringskurv\"}]},{\"@type\":\"WebSite\",\"@id\":\"https:\/\/babylove.se\/no\/#website\",\"url\":\"https:\/\/babylove.se\/no\/\",\"name\":\"Babylove Norska\",\"description\":\"\",\"potentialAction\":[{\"@type\":\"SearchAction\",\"target\":{\"@type\":\"EntryPoint\",\"urlTemplate\":\"https:\/\/babylove.se\/no\/?s={search_term_string}\"},\"query-input\":{\"@type\":\"PropertyValueSpecification\",\"valueRequired\":true,\"valueName\":\"search_term_string\"}}],\"inLanguage\":\"nb-NO\"}]}<\/script>\n<meta property=\"product:brand\" content=\"Babylove\" \/>\n<meta property=\"product:price:amount\" content=\"79.00\" \/>\n<meta property=\"product:price:currency\" content=\"SEK\" \/>\n<meta property=\"og:availability\" content=\"out of stock\" \/>\n<meta property=\"product:availability\" content=\"out of stock\" \/>\n<meta property=\"product:retailer_item_id\" content=\"OR60WZ3\" \/>\n<meta property=\"product:condition\" content=\"new\" \/>\n<!-- \/ Yoast SEO Premium plugin. -->","yoast_head_json":{"title":"Svart\/Hvit oppbevaringskurv - Babylove Norska","description":"Vackra f\u00f6rvaringskorgar kommer hj\u00e4lpa dig att h\u00e5lla ordning samtidigt som du skapar en vacker barnrumsinredning.","robots":{"index":"noindex","follow":"follow","max-snippet":"max-snippet:-1","max-image-preview":"max-image-preview:large","max-video-preview":"max-video-preview:-1"},"og_locale":"nb_NO","og_type":"article","og_title":"Svart\/Hvit oppbevaringskurv","og_description":"Vackra f\u00f6rvaringskorgar kommer hj\u00e4lpa dig att h\u00e5lla ordning samtidigt som du skapar en vacker barnrumsinredning.","og_url":"https:\/\/babylove.se\/no\/produkt\/sorthvit-oppbevaringskurv\/","og_site_name":"Babylove Norska","article_modified_time":"2026-04-08T10:04:17+00:00","og_image":[{"width":750,"height":689,"url":"https:\/\/babylove.se\/no\/wp-content\/uploads\/sites\/3\/2025\/07\/607ec705542d3.png","type":"image\/png"}],"twitter_card":"summary_large_image","twitter_misc":{"Price":"79,00&nbsp;&#107;&#114;","Availability":"Out of stock"},"schema":{"@context":"https:\/\/schema.org","@graph":[{"@type":"WebPage","@id":"https:\/\/babylove.se\/no\/produkt\/sorthvit-oppbevaringskurv\/","url":"https:\/\/babylove.se\/no\/produkt\/sorthvit-oppbevaringskurv\/","name":"Svart\/Hvit oppbevaringskurv - Babylove Norska","isPartOf":{"@id":"https:\/\/babylove.se\/no\/#website"},"primaryImageOfPage":{"@id":"https:\/\/babylove.se\/no\/produkt\/sorthvit-oppbevaringskurv\/#primaryimage"},"image":{"@id":"https:\/\/babylove.se\/no\/produkt\/sorthvit-oppbevaringskurv\/#primaryimage"},"thumbnailUrl":"https:\/\/babylove.se\/no\/wp-content\/uploads\/sites\/3\/2025\/07\/607ec705542d3.png","datePublished":"2025-07-18T22:12:32+00:00","dateModified":"2026-04-08T10:04:17+00:00","description":"Vackra f\u00f6rvaringskorgar kommer hj\u00e4lpa dig att h\u00e5lla ordning samtidigt som du skapar en vacker barnrumsinredning.","breadcrumb":{"@id":"https:\/\/babylove.se\/no\/produkt\/sorthvit-oppbevaringskurv\/#breadcrumb"},"inLanguage":"nb-NO","potentialAction":[{"@type":"ReadAction","target":["https:\/\/babylove.se\/no\/produkt\/sorthvit-oppbevaringskurv\/"]}]},{"@type":"ImageObject","inLanguage":"nb-NO","@id":"https:\/\/babylove.se\/no\/produkt\/sorthvit-oppbevaringskurv\/#primaryimage","url":"https:\/\/babylove.se\/no\/wp-content\/uploads\/sites\/3\/2025\/07\/607ec705542d3.png","contentUrl":"https:\/\/babylove.se\/no\/wp-content\/uploads\/sites\/3\/2025\/07\/607ec705542d3.png","width":750,"height":689},{"@type":"BreadcrumbList","@id":"https:\/\/babylove.se\/no\/produkt\/sorthvit-oppbevaringskurv\/#breadcrumb","itemListElement":[{"@type":"ListItem","position":1,"name":"Hem","item":"https:\/\/babylove.se\/no\/"},{"@type":"ListItem","position":2,"name":"Butik","item":"https:\/\/babylove.se\/no\/butik\/"},{"@type":"ListItem","position":3,"name":"Svart\/Hvit oppbevaringskurv"}]},{"@type":"WebSite","@id":"https:\/\/babylove.se\/no\/#website","url":"https:\/\/babylove.se\/no\/","name":"Babylove Norska","description":"","potentialAction":[{"@type":"SearchAction","target":{"@type":"EntryPoint","urlTemplate":"https:\/\/babylove.se\/no\/?s={search_term_string}"},"query-input":{"@type":"PropertyValueSpecification","valueRequired":true,"valueName":"search_term_string"}}],"inLanguage":"nb-NO"}]},"product_brand":"Babylove","product_price_amount":"79.00","product_price_currency":"SEK","og_availability":"out of stock","product_availability":"out of stock","product_retailer_item_id":"OR60WZ3","product_condition":"new"},"_links":{"self":[{"href":"https:\/\/babylove.se\/no\/wp-json\/wp\/v2\/product\/24411","targetHints":{"allow":["GET"]}}],"collection":[{"href":"https:\/\/babylove.se\/no\/wp-json\/wp\/v2\/product"}],"about":[{"href":"https:\/\/babylove.se\/no\/wp-json\/wp\/v2\/types\/product"}],"replies":[{"embeddable":true,"href":"https:\/\/babylove.se\/no\/wp-json\/wp\/v2\/comments?post=24411"}],"wp:featuredmedia":[{"embeddable":true,"href":"https:\/\/babylove.se\/no\/wp-json\/wp\/v2\/media\/24413"}],"wp:attachment":[{"href":"https:\/\/babylove.se\/no\/wp-json\/wp\/v2\/media?parent=24411"}],"wp:term":[{"taxonomy":"product_brand","embeddable":true,"href":"https:\/\/babylove.se\/no\/wp-json\/wp\/v2\/product_brand?post=24411"},{"taxonomy":"product_cat","embeddable":true,"href":"https:\/\/babylove.se\/no\/wp-json\/wp\/v2\/product_cat?post=24411"},{"taxonomy":"product_tag","embeddable":true,"href":"https:\/\/babylove.se\/no\/wp-json\/wp\/v2\/product_tag?post=24411"}],"curies":[{"name":"wp","href":"https:\/\/api.w.org\/{rel}","templated":true}]}}