{"id":24596,"date":"2025-07-18T23:14:14","date_gmt":"2025-07-18T22:14:14","guid":{"rendered":"https:\/\/babylove.se\/produkt\/babylove-skotbadd-med-volanger-vit\/"},"modified":"2026-04-08T11:05:59","modified_gmt":"2026-04-08T10:05:59","slug":"babylove-oppredning-med-volanger-hvit","status":"publish","type":"product","link":"https:\/\/babylove.se\/no\/produkt\/babylove-oppredning-med-volanger-hvit\/","title":{"rendered":"Babylove, stellepute med volanger, hvit"},"content":{"rendered":"<p>N\u00e5 kan vi stolt presentere v\u00e5r nye fine Babylove Stellepute!<\/p>\n<p>Hvorfor ikke pynte opp stellebordet ditt slik at det blir noe utover det vanlige? Med denne fine stelleputen med fine volanger, vil den ikke bare se vakker ut, men ogs\u00e5 v\u00e6re meget myk og behagelig for det lille barnet \u00e5 ligge p\u00e5. Trekket er avtakbart og laget av OEKO-tex sertifisert bomull som ogs\u00e5 gj\u00f8r at det er meget enkelt \u00e5 vaske i 30 grader.&nbsp;<\/p>\n<p><strong>M\u00e5l<\/strong>: 50&#215;70 cm&nbsp;<\/p>\n<p><strong>Materiale<\/strong>:<\/p>\n<p>? <span data-tag-id=\"a0a4137b-28ec-4362-a982-d9f33e196ba1\" data-vocab-id=\"4035\">Trekk<\/span>: 100% OEKO-tex sertifisert<span data-tag-id=\"505afac2-2682-445f-9c7f-d2325449d19a\" data-vocab-id=\"6269\">&nbsp;bomull<\/span>.<br \/>? <span data-tag-id=\"7cb5cf9d-5f9b-4d30-88e6-2f303bde448e\" data-vocab-id=\"11889\">Fyll<\/span>: 100% <span data-tag-id=\"a369d860-b008-45fc-b1c2-6d9d76a978b4\" data-vocab-id=\"651\">polyester<\/span>.<\/p>\n<p>Designer: <a href=\"https:\/\/babylove.se\/varumarken\/babylove\">Babylove<\/a><br \/>\n<a href=\"https:\/\/babylove.se\/varumarken\/liewood\"><\/a><\/p>\n","protected":false},"excerpt":{"rendered":"<p>N\u00e5 kan vi stolt presentere v\u00e5r nye fine Babylove Stellepute! Hvorfor ikke pynte opp stellebordet ditt slik at det blir noe utover det vanlige? Med denne fine stelleputen med fine volanger, vil den ikke bare se vakker ut, men ogs\u00e5 v\u00e6re meget myk og behagelig for det lille barnet \u00e5 ligge p\u00e5. Trekket er avtakbart [&hellip;]<\/p>\n","protected":false},"featured_media":24598,"comment_status":"closed","ping_status":"open","template":"","meta":{"_acf_changed":false},"product_brand":[22],"product_cat":[84,627,110,57],"product_tag":[],"class_list":{"0":"post-24596","1":"product","2":"type-product","3":"status-publish","4":"has-post-thumbnail","6":"product_brand-babylove","7":"product_cat-babylove","8":"product_cat-babylove-tekstiler","9":"product_cat-cyber-monday","10":"product_cat-skobadder","12":"first","13":"instock","14":"taxable","15":"shipping-taxable","16":"purchasable","17":"product-type-simple"},"acf":[],"yoast_head":"<!-- This site is optimized with the Yoast SEO Premium plugin v25.8 (Yoast SEO v27.2) - https:\/\/yoast.com\/product\/yoast-seo-premium-wordpress\/ -->\n<title>Babylove, stellepute med volanger, hvit - Babylove Norska<\/title>\n<meta name=\"robots\" content=\"noindex, follow, max-snippet:-1, max-image-preview:large, max-video-preview:-1\" \/>\n<meta property=\"og:locale\" content=\"nb_NO\" \/>\n<meta property=\"og:type\" content=\"article\" \/>\n<meta property=\"og:title\" content=\"Babylove, stellepute med volanger, hvit\" \/>\n<meta property=\"og:description\" content=\"N\u00e5 kan vi stolt presentere v\u00e5r nye fine Babylove Stellepute! Hvorfor ikke pynte opp stellebordet ditt slik at det blir noe utover det vanlige? Med denne fine stelleputen med fine volanger, vil den ikke bare se vakker ut, men ogs\u00e5 v\u00e6re meget myk og behagelig for det lille barnet \u00e5 ligge p\u00e5. Trekket er avtakbart [&hellip;]\" \/>\n<meta property=\"og:url\" content=\"https:\/\/babylove.se\/no\/produkt\/babylove-oppredning-med-volanger-hvit\/\" \/>\n<meta property=\"og:site_name\" content=\"Babylove Norska\" \/>\n<meta property=\"article:modified_time\" content=\"2026-04-08T10:05:59+00:00\" \/>\n<meta property=\"og:image\" content=\"https:\/\/babylove.se\/no\/wp-content\/uploads\/sites\/3\/2025\/07\/60806cfdb1289.png\" \/>\n\t<meta property=\"og:image:width\" content=\"750\" \/>\n\t<meta property=\"og:image:height\" content=\"507\" \/>\n\t<meta property=\"og:image:type\" content=\"image\/png\" \/>\n<meta name=\"twitter:card\" content=\"summary_large_image\" \/>\n<meta name=\"twitter:label1\" content=\"Price\" \/>\n\t<meta name=\"twitter:data1\" content=\"399,00&nbsp;&#107;&#114;\" \/>\n\t<meta name=\"twitter:label2\" content=\"Availability\" \/>\n\t<meta name=\"twitter:data2\" content=\"In stock\" \/>\n<script type=\"application\/ld+json\" class=\"yoast-schema-graph\">{\"@context\":\"https:\/\/schema.org\",\"@graph\":[{\"@type\":\"WebPage\",\"@id\":\"https:\/\/babylove.se\/no\/produkt\/babylove-oppredning-med-volanger-hvit\/\",\"url\":\"https:\/\/babylove.se\/no\/produkt\/babylove-oppredning-med-volanger-hvit\/\",\"name\":\"Babylove, stellepute med volanger, hvit - Babylove Norska\",\"isPartOf\":{\"@id\":\"https:\/\/babylove.se\/no\/#website\"},\"primaryImageOfPage\":{\"@id\":\"https:\/\/babylove.se\/no\/produkt\/babylove-oppredning-med-volanger-hvit\/#primaryimage\"},\"image\":{\"@id\":\"https:\/\/babylove.se\/no\/produkt\/babylove-oppredning-med-volanger-hvit\/#primaryimage\"},\"thumbnailUrl\":\"https:\/\/babylove.se\/no\/wp-content\/uploads\/sites\/3\/2025\/07\/60806cfdb1289.png\",\"datePublished\":\"2025-07-18T22:14:14+00:00\",\"dateModified\":\"2026-04-08T10:05:59+00:00\",\"breadcrumb\":{\"@id\":\"https:\/\/babylove.se\/no\/produkt\/babylove-oppredning-med-volanger-hvit\/#breadcrumb\"},\"inLanguage\":\"nb-NO\",\"potentialAction\":[{\"@type\":\"ReadAction\",\"target\":[\"https:\/\/babylove.se\/no\/produkt\/babylove-oppredning-med-volanger-hvit\/\"]}]},{\"@type\":\"ImageObject\",\"inLanguage\":\"nb-NO\",\"@id\":\"https:\/\/babylove.se\/no\/produkt\/babylove-oppredning-med-volanger-hvit\/#primaryimage\",\"url\":\"https:\/\/babylove.se\/no\/wp-content\/uploads\/sites\/3\/2025\/07\/60806cfdb1289.png\",\"contentUrl\":\"https:\/\/babylove.se\/no\/wp-content\/uploads\/sites\/3\/2025\/07\/60806cfdb1289.png\",\"width\":750,\"height\":507},{\"@type\":\"BreadcrumbList\",\"@id\":\"https:\/\/babylove.se\/no\/produkt\/babylove-oppredning-med-volanger-hvit\/#breadcrumb\",\"itemListElement\":[{\"@type\":\"ListItem\",\"position\":1,\"name\":\"Hem\",\"item\":\"https:\/\/babylove.se\/no\/\"},{\"@type\":\"ListItem\",\"position\":2,\"name\":\"Butik\",\"item\":\"https:\/\/babylove.se\/no\/butik\/\"},{\"@type\":\"ListItem\",\"position\":3,\"name\":\"Babylove, stellepute med volanger, hvit\"}]},{\"@type\":\"WebSite\",\"@id\":\"https:\/\/babylove.se\/no\/#website\",\"url\":\"https:\/\/babylove.se\/no\/\",\"name\":\"Babylove Norska\",\"description\":\"\",\"potentialAction\":[{\"@type\":\"SearchAction\",\"target\":{\"@type\":\"EntryPoint\",\"urlTemplate\":\"https:\/\/babylove.se\/no\/?s={search_term_string}\"},\"query-input\":{\"@type\":\"PropertyValueSpecification\",\"valueRequired\":true,\"valueName\":\"search_term_string\"}}],\"inLanguage\":\"nb-NO\"}]}<\/script>\n<meta property=\"product:brand\" content=\"Babylove\" \/>\n<meta property=\"product:price:amount\" content=\"399.00\" \/>\n<meta property=\"product:price:currency\" content=\"SEK\" \/>\n<meta property=\"og:availability\" content=\"instock\" \/>\n<meta property=\"product:availability\" content=\"instock\" \/>\n<meta property=\"product:retailer_item_id\" content=\"BB00003972\" \/>\n<meta property=\"product:condition\" content=\"new\" \/>\n<!-- \/ Yoast SEO Premium plugin. -->","yoast_head_json":{"title":"Babylove, stellepute med volanger, hvit - Babylove Norska","robots":{"index":"noindex","follow":"follow","max-snippet":"max-snippet:-1","max-image-preview":"max-image-preview:large","max-video-preview":"max-video-preview:-1"},"og_locale":"nb_NO","og_type":"article","og_title":"Babylove, stellepute med volanger, hvit","og_description":"N\u00e5 kan vi stolt presentere v\u00e5r nye fine Babylove Stellepute! Hvorfor ikke pynte opp stellebordet ditt slik at det blir noe utover det vanlige? Med denne fine stelleputen med fine volanger, vil den ikke bare se vakker ut, men ogs\u00e5 v\u00e6re meget myk og behagelig for det lille barnet \u00e5 ligge p\u00e5. Trekket er avtakbart [&hellip;]","og_url":"https:\/\/babylove.se\/no\/produkt\/babylove-oppredning-med-volanger-hvit\/","og_site_name":"Babylove Norska","article_modified_time":"2026-04-08T10:05:59+00:00","og_image":[{"width":750,"height":507,"url":"https:\/\/babylove.se\/no\/wp-content\/uploads\/sites\/3\/2025\/07\/60806cfdb1289.png","type":"image\/png"}],"twitter_card":"summary_large_image","twitter_misc":{"Price":"399,00&nbsp;&#107;&#114;","Availability":"In stock"},"schema":{"@context":"https:\/\/schema.org","@graph":[{"@type":"WebPage","@id":"https:\/\/babylove.se\/no\/produkt\/babylove-oppredning-med-volanger-hvit\/","url":"https:\/\/babylove.se\/no\/produkt\/babylove-oppredning-med-volanger-hvit\/","name":"Babylove, stellepute med volanger, hvit - Babylove Norska","isPartOf":{"@id":"https:\/\/babylove.se\/no\/#website"},"primaryImageOfPage":{"@id":"https:\/\/babylove.se\/no\/produkt\/babylove-oppredning-med-volanger-hvit\/#primaryimage"},"image":{"@id":"https:\/\/babylove.se\/no\/produkt\/babylove-oppredning-med-volanger-hvit\/#primaryimage"},"thumbnailUrl":"https:\/\/babylove.se\/no\/wp-content\/uploads\/sites\/3\/2025\/07\/60806cfdb1289.png","datePublished":"2025-07-18T22:14:14+00:00","dateModified":"2026-04-08T10:05:59+00:00","breadcrumb":{"@id":"https:\/\/babylove.se\/no\/produkt\/babylove-oppredning-med-volanger-hvit\/#breadcrumb"},"inLanguage":"nb-NO","potentialAction":[{"@type":"ReadAction","target":["https:\/\/babylove.se\/no\/produkt\/babylove-oppredning-med-volanger-hvit\/"]}]},{"@type":"ImageObject","inLanguage":"nb-NO","@id":"https:\/\/babylove.se\/no\/produkt\/babylove-oppredning-med-volanger-hvit\/#primaryimage","url":"https:\/\/babylove.se\/no\/wp-content\/uploads\/sites\/3\/2025\/07\/60806cfdb1289.png","contentUrl":"https:\/\/babylove.se\/no\/wp-content\/uploads\/sites\/3\/2025\/07\/60806cfdb1289.png","width":750,"height":507},{"@type":"BreadcrumbList","@id":"https:\/\/babylove.se\/no\/produkt\/babylove-oppredning-med-volanger-hvit\/#breadcrumb","itemListElement":[{"@type":"ListItem","position":1,"name":"Hem","item":"https:\/\/babylove.se\/no\/"},{"@type":"ListItem","position":2,"name":"Butik","item":"https:\/\/babylove.se\/no\/butik\/"},{"@type":"ListItem","position":3,"name":"Babylove, stellepute med volanger, hvit"}]},{"@type":"WebSite","@id":"https:\/\/babylove.se\/no\/#website","url":"https:\/\/babylove.se\/no\/","name":"Babylove Norska","description":"","potentialAction":[{"@type":"SearchAction","target":{"@type":"EntryPoint","urlTemplate":"https:\/\/babylove.se\/no\/?s={search_term_string}"},"query-input":{"@type":"PropertyValueSpecification","valueRequired":true,"valueName":"search_term_string"}}],"inLanguage":"nb-NO"}]},"product_brand":"Babylove","product_price_amount":"399.00","product_price_currency":"SEK","og_availability":"instock","product_availability":"instock","product_retailer_item_id":"BB00003972","product_condition":"new"},"_links":{"self":[{"href":"https:\/\/babylove.se\/no\/wp-json\/wp\/v2\/product\/24596","targetHints":{"allow":["GET"]}}],"collection":[{"href":"https:\/\/babylove.se\/no\/wp-json\/wp\/v2\/product"}],"about":[{"href":"https:\/\/babylove.se\/no\/wp-json\/wp\/v2\/types\/product"}],"replies":[{"embeddable":true,"href":"https:\/\/babylove.se\/no\/wp-json\/wp\/v2\/comments?post=24596"}],"wp:featuredmedia":[{"embeddable":true,"href":"https:\/\/babylove.se\/no\/wp-json\/wp\/v2\/media\/24598"}],"wp:attachment":[{"href":"https:\/\/babylove.se\/no\/wp-json\/wp\/v2\/media?parent=24596"}],"wp:term":[{"taxonomy":"product_brand","embeddable":true,"href":"https:\/\/babylove.se\/no\/wp-json\/wp\/v2\/product_brand?post=24596"},{"taxonomy":"product_cat","embeddable":true,"href":"https:\/\/babylove.se\/no\/wp-json\/wp\/v2\/product_cat?post=24596"},{"taxonomy":"product_tag","embeddable":true,"href":"https:\/\/babylove.se\/no\/wp-json\/wp\/v2\/product_tag?post=24596"}],"curies":[{"name":"wp","href":"https:\/\/api.w.org\/{rel}","templated":true}]}}