{"id":24603,"date":"2025-07-18T23:14:14","date_gmt":"2025-07-18T22:14:14","guid":{"rendered":"https:\/\/babylove.se\/produkt\/hussang-felicia-med-stodbrada-och-forvaringslada\/"},"modified":"2026-04-08T11:06:02","modified_gmt":"2026-04-08T10:06:02","slug":"hussang-felicia-med-stotebrett-og-oppbevaringskasse","status":"publish","type":"product","link":"https:\/\/babylove.se\/no\/produkt\/hussang-felicia-med-stotebrett-og-oppbevaringskasse\/","title":{"rendered":"Husseng Felicia med oppbevaringsboks"},"content":{"rendered":"<p>Felicia er en av v\u00e5re mest popul\u00e6re senger, og vi forst\u00e5r hvorfor! <\/p>\n<p>Denne fantastiske husssengen er helt h\u00e5ndlaget med stor lidenskap<em>, <\/em>av h\u00f8ykvalitativ limtre.<br \/>\nLimtre har fordelen, sammenlignet med massivt tre, at de ikke sprekker og at det ikke finnes noen kvister som p\u00e5virker utseendet. <\/p>\n<p>En stabil og vakker seng av h\u00f8y kvalitet! <\/p>\n<p><strong>Tillegg<\/strong>: <\/p>\n<ul>\n<li>Farge: velg mellom natur (ubehandlet), lakkert, hvit og gr\u00e5<\/li>\n<li>Oppbevaringsskuff med sovefunksjon (ekstra ribbebunnen inkludert) (Madrassm\u00e5l til ekstraseng skal v\u00e6re 10 cm kortere enn sengens lengde og ha tykkelse p\u00e5 maks 9 cm. Til seng Felicia 80&#215;160 = 1 stk madrass 80&#215;150)<\/li>\n<\/ul>\n<p>Madrass er ikke inkludert, men ta gjerne en titt p\u00e5 v\u00e5rt store madrassutvalg. Vi anbefaler en skummadrass med tykkelse p\u00e5 ca 10-12 cm. <\/p>\n<p>Sengen kan f\u00e5s i flere m\u00e5l, se nedenfor for mer info. <\/p>\n<p><strong>Info:<\/strong> <\/p>\n<ul>\n<li>Oppbevaringsskuff og ribbebunnen inkludert.<\/li>\n<li>Hvis funksjonen ekstraseng <em>ikke <\/em>velges inkluderes 1 st\u00f8rre oppbevaringsskuff p\u00e5 senger opp til 160 cm og 2 oppbevaringsskuffer p\u00e5 senger st\u00f8rre enn 160 cm.<\/li>\n<li>Hvis funksjonen ekstraseng velges inkluderes <u>alltid<\/u> 1 skuff sammen med en ekstra ribbebunnen uavhengig av st\u00f8rrelse p\u00e5 sengen.<\/li>\n<li>M\u00e5lene er oppgitt i madrassst\u00f8rrelse. Legg til 9 cm p\u00e5 bredde+lengde for total dimensjon p\u00e5 sengens m\u00e5l.<\/li>\n<li>Inngang monteres p\u00e5 valgfri side.<\/li>\n<li>H\u00f8yde p\u00e5 rekkverk er 35 cm. 5 cm mellom spiler.<\/li>\n<li>St\u00f8ttebrettet er ca 2\/3 av sengens lengde.<\/li>\n<li>Maksvekt. 100 kg.<\/li>\n<\/ul>\n<p><strong>M\u00e5l: <\/strong> <\/p>\n<ul>\n<li>Bredde 60 cm &#8211; totalh\u00f8yde 135 cm<\/li>\n<li>Bredde 70 cm &#8211; totalh\u00f8yde 140 cm<\/li>\n<li>Bredde 80 cm &#8211; totalh\u00f8yde 145 cm<\/li>\n<li>Bredde 90 cm &#8211; totalh\u00f8yde 150 cm<\/li>\n<\/ul>\n<p>Sengene kommer fra v\u00e5r fabrikk i Europa som har h\u00f8ye kvalitetskrav og kontrollerer hvert steg fra det at t\u00f8mmeret kommer inn i fabrikken til at et ferdig produkt g\u00e5r ut. Farge, lakk og lim er vannbasert, milj\u00f8vennlig og produsert innenfor Europa <\/p>\n<p><em>Obs! Dette er en seng produsert og tilpasset for barn<\/em>. <em>Sengen leveres umontert og b\u00f8r settes sammen i rommet den skal brukes i.<\/em><\/p>\n","protected":false},"excerpt":{"rendered":"<p>Felicia er en av v\u00e5re mest popul\u00e6re senger, og vi forst\u00e5r hvorfor! Denne fantastiske husssengen er helt h\u00e5ndlaget med stor lidenskap, av h\u00f8ykvalitativ limtre. Limtre har fordelen, sammenlignet med massivt tre, at de ikke sprekker og at det ikke finnes noen kvister som p\u00e5virker utseendet. En stabil og vakker seng av h\u00f8y kvalitet! Tillegg: Farge: [&hellip;]<\/p>\n","protected":false},"featured_media":24605,"comment_status":"open","ping_status":"closed","template":"","meta":{"_acf_changed":false},"product_brand":[600],"product_cat":[602,217,601],"product_tag":[1689],"class_list":{"0":"post-24603","1":"product","2":"type-product","3":"status-publish","4":"has-post-thumbnail","6":"product_brand-luletto","7":"product_cat-babylove-lul","8":"product_cat-sengesanger","9":"product_cat-baby","10":"product_tag-bestillingsvaror","11":"pa_farg-gra","12":"pa_farg-vit","13":"pa_farg-lackad","14":"pa_farg-natur","15":"pa_forvaringslada-med-sovfunkt-ja","16":"pa_forvaringslada-med-sovfunkt-nej","17":"pa_storlek-60x120-cm","18":"pa_storlek-70x140-cm","19":"pa_storlek-70x160-cm","20":"pa_storlek-80x140-cm","21":"pa_storlek-80x160-cm","22":"pa_storlek-80x180-cm","23":"pa_storlek-80x190-cm","24":"pa_storlek-90x160-cm","25":"pa_storlek-90x180-cm","26":"pa_storlek-90x190-cm","27":"pa_storlek-90x200-cm","29":"first","30":"instock","31":"taxable","32":"shipping-taxable","33":"purchasable","34":"product-type-variable"},"acf":[],"yoast_head":"<!-- This site is optimized with the Yoast SEO Premium plugin v25.8 (Yoast SEO v27.2) - https:\/\/yoast.com\/product\/yoast-seo-premium-wordpress\/ -->\n<title>Husseng Felicia med oppbevaringsboks - Babylove Norska<\/title>\n<meta name=\"robots\" content=\"noindex, follow, max-snippet:-1, max-image-preview:large, max-video-preview:-1\" \/>\n<meta property=\"og:locale\" content=\"nb_NO\" \/>\n<meta property=\"og:type\" content=\"article\" \/>\n<meta property=\"og:title\" content=\"Husseng Felicia med oppbevaringsboks\" \/>\n<meta property=\"og:description\" content=\"Felicia er en av v\u00e5re mest popul\u00e6re senger, og vi forst\u00e5r hvorfor! Denne fantastiske husssengen er helt h\u00e5ndlaget med stor lidenskap, av h\u00f8ykvalitativ limtre. Limtre har fordelen, sammenlignet med massivt tre, at de ikke sprekker og at det ikke finnes noen kvister som p\u00e5virker utseendet. En stabil og vakker seng av h\u00f8y kvalitet! Tillegg: Farge: [&hellip;]\" \/>\n<meta property=\"og:url\" content=\"https:\/\/babylove.se\/no\/produkt\/hussang-felicia-med-stotebrett-og-oppbevaringskasse\/\" \/>\n<meta property=\"og:site_name\" content=\"Babylove Norska\" \/>\n<meta property=\"article:modified_time\" content=\"2026-04-08T10:06:02+00:00\" \/>\n<meta property=\"og:image\" content=\"https:\/\/babylove.se\/no\/wp-content\/uploads\/sites\/3\/2025\/07\/6155c4081d5fa.jpeg\" \/>\n\t<meta property=\"og:image:width\" content=\"800\" \/>\n\t<meta property=\"og:image:height\" content=\"800\" \/>\n\t<meta property=\"og:image:type\" content=\"image\/jpeg\" \/>\n<meta name=\"twitter:card\" content=\"summary_large_image\" \/>\n<meta name=\"twitter:label1\" content=\"Availability\" \/>\n\t<meta name=\"twitter:data1\" content=\"In stock\" \/>\n<script type=\"application\/ld+json\" class=\"yoast-schema-graph\">{\"@context\":\"https:\/\/schema.org\",\"@graph\":[{\"@type\":\"WebPage\",\"@id\":\"https:\/\/babylove.se\/no\/produkt\/hussang-felicia-med-stotebrett-og-oppbevaringskasse\/\",\"url\":\"https:\/\/babylove.se\/no\/produkt\/hussang-felicia-med-stotebrett-og-oppbevaringskasse\/\",\"name\":\"Husseng Felicia med oppbevaringsboks - Babylove Norska\",\"isPartOf\":{\"@id\":\"https:\/\/babylove.se\/no\/#website\"},\"primaryImageOfPage\":{\"@id\":\"https:\/\/babylove.se\/no\/produkt\/hussang-felicia-med-stotebrett-og-oppbevaringskasse\/#primaryimage\"},\"image\":{\"@id\":\"https:\/\/babylove.se\/no\/produkt\/hussang-felicia-med-stotebrett-og-oppbevaringskasse\/#primaryimage\"},\"thumbnailUrl\":\"https:\/\/babylove.se\/no\/wp-content\/uploads\/sites\/3\/2025\/07\/6155c4081d5fa.jpeg\",\"datePublished\":\"2025-07-18T22:14:14+00:00\",\"dateModified\":\"2026-04-08T10:06:02+00:00\",\"breadcrumb\":{\"@id\":\"https:\/\/babylove.se\/no\/produkt\/hussang-felicia-med-stotebrett-og-oppbevaringskasse\/#breadcrumb\"},\"inLanguage\":\"nb-NO\",\"potentialAction\":[{\"@type\":\"ReadAction\",\"target\":[\"https:\/\/babylove.se\/no\/produkt\/hussang-felicia-med-stotebrett-og-oppbevaringskasse\/\"]}]},{\"@type\":\"ImageObject\",\"inLanguage\":\"nb-NO\",\"@id\":\"https:\/\/babylove.se\/no\/produkt\/hussang-felicia-med-stotebrett-og-oppbevaringskasse\/#primaryimage\",\"url\":\"https:\/\/babylove.se\/no\/wp-content\/uploads\/sites\/3\/2025\/07\/6155c4081d5fa.jpeg\",\"contentUrl\":\"https:\/\/babylove.se\/no\/wp-content\/uploads\/sites\/3\/2025\/07\/6155c4081d5fa.jpeg\",\"width\":800,\"height\":800},{\"@type\":\"BreadcrumbList\",\"@id\":\"https:\/\/babylove.se\/no\/produkt\/hussang-felicia-med-stotebrett-og-oppbevaringskasse\/#breadcrumb\",\"itemListElement\":[{\"@type\":\"ListItem\",\"position\":1,\"name\":\"Hem\",\"item\":\"https:\/\/babylove.se\/no\/\"},{\"@type\":\"ListItem\",\"position\":2,\"name\":\"Butik\",\"item\":\"https:\/\/babylove.se\/no\/butik\/\"},{\"@type\":\"ListItem\",\"position\":3,\"name\":\"Husseng Felicia med oppbevaringsboks\"}]},{\"@type\":\"WebSite\",\"@id\":\"https:\/\/babylove.se\/no\/#website\",\"url\":\"https:\/\/babylove.se\/no\/\",\"name\":\"Babylove Norska\",\"description\":\"\",\"potentialAction\":[{\"@type\":\"SearchAction\",\"target\":{\"@type\":\"EntryPoint\",\"urlTemplate\":\"https:\/\/babylove.se\/no\/?s={search_term_string}\"},\"query-input\":{\"@type\":\"PropertyValueSpecification\",\"valueRequired\":true,\"valueName\":\"search_term_string\"}}],\"inLanguage\":\"nb-NO\"}]}<\/script>\n<meta property=\"product:brand\" content=\"Luletto\" \/>\n<meta property=\"og:availability\" content=\"instock\" \/>\n<meta property=\"product:availability\" content=\"instock\" \/>\n<meta property=\"product:retailer_item_id\" content=\"natur-60x120-cm-Nej\" \/>\n<meta property=\"product:condition\" content=\"new\" \/>\n<!-- \/ Yoast SEO Premium plugin. -->","yoast_head_json":{"title":"Husseng Felicia med oppbevaringsboks - Babylove Norska","robots":{"index":"noindex","follow":"follow","max-snippet":"max-snippet:-1","max-image-preview":"max-image-preview:large","max-video-preview":"max-video-preview:-1"},"og_locale":"nb_NO","og_type":"article","og_title":"Husseng Felicia med oppbevaringsboks","og_description":"Felicia er en av v\u00e5re mest popul\u00e6re senger, og vi forst\u00e5r hvorfor! Denne fantastiske husssengen er helt h\u00e5ndlaget med stor lidenskap, av h\u00f8ykvalitativ limtre. Limtre har fordelen, sammenlignet med massivt tre, at de ikke sprekker og at det ikke finnes noen kvister som p\u00e5virker utseendet. En stabil og vakker seng av h\u00f8y kvalitet! Tillegg: Farge: [&hellip;]","og_url":"https:\/\/babylove.se\/no\/produkt\/hussang-felicia-med-stotebrett-og-oppbevaringskasse\/","og_site_name":"Babylove Norska","article_modified_time":"2026-04-08T10:06:02+00:00","og_image":[{"width":800,"height":800,"url":"https:\/\/babylove.se\/no\/wp-content\/uploads\/sites\/3\/2025\/07\/6155c4081d5fa.jpeg","type":"image\/jpeg"}],"twitter_card":"summary_large_image","twitter_misc":{"Availability":"In stock"},"schema":{"@context":"https:\/\/schema.org","@graph":[{"@type":"WebPage","@id":"https:\/\/babylove.se\/no\/produkt\/hussang-felicia-med-stotebrett-og-oppbevaringskasse\/","url":"https:\/\/babylove.se\/no\/produkt\/hussang-felicia-med-stotebrett-og-oppbevaringskasse\/","name":"Husseng Felicia med oppbevaringsboks - Babylove Norska","isPartOf":{"@id":"https:\/\/babylove.se\/no\/#website"},"primaryImageOfPage":{"@id":"https:\/\/babylove.se\/no\/produkt\/hussang-felicia-med-stotebrett-og-oppbevaringskasse\/#primaryimage"},"image":{"@id":"https:\/\/babylove.se\/no\/produkt\/hussang-felicia-med-stotebrett-og-oppbevaringskasse\/#primaryimage"},"thumbnailUrl":"https:\/\/babylove.se\/no\/wp-content\/uploads\/sites\/3\/2025\/07\/6155c4081d5fa.jpeg","datePublished":"2025-07-18T22:14:14+00:00","dateModified":"2026-04-08T10:06:02+00:00","breadcrumb":{"@id":"https:\/\/babylove.se\/no\/produkt\/hussang-felicia-med-stotebrett-og-oppbevaringskasse\/#breadcrumb"},"inLanguage":"nb-NO","potentialAction":[{"@type":"ReadAction","target":["https:\/\/babylove.se\/no\/produkt\/hussang-felicia-med-stotebrett-og-oppbevaringskasse\/"]}]},{"@type":"ImageObject","inLanguage":"nb-NO","@id":"https:\/\/babylove.se\/no\/produkt\/hussang-felicia-med-stotebrett-og-oppbevaringskasse\/#primaryimage","url":"https:\/\/babylove.se\/no\/wp-content\/uploads\/sites\/3\/2025\/07\/6155c4081d5fa.jpeg","contentUrl":"https:\/\/babylove.se\/no\/wp-content\/uploads\/sites\/3\/2025\/07\/6155c4081d5fa.jpeg","width":800,"height":800},{"@type":"BreadcrumbList","@id":"https:\/\/babylove.se\/no\/produkt\/hussang-felicia-med-stotebrett-og-oppbevaringskasse\/#breadcrumb","itemListElement":[{"@type":"ListItem","position":1,"name":"Hem","item":"https:\/\/babylove.se\/no\/"},{"@type":"ListItem","position":2,"name":"Butik","item":"https:\/\/babylove.se\/no\/butik\/"},{"@type":"ListItem","position":3,"name":"Husseng Felicia med oppbevaringsboks"}]},{"@type":"WebSite","@id":"https:\/\/babylove.se\/no\/#website","url":"https:\/\/babylove.se\/no\/","name":"Babylove Norska","description":"","potentialAction":[{"@type":"SearchAction","target":{"@type":"EntryPoint","urlTemplate":"https:\/\/babylove.se\/no\/?s={search_term_string}"},"query-input":{"@type":"PropertyValueSpecification","valueRequired":true,"valueName":"search_term_string"}}],"inLanguage":"nb-NO"}]},"product_brand":"Luletto","og_availability":"instock","product_availability":"instock","product_retailer_item_id":"natur-60x120-cm-Nej","product_condition":"new"},"_links":{"self":[{"href":"https:\/\/babylove.se\/no\/wp-json\/wp\/v2\/product\/24603","targetHints":{"allow":["GET"]}}],"collection":[{"href":"https:\/\/babylove.se\/no\/wp-json\/wp\/v2\/product"}],"about":[{"href":"https:\/\/babylove.se\/no\/wp-json\/wp\/v2\/types\/product"}],"replies":[{"embeddable":true,"href":"https:\/\/babylove.se\/no\/wp-json\/wp\/v2\/comments?post=24603"}],"wp:featuredmedia":[{"embeddable":true,"href":"https:\/\/babylove.se\/no\/wp-json\/wp\/v2\/media\/24605"}],"wp:attachment":[{"href":"https:\/\/babylove.se\/no\/wp-json\/wp\/v2\/media?parent=24603"}],"wp:term":[{"taxonomy":"product_brand","embeddable":true,"href":"https:\/\/babylove.se\/no\/wp-json\/wp\/v2\/product_brand?post=24603"},{"taxonomy":"product_cat","embeddable":true,"href":"https:\/\/babylove.se\/no\/wp-json\/wp\/v2\/product_cat?post=24603"},{"taxonomy":"product_tag","embeddable":true,"href":"https:\/\/babylove.se\/no\/wp-json\/wp\/v2\/product_tag?post=24603"}],"curies":[{"name":"wp","href":"https:\/\/api.w.org\/{rel}","templated":true}]}}