{"id":24716,"date":"2025-07-18T23:16:03","date_gmt":"2025-07-18T22:16:03","guid":{"rendered":"https:\/\/babylove.se\/produkt\/meow-rutschkana-scandi\/"},"modified":"2026-04-08T11:06:16","modified_gmt":"2026-04-08T10:06:16","slug":"mjau-rutsjebane-scandi","status":"publish","type":"product","link":"https:\/\/babylove.se\/no\/produkt\/mjau-rutsjebane-scandi\/","title":{"rendered":"Mjau, rutsjebane Scandi"},"content":{"rendered":"<p>Denne rutsjebanen er laget av h\u00f8ykvalitets tre, som deretter er malt i en fin men giftfri farge, s\u00e5 den er helt trygg for barn.<\/p>\n<p>Rutsjebanen er bygget i en solid konstruksjon med en bred trapp og smarte h\u00e5ndtak som gj\u00f8r det enkelt for barnet ditt \u00e5 klatre opp. Rutsjebanen er konstruert for \u00e5 brukes hjemme, innend\u00f8rs men selvf\u00f8lgelig ogs\u00e5 p\u00e5 terrassen n\u00e5r v\u00e6ret tillater det. Anbefalingen er at barn under 1 \u00e5r ikke skal bruke den, men s\u00e5 kan den brukes for opptil 30 kg om gangen, s\u00e5 vi garanterer mye glede og tull.<\/p>\n<p>Rutsjebanen er enkel \u00e5 montere.<\/p>\n<p>Tenk alltid p\u00e5 sikkerheten og la ikke barnet leke i rutsjebanen uten tilsyn, den er bygget med barnets sikkerhet i tankene men denne typen lek krever oppsikt.<\/p>\n<p><strong>M\u00e5l<\/strong>:<\/p>\n<ul>\n<li>Total h\u00f8yde: 80 cm<\/li>\n<li>Trinnnh\u00f8yde: 59 cm<\/li>\n<li>Utgangsbredde: 46 cm<\/li>\n<li>Utgangslengde: 87 cm&nbsp;<\/li>\n<\/ul>\n<p>Designer: <a href=\"https:\/\/babylove.se\/varumarken\/meow\">Meow<\/a><\/p>\n","protected":false},"excerpt":{"rendered":"<p>Denne rutsjebanen er laget av h\u00f8ykvalitets tre, som deretter er malt i en fin men giftfri farge, s\u00e5 den er helt trygg for barn. Rutsjebanen er bygget i en solid konstruksjon med en bred trapp og smarte h\u00e5ndtak som gj\u00f8r det enkelt for barnet ditt \u00e5 klatre opp. Rutsjebanen er konstruert for \u00e5 brukes hjemme, [&hellip;]<\/p>\n","protected":false},"featured_media":24718,"comment_status":"closed","ping_status":"open","template":"","meta":{"_acf_changed":false},"product_brand":[774],"product_cat":[775,204,203],"product_tag":[1689],"class_list":{"0":"post-24716","1":"product","2":"type-product","3":"status-publish","4":"has-post-thumbnail","6":"product_brand-meow","7":"product_cat-meow","8":"product_cat-motoriske-barnmobler","9":"product_cat-rutsjebaner","10":"product_tag-bestillingsvaror","12":"first","13":"outofstock","14":"taxable","15":"shipping-taxable","16":"purchasable","17":"product-type-simple"},"acf":[],"yoast_head":"<!-- This site is optimized with the Yoast SEO Premium plugin v25.8 (Yoast SEO v27.2) - https:\/\/yoast.com\/product\/yoast-seo-premium-wordpress\/ -->\n<title>Mjau, rutsjebane Scandi - Babylove Norska<\/title>\n<meta name=\"robots\" content=\"noindex, follow, max-snippet:-1, max-image-preview:large, max-video-preview:-1\" \/>\n<meta property=\"og:locale\" content=\"nb_NO\" \/>\n<meta property=\"og:type\" content=\"article\" \/>\n<meta property=\"og:title\" content=\"Mjau, rutsjebane Scandi\" \/>\n<meta property=\"og:description\" content=\"Denne rutsjebanen er laget av h\u00f8ykvalitets tre, som deretter er malt i en fin men giftfri farge, s\u00e5 den er helt trygg for barn. Rutsjebanen er bygget i en solid konstruksjon med en bred trapp og smarte h\u00e5ndtak som gj\u00f8r det enkelt for barnet ditt \u00e5 klatre opp. Rutsjebanen er konstruert for \u00e5 brukes hjemme, [&hellip;]\" \/>\n<meta property=\"og:url\" content=\"https:\/\/babylove.se\/no\/produkt\/mjau-rutsjebane-scandi\/\" \/>\n<meta property=\"og:site_name\" content=\"Babylove Norska\" \/>\n<meta property=\"article:modified_time\" content=\"2026-04-08T10:06:16+00:00\" \/>\n<meta property=\"og:image\" content=\"https:\/\/babylove.se\/no\/wp-content\/uploads\/sites\/3\/2025\/07\/6089535124e19.png\" \/>\n\t<meta property=\"og:image:width\" content=\"750\" \/>\n\t<meta property=\"og:image:height\" content=\"694\" \/>\n\t<meta property=\"og:image:type\" content=\"image\/png\" \/>\n<meta name=\"twitter:card\" content=\"summary_large_image\" \/>\n<meta name=\"twitter:label1\" content=\"Price\" \/>\n\t<meta name=\"twitter:data1\" content=\"3 999,00&nbsp;&#107;&#114;\" \/>\n\t<meta name=\"twitter:label2\" content=\"Availability\" \/>\n\t<meta name=\"twitter:data2\" content=\"Out of stock\" \/>\n<script type=\"application\/ld+json\" class=\"yoast-schema-graph\">{\"@context\":\"https:\/\/schema.org\",\"@graph\":[{\"@type\":\"WebPage\",\"@id\":\"https:\/\/babylove.se\/no\/produkt\/mjau-rutsjebane-scandi\/\",\"url\":\"https:\/\/babylove.se\/no\/produkt\/mjau-rutsjebane-scandi\/\",\"name\":\"Mjau, rutsjebane Scandi - Babylove Norska\",\"isPartOf\":{\"@id\":\"https:\/\/babylove.se\/no\/#website\"},\"primaryImageOfPage\":{\"@id\":\"https:\/\/babylove.se\/no\/produkt\/mjau-rutsjebane-scandi\/#primaryimage\"},\"image\":{\"@id\":\"https:\/\/babylove.se\/no\/produkt\/mjau-rutsjebane-scandi\/#primaryimage\"},\"thumbnailUrl\":\"https:\/\/babylove.se\/no\/wp-content\/uploads\/sites\/3\/2025\/07\/6089535124e19.png\",\"datePublished\":\"2025-07-18T22:16:03+00:00\",\"dateModified\":\"2026-04-08T10:06:16+00:00\",\"breadcrumb\":{\"@id\":\"https:\/\/babylove.se\/no\/produkt\/mjau-rutsjebane-scandi\/#breadcrumb\"},\"inLanguage\":\"nb-NO\",\"potentialAction\":[{\"@type\":\"ReadAction\",\"target\":[\"https:\/\/babylove.se\/no\/produkt\/mjau-rutsjebane-scandi\/\"]}]},{\"@type\":\"ImageObject\",\"inLanguage\":\"nb-NO\",\"@id\":\"https:\/\/babylove.se\/no\/produkt\/mjau-rutsjebane-scandi\/#primaryimage\",\"url\":\"https:\/\/babylove.se\/no\/wp-content\/uploads\/sites\/3\/2025\/07\/6089535124e19.png\",\"contentUrl\":\"https:\/\/babylove.se\/no\/wp-content\/uploads\/sites\/3\/2025\/07\/6089535124e19.png\",\"width\":750,\"height\":694},{\"@type\":\"BreadcrumbList\",\"@id\":\"https:\/\/babylove.se\/no\/produkt\/mjau-rutsjebane-scandi\/#breadcrumb\",\"itemListElement\":[{\"@type\":\"ListItem\",\"position\":1,\"name\":\"Hem\",\"item\":\"https:\/\/babylove.se\/no\/\"},{\"@type\":\"ListItem\",\"position\":2,\"name\":\"Butik\",\"item\":\"https:\/\/babylove.se\/no\/butik\/\"},{\"@type\":\"ListItem\",\"position\":3,\"name\":\"Mjau, rutsjebane Scandi\"}]},{\"@type\":\"WebSite\",\"@id\":\"https:\/\/babylove.se\/no\/#website\",\"url\":\"https:\/\/babylove.se\/no\/\",\"name\":\"Babylove Norska\",\"description\":\"\",\"potentialAction\":[{\"@type\":\"SearchAction\",\"target\":{\"@type\":\"EntryPoint\",\"urlTemplate\":\"https:\/\/babylove.se\/no\/?s={search_term_string}\"},\"query-input\":{\"@type\":\"PropertyValueSpecification\",\"valueRequired\":true,\"valueName\":\"search_term_string\"}}],\"inLanguage\":\"nb-NO\"}]}<\/script>\n<meta property=\"product:brand\" content=\"Meow\" \/>\n<meta property=\"product:price:amount\" content=\"3999.00\" \/>\n<meta property=\"product:price:currency\" content=\"SEK\" \/>\n<meta property=\"og:availability\" content=\"out of stock\" \/>\n<meta property=\"product:availability\" content=\"out of stock\" \/>\n<meta property=\"product:retailer_item_id\" content=\"ZS001\" \/>\n<meta property=\"product:condition\" content=\"new\" \/>\n<!-- \/ Yoast SEO Premium plugin. -->","yoast_head_json":{"title":"Mjau, rutsjebane Scandi - Babylove Norska","robots":{"index":"noindex","follow":"follow","max-snippet":"max-snippet:-1","max-image-preview":"max-image-preview:large","max-video-preview":"max-video-preview:-1"},"og_locale":"nb_NO","og_type":"article","og_title":"Mjau, rutsjebane Scandi","og_description":"Denne rutsjebanen er laget av h\u00f8ykvalitets tre, som deretter er malt i en fin men giftfri farge, s\u00e5 den er helt trygg for barn. Rutsjebanen er bygget i en solid konstruksjon med en bred trapp og smarte h\u00e5ndtak som gj\u00f8r det enkelt for barnet ditt \u00e5 klatre opp. Rutsjebanen er konstruert for \u00e5 brukes hjemme, [&hellip;]","og_url":"https:\/\/babylove.se\/no\/produkt\/mjau-rutsjebane-scandi\/","og_site_name":"Babylove Norska","article_modified_time":"2026-04-08T10:06:16+00:00","og_image":[{"width":750,"height":694,"url":"https:\/\/babylove.se\/no\/wp-content\/uploads\/sites\/3\/2025\/07\/6089535124e19.png","type":"image\/png"}],"twitter_card":"summary_large_image","twitter_misc":{"Price":"3 999,00&nbsp;&#107;&#114;","Availability":"Out of stock"},"schema":{"@context":"https:\/\/schema.org","@graph":[{"@type":"WebPage","@id":"https:\/\/babylove.se\/no\/produkt\/mjau-rutsjebane-scandi\/","url":"https:\/\/babylove.se\/no\/produkt\/mjau-rutsjebane-scandi\/","name":"Mjau, rutsjebane Scandi - Babylove Norska","isPartOf":{"@id":"https:\/\/babylove.se\/no\/#website"},"primaryImageOfPage":{"@id":"https:\/\/babylove.se\/no\/produkt\/mjau-rutsjebane-scandi\/#primaryimage"},"image":{"@id":"https:\/\/babylove.se\/no\/produkt\/mjau-rutsjebane-scandi\/#primaryimage"},"thumbnailUrl":"https:\/\/babylove.se\/no\/wp-content\/uploads\/sites\/3\/2025\/07\/6089535124e19.png","datePublished":"2025-07-18T22:16:03+00:00","dateModified":"2026-04-08T10:06:16+00:00","breadcrumb":{"@id":"https:\/\/babylove.se\/no\/produkt\/mjau-rutsjebane-scandi\/#breadcrumb"},"inLanguage":"nb-NO","potentialAction":[{"@type":"ReadAction","target":["https:\/\/babylove.se\/no\/produkt\/mjau-rutsjebane-scandi\/"]}]},{"@type":"ImageObject","inLanguage":"nb-NO","@id":"https:\/\/babylove.se\/no\/produkt\/mjau-rutsjebane-scandi\/#primaryimage","url":"https:\/\/babylove.se\/no\/wp-content\/uploads\/sites\/3\/2025\/07\/6089535124e19.png","contentUrl":"https:\/\/babylove.se\/no\/wp-content\/uploads\/sites\/3\/2025\/07\/6089535124e19.png","width":750,"height":694},{"@type":"BreadcrumbList","@id":"https:\/\/babylove.se\/no\/produkt\/mjau-rutsjebane-scandi\/#breadcrumb","itemListElement":[{"@type":"ListItem","position":1,"name":"Hem","item":"https:\/\/babylove.se\/no\/"},{"@type":"ListItem","position":2,"name":"Butik","item":"https:\/\/babylove.se\/no\/butik\/"},{"@type":"ListItem","position":3,"name":"Mjau, rutsjebane Scandi"}]},{"@type":"WebSite","@id":"https:\/\/babylove.se\/no\/#website","url":"https:\/\/babylove.se\/no\/","name":"Babylove Norska","description":"","potentialAction":[{"@type":"SearchAction","target":{"@type":"EntryPoint","urlTemplate":"https:\/\/babylove.se\/no\/?s={search_term_string}"},"query-input":{"@type":"PropertyValueSpecification","valueRequired":true,"valueName":"search_term_string"}}],"inLanguage":"nb-NO"}]},"product_brand":"Meow","product_price_amount":"3999.00","product_price_currency":"SEK","og_availability":"out of stock","product_availability":"out of stock","product_retailer_item_id":"ZS001","product_condition":"new"},"_links":{"self":[{"href":"https:\/\/babylove.se\/no\/wp-json\/wp\/v2\/product\/24716","targetHints":{"allow":["GET"]}}],"collection":[{"href":"https:\/\/babylove.se\/no\/wp-json\/wp\/v2\/product"}],"about":[{"href":"https:\/\/babylove.se\/no\/wp-json\/wp\/v2\/types\/product"}],"replies":[{"embeddable":true,"href":"https:\/\/babylove.se\/no\/wp-json\/wp\/v2\/comments?post=24716"}],"wp:featuredmedia":[{"embeddable":true,"href":"https:\/\/babylove.se\/no\/wp-json\/wp\/v2\/media\/24718"}],"wp:attachment":[{"href":"https:\/\/babylove.se\/no\/wp-json\/wp\/v2\/media?parent=24716"}],"wp:term":[{"taxonomy":"product_brand","embeddable":true,"href":"https:\/\/babylove.se\/no\/wp-json\/wp\/v2\/product_brand?post=24716"},{"taxonomy":"product_cat","embeddable":true,"href":"https:\/\/babylove.se\/no\/wp-json\/wp\/v2\/product_cat?post=24716"},{"taxonomy":"product_tag","embeddable":true,"href":"https:\/\/babylove.se\/no\/wp-json\/wp\/v2\/product_tag?post=24716"}],"curies":[{"name":"wp","href":"https:\/\/api.w.org\/{rel}","templated":true}]}}