{"id":24787,"date":"2025-07-18T23:16:38","date_gmt":"2025-07-18T22:16:38","guid":{"rendered":"https:\/\/babylove.se\/produkt\/done-by-deer-skotbadd-dreamy-dots-white\/"},"modified":"2026-04-08T11:06:45","modified_gmt":"2026-04-08T10:06:45","slug":"gjort-av-deer-skotbadd-drommende-prikker-hvit","status":"publish","type":"product","link":"https:\/\/babylove.se\/no\/produkt\/gjort-av-deer-skotbadd-drommende-prikker-hvit\/","title":{"rendered":"Done By Deer, stelleunderlag, Dreamy Dots White"},"content":{"rendered":"<p>Done by Deer Dreamy Dots White er en virkelig s\u00f8t stelleunderlag som passer til de fleste stellebord med standardm\u00e5l. Stelleunderlaget er laget med akrylbelegg p\u00e5 oversiden som gj\u00f8r den fukt- og vanntett og meget enkel \u00e5 rengj\u00f8re. T\u00f8rk av den med hjelp av en v\u00e5t klut eller maskinvask ut og inn i 30\u00b0C. Rengj\u00f8ringsmidler kan brukes ved behov, t\u00f8rk deretter av grundig. Stelleunderlaget er fylt med mykt skumgummi slik at barnet ditt alltid ligger komfortabelt og behagelig.<\/p>\n<p><strong>M\u00e5l:&nbsp;<\/strong>B 50 x L 65 cm&nbsp;<\/p>\n<p><strong>Materiale ytert\u00f8y:&nbsp;<\/strong>100% akrylbelagt bomull&nbsp;<\/p>\n<p><strong>Materiale fylling:&nbsp;<\/strong>Polyeterskum, PVC&nbsp;<\/p>\n<p><strong>Vasker\u00e5d:<\/strong> Maskinvask 30\u00b0C, ut og inn. T\u00e5ler ikke t\u00f8rketrommel.&nbsp;<\/p>\n<p>Designer: <a href=\"https:\/\/babylove.se\/varumarken\/done-by-deer\">Done By Deer<\/a><\/p>\n","protected":false},"excerpt":{"rendered":"<p>Done by Deer Dreamy Dots White er en virkelig s\u00f8t stelleunderlag som passer til de fleste stellebord med standardm\u00e5l. Stelleunderlaget er laget med akrylbelegg p\u00e5 oversiden som gj\u00f8r den fukt- og vanntett og meget enkel \u00e5 rengj\u00f8re. T\u00f8rk av den med hjelp av en v\u00e5t klut eller maskinvask ut og inn i 30\u00b0C. Rengj\u00f8ringsmidler kan [&hellip;]<\/p>\n","protected":false},"featured_media":24789,"comment_status":"closed","ping_status":"open","template":"","meta":{"_acf_changed":false},"product_brand":[54],"product_cat":[55,57],"product_tag":[1689],"class_list":{"0":"post-24787","1":"product","2":"type-product","3":"status-publish","4":"has-post-thumbnail","6":"product_brand-done-by-deer","7":"product_cat-done-by-deer","8":"product_cat-skobadder","9":"product_tag-bestillingsvaror","11":"first","12":"outofstock","13":"taxable","14":"shipping-taxable","15":"purchasable","16":"product-type-simple"},"acf":[],"yoast_head":"<!-- This site is optimized with the Yoast SEO Premium plugin v25.8 (Yoast SEO v27.2) - https:\/\/yoast.com\/product\/yoast-seo-premium-wordpress\/ -->\n<title>Done By Deer, stelleunderlag, Dreamy Dots White - Babylove Norska<\/title>\n<meta name=\"robots\" content=\"noindex, follow, max-snippet:-1, max-image-preview:large, max-video-preview:-1\" \/>\n<meta property=\"og:locale\" content=\"nb_NO\" \/>\n<meta property=\"og:type\" content=\"article\" \/>\n<meta property=\"og:title\" content=\"Done By Deer, stelleunderlag, Dreamy Dots White\" \/>\n<meta property=\"og:description\" content=\"Done by Deer Dreamy Dots White er en virkelig s\u00f8t stelleunderlag som passer til de fleste stellebord med standardm\u00e5l. Stelleunderlaget er laget med akrylbelegg p\u00e5 oversiden som gj\u00f8r den fukt- og vanntett og meget enkel \u00e5 rengj\u00f8re. T\u00f8rk av den med hjelp av en v\u00e5t klut eller maskinvask ut og inn i 30\u00b0C. Rengj\u00f8ringsmidler kan [&hellip;]\" \/>\n<meta property=\"og:url\" content=\"https:\/\/babylove.se\/no\/produkt\/gjort-av-deer-skotbadd-drommende-prikker-hvit\/\" \/>\n<meta property=\"og:site_name\" content=\"Babylove Norska\" \/>\n<meta property=\"article:modified_time\" content=\"2026-04-08T10:06:45+00:00\" \/>\n<meta property=\"og:image\" content=\"https:\/\/babylove.se\/no\/wp-content\/uploads\/sites\/3\/2025\/07\/60991d6d3b848.jpeg\" \/>\n\t<meta property=\"og:image:width\" content=\"750\" \/>\n\t<meta property=\"og:image:height\" content=\"466\" \/>\n\t<meta property=\"og:image:type\" content=\"image\/jpeg\" \/>\n<meta name=\"twitter:card\" content=\"summary_large_image\" \/>\n<meta name=\"twitter:label1\" content=\"Price\" \/>\n\t<meta name=\"twitter:data1\" content=\"499,00&nbsp;&#107;&#114;\" \/>\n\t<meta name=\"twitter:label2\" content=\"Availability\" \/>\n\t<meta name=\"twitter:data2\" content=\"Out of stock\" \/>\n<script type=\"application\/ld+json\" class=\"yoast-schema-graph\">{\"@context\":\"https:\/\/schema.org\",\"@graph\":[{\"@type\":\"WebPage\",\"@id\":\"https:\/\/babylove.se\/no\/produkt\/gjort-av-deer-skotbadd-drommende-prikker-hvit\/\",\"url\":\"https:\/\/babylove.se\/no\/produkt\/gjort-av-deer-skotbadd-drommende-prikker-hvit\/\",\"name\":\"Done By Deer, stelleunderlag, Dreamy Dots White - Babylove Norska\",\"isPartOf\":{\"@id\":\"https:\/\/babylove.se\/no\/#website\"},\"primaryImageOfPage\":{\"@id\":\"https:\/\/babylove.se\/no\/produkt\/gjort-av-deer-skotbadd-drommende-prikker-hvit\/#primaryimage\"},\"image\":{\"@id\":\"https:\/\/babylove.se\/no\/produkt\/gjort-av-deer-skotbadd-drommende-prikker-hvit\/#primaryimage\"},\"thumbnailUrl\":\"https:\/\/babylove.se\/no\/wp-content\/uploads\/sites\/3\/2025\/07\/60991d6d3b848.jpeg\",\"datePublished\":\"2025-07-18T22:16:38+00:00\",\"dateModified\":\"2026-04-08T10:06:45+00:00\",\"breadcrumb\":{\"@id\":\"https:\/\/babylove.se\/no\/produkt\/gjort-av-deer-skotbadd-drommende-prikker-hvit\/#breadcrumb\"},\"inLanguage\":\"nb-NO\",\"potentialAction\":[{\"@type\":\"ReadAction\",\"target\":[\"https:\/\/babylove.se\/no\/produkt\/gjort-av-deer-skotbadd-drommende-prikker-hvit\/\"]}]},{\"@type\":\"ImageObject\",\"inLanguage\":\"nb-NO\",\"@id\":\"https:\/\/babylove.se\/no\/produkt\/gjort-av-deer-skotbadd-drommende-prikker-hvit\/#primaryimage\",\"url\":\"https:\/\/babylove.se\/no\/wp-content\/uploads\/sites\/3\/2025\/07\/60991d6d3b848.jpeg\",\"contentUrl\":\"https:\/\/babylove.se\/no\/wp-content\/uploads\/sites\/3\/2025\/07\/60991d6d3b848.jpeg\",\"width\":750,\"height\":466},{\"@type\":\"BreadcrumbList\",\"@id\":\"https:\/\/babylove.se\/no\/produkt\/gjort-av-deer-skotbadd-drommende-prikker-hvit\/#breadcrumb\",\"itemListElement\":[{\"@type\":\"ListItem\",\"position\":1,\"name\":\"Hem\",\"item\":\"https:\/\/babylove.se\/no\/\"},{\"@type\":\"ListItem\",\"position\":2,\"name\":\"Butik\",\"item\":\"https:\/\/babylove.se\/no\/butik\/\"},{\"@type\":\"ListItem\",\"position\":3,\"name\":\"Done By Deer, stelleunderlag, Dreamy Dots White\"}]},{\"@type\":\"WebSite\",\"@id\":\"https:\/\/babylove.se\/no\/#website\",\"url\":\"https:\/\/babylove.se\/no\/\",\"name\":\"Babylove Norska\",\"description\":\"\",\"potentialAction\":[{\"@type\":\"SearchAction\",\"target\":{\"@type\":\"EntryPoint\",\"urlTemplate\":\"https:\/\/babylove.se\/no\/?s={search_term_string}\"},\"query-input\":{\"@type\":\"PropertyValueSpecification\",\"valueRequired\":true,\"valueName\":\"search_term_string\"}}],\"inLanguage\":\"nb-NO\"}]}<\/script>\n<meta property=\"product:brand\" content=\"Done by Deer\" \/>\n<meta property=\"product:price:amount\" content=\"499.00\" \/>\n<meta property=\"product:price:currency\" content=\"SEK\" \/>\n<meta property=\"og:availability\" content=\"out of stock\" \/>\n<meta property=\"product:availability\" content=\"out of stock\" \/>\n<meta property=\"product:retailer_item_id\" content=\"3293545\" \/>\n<meta property=\"product:condition\" content=\"new\" \/>\n<!-- \/ Yoast SEO Premium plugin. -->","yoast_head_json":{"title":"Done By Deer, stelleunderlag, Dreamy Dots White - Babylove Norska","robots":{"index":"noindex","follow":"follow","max-snippet":"max-snippet:-1","max-image-preview":"max-image-preview:large","max-video-preview":"max-video-preview:-1"},"og_locale":"nb_NO","og_type":"article","og_title":"Done By Deer, stelleunderlag, Dreamy Dots White","og_description":"Done by Deer Dreamy Dots White er en virkelig s\u00f8t stelleunderlag som passer til de fleste stellebord med standardm\u00e5l. Stelleunderlaget er laget med akrylbelegg p\u00e5 oversiden som gj\u00f8r den fukt- og vanntett og meget enkel \u00e5 rengj\u00f8re. T\u00f8rk av den med hjelp av en v\u00e5t klut eller maskinvask ut og inn i 30\u00b0C. Rengj\u00f8ringsmidler kan [&hellip;]","og_url":"https:\/\/babylove.se\/no\/produkt\/gjort-av-deer-skotbadd-drommende-prikker-hvit\/","og_site_name":"Babylove Norska","article_modified_time":"2026-04-08T10:06:45+00:00","og_image":[{"width":750,"height":466,"url":"https:\/\/babylove.se\/no\/wp-content\/uploads\/sites\/3\/2025\/07\/60991d6d3b848.jpeg","type":"image\/jpeg"}],"twitter_card":"summary_large_image","twitter_misc":{"Price":"499,00&nbsp;&#107;&#114;","Availability":"Out of stock"},"schema":{"@context":"https:\/\/schema.org","@graph":[{"@type":"WebPage","@id":"https:\/\/babylove.se\/no\/produkt\/gjort-av-deer-skotbadd-drommende-prikker-hvit\/","url":"https:\/\/babylove.se\/no\/produkt\/gjort-av-deer-skotbadd-drommende-prikker-hvit\/","name":"Done By Deer, stelleunderlag, Dreamy Dots White - Babylove Norska","isPartOf":{"@id":"https:\/\/babylove.se\/no\/#website"},"primaryImageOfPage":{"@id":"https:\/\/babylove.se\/no\/produkt\/gjort-av-deer-skotbadd-drommende-prikker-hvit\/#primaryimage"},"image":{"@id":"https:\/\/babylove.se\/no\/produkt\/gjort-av-deer-skotbadd-drommende-prikker-hvit\/#primaryimage"},"thumbnailUrl":"https:\/\/babylove.se\/no\/wp-content\/uploads\/sites\/3\/2025\/07\/60991d6d3b848.jpeg","datePublished":"2025-07-18T22:16:38+00:00","dateModified":"2026-04-08T10:06:45+00:00","breadcrumb":{"@id":"https:\/\/babylove.se\/no\/produkt\/gjort-av-deer-skotbadd-drommende-prikker-hvit\/#breadcrumb"},"inLanguage":"nb-NO","potentialAction":[{"@type":"ReadAction","target":["https:\/\/babylove.se\/no\/produkt\/gjort-av-deer-skotbadd-drommende-prikker-hvit\/"]}]},{"@type":"ImageObject","inLanguage":"nb-NO","@id":"https:\/\/babylove.se\/no\/produkt\/gjort-av-deer-skotbadd-drommende-prikker-hvit\/#primaryimage","url":"https:\/\/babylove.se\/no\/wp-content\/uploads\/sites\/3\/2025\/07\/60991d6d3b848.jpeg","contentUrl":"https:\/\/babylove.se\/no\/wp-content\/uploads\/sites\/3\/2025\/07\/60991d6d3b848.jpeg","width":750,"height":466},{"@type":"BreadcrumbList","@id":"https:\/\/babylove.se\/no\/produkt\/gjort-av-deer-skotbadd-drommende-prikker-hvit\/#breadcrumb","itemListElement":[{"@type":"ListItem","position":1,"name":"Hem","item":"https:\/\/babylove.se\/no\/"},{"@type":"ListItem","position":2,"name":"Butik","item":"https:\/\/babylove.se\/no\/butik\/"},{"@type":"ListItem","position":3,"name":"Done By Deer, stelleunderlag, Dreamy Dots White"}]},{"@type":"WebSite","@id":"https:\/\/babylove.se\/no\/#website","url":"https:\/\/babylove.se\/no\/","name":"Babylove Norska","description":"","potentialAction":[{"@type":"SearchAction","target":{"@type":"EntryPoint","urlTemplate":"https:\/\/babylove.se\/no\/?s={search_term_string}"},"query-input":{"@type":"PropertyValueSpecification","valueRequired":true,"valueName":"search_term_string"}}],"inLanguage":"nb-NO"}]},"product_brand":"Done by Deer","product_price_amount":"499.00","product_price_currency":"SEK","og_availability":"out of stock","product_availability":"out of stock","product_retailer_item_id":"3293545","product_condition":"new"},"_links":{"self":[{"href":"https:\/\/babylove.se\/no\/wp-json\/wp\/v2\/product\/24787","targetHints":{"allow":["GET"]}}],"collection":[{"href":"https:\/\/babylove.se\/no\/wp-json\/wp\/v2\/product"}],"about":[{"href":"https:\/\/babylove.se\/no\/wp-json\/wp\/v2\/types\/product"}],"replies":[{"embeddable":true,"href":"https:\/\/babylove.se\/no\/wp-json\/wp\/v2\/comments?post=24787"}],"wp:featuredmedia":[{"embeddable":true,"href":"https:\/\/babylove.se\/no\/wp-json\/wp\/v2\/media\/24789"}],"wp:attachment":[{"href":"https:\/\/babylove.se\/no\/wp-json\/wp\/v2\/media?parent=24787"}],"wp:term":[{"taxonomy":"product_brand","embeddable":true,"href":"https:\/\/babylove.se\/no\/wp-json\/wp\/v2\/product_brand?post=24787"},{"taxonomy":"product_cat","embeddable":true,"href":"https:\/\/babylove.se\/no\/wp-json\/wp\/v2\/product_cat?post=24787"},{"taxonomy":"product_tag","embeddable":true,"href":"https:\/\/babylove.se\/no\/wp-json\/wp\/v2\/product_tag?post=24787"}],"curies":[{"name":"wp","href":"https:\/\/api.w.org\/{rel}","templated":true}]}}